{"id":8136,"date":"2025-12-22T07:52:15","date_gmt":"2025-12-22T07:52:15","guid":{"rendered":"https:\/\/dragonagricultural.com\/products\/non class\u00e9\/dragon-spark\/"},"modified":"2025-12-22T07:52:15","modified_gmt":"2025-12-22T07:52:15","slug":"dragon-spark","status":"publish","type":"product","link":"https:\/\/dragonagricultural.com\/fr\/products\/specialite-dragon\/dragon-spark\/","title":{"rendered":"Dragon Spark"},"content":{"rendered":"<p><strong>Dragon Spark<\/strong> est un engrais liquide premium \u00e0 haute viscosit\u00e9, <strong>riche en phosphore, en mati\u00e8re organique et en azote,<\/strong> sp\u00e9cialement formul\u00e9 pour stimuler la croissance pr\u00e9coce des plantes, renforcer le d\u00e9veloppement racinaire et am\u00e9liorer l\u2019efficacit\u00e9 de l\u2019absorption des nutriments.<br \/>\nSa formulation unique cr\u00e9e une synergie puissante qui active les processus m\u00e9taboliques des plantes et favorise de solides performances v\u00e9g\u00e9tatives et reproductives.<\/p>\n<hr data-start=\"882\" data-end=\"885\">\n<h3><strong>Formule Disponible (Toutes en % m\/v):<\/strong><\/h3>\n<ul>\n<li><strong>Azote (N): 12%<\/strong><\/li>\n<li><strong>Phosphore (P\u2082O\u2085): 42%<\/strong><\/li>\n<li><strong>Potassium (K\u2082O): 0%<\/strong><\/li>\n<li><strong>Mati\u00e8re Organique (MO): 28%<\/strong><\/li>\n<\/ul>\n<hr data-start=\"882\" data-end=\"885\">\n<h3><strong>Sp\u00e9cifications Techniques \ud83e\uddea<\/strong><\/h3>\n<ul>\n<li><strong>Apparence<\/strong>: Liquide \u00e0 haute viscosit\u00e9; 100% soluble dans l\u2019eau<\/li>\n<li><strong>pH<\/strong>: Formulation \u00e0 pH bas<\/li>\n<li><strong>Tous les nutriments<\/strong> sont chimiquement li\u00e9s sous une forme stable afin d\u2019assurer une absorption rapide sans pr\u00e9cipitation<\/li>\n<li><strong>Exempt de sels nocifs, de sodium, de chlorures et de m\u00e9taux lourds<\/strong><\/li>\n<\/ul>\n<hr data-start=\"882\" data-end=\"885\">\n<h3><strong>M\u00e9thodes d\u2019Application<\/strong><\/h3>\n<p>\ud83d\udca7 <strong>Fertigation<\/strong> \u2013 Adapt\u00e9 \u00e0 tous les syst\u00e8mes d\u2019irrigation, assurant un apport profond de phosphore dans la zone racinaire.<br \/>\n\ud83c\udf3f <strong>Application Foliaire<\/strong> \u2013 Favorise une absorption rapide durant les stades pr\u00e9coces de croissance et de floraison.<\/p>\n","protected":false},"excerpt":{"rendered":"<p>Dragon Spark est un engrais liquide premium \u00e0 haute viscosit\u00e9, riche en phosphore, en mati\u00e8re organique et en azote, sp\u00e9cialement formul\u00e9 pour stimuler la croissance pr\u00e9coce des plantes, renforcer le d\u00e9veloppement racinaire et am\u00e9liorer l\u2019efficacit\u00e9 de l\u2019absorption des nutriments. Sa formulation unique cr\u00e9e une synergie puissante qui active les processus m\u00e9taboliques des plantes et favorise [&hellip;]<\/p>\n","protected":false},"featured_media":8138,"comment_status":"open","ping_status":"closed","template":"","meta":{"_et_pb_use_builder":"","_et_pb_old_content":"","_et_gb_content_width":""},"product_brand":[],"product_cat":[113],"product_tag":[],"class_list":{"0":"post-8136","1":"product","2":"type-product","3":"status-publish","4":"has-post-thumbnail","6":"product_cat-specialite-dragon","8":"first","9":"instock","10":"shipping-taxable","11":"product-type-simple"},"_links":{"self":[{"href":"https:\/\/dragonagricultural.com\/fr\/wp-json\/wp\/v2\/product\/8136","targetHints":{"allow":["GET"]}}],"collection":[{"href":"https:\/\/dragonagricultural.com\/fr\/wp-json\/wp\/v2\/product"}],"about":[{"href":"https:\/\/dragonagricultural.com\/fr\/wp-json\/wp\/v2\/types\/product"}],"replies":[{"embeddable":true,"href":"https:\/\/dragonagricultural.com\/fr\/wp-json\/wp\/v2\/comments?post=8136"}],"wp:featuredmedia":[{"embeddable":true,"href":"https:\/\/dragonagricultural.com\/fr\/wp-json\/wp\/v2\/media\/8138"}],"wp:attachment":[{"href":"https:\/\/dragonagricultural.com\/fr\/wp-json\/wp\/v2\/media?parent=8136"}],"wp:term":[{"taxonomy":"product_brand","embeddable":true,"href":"https:\/\/dragonagricultural.com\/fr\/wp-json\/wp\/v2\/product_brand?post=8136"},{"taxonomy":"product_cat","embeddable":true,"href":"https:\/\/dragonagricultural.com\/fr\/wp-json\/wp\/v2\/product_cat?post=8136"},{"taxonomy":"product_tag","embeddable":true,"href":"https:\/\/dragonagricultural.com\/fr\/wp-json\/wp\/v2\/product_tag?post=8136"}],"curies":[{"name":"wp","href":"https:\/\/api.w.org\/{rel}","templated":true}]}}