{"id":8127,"date":"2025-12-22T07:45:56","date_gmt":"2025-12-22T07:45:56","guid":{"rendered":"https:\/\/dragonagricultural.com\/products\/non class\u00e9\/dragon-elixir\/"},"modified":"2025-12-22T07:45:56","modified_gmt":"2025-12-22T07:45:56","slug":"dragon-elixir","status":"publish","type":"product","link":"https:\/\/dragonagricultural.com\/fr\/products\/specialite-dragon\/dragon-elixir\/","title":{"rendered":"Dragon Elixir"},"content":{"rendered":"<p>Dragon Elixir est un bio-stimulant liquide pur d\u2019origine v\u00e9g\u00e9tale, riche en acides amin\u00e9s, con\u00e7u pour am\u00e9liorer la croissance des plantes, renforcer les syst\u00e8mes racinaires et accro\u00eetre la r\u00e9silience globale des plantes. Sa formulation avanc\u00e9e soutient la synth\u00e8se des prot\u00e9ines, am\u00e9liore l\u2019absorption des nutriments et aide les plantes \u00e0 tol\u00e9rer le stress environnemental, ce qui se traduit par une meilleure vigueur, des rendements plus \u00e9lev\u00e9s et une meilleure qualit\u00e9 des fruits. <\/p>\n<hr data-start=\"882\" data-end=\"885\">\n<h3><strong>Formules Disponibles (Toutes en % m\/v):<\/strong><\/h3>\n<ul>\n<li><strong>Azote (N):<\/strong> 8%<\/li>\n<li><strong>Phosphore (P\u2082O\u2085):<\/strong> 4%<\/li>\n<li><strong>Potassium (K\u2082O): <\/strong>4%<\/li>\n<li><strong>Acides Amin\u00e9s:<\/strong> 33%<\/li>\n<\/ul>\n<hr data-start=\"882\" data-end=\"885\">\n<h3><strong>Sp\u00e9cifications Techniques \ud83e\uddea<\/strong><\/h3>\n<ul>\n<li><strong>Apparence:<\/strong> Liquide clair; 100% soluble dans l\u2019eau<\/li>\n<li><strong>Densit\u00e9:<\/strong> 1.2 g\/ml<\/li>\n<li><strong>pH:<\/strong> 4 \u2013 6<\/li>\n<li><strong>Source:<\/strong> Enti\u00e8rement d\u00e9riv\u00e9 de mati\u00e8res d\u2019origine v\u00e9g\u00e9tale; exempt de r\u00e9sidus biologiques ou animaux<\/li>\n<\/ul>\n<hr data-start=\"882\" data-end=\"885\">\n<h3><strong>M\u00e9thodes d\u2019Application<\/strong><\/h3>\n<p>\ud83d\udca7 <strong>Fertigation <\/strong>\u2013 Adapt\u00e9 \u00e0 tous les syst\u00e8mes d\u2019irrigation pour soutenir le d\u00e9veloppement racinaire et une croissance durable.<\/p>\n<p>\ud83c\udf3f <strong>Application Foliaire<\/strong> \u2013 Id\u00e9al pour une absorption rapide des nutriments durant les stades critiques de croissance.<\/p>\n","protected":false},"excerpt":{"rendered":"<p>Dragon Elixir est un bio-stimulant liquide pur d\u2019origine v\u00e9g\u00e9tale, riche en acides amin\u00e9s, con\u00e7u pour am\u00e9liorer la croissance des plantes, renforcer les syst\u00e8mes racinaires et accro\u00eetre la r\u00e9silience globale des plantes. Sa formulation avanc\u00e9e soutient la synth\u00e8se des prot\u00e9ines, am\u00e9liore l\u2019absorption des nutriments et aide les plantes \u00e0 tol\u00e9rer le stress environnemental, ce qui se [&hellip;]<\/p>\n","protected":false},"featured_media":7752,"comment_status":"open","ping_status":"closed","template":"","meta":{"_et_pb_use_builder":"","_et_pb_old_content":"","_et_gb_content_width":""},"product_brand":[],"product_cat":[113],"product_tag":[],"class_list":{"0":"post-8127","1":"product","2":"type-product","3":"status-publish","4":"has-post-thumbnail","6":"product_cat-specialite-dragon","8":"first","9":"instock","10":"shipping-taxable","11":"product-type-simple"},"_links":{"self":[{"href":"https:\/\/dragonagricultural.com\/fr\/wp-json\/wp\/v2\/product\/8127","targetHints":{"allow":["GET"]}}],"collection":[{"href":"https:\/\/dragonagricultural.com\/fr\/wp-json\/wp\/v2\/product"}],"about":[{"href":"https:\/\/dragonagricultural.com\/fr\/wp-json\/wp\/v2\/types\/product"}],"replies":[{"embeddable":true,"href":"https:\/\/dragonagricultural.com\/fr\/wp-json\/wp\/v2\/comments?post=8127"}],"wp:featuredmedia":[{"embeddable":true,"href":"https:\/\/dragonagricultural.com\/fr\/wp-json\/wp\/v2\/media\/7752"}],"wp:attachment":[{"href":"https:\/\/dragonagricultural.com\/fr\/wp-json\/wp\/v2\/media?parent=8127"}],"wp:term":[{"taxonomy":"product_brand","embeddable":true,"href":"https:\/\/dragonagricultural.com\/fr\/wp-json\/wp\/v2\/product_brand?post=8127"},{"taxonomy":"product_cat","embeddable":true,"href":"https:\/\/dragonagricultural.com\/fr\/wp-json\/wp\/v2\/product_cat?post=8127"},{"taxonomy":"product_tag","embeddable":true,"href":"https:\/\/dragonagricultural.com\/fr\/wp-json\/wp\/v2\/product_tag?post=8127"}],"curies":[{"name":"wp","href":"https:\/\/api.w.org\/{rel}","templated":true}]}}