{"id":4628,"date":"2025-10-26T06:07:30","date_gmt":"2025-10-26T06:07:30","guid":{"rendered":"https:\/\/dragonagricultural.com\/products\/dragon-rooty\/"},"modified":"2025-12-10T10:15:31","modified_gmt":"2025-12-10T10:15:31","slug":"dragon-rooty","status":"publish","type":"product","link":"https:\/\/dragonagricultural.com\/fr\/products\/specialite-dragon\/dragon-rooty\/","title":{"rendered":"Dragon Rooty"},"content":{"rendered":"<div class=\"accrodion active\">\n<div class=\"accrodion-content\">\n<div class=\"inner\">\n<div class=\"icon\">\n<p data-start=\"208\" data-end=\"556\"><strong data-start=\"208\" data-end=\"224\">Dragon Rooty<\/strong> est une formule en poudre soluble sp\u00e9cialement con\u00e7ue pour favoriser une <strong data-start=\"283\" data-end=\"310\">croissance racinaire exceptionnelle<\/strong> et la vitalit\u00e9 globale des plantes.<br data-start=\"338\" data-end=\"341\">Elle contient une forte concentration d&rsquo;<strong data-start=\"377\" data-end=\"427\">azote, de phosphore, de potassium et de magn\u00e9sium<\/strong>, enrichie d&rsquo;<strong>additifs avanc\u00e9s<\/strong> qui maintiennent la stabilit\u00e9 et l&rsquo;efficacit\u00e9 m\u00eame dans des conditions de polyphosphates en \u00e9volution rapide.<\/p>\n<hr data-start=\"763\" data-end=\"766\">\n<h4 data-start=\"768\" data-end=\"789\"><strong data-start=\"773\" data-end=\"789\">Principaux avantages<\/strong><\/h4>\n<ul data-start=\"790\" data-end=\"1143\">\n<li data-start=\"790\" data-end=\"845\">\n<p data-start=\"792\" data-end=\"845\">Favorise une <strong data-start=\"801\" data-end=\"842\">forte initiation et \u00e9longation des racines<\/strong>.<\/p>\n<\/li>\n<li data-start=\"846\" data-end=\"903\">\n<p data-start=\"848\" data-end=\"903\">Am\u00e9liore l&rsquo;<strong data-start=\"857\" data-end=\"876\">absorption des nutriments<\/strong> et la vigueur globale de la plante.<\/p>\n<\/li>\n<li data-start=\"904\" data-end=\"961\">\n<p data-start=\"906\" data-end=\"961\">Renforce la <strong data-start=\"915\" data-end=\"935\">tol\u00e9rance au stress<\/strong> et la r\u00e9sistance aux maladies.<\/p>\n<\/li>\n<li data-start=\"904\" data-end=\"961\">Cette formulation renforce les parois cellulaires.<\/li>\n<li data-start=\"1088\" data-end=\"1143\">\n<p data-start=\"1090\" data-end=\"1143\">Id\u00e9al pour les stades de croissance pr\u00e9coce et de d\u00e9veloppement racinaire.<\/p>\n<\/li>\n<\/ul>\n<hr data-start=\"1145\" data-end=\"1148\">\n<h4 data-start=\"1150\" data-end=\"1186\"><strong data-start=\"1155\" data-end=\"1186\">Sp\u00e9cifications techniques \ud83e\uddea<\/strong><\/h4>\n<ul data-start=\"1187\" data-end=\"1472\">\n<li data-start=\"1187\" data-end=\"1214\"><strong data-start=\"1351\" data-end=\"1367\">Composition :<\/strong> % (m\/m)\n<ul data-start=\"1187\" data-end=\"1472\">\n<li data-start=\"1187\" data-end=\"1214\">\n<p data-start=\"1189\" data-end=\"1214\"><strong data-start=\"1189\" data-end=\"1206\">Azote (N) :<\/strong> 4,0 %<\/p>\n<\/li>\n<li data-start=\"1215\" data-end=\"1246\">\n<p data-start=\"1217\" data-end=\"1246\"><strong data-start=\"1217\" data-end=\"1239\">Phosphore (P\u2082O\u2085) :<\/strong> 44 %<\/p>\n<\/li>\n<li data-start=\"1247\" data-end=\"1276\">\n<p data-start=\"1249\" data-end=\"1276\"><strong data-start=\"1249\" data-end=\"1269\">Potassium (K\u2082O) :<\/strong> 14 %<\/p>\n<\/li>\n<li data-start=\"1277\" data-end=\"1304\">\n<p data-start=\"1279\" data-end=\"1304\"><strong data-start=\"1279\" data-end=\"1298\">Magn\u00e9sium (Mg) :<\/strong> 2 %<\/p>\n<\/li>\n<\/ul>\n<\/li>\n<li data-start=\"1305\" data-end=\"1334\"><strong data-start=\"1307\" data-end=\"1322\">pH (1\/100) :<\/strong> 3,0 \u2013 5,0<\/li>\n<li data-start=\"1398\" data-end=\"1418\">\n<p data-start=\"1400\" data-end=\"1418\"><strong data-start=\"1400\" data-end=\"1409\">Aspect : <\/strong> Poudre<\/p>\n<\/li>\n<li data-start=\"1419\" data-end=\"1472\">\n<p data-start=\"1421\" data-end=\"1472\"><strong data-start=\"1421\" data-end=\"1435\">Sans :<\/strong> Chlorure, sodium et m\u00e9taux lourds<\/p>\n<\/li>\n<li data-start=\"1419\" data-end=\"1472\">\n<p data-start=\"1421\" data-end=\"1472\"><strong data-start=\"1624\" data-end=\"1635\">Volume :<\/strong> 1 kg, 10 kg<\/p>\n<\/li>\n<li data-start=\"1419\" data-end=\"1472\">\n<p data-start=\"1421\" data-end=\"1472\"><strong data-start=\"1652\" data-end=\"1666\">Conditionnement :<\/strong> Sacs \/ sachets multicouches<\/p>\n<\/li>\n<\/ul>\n<hr data-start=\"1474\" data-end=\"1477\">\n<h3 data-start=\"1253\" data-end=\"1280\"><strong data-start=\"1257\" data-end=\"1280\">M\u00e9thodes d&rsquo;application<\/strong><\/h3>\n<p data-start=\"1281\" data-end=\"1551\">\ud83d\udca7 <strong data-start=\"1284\" data-end=\"1299\">Fertigation<\/strong> \u2013 Commencer d\u00e8s les premiers stades de croissance et continuer jusqu&rsquo;\u00e0 la r\u00e9colte des fruits.<\/p>\n<\/div>\n<\/div>\n<\/div>\n<\/div>\n<div class=\"accrodion\">\n<div class=\"accrodion-title\"><\/div>\n<\/div>\n","protected":false},"excerpt":{"rendered":"<p>Dragon Rooty est une formule en poudre soluble sp\u00e9cialement con\u00e7ue pour favoriser une croissance racinaire exceptionnelle et la vitalit\u00e9 globale des plantes.Elle contient une forte concentration d&rsquo;azote, de phosphore, de potassium et de magn\u00e9sium, enrichie d&rsquo;additifs avanc\u00e9s qui maintiennent la stabilit\u00e9 et l&rsquo;efficacit\u00e9 m\u00eame dans des conditions de polyphosphates en \u00e9volution rapide. Principaux avantages Favorise [&hellip;]<\/p>\n","protected":false},"featured_media":4629,"comment_status":"open","ping_status":"closed","template":"","meta":{"_et_pb_use_builder":"","_et_pb_old_content":"","_et_gb_content_width":""},"product_brand":[],"product_cat":[113],"product_tag":[],"class_list":{"0":"post-4628","1":"product","2":"type-product","3":"status-publish","4":"has-post-thumbnail","6":"product_cat-specialite-dragon","8":"first","9":"instock","10":"shipping-taxable","11":"product-type-simple"},"_links":{"self":[{"href":"https:\/\/dragonagricultural.com\/fr\/wp-json\/wp\/v2\/product\/4628","targetHints":{"allow":["GET"]}}],"collection":[{"href":"https:\/\/dragonagricultural.com\/fr\/wp-json\/wp\/v2\/product"}],"about":[{"href":"https:\/\/dragonagricultural.com\/fr\/wp-json\/wp\/v2\/types\/product"}],"replies":[{"embeddable":true,"href":"https:\/\/dragonagricultural.com\/fr\/wp-json\/wp\/v2\/comments?post=4628"}],"wp:featuredmedia":[{"embeddable":true,"href":"https:\/\/dragonagricultural.com\/fr\/wp-json\/wp\/v2\/media\/4629"}],"wp:attachment":[{"href":"https:\/\/dragonagricultural.com\/fr\/wp-json\/wp\/v2\/media?parent=4628"}],"wp:term":[{"taxonomy":"product_brand","embeddable":true,"href":"https:\/\/dragonagricultural.com\/fr\/wp-json\/wp\/v2\/product_brand?post=4628"},{"taxonomy":"product_cat","embeddable":true,"href":"https:\/\/dragonagricultural.com\/fr\/wp-json\/wp\/v2\/product_cat?post=4628"},{"taxonomy":"product_tag","embeddable":true,"href":"https:\/\/dragonagricultural.com\/fr\/wp-json\/wp\/v2\/product_tag?post=4628"}],"curies":[{"name":"wp","href":"https:\/\/api.w.org\/{rel}","templated":true}]}}