{"id":4604,"date":"2025-10-26T06:02:28","date_gmt":"2025-10-26T06:02:28","guid":{"rendered":"https:\/\/dragonagricultural.com\/products\/dragon-fruity-polysulfure-de-potassium\/"},"modified":"2025-12-10T10:19:44","modified_gmt":"2025-12-10T10:19:44","slug":"dragon-fruity-polysulfure-de-potassium","status":"publish","type":"product","link":"https:\/\/dragonagricultural.com\/fr\/products\/specialite-dragon\/dragon-fruity-polysulfure-de-potassium\/","title":{"rendered":"Dragon Fruity (Polysulfure de Potassium)"},"content":{"rendered":"<p data-start=\"218\" data-end=\"559\"><strong data-start=\"218\" data-end=\"235\">Dragon Fruity<\/strong> est un engrais liquide pur \u00e0 base de <strong data-start=\"253\" data-end=\"278\">polysulfure de potassium<\/strong> qui fournit un ratio \u00e9quilibr\u00e9 de <strong data-start=\"322\" data-end=\"341\">potassium (K\u2082O)<\/strong> et de <strong data-start=\"346\" data-end=\"360\">soufre (S)<\/strong> pour garantir une solubilit\u00e9 maximale et des performances optimales des plantes.<br data-start=\"420\" data-end=\"423\">Totalement <strong data-start=\"434\" data-end=\"503\">exempt de carbonate de potassium, d&rsquo;\u00e9l\u00e9ments nocifs et de m\u00e9taux lourds<\/strong>, c&rsquo;est un <strong data-start=\"513\" data-end=\"556\">choix s\u00fbr et efficace pour toutes les cultures<\/strong>. Ensemble, le potassium et le soufre jouent un r\u00f4le essentiel dans l&rsquo;am\u00e9lioration du <strong data-start=\"886\" data-end=\"927\">rendement, de la dur\u00e9e de conservation et de la qualit\u00e9 des cultures<\/strong>, faisant de <strong data-start=\"936\" data-end=\"953\">Dragon Fruity<\/strong> une solution indispensable pour une agriculture productive et durable.<\/p>\n<hr data-start=\"1021\" data-end=\"1024\">\n<h4 data-start=\"1026\" data-end=\"1047\"><strong data-start=\"1031\" data-end=\"1047\">Principaux avantages<\/strong><\/h4>\n<ul data-start=\"1048\" data-end=\"1431\">\n<li data-start=\"1048\" data-end=\"1113\">\n<p data-start=\"1050\" data-end=\"1113\">Fournit une <strong data-start=\"1061\" data-end=\"1086\">source hautement soluble<\/strong> de potassium et de soufre.<\/p>\n<\/li>\n<li>tandis que le <strong data-start=\"721\" data-end=\"734\">potassium<\/strong> favorise une <strong data-start=\"744\" data-end=\"763\">croissance vigoureuse<\/strong>, renforce les tissus et am\u00e9liore la <strong data-start=\"799\" data-end=\"820\">r\u00e9sistance au stress<\/strong>.<\/li>\n<li data-start=\"1227\" data-end=\"1302\">\n<p data-start=\"1229\" data-end=\"1302\">Am\u00e9liore la <strong data-start=\"1238\" data-end=\"1259\">r\u00e9sistance au stress<\/strong> et la tol\u00e9rance des plantes aux conditions difficiles.<\/p>\n<\/li>\n<li data-start=\"1303\" data-end=\"1367\">\n<p data-start=\"1305\" data-end=\"1367\">Augmente le <strong data-start=\"1312\" data-end=\"1326\">rendement des cultures<\/strong> et prolonge la dur\u00e9e de conservation post-r\u00e9colte.<\/p>\n<\/li>\n<li data-start=\"1303\" data-end=\"1367\">Cette formulation avanc\u00e9e fournit aux plantes une source imm\u00e9diatement disponible de <strong data-start=\"643\" data-end=\"653\">soufre<\/strong>, qui am\u00e9liore le <strong data-start=\"670\" data-end=\"713\">go\u00fbt, la couleur et la qualit\u00e9 globale des fruits<\/strong><\/li>\n<\/ul>\n<hr data-start=\"1433\" data-end=\"1436\">\n<h4 data-start=\"1438\" data-end=\"1474\"><strong data-start=\"1443\" data-end=\"1474\">Sp\u00e9cifications techniques \ud83e\uddea<\/strong><\/h4>\n<ul data-start=\"1475\" data-end=\"1748\">\n<li data-start=\"1475\" data-end=\"1503\"><strong>Composition : %(v\/v)<\/strong>\n<ul data-start=\"1475\" data-end=\"1748\">\n<li data-start=\"1475\" data-end=\"1503\">\n<p data-start=\"1477\" data-end=\"1503\"><strong data-start=\"1477\" data-end=\"1497\">Potassium (K\u2082O) :<\/strong> 36 %<\/p>\n<\/li>\n<li data-start=\"1504\" data-end=\"1527\">\n<p data-start=\"1506\" data-end=\"1527\"><strong data-start=\"1506\" data-end=\"1521\">Soufre (S) :<\/strong> 36 %<\/p>\n<\/li>\n<\/ul>\n<\/li>\n<li data-start=\"1528\" data-end=\"1558\">\n<p data-start=\"1530\" data-end=\"1558\"><strong data-start=\"1530\" data-end=\"1545\">pH (1\/100) :<\/strong> 9,0 \u2013 10,0<\/p>\n<\/li>\n<li data-start=\"1488\" data-end=\"1517\">\n<p data-start=\"1490\" data-end=\"1517\"><strong data-start=\"141\" data-end=\"156\">Aspect :<\/strong> Liquide<\/p>\n<\/li>\n<li data-start=\"1488\" data-end=\"1517\">\n<p data-start=\"1490\" data-end=\"1517\"><strong data-start=\"360\" data-end=\"375\">Solubilit\u00e9 :<\/strong> Enti\u00e8rement soluble et exempt de chlorure, sodium et m\u00e9taux lourds<\/p>\n<\/li>\n<li data-start=\"1488\" data-end=\"1517\">\n<p data-start=\"1490\" data-end=\"1517\"><strong data-start=\"443\" data-end=\"454\">Volume :<\/strong> 1 L, 5 L, 20 L<\/p>\n<\/li>\n<li data-start=\"1488\" data-end=\"1517\">\n<p data-start=\"1490\" data-end=\"1517\"><strong data-start=\"474\" data-end=\"488\">Conditionnement :<\/strong> Bouteille \/ Bidon PEHD<\/p>\n<\/li>\n<\/ul>\n<hr>\n<h4 data-start=\"1718\" data-end=\"1746\"><strong data-start=\"1723\" data-end=\"1746\">M\u00e9thodes d&rsquo;application<\/strong><\/h4>\n<p>\ud83d\udca7 <strong>Fertigation<\/strong><br \/>\n\ud83c\udf3f   <strong>Application foliaire<\/strong><\/p>\n","protected":false},"excerpt":{"rendered":"<p>Dragon Fruity est un engrais liquide pur \u00e0 base de polysulfure de potassium qui fournit un ratio \u00e9quilibr\u00e9 de potassium (K\u2082O) et de soufre (S) pour garantir une solubilit\u00e9 maximale et des performances optimales des plantes.Totalement exempt de carbonate de potassium, d&rsquo;\u00e9l\u00e9ments nocifs et de m\u00e9taux lourds, c&rsquo;est un choix s\u00fbr et efficace pour toutes [&hellip;]<\/p>\n","protected":false},"featured_media":4605,"comment_status":"open","ping_status":"closed","template":"","meta":{"_et_pb_use_builder":"","_et_pb_old_content":"","_et_gb_content_width":""},"product_brand":[],"product_cat":[113],"product_tag":[],"class_list":{"0":"post-4604","1":"product","2":"type-product","3":"status-publish","4":"has-post-thumbnail","6":"product_cat-specialite-dragon","8":"first","9":"instock","10":"shipping-taxable","11":"product-type-simple"},"_links":{"self":[{"href":"https:\/\/dragonagricultural.com\/fr\/wp-json\/wp\/v2\/product\/4604","targetHints":{"allow":["GET"]}}],"collection":[{"href":"https:\/\/dragonagricultural.com\/fr\/wp-json\/wp\/v2\/product"}],"about":[{"href":"https:\/\/dragonagricultural.com\/fr\/wp-json\/wp\/v2\/types\/product"}],"replies":[{"embeddable":true,"href":"https:\/\/dragonagricultural.com\/fr\/wp-json\/wp\/v2\/comments?post=4604"}],"wp:featuredmedia":[{"embeddable":true,"href":"https:\/\/dragonagricultural.com\/fr\/wp-json\/wp\/v2\/media\/4605"}],"wp:attachment":[{"href":"https:\/\/dragonagricultural.com\/fr\/wp-json\/wp\/v2\/media?parent=4604"}],"wp:term":[{"taxonomy":"product_brand","embeddable":true,"href":"https:\/\/dragonagricultural.com\/fr\/wp-json\/wp\/v2\/product_brand?post=4604"},{"taxonomy":"product_cat","embeddable":true,"href":"https:\/\/dragonagricultural.com\/fr\/wp-json\/wp\/v2\/product_cat?post=4604"},{"taxonomy":"product_tag","embeddable":true,"href":"https:\/\/dragonagricultural.com\/fr\/wp-json\/wp\/v2\/product_tag?post=4604"}],"curies":[{"name":"wp","href":"https:\/\/api.w.org\/{rel}","templated":true}]}}