{"id":4592,"date":"2025-10-26T06:00:07","date_gmt":"2025-10-26T06:00:07","guid":{"rendered":"https:\/\/dragonagricultural.com\/products\/dragon-triple-n\/"},"modified":"2025-12-10T10:19:43","modified_gmt":"2025-12-10T10:19:43","slug":"dragon-triple-n","status":"publish","type":"product","link":"https:\/\/dragonagricultural.com\/fr\/products\/specialite-dragon\/dragon-triple-n\/","title":{"rendered":"Dragon Triple N"},"content":{"rendered":"<p data-start=\"220\" data-end=\"455\"><strong data-start=\"220\" data-end=\"239\">Dragon Triple N<\/strong> est un <strong data-start=\"265\" data-end=\"286\">engrais liquide<\/strong> hautement concentr\u00e9 contenant trois formes essentielles d&rsquo;azote \u2014 <strong data-start=\"334\" data-end=\"365\">Nitrique, Ammoniacal et Ur\u00e9ique<\/strong> \u2014 assurant une <strong data-start=\"382\" data-end=\"427\">disponibilit\u00e9 nutritive rapide et soutenue<\/strong> pour une croissance optimale des plantes.<\/p>\n<p data-start=\"457\" data-end=\"751\">Enrichi en <strong data-start=\"471\" data-end=\"485\">acide humique<\/strong>, il am\u00e9liore <strong data-start=\"499\" data-end=\"522\">l&rsquo;absorption des nutriments<\/strong>, am\u00e9liore la <strong data-start=\"533\" data-end=\"551\">structure du sol<\/strong> et stimule un <strong data-start=\"568\" data-end=\"597\">d\u00e9veloppement racinaire vigoureux<\/strong>.<br data-start=\"598\" data-end=\"601\">De plus, il contient des <strong data-start=\"637\" data-end=\"655\">micronutriments<\/strong> essentiels tels que <strong data-start=\"664\" data-end=\"687\">Fe, MgO, Mn et Zn<\/strong>, qui favorisent une nutrition \u00e9quilibr\u00e9e et la vitalit\u00e9 globale des plantes.<\/p>\n<hr data-start=\"925\" data-end=\"928\">\n<h4 data-start=\"930\" data-end=\"951\"><strong data-start=\"935\" data-end=\"951\">Principaux avantages<\/strong><\/h4>\n<ul data-start=\"952\" data-end=\"1387\">\n<li data-start=\"952\" data-end=\"1031\">\n<p data-start=\"954\" data-end=\"1031\">Fournit <strong data-start=\"963\" data-end=\"987\">trois formes d&rsquo;azote<\/strong> pour une disponibilit\u00e9 imm\u00e9diate et \u00e0 long terme.<\/p>\n<\/li>\n<li data-start=\"1032\" data-end=\"1107\">\n<p data-start=\"1034\" data-end=\"1107\">Stimule une <strong data-start=\"1045\" data-end=\"1072\">croissance v\u00e9g\u00e9tative rapide<\/strong> et favorise un feuillage vert luxuriant.<\/p>\n<\/li>\n<li data-start=\"1108\" data-end=\"1167\">\n<p data-start=\"1110\" data-end=\"1167\">Am\u00e9liore <strong data-start=\"1119\" data-end=\"1136\">l&rsquo;activit\u00e9 racinaire<\/strong> et l&rsquo;absorption globale des nutriments.<\/p>\n<\/li>\n<li data-start=\"1168\" data-end=\"1235\">\n<p data-start=\"1170\" data-end=\"1235\">Stimule la <strong data-start=\"1177\" data-end=\"1202\">formation de chlorophylle<\/strong> et l&rsquo;efficacit\u00e9 photosynth\u00e9tique.<\/p>\n<\/li>\n<li data-start=\"1236\" data-end=\"1309\">\n<p data-start=\"1238\" data-end=\"1309\">Am\u00e9liore la <strong data-start=\"1247\" data-end=\"1265\">structure du sol<\/strong> et l&rsquo;\u00e9quilibre microbien gr\u00e2ce \u00e0 l&rsquo;acide humique.<\/p>\n<\/li>\n<\/ul>\n<hr data-start=\"1389\" data-end=\"1392\">\n<h4 data-start=\"1394\" data-end=\"1430\"><strong data-start=\"1399\" data-end=\"1430\">Sp\u00e9cifications techniques \ud83e\uddea<\/strong><\/h4>\n<ul data-start=\"1431\" data-end=\"1792\">\n<li data-start=\"1431\" data-end=\"1553\"><strong>Composition : %(v\/v)<\/strong><\/li>\n<li data-start=\"1431\" data-end=\"1553\">\n<p data-start=\"1433\" data-end=\"1462\"><strong data-start=\"1433\" data-end=\"1456\">Azote total (N) :<\/strong> 40 %<\/p>\n<ul data-start=\"1465\" data-end=\"1553\">\n<li data-start=\"1465\" data-end=\"1492\">\n<p data-start=\"1467\" data-end=\"1492\"><strong data-start=\"1467\" data-end=\"1486\">Nitrique (NO\u2083-N) :<\/strong> 10 %<\/p>\n<\/li>\n<li data-start=\"1495\" data-end=\"1524\">\n<p data-start=\"1497\" data-end=\"1524\"><strong data-start=\"1497\" data-end=\"1518\">Ammoniacal (NH\u2084-N) :<\/strong> 10 %<\/p>\n<\/li>\n<li data-start=\"1527\" data-end=\"1553\">\n<p data-start=\"1529\" data-end=\"1553\"><strong data-start=\"1529\" data-end=\"1547\">Ur\u00e9ique (NH\u2082-N) :<\/strong> 20 %<\/p>\n<\/li>\n<\/ul>\n<\/li>\n<li data-start=\"1554\" data-end=\"1576\">\n<p data-start=\"1556\" data-end=\"1576\"><strong data-start=\"1556\" data-end=\"1571\">Acide humique :<\/strong> 2 %<\/p>\n<\/li>\n<li data-start=\"1577\" data-end=\"1606\">\n<p data-start=\"1579\" data-end=\"1606\"><strong data-start=\"1579\" data-end=\"1594\">pH (1\/100) :<\/strong> 5,0 \u2013 6,0<\/p>\n<\/li>\n<li data-start=\"1577\" data-end=\"1606\">\n<p data-start=\"1579\" data-end=\"1606\"><strong data-start=\"141\" data-end=\"156\">Aspect :<\/strong> Liquide<\/p>\n<\/li>\n<li data-start=\"1488\" data-end=\"1517\">\n<p data-start=\"1490\" data-end=\"1517\"><strong data-start=\"360\" data-end=\"375\">Solubilit\u00e9 :<\/strong> Enti\u00e8rement soluble et exempt de chlorure, sodium et m\u00e9taux lourds<\/p>\n<\/li>\n<li data-start=\"1488\" data-end=\"1517\">\n<p data-start=\"1490\" data-end=\"1517\"><strong data-start=\"443\" data-end=\"454\">Volume :<\/strong> 1 L, 5 L, 20 L<\/p>\n<\/li>\n<li data-start=\"1488\" data-end=\"1517\">\n<p data-start=\"1490\" data-end=\"1517\"><strong data-start=\"474\" data-end=\"488\">Conditionnement :<\/strong> Bouteille \/ Bidon PEHD<\/p>\n<\/li>\n<\/ul>\n<hr data-start=\"1794\" data-end=\"1797\">\n<h4 data-start=\"1718\" data-end=\"1746\"><strong data-start=\"1723\" data-end=\"1746\">M\u00e9thodes d&rsquo;application<\/strong><\/h4>\n<p>\ud83d\udca7 <strong>Fertigation<\/strong><br \/>\n\ud83c\udf3f   <strong>Application foliaire<\/strong><\/p>\n<h4 data-start=\"1799\" data-end=\"1827\"><strong data-start=\"1804\" data-end=\"1827\"> <\/strong><\/h4>\n","protected":false},"excerpt":{"rendered":"<p>Dragon Triple N est un engrais liquide hautement concentr\u00e9 contenant trois formes essentielles d&rsquo;azote \u2014 Nitrique, Ammoniacal et Ur\u00e9ique \u2014 assurant une disponibilit\u00e9 nutritive rapide et soutenue pour une croissance optimale des plantes. Enrichi en acide humique, il am\u00e9liore l&rsquo;absorption des nutriments, am\u00e9liore la structure du sol et stimule un d\u00e9veloppement racinaire vigoureux.De plus, il [&hellip;]<\/p>\n","protected":false},"featured_media":4593,"comment_status":"open","ping_status":"closed","template":"","meta":{"_et_pb_use_builder":"","_et_pb_old_content":"","_et_gb_content_width":""},"product_brand":[],"product_cat":[113],"product_tag":[],"class_list":{"0":"post-4592","1":"product","2":"type-product","3":"status-publish","4":"has-post-thumbnail","6":"product_cat-specialite-dragon","8":"first","9":"instock","10":"shipping-taxable","11":"product-type-simple"},"_links":{"self":[{"href":"https:\/\/dragonagricultural.com\/fr\/wp-json\/wp\/v2\/product\/4592","targetHints":{"allow":["GET"]}}],"collection":[{"href":"https:\/\/dragonagricultural.com\/fr\/wp-json\/wp\/v2\/product"}],"about":[{"href":"https:\/\/dragonagricultural.com\/fr\/wp-json\/wp\/v2\/types\/product"}],"replies":[{"embeddable":true,"href":"https:\/\/dragonagricultural.com\/fr\/wp-json\/wp\/v2\/comments?post=4592"}],"wp:featuredmedia":[{"embeddable":true,"href":"https:\/\/dragonagricultural.com\/fr\/wp-json\/wp\/v2\/media\/4593"}],"wp:attachment":[{"href":"https:\/\/dragonagricultural.com\/fr\/wp-json\/wp\/v2\/media?parent=4592"}],"wp:term":[{"taxonomy":"product_brand","embeddable":true,"href":"https:\/\/dragonagricultural.com\/fr\/wp-json\/wp\/v2\/product_brand?post=4592"},{"taxonomy":"product_cat","embeddable":true,"href":"https:\/\/dragonagricultural.com\/fr\/wp-json\/wp\/v2\/product_cat?post=4592"},{"taxonomy":"product_tag","embeddable":true,"href":"https:\/\/dragonagricultural.com\/fr\/wp-json\/wp\/v2\/product_tag?post=4592"}],"curies":[{"name":"wp","href":"https:\/\/api.w.org\/{rel}","templated":true}]}}