{"id":4578,"date":"2025-10-26T06:08:05","date_gmt":"2025-10-26T06:08:05","guid":{"rendered":"https:\/\/dragonagricultural.com\/products\/dragon-hv\/"},"modified":"2025-12-08T13:03:25","modified_gmt":"2025-12-08T13:03:25","slug":"dragon-hv","status":"publish","type":"product","link":"https:\/\/dragonagricultural.com\/fr\/products\/specialite-dragon\/dragon-hv\/","title":{"rendered":"Dragon HV"},"content":{"rendered":"<p data-start=\"204\" data-end=\"446\"><strong data-start=\"204\" data-end=\"217\">Dragon HV<\/strong> est une formule organique en poudre contenant de l&rsquo;<strong data-start=\"260\" data-end=\"274\">acide humique<\/strong>, de l&rsquo;<strong data-start=\"276\" data-end=\"291\">acide fulvique<\/strong> et du <strong data-start=\"297\" data-end=\"310\">potassium<\/strong>.<br data-start=\"311\" data-end=\"314\">Il am\u00e9liore la croissance des plantes en favorisant l&rsquo;absorption des nutriments et en soutenant la fertilit\u00e9 du sol gr\u00e2ce \u00e0 ses puissants acides humiques et fulviques.<\/p>\n<hr data-start=\"810\" data-end=\"813\">\n<h4 data-start=\"815\" data-end=\"836\"><strong data-start=\"820\" data-end=\"836\">Principaux avantages<\/strong><\/h4>\n<ul data-start=\"837\" data-end=\"1228\">\n<li data-start=\"837\" data-end=\"900\">\n<p data-start=\"839\" data-end=\"900\">Favorise le <strong data-start=\"848\" data-end=\"868\">d\u00e9veloppement racinaire<\/strong> et renforce la structure de la plante.<\/p>\n<\/li>\n<li data-start=\"901\" data-end=\"955\">\n<p data-start=\"903\" data-end=\"955\">Am\u00e9liore l&rsquo;<strong data-start=\"912\" data-end=\"952\">efficacit\u00e9 d&rsquo;absorption des nutriments et de l&rsquo;eau<\/strong>.<\/p>\n<\/li>\n<li data-start=\"956\" data-end=\"1015\">\n<p data-start=\"958\" data-end=\"1015\">Am\u00e9liore la <strong data-start=\"967\" data-end=\"985\">fertilit\u00e9 du sol<\/strong> et l&rsquo;<strong data-start=\"990\" data-end=\"1012\">activit\u00e9 microbienne<\/strong>.<\/p>\n<\/li>\n<li data-start=\"1016\" data-end=\"1082\">\n<p data-start=\"1018\" data-end=\"1082\">Augmente la <strong data-start=\"1034\" data-end=\"1079\">r\u00e9sistance des plantes au stress hydrique et salin<\/strong>.<\/p>\n<\/li>\n<li data-start=\"1083\" data-end=\"1154\">\n<p data-start=\"1085\" data-end=\"1154\">Soutient les phases de <strong data-start=\"1094\" data-end=\"1127\">floraison et de formation des fruits<\/strong> pour un rendement accru.<\/p>\n<\/li>\n<li data-start=\"1155\" data-end=\"1228\">\n<p data-start=\"1157\" data-end=\"1228\">Fournit une <strong data-start=\"1168\" data-end=\"1209\">source durable de carbone organique<\/strong> pour la sant\u00e9 du sol.<\/p>\n<\/li>\n<\/ul>\n<hr data-start=\"1230\" data-end=\"1233\">\n<h4 data-start=\"1235\" data-end=\"1271\"><strong data-start=\"1240\" data-end=\"1271\">Sp\u00e9cifications techniques \ud83e\uddea<\/strong><\/h4>\n<ul data-start=\"1272\" data-end=\"1553\">\n<li data-start=\"1349\" data-end=\"1383\">\n<p data-start=\"1351\" data-end=\"1383\"><strong data-start=\"1351\" data-end=\"1367\">Composition :<\/strong> % (m\/m)<\/p>\n<ul data-start=\"1272\" data-end=\"1553\">\n<li data-start=\"1272\" data-end=\"1305\"><strong data-start=\"1274\" data-end=\"1299\">Acides humiques + fulviques :<\/strong> 55 %<\/li>\n<li data-start=\"1306\" data-end=\"1334\">\n<p data-start=\"1308\" data-end=\"1334\"><strong data-start=\"1308\" data-end=\"1328\">Potassium (K\u2082O) :<\/strong> 10 %<\/p>\n<\/li>\n<\/ul>\n<\/li>\n<li data-start=\"1335\" data-end=\"1365\">\n<p data-start=\"1337\" data-end=\"1365\"><strong data-start=\"1337\" data-end=\"1352\">pH (1\/100) :<\/strong> 9,5 \u2013 10,5<\/p>\n<\/li>\n<li data-start=\"1453\" data-end=\"1473\">\n<p data-start=\"1455\" data-end=\"1473\"><strong data-start=\"1455\" data-end=\"1464\">Aspect :<\/strong> Poudre<\/p>\n<\/li>\n<li data-start=\"1533\" data-end=\"1621\"><strong data-start=\"1624\" data-end=\"1635\">Volume :<\/strong> 1 kg, 10 kg<\/li>\n<li data-start=\"1650\" data-end=\"1701\">\n<p data-start=\"1652\" data-end=\"1701\"><strong data-start=\"1652\" data-end=\"1666\">Conditionnement :<\/strong> Sacs \/ sachets multicouches<\/p>\n<\/li>\n<\/ul>\n<hr data-start=\"1555\" data-end=\"1558\">\n<h4 data-start=\"1560\" data-end=\"1588\"><strong data-start=\"1565\" data-end=\"1588\">M\u00e9thodes d&rsquo;application<\/strong><\/h4>\n<p>\ud83d\udca7  <strong data-start=\"1739\" data-end=\"1754\">Fertigation<\/strong><\/p>\n","protected":false},"excerpt":{"rendered":"<p>Dragon HV est une formule organique en poudre contenant de l&rsquo;acide humique, de l&rsquo;acide fulvique et du potassium.Il am\u00e9liore la croissance des plantes en favorisant l&rsquo;absorption des nutriments et en soutenant la fertilit\u00e9 du sol gr\u00e2ce \u00e0 ses puissants acides humiques et fulviques. Principaux avantages Favorise le d\u00e9veloppement racinaire et renforce la structure de la [&hellip;]<\/p>\n","protected":false},"featured_media":4579,"comment_status":"open","ping_status":"closed","template":"","meta":{"_et_pb_use_builder":"","_et_pb_old_content":"","_et_gb_content_width":""},"product_brand":[],"product_cat":[115,113],"product_tag":[],"class_list":{"0":"post-4578","1":"product","2":"type-product","3":"status-publish","4":"has-post-thumbnail","6":"product_cat-dragon-organic","7":"product_cat-specialite-dragon","9":"first","10":"instock","11":"shipping-taxable","12":"product-type-simple"},"_links":{"self":[{"href":"https:\/\/dragonagricultural.com\/fr\/wp-json\/wp\/v2\/product\/4578","targetHints":{"allow":["GET"]}}],"collection":[{"href":"https:\/\/dragonagricultural.com\/fr\/wp-json\/wp\/v2\/product"}],"about":[{"href":"https:\/\/dragonagricultural.com\/fr\/wp-json\/wp\/v2\/types\/product"}],"replies":[{"embeddable":true,"href":"https:\/\/dragonagricultural.com\/fr\/wp-json\/wp\/v2\/comments?post=4578"}],"wp:featuredmedia":[{"embeddable":true,"href":"https:\/\/dragonagricultural.com\/fr\/wp-json\/wp\/v2\/media\/4579"}],"wp:attachment":[{"href":"https:\/\/dragonagricultural.com\/fr\/wp-json\/wp\/v2\/media?parent=4578"}],"wp:term":[{"taxonomy":"product_brand","embeddable":true,"href":"https:\/\/dragonagricultural.com\/fr\/wp-json\/wp\/v2\/product_brand?post=4578"},{"taxonomy":"product_cat","embeddable":true,"href":"https:\/\/dragonagricultural.com\/fr\/wp-json\/wp\/v2\/product_cat?post=4578"},{"taxonomy":"product_tag","embeddable":true,"href":"https:\/\/dragonagricultural.com\/fr\/wp-json\/wp\/v2\/product_tag?post=4578"}],"curies":[{"name":"wp","href":"https:\/\/api.w.org\/{rel}","templated":true}]}}