{"id":4559,"date":"2025-10-26T06:06:18","date_gmt":"2025-10-26T06:06:18","guid":{"rendered":"https:\/\/dragonagricultural.com\/products\/dragon-boost\/"},"modified":"2025-12-10T10:18:38","modified_gmt":"2025-12-10T10:18:38","slug":"dragon-boost","status":"publish","type":"product","link":"https:\/\/dragonagricultural.com\/fr\/products\/specialite-dragon\/dragon-boost\/","title":{"rendered":"Dragon Boost"},"content":{"rendered":"<p data-start=\"220\" data-end=\"580\"><strong data-start=\"220\" data-end=\"236\">Dragon Boost<\/strong> est un engrais en poudre soluble sp\u00e9cialement con\u00e7u pour une <strong data-start=\"291\" data-end=\"313\">application foliaire<\/strong>.<br data-start=\"314\" data-end=\"317\">Il contient du <strong data-start=\"329\" data-end=\"347\">Bore et du Zinc<\/strong> ch\u00e9lat\u00e9s avec de la <strong data-start=\"362\" data-end=\"380\">mati\u00e8re organique<\/strong> et enrichis en <strong data-start=\"399\" data-end=\"414\">Acides Amin\u00e9s<\/strong> pour une meilleure efficacit\u00e9 nutritive.<br data-start=\"448\" data-end=\"451\">Gr\u00e2ce \u00e0 ses caract\u00e9ristiques d&rsquo;<strong data-start=\"465\" data-end=\"501\">absorption et de p\u00e9n\u00e9tration rapides<\/strong>, il offre des r\u00e9sultats rapides et visibles sur la performance des plantes.<\/p>\n<hr data-start=\"917\" data-end=\"920\">\n<h4 data-start=\"922\" data-end=\"943\"><strong data-start=\"927\" data-end=\"943\">Principaux avantages<\/strong><\/h4>\n<ul data-start=\"944\" data-end=\"1339\">\n<li data-start=\"944\" data-end=\"1011\">\n<p data-start=\"946\" data-end=\"1011\">Fournit une <strong data-start=\"957\" data-end=\"1008\">source \u00e9quilibr\u00e9e de Bore, de Zinc et d&rsquo;Acides Amin\u00e9s<\/strong>.<\/p>\n<\/li>\n<li data-start=\"1012\" data-end=\"1073\">\n<p data-start=\"1014\" data-end=\"1073\">Am\u00e9liore la <strong data-start=\"1023\" data-end=\"1070\">floraison, la fructification et la qualit\u00e9 des fruits<\/strong>.<\/p>\n<\/li>\n<li data-start=\"1074\" data-end=\"1135\">\n<p data-start=\"1076\" data-end=\"1135\">Stimule la <strong data-start=\"1087\" data-end=\"1104\">formation des bourgeons<\/strong> et favorise une croissance uniforme.<\/p>\n<\/li>\n<li data-start=\"1136\" data-end=\"1199\">\n<p data-start=\"1138\" data-end=\"1199\">Am\u00e9liore l&rsquo;<strong data-start=\"1147\" data-end=\"1170\">absorption des nutriments<\/strong> et la <strong data-start=\"1175\" data-end=\"1196\">r\u00e9sistance au stress<\/strong>.<\/p>\n<\/li>\n<li data-start=\"1200\" data-end=\"1256\">\n<p data-start=\"1202\" data-end=\"1256\">Optimise <strong data-start=\"1209\" data-end=\"1253\">la taille, le poids et l&rsquo;uniformit\u00e9 de la couleur des fruits<\/strong>.<\/p>\n<\/li>\n<li data-start=\"1257\" data-end=\"1339\">\n<p data-start=\"1259\" data-end=\"1339\">Assure une <strong data-start=\"1267\" data-end=\"1292\">absorption rapide des nutriments<\/strong> avec des am\u00e9liorations visibles en peu de temps.<\/p>\n<\/li>\n<\/ul>\n<hr data-start=\"1341\" data-end=\"1344\">\n<h4 data-start=\"1346\" data-end=\"1382\"><strong data-start=\"1351\" data-end=\"1382\">Sp\u00e9cifications techniques \ud83e\uddea<\/strong><\/h4>\n<ul data-start=\"1383\" data-end=\"1689\">\n<li data-start=\"1383\" data-end=\"1417\"><strong data-start=\"1351\" data-end=\"1367\">Composition :<\/strong> % (m\/m)\n<ul data-start=\"1383\" data-end=\"1689\">\n<li data-start=\"1383\" data-end=\"1417\">\n<p data-start=\"1385\" data-end=\"1417\"><strong data-start=\"1385\" data-end=\"1410\">Azote Organique (N) :<\/strong> 8,0 %<\/p>\n<\/li>\n<li data-start=\"1418\" data-end=\"1441\">\n<p data-start=\"1420\" data-end=\"1441\"><strong data-start=\"1420\" data-end=\"1434\">Bore (B) :<\/strong> 4,0 %<\/p>\n<\/li>\n<li data-start=\"1442\" data-end=\"1465\">\n<p data-start=\"1444\" data-end=\"1465\"><strong data-start=\"1444\" data-end=\"1458\">Zinc (Zn) :<\/strong> 4,0 %<\/p>\n<\/li>\n<li data-start=\"1466\" data-end=\"1492\">\n<p data-start=\"1468\" data-end=\"1492\"><strong data-start=\"1468\" data-end=\"1484\">Acides Amin\u00e9s :<\/strong> 13,5 %<\/p>\n<\/li>\n<li data-start=\"1493\" data-end=\"1522\">\n<p data-start=\"1495\" data-end=\"1522\"><strong data-start=\"1495\" data-end=\"1515\">Molybd\u00e8ne (Mo) :<\/strong> 0,4 %<\/p>\n<\/li>\n<\/ul>\n<\/li>\n<li data-start=\"1636\" data-end=\"1689\">\n<p data-start=\"1638\" data-end=\"1689\"><strong data-start=\"1638\" data-end=\"1652\">Sans :<\/strong> Chlorure, sodium et m\u00e9taux lourds<\/p>\n<\/li>\n<li data-start=\"1183\" data-end=\"1203\">\n<p data-start=\"1185\" data-end=\"1203\"><strong data-start=\"1185\" data-end=\"1194\">Aspect :<\/strong> Poudre<\/p>\n<\/li>\n<li><strong data-start=\"1525\" data-end=\"1540\">pH (1\/100) :<\/strong> 8,0 \u2013 9,0<\/li>\n<li data-start=\"1167\" data-end=\"1194\">\n<p data-start=\"1169\" data-end=\"1194\"><strong data-start=\"1169\" data-end=\"1180\">Volume :<\/strong> 1 kg, 10 kg<\/p>\n<\/li>\n<li data-start=\"1195\" data-end=\"1246\">\n<p data-start=\"1197\" data-end=\"1246\"><strong data-start=\"1197\" data-end=\"1211\">Conditionnement :<\/strong> Sacs \/ sachets multicouches<\/p>\n<\/li>\n<\/ul>\n<hr data-start=\"1691\" data-end=\"1694\">\n<h4 data-start=\"1696\" data-end=\"1724\"><strong data-start=\"1701\" data-end=\"1724\">M\u00e9thodes d&rsquo;application<\/strong><\/h4>\n<p data-start=\"1840\" data-end=\"1898\">\ud83c\udf3f <strong data-start=\"1498\" data-end=\"1520\">Application Foliaire<\/strong><\/p>\n","protected":false},"excerpt":{"rendered":"<p>Dragon Boost est un engrais en poudre soluble sp\u00e9cialement con\u00e7u pour une application foliaire.Il contient du Bore et du Zinc ch\u00e9lat\u00e9s avec de la mati\u00e8re organique et enrichis en Acides Amin\u00e9s pour une meilleure efficacit\u00e9 nutritive.Gr\u00e2ce \u00e0 ses caract\u00e9ristiques d&rsquo;absorption et de p\u00e9n\u00e9tration rapides, il offre des r\u00e9sultats rapides et visibles sur la performance des [&hellip;]<\/p>\n","protected":false},"featured_media":943,"comment_status":"open","ping_status":"closed","template":"","meta":{"_et_pb_use_builder":"","_et_pb_old_content":"","_et_gb_content_width":""},"product_brand":[],"product_cat":[113],"product_tag":[],"class_list":{"0":"post-4559","1":"product","2":"type-product","3":"status-publish","4":"has-post-thumbnail","6":"product_cat-specialite-dragon","8":"first","9":"instock","10":"shipping-taxable","11":"product-type-simple"},"_links":{"self":[{"href":"https:\/\/dragonagricultural.com\/fr\/wp-json\/wp\/v2\/product\/4559","targetHints":{"allow":["GET"]}}],"collection":[{"href":"https:\/\/dragonagricultural.com\/fr\/wp-json\/wp\/v2\/product"}],"about":[{"href":"https:\/\/dragonagricultural.com\/fr\/wp-json\/wp\/v2\/types\/product"}],"replies":[{"embeddable":true,"href":"https:\/\/dragonagricultural.com\/fr\/wp-json\/wp\/v2\/comments?post=4559"}],"wp:featuredmedia":[{"embeddable":true,"href":"https:\/\/dragonagricultural.com\/fr\/wp-json\/wp\/v2\/media\/943"}],"wp:attachment":[{"href":"https:\/\/dragonagricultural.com\/fr\/wp-json\/wp\/v2\/media?parent=4559"}],"wp:term":[{"taxonomy":"product_brand","embeddable":true,"href":"https:\/\/dragonagricultural.com\/fr\/wp-json\/wp\/v2\/product_brand?post=4559"},{"taxonomy":"product_cat","embeddable":true,"href":"https:\/\/dragonagricultural.com\/fr\/wp-json\/wp\/v2\/product_cat?post=4559"},{"taxonomy":"product_tag","embeddable":true,"href":"https:\/\/dragonagricultural.com\/fr\/wp-json\/wp\/v2\/product_tag?post=4559"}],"curies":[{"name":"wp","href":"https:\/\/api.w.org\/{rel}","templated":true}]}}