{"id":4535,"date":"2025-10-26T06:05:27","date_gmt":"2025-10-26T06:05:27","guid":{"rendered":"https:\/\/dragonagricultural.com\/products\/dragon-fighter\/"},"modified":"2025-12-10T10:18:51","modified_gmt":"2025-12-10T10:18:51","slug":"dragon-fighter","status":"publish","type":"product","link":"https:\/\/dragonagricultural.com\/fr\/products\/specialite-dragon\/dragon-fighter\/","title":{"rendered":"Dragon Fighter"},"content":{"rendered":"<p data-start=\"239\" data-end=\"586\"><strong data-start=\"239\" data-end=\"257\">Dragon Fighter<\/strong> est une <strong data-start=\"283\" data-end=\"313\">solution d&rsquo;engrais liquide<\/strong> hautement concentr\u00e9e compos\u00e9e de <strong data-start=\"326\" data-end=\"340\">phosphore<\/strong> et de <strong data-start=\"345\" data-end=\"358\">potassium<\/strong>, avec tout le phosphore d\u00e9riv\u00e9 de l&rsquo;<strong data-start=\"397\" data-end=\"425\">anion phosphite (H\u2082PO\u2083\u207b)<\/strong>.<\/p>\n<hr data-start=\"895\" data-end=\"898\">\n<h4 data-start=\"900\" data-end=\"921\"><strong data-start=\"905\" data-end=\"921\">Principaux avantages<\/strong><\/h4>\n<ul data-start=\"922\" data-end=\"1392\">\n<li data-start=\"922\" data-end=\"1005\">\n<p data-start=\"924\" data-end=\"1005\">Am\u00e9liore la <strong data-start=\"933\" data-end=\"953\">r\u00e9sistance des plantes<\/strong> au stress, \u00e0 la s\u00e9cheresse, au gel et aux infections fongiques.<\/p>\n<\/li>\n<li data-start=\"1006\" data-end=\"1072\">\n<p data-start=\"1008\" data-end=\"1072\">Favorise la <strong data-start=\"1017\" data-end=\"1069\">floraison, la formation des fruits et la maturation uniforme<\/strong>.<\/p>\n<\/li>\n<li data-start=\"1073\" data-end=\"1145\">\n<p data-start=\"1075\" data-end=\"1145\">Renforce les <strong data-start=\"1087\" data-end=\"1118\">parois cellulaires et les syst\u00e8mes racinaires<\/strong> pour une durabilit\u00e9 am\u00e9lior\u00e9e.<\/p>\n<\/li>\n<li data-start=\"1146\" data-end=\"1240\">\n<p data-start=\"1148\" data-end=\"1240\">Fournit du <strong data-start=\"1157\" data-end=\"1202\">phosphore et du potassium hautement disponibles<\/strong> sous forme de phosphite pour une absorption rapide.<\/p>\n<\/li>\n<li data-start=\"1241\" data-end=\"1313\">\n<p data-start=\"1243\" data-end=\"1313\">Stimule les <strong data-start=\"1254\" data-end=\"1280\">d\u00e9fenses naturelles des plantes<\/strong> et favorise la vitalit\u00e9 g\u00e9n\u00e9rale.<\/p>\n<\/li>\n<\/ul>\n<hr data-start=\"1394\" data-end=\"1397\">\n<h4 data-start=\"1399\" data-end=\"1435\"><strong data-start=\"1404\" data-end=\"1435\">Sp\u00e9cifications techniques \ud83e\uddea<\/strong><\/h4>\n<ul data-start=\"1436\" data-end=\"1711\">\n<li data-start=\"1436\" data-end=\"1466\"><strong>Composition : % (p\/v) <\/strong>\n<ul data-start=\"1479\" data-end=\"1763\">\n<li data-start=\"1479\" data-end=\"1506\"><strong data-start=\"1438\" data-end=\"1460\">Phosphore (P\u2082O\u2085) :<\/strong> 45 %<\/li>\n<li data-start=\"1479\" data-end=\"1506\"><strong data-start=\"1469\" data-end=\"1489\">Potassium (K\u2082O) :<\/strong> 55 %<\/li>\n<\/ul>\n<\/li>\n<li data-start=\"1496\" data-end=\"1525\">\n<p data-start=\"1498\" data-end=\"1525\"><strong data-start=\"1498\" data-end=\"1513\">pH (1\/100) :<\/strong> 6,5 \u2013 7,5<\/p>\n<\/li>\n<li data-start=\"1566\" data-end=\"1595\">\n<p data-start=\"1568\" data-end=\"1595\"><b>Aspect : <\/b>Liquide<\/p>\n<\/li>\n<li data-start=\"1710\" data-end=\"1763\">\n<p data-start=\"1712\" data-end=\"1763\"><strong data-start=\"360\" data-end=\"375\">Solubilit\u00e9 :<\/strong> Enti\u00e8rement soluble et exempt de chlorure, sodium et m\u00e9taux lourds<\/p>\n<\/li>\n<li data-start=\"1710\" data-end=\"1763\">\n<p data-start=\"1712\" data-end=\"1763\"><strong data-start=\"443\" data-end=\"454\">Volume :<\/strong> 1 L, 5 L, 20 L<\/p>\n<\/li>\n<li data-start=\"1710\" data-end=\"1763\">\n<p data-start=\"1712\" data-end=\"1763\"><strong data-start=\"474\" data-end=\"488\">Conditionnement :<\/strong> Bouteille \/ Bidon PEHD<\/p>\n<\/li>\n<\/ul>\n<hr data-start=\"1713\" data-end=\"1716\">\n<h4 data-start=\"1718\" data-end=\"1746\"><strong data-start=\"1723\" data-end=\"1746\">M\u00e9thodes d&rsquo;application<\/strong><\/h4>\n<p>\ud83d\udca7 <strong>Fertigation<\/strong><br \/>\n\ud83c\udf3f   <strong>Application foliaire<\/strong><\/p>\n<div class=\"_tableContainer_1rjym_1\"><\/div>\n","protected":false},"excerpt":{"rendered":"<p>Dragon Fighter est une solution d&rsquo;engrais liquide hautement concentr\u00e9e compos\u00e9e de phosphore et de potassium, avec tout le phosphore d\u00e9riv\u00e9 de l&rsquo;anion phosphite (H\u2082PO\u2083\u207b). Principaux avantages Am\u00e9liore la r\u00e9sistance des plantes au stress, \u00e0 la s\u00e9cheresse, au gel et aux infections fongiques. Favorise la floraison, la formation des fruits et la maturation uniforme. Renforce les [&hellip;]<\/p>\n","protected":false},"featured_media":4536,"comment_status":"open","ping_status":"closed","template":"","meta":{"_et_pb_use_builder":"","_et_pb_old_content":"","_et_gb_content_width":""},"product_brand":[],"product_cat":[113],"product_tag":[],"class_list":{"0":"post-4535","1":"product","2":"type-product","3":"status-publish","4":"has-post-thumbnail","6":"product_cat-specialite-dragon","8":"first","9":"instock","10":"shipping-taxable","11":"product-type-simple"},"_links":{"self":[{"href":"https:\/\/dragonagricultural.com\/fr\/wp-json\/wp\/v2\/product\/4535","targetHints":{"allow":["GET"]}}],"collection":[{"href":"https:\/\/dragonagricultural.com\/fr\/wp-json\/wp\/v2\/product"}],"about":[{"href":"https:\/\/dragonagricultural.com\/fr\/wp-json\/wp\/v2\/types\/product"}],"replies":[{"embeddable":true,"href":"https:\/\/dragonagricultural.com\/fr\/wp-json\/wp\/v2\/comments?post=4535"}],"wp:featuredmedia":[{"embeddable":true,"href":"https:\/\/dragonagricultural.com\/fr\/wp-json\/wp\/v2\/media\/4536"}],"wp:attachment":[{"href":"https:\/\/dragonagricultural.com\/fr\/wp-json\/wp\/v2\/media?parent=4535"}],"wp:term":[{"taxonomy":"product_brand","embeddable":true,"href":"https:\/\/dragonagricultural.com\/fr\/wp-json\/wp\/v2\/product_brand?post=4535"},{"taxonomy":"product_cat","embeddable":true,"href":"https:\/\/dragonagricultural.com\/fr\/wp-json\/wp\/v2\/product_cat?post=4535"},{"taxonomy":"product_tag","embeddable":true,"href":"https:\/\/dragonagricultural.com\/fr\/wp-json\/wp\/v2\/product_tag?post=4535"}],"curies":[{"name":"wp","href":"https:\/\/api.w.org\/{rel}","templated":true}]}}