{"id":4508,"date":"2025-10-26T06:03:47","date_gmt":"2025-10-26T06:03:47","guid":{"rendered":"https:\/\/dragonagricultural.com\/products\/dragon-phocal\/"},"modified":"2025-12-10T10:19:15","modified_gmt":"2025-12-10T10:19:15","slug":"dragon-phocal","status":"publish","type":"product","link":"https:\/\/dragonagricultural.com\/fr\/products\/specialite-dragon\/dragon-phocal\/","title":{"rendered":"Dragon PhoCal"},"content":{"rendered":"<p data-start=\"224\" data-end=\"418\"><strong data-start=\"224\" data-end=\"241\">Dragon PhoCal<\/strong> est un engrais liquide sp\u00e9cialis\u00e9 qui combine <strong data-start=\"291\" data-end=\"325\">phosphore, calcium et bore<\/strong>, enrichi en <strong data-start=\"341\" data-end=\"356\">acides amin\u00e9s<\/strong> pour assurer une absorption rapide et un apport efficace en nutriments.<\/p>\n<p data-start=\"420\" data-end=\"756\">Sa formulation unique fournit <strong data-start=\"452\" data-end=\"513\">du phosphore et du calcium sans conflit<\/strong>, assurant une <strong data-start=\"524\" data-end=\"555\">efficacit\u00e9 nutritionnelle optimale<\/strong> et une <strong data-start=\"560\" data-end=\"583\">sant\u00e9 robuste des plantes<\/strong>.<\/p>\n<hr data-start=\"875\" data-end=\"878\">\n<h4 data-start=\"880\" data-end=\"901\"><strong data-start=\"885\" data-end=\"901\">Principaux avantages<\/strong><\/h4>\n<ul data-start=\"902\" data-end=\"1339\">\n<li data-start=\"902\" data-end=\"991\">\n<p data-start=\"904\" data-end=\"991\">Apporte <strong data-start=\"913\" data-end=\"939\">phosphore et calcium<\/strong> simultan\u00e9ment sans pr\u00e9cipitation ni conflit.<\/p>\n<\/li>\n<li data-start=\"992\" data-end=\"1053\">\n<p data-start=\"994\" data-end=\"1053\">Am\u00e9liore la <strong data-start=\"1003\" data-end=\"1050\">floraison, la fructification et la qualit\u00e9 des fruits<\/strong>.<\/p>\n<\/li>\n<li data-start=\"1054\" data-end=\"1130\">\n<p data-start=\"1056\" data-end=\"1130\">Favorise le <strong data-start=\"1065\" data-end=\"1097\">d\u00e9veloppement de parois cellulaires solides<\/strong> et am\u00e9liore la r\u00e9silience des plantes.<\/p>\n<\/li>\n<li data-start=\"1131\" data-end=\"1209\">\n<p data-start=\"1133\" data-end=\"1209\">Stimule <strong data-start=\"1140\" data-end=\"1177\">l&rsquo;absorption et la translocation des nutriments<\/strong> gr\u00e2ce aux acides amin\u00e9s.<\/p>\n<\/li>\n<li data-start=\"1210\" data-end=\"1266\">\n<p data-start=\"1212\" data-end=\"1266\">Am\u00e9liore la <strong data-start=\"1221\" data-end=\"1263\">fermet\u00e9, la couleur et la conservation des fruits<\/strong>.<\/p>\n<\/li>\n<li data-start=\"1267\" data-end=\"1339\">\n<p data-start=\"1269\" data-end=\"1339\">Id\u00e9al pour une utilisation en conditions de stress afin de maintenir une productivit\u00e9 \u00e9lev\u00e9e.<\/p>\n<\/li>\n<\/ul>\n<hr data-start=\"1341\" data-end=\"1344\">\n<h4 data-start=\"1346\" data-end=\"1382\"><strong data-start=\"1351\" data-end=\"1382\">Sp\u00e9cifications techniques \ud83e\uddea<\/strong><\/h4>\n<ul data-start=\"1383\" data-end=\"1679\">\n<li data-start=\"1383\" data-end=\"1413\"><strong>Composition : %(v\/v)<\/strong>\n<ul data-start=\"1383\" data-end=\"1679\">\n<li data-start=\"1383\" data-end=\"1413\">\n<p data-start=\"1385\" data-end=\"1413\"><strong data-start=\"1385\" data-end=\"1407\">Phosphore (P\u2082O\u2085) :<\/strong> 25 %<\/p>\n<\/li>\n<li data-start=\"1414\" data-end=\"1439\">\n<p data-start=\"1416\" data-end=\"1439\"><strong data-start=\"1416\" data-end=\"1434\">Calcium (CaO) :<\/strong> 5 %<\/p>\n<\/li>\n<li data-start=\"1440\" data-end=\"1463\">\n<p data-start=\"1442\" data-end=\"1463\"><strong data-start=\"1442\" data-end=\"1456\">Bore (B) :<\/strong> 0,1 %<\/p>\n<\/li>\n<li data-start=\"1464\" data-end=\"1487\">\n<p data-start=\"1466\" data-end=\"1487\"><strong data-start=\"1466\" data-end=\"1482\">Acides amin\u00e9s :<\/strong> 5 %<\/p>\n<\/li>\n<\/ul>\n<\/li>\n<li data-start=\"1488\" data-end=\"1517\">\n<p data-start=\"1490\" data-end=\"1517\"><strong data-start=\"1490\" data-end=\"1505\">pH (1\/100) :<\/strong> 1,5 \u2013 2,5<\/p>\n<\/li>\n<li data-start=\"1488\" data-end=\"1517\">\n<p data-start=\"1490\" data-end=\"1517\"><strong data-start=\"141\" data-end=\"156\">Aspect :<\/strong> Liquide<\/p>\n<\/li>\n<li data-start=\"1488\" data-end=\"1517\">\n<p data-start=\"1490\" data-end=\"1517\"><strong data-start=\"360\" data-end=\"375\">Solubilit\u00e9 :<\/strong> Enti\u00e8rement soluble et exempt de chlorure, sodium et m\u00e9taux lourds<\/p>\n<\/li>\n<li data-start=\"1488\" data-end=\"1517\">\n<p data-start=\"1490\" data-end=\"1517\"><strong data-start=\"443\" data-end=\"454\">Volume :<\/strong> 1 L, 5 L, 20 L<\/p>\n<\/li>\n<li data-start=\"1488\" data-end=\"1517\">\n<p data-start=\"1490\" data-end=\"1517\"><strong data-start=\"474\" data-end=\"488\">Conditionnement :<\/strong> Bouteille \/ Bidon PEHD<\/p>\n<\/li>\n<\/ul>\n<hr data-start=\"1713\" data-end=\"1716\">\n<h4 data-start=\"1718\" data-end=\"1746\"><strong data-start=\"1723\" data-end=\"1746\">M\u00e9thodes d&rsquo;application<\/strong><\/h4>\n<p>\ud83d\udca7 <strong>Fertigation<\/strong><br \/>\n\ud83c\udf3f   <strong>Application foliaire<\/strong><\/p>\n","protected":false},"excerpt":{"rendered":"<p>Dragon PhoCal est un engrais liquide sp\u00e9cialis\u00e9 qui combine phosphore, calcium et bore, enrichi en acides amin\u00e9s pour assurer une absorption rapide et un apport efficace en nutriments. Sa formulation unique fournit du phosphore et du calcium sans conflit, assurant une efficacit\u00e9 nutritionnelle optimale et une sant\u00e9 robuste des plantes. Principaux avantages Apporte phosphore et [&hellip;]<\/p>\n","protected":false},"featured_media":4509,"comment_status":"open","ping_status":"closed","template":"","meta":{"_et_pb_use_builder":"","_et_pb_old_content":"","_et_gb_content_width":""},"product_brand":[],"product_cat":[113],"product_tag":[],"class_list":{"0":"post-4508","1":"product","2":"type-product","3":"status-publish","4":"has-post-thumbnail","6":"product_cat-specialite-dragon","8":"first","9":"instock","10":"shipping-taxable","11":"product-type-simple"},"_links":{"self":[{"href":"https:\/\/dragonagricultural.com\/fr\/wp-json\/wp\/v2\/product\/4508","targetHints":{"allow":["GET"]}}],"collection":[{"href":"https:\/\/dragonagricultural.com\/fr\/wp-json\/wp\/v2\/product"}],"about":[{"href":"https:\/\/dragonagricultural.com\/fr\/wp-json\/wp\/v2\/types\/product"}],"replies":[{"embeddable":true,"href":"https:\/\/dragonagricultural.com\/fr\/wp-json\/wp\/v2\/comments?post=4508"}],"wp:featuredmedia":[{"embeddable":true,"href":"https:\/\/dragonagricultural.com\/fr\/wp-json\/wp\/v2\/media\/4509"}],"wp:attachment":[{"href":"https:\/\/dragonagricultural.com\/fr\/wp-json\/wp\/v2\/media?parent=4508"}],"wp:term":[{"taxonomy":"product_brand","embeddable":true,"href":"https:\/\/dragonagricultural.com\/fr\/wp-json\/wp\/v2\/product_brand?post=4508"},{"taxonomy":"product_cat","embeddable":true,"href":"https:\/\/dragonagricultural.com\/fr\/wp-json\/wp\/v2\/product_cat?post=4508"},{"taxonomy":"product_tag","embeddable":true,"href":"https:\/\/dragonagricultural.com\/fr\/wp-json\/wp\/v2\/product_tag?post=4508"}],"curies":[{"name":"wp","href":"https:\/\/api.w.org\/{rel}","templated":true}]}}