{"id":4505,"date":"2025-10-26T06:23:20","date_gmt":"2025-10-26T06:23:20","guid":{"rendered":"https:\/\/dragonagricultural.com\/products\/dragon-iron-10\/"},"modified":"2025-12-09T20:07:25","modified_gmt":"2025-12-09T20:07:25","slug":"dragon-iron-10","status":"publish","type":"product","link":"https:\/\/dragonagricultural.com\/fr\/products\/dragon-organic\/dragon-iron-10\/","title":{"rendered":"Dragon Iron 10 %"},"content":{"rendered":"<p data-start=\"233\" data-end=\"645\"><strong data-start=\"233\" data-end=\"248\">Dragon Iron 10 %<\/strong> est un <strong data-start=\"281\" data-end=\"300\">suppl\u00e9ment de fer<\/strong> organique 100 % soluble dans l&rsquo;eau, formul\u00e9 pour pr\u00e9venir et corriger la carence en fer chez les plantes.<br data-start=\"361\" data-end=\"364\">Il est riche en <strong data-start=\"378\" data-end=\"396\">mati\u00e8re organique<\/strong> et pr\u00e9sente un <strong data-start=\"413\" data-end=\"426\">pH acide<\/strong>, ce qui am\u00e9liore <strong data-start=\"443\" data-end=\"475\">l&rsquo;absorption et la mobilit\u00e9 du fer<\/strong> dans la plante.<\/p>\n<hr data-start=\"647\" data-end=\"650\">\n<h4 data-start=\"652\" data-end=\"673\"><strong data-start=\"657\" data-end=\"673\">Principaux avantages<\/strong><\/h4>\n<ul data-start=\"674\" data-end=\"1134\">\n<li data-start=\"674\" data-end=\"781\">\n<p data-start=\"676\" data-end=\"781\">Fournit une <strong data-start=\"687\" data-end=\"723\">source de fer facilement disponible<\/strong>, essentielle \u00e0 la formation de chlorophylle et \u00e0 la photosynth\u00e8se.<\/p>\n<\/li>\n<li data-start=\"782\" data-end=\"872\">\n<p data-start=\"784\" data-end=\"872\">Pr\u00e9vient et corrige la <strong data-start=\"806\" data-end=\"824\">chlorose ferrique<\/strong>, en particulier dans les sols calcaires et alcalins.<\/p>\n<\/li>\n<li data-start=\"873\" data-end=\"937\">\n<p data-start=\"875\" data-end=\"937\">Am\u00e9liore <strong data-start=\"884\" data-end=\"913\">l&rsquo;absorption et le transport du fer<\/strong> gr\u00e2ce \u00e0 son pH acide.<\/p>\n<\/li>\n<li data-start=\"938\" data-end=\"1003\">\n<p data-start=\"940\" data-end=\"1003\">Am\u00e9liore la <strong data-start=\"949\" data-end=\"1000\">vigueur des plantes, la couleur des feuilles et l&rsquo;activit\u00e9 m\u00e9tabolique<\/strong>.<\/p>\n<\/li>\n<li data-start=\"1004\" data-end=\"1083\">\n<p data-start=\"1006\" data-end=\"1083\">Stimule <strong data-start=\"1013\" data-end=\"1040\">l&rsquo;activit\u00e9 microbienne du sol<\/strong> gr\u00e2ce \u00e0 sa forte teneur en mati\u00e8re organique.<\/p>\n<\/li>\n<\/ul>\n<hr data-start=\"1136\" data-end=\"1139\">\n<h4 data-start=\"1141\" data-end=\"1177\"><strong data-start=\"1146\" data-end=\"1177\">Sp\u00e9cifications techniques \ud83e\uddea<\/strong><\/h4>\n<ul data-start=\"1127\" data-end=\"1315\">\n<li data-start=\"1127\" data-end=\"1154\"><strong>Composition :<\/strong> <strong data-start=\"888\" data-end=\"904\">% (p\/p)<\/strong>\n<ul data-start=\"1127\" data-end=\"1315\">\n<li data-start=\"1127\" data-end=\"1154\"><strong data-start=\"1180\" data-end=\"1194\">Fer (Fe) :<\/strong> 10 %<\/li>\n<li data-start=\"1127\" data-end=\"1154\"><strong data-start=\"1203\" data-end=\"1222\">Mati\u00e8re organique :<\/strong> 40%<\/li>\n<\/ul>\n<\/li>\n<li data-start=\"1183\" data-end=\"1203\">\n<p data-start=\"1185\" data-end=\"1203\"><strong data-start=\"1185\" data-end=\"1194\">Forme :<\/strong> Poudre<\/p>\n<\/li>\n<li data-start=\"1262\" data-end=\"1315\">\n<p data-start=\"1264\" data-end=\"1315\"><strong data-start=\"1264\" data-end=\"1278\">Sans :<\/strong> Chlorure, sodium et m\u00e9taux lourds<\/p>\n<\/li>\n<li data-start=\"1167\" data-end=\"1194\">\n<p data-start=\"1169\" data-end=\"1194\"><strong data-start=\"1169\" data-end=\"1180\">Volume :<\/strong> 1 kg, 10 kg<\/p>\n<\/li>\n<li data-start=\"1195\" data-end=\"1246\">\n<p data-start=\"1197\" data-end=\"1246\"><strong data-start=\"1197\" data-end=\"1211\">Conditionnement :<\/strong> Sacs \/ sachets multicouches<\/p>\n<\/li>\n<\/ul>\n<hr data-start=\"1363\" data-end=\"1366\">\n<h4 data-start=\"1368\" data-end=\"1396\"><strong data-start=\"1373\" data-end=\"1396\">M\u00e9thodes d&rsquo;application<\/strong><\/h4>\n<p data-start=\"1397\" data-end=\"1669\">\ud83d\udca7 <strong>Fertigation<\/strong><br \/>\n\ud83c\udf3f <strong>Application foliaire<br \/>\n<\/strong>Pendant les stades v\u00e9g\u00e9tatif et de d\u00e9but de floraison pour am\u00e9liorer la synth\u00e8se de la chlorophylle et la sant\u00e9 globale des plantes<\/p>\n","protected":false},"excerpt":{"rendered":"<p>Dragon Iron 10 % est un suppl\u00e9ment de fer organique 100 % soluble dans l&rsquo;eau, formul\u00e9 pour pr\u00e9venir et corriger la carence en fer chez les plantes.Il est riche en mati\u00e8re organique et pr\u00e9sente un pH acide, ce qui am\u00e9liore l&rsquo;absorption et la mobilit\u00e9 du fer dans la plante. Principaux avantages Fournit une source de [&hellip;]<\/p>\n","protected":false},"featured_media":4507,"comment_status":"open","ping_status":"closed","template":"","meta":{"_et_pb_use_builder":"","_et_pb_old_content":"","_et_gb_content_width":""},"product_brand":[],"product_cat":[115,147],"product_tag":[],"class_list":{"0":"post-4505","1":"product","2":"type-product","3":"status-publish","4":"has-post-thumbnail","6":"product_cat-dragon-organic","7":"product_cat-elements-mineurs-du-dragon","9":"first","10":"instock","11":"shipping-taxable","12":"product-type-simple"},"_links":{"self":[{"href":"https:\/\/dragonagricultural.com\/fr\/wp-json\/wp\/v2\/product\/4505","targetHints":{"allow":["GET"]}}],"collection":[{"href":"https:\/\/dragonagricultural.com\/fr\/wp-json\/wp\/v2\/product"}],"about":[{"href":"https:\/\/dragonagricultural.com\/fr\/wp-json\/wp\/v2\/types\/product"}],"replies":[{"embeddable":true,"href":"https:\/\/dragonagricultural.com\/fr\/wp-json\/wp\/v2\/comments?post=4505"}],"wp:featuredmedia":[{"embeddable":true,"href":"https:\/\/dragonagricultural.com\/fr\/wp-json\/wp\/v2\/media\/4507"}],"wp:attachment":[{"href":"https:\/\/dragonagricultural.com\/fr\/wp-json\/wp\/v2\/media?parent=4505"}],"wp:term":[{"taxonomy":"product_brand","embeddable":true,"href":"https:\/\/dragonagricultural.com\/fr\/wp-json\/wp\/v2\/product_brand?post=4505"},{"taxonomy":"product_cat","embeddable":true,"href":"https:\/\/dragonagricultural.com\/fr\/wp-json\/wp\/v2\/product_cat?post=4505"},{"taxonomy":"product_tag","embeddable":true,"href":"https:\/\/dragonagricultural.com\/fr\/wp-json\/wp\/v2\/product_tag?post=4505"}],"curies":[{"name":"wp","href":"https:\/\/api.w.org\/{rel}","templated":true}]}}