{"id":4503,"date":"2025-10-25T13:48:11","date_gmt":"2025-10-25T13:48:11","guid":{"rendered":"https:\/\/dragonagricultural.com\/products\/pate-de-dragon-a-haute-teneur-en-azote\/"},"modified":"2025-12-10T10:15:29","modified_gmt":"2025-12-10T10:15:29","slug":"pate-de-dragon-a-haute-teneur-en-azote","status":"publish","type":"product","link":"https:\/\/dragonagricultural.com\/fr\/products\/pate-de-dragon\/pate-de-dragon-a-haute-teneur-en-azote\/","title":{"rendered":"P\u00e2te de dragon \u00e0 haute teneur en azote"},"content":{"rendered":"<h3>Formules de p\u00e2te \u00e0 haute teneur en azote pour la croissance v\u00e9g\u00e9tative et le d\u00e9veloppement foliaire<\/h3>\n<p>Ce Dragon joue un r\u00f4le essentiel dans la promotion d&rsquo;une croissance v\u00e9g\u00e9tative robuste. L&rsquo;azote abondant stimule le d\u00e9veloppement d&rsquo;un feuillage luxuriant, de tiges robustes et de branches prolifiques, contribuant ainsi \u00e0 la taille et \u00e0 la vigueur de la plante. En outre, la pr\u00e9sence de phosphore facilite la croissance des racines, am\u00e9liorant l&rsquo;absorption des nutriments et renfor\u00e7ant la plante contre les facteurs de stress environnementaux.  <\/p>\n<h3 data-start=\"1323\" data-end=\"1457\"><\/h3>\n<h3 data-start=\"1323\" data-end=\"1457\"><strong data-start=\"1326\" data-end=\"1364\">Formules disponibles (Toutes en % v\/v) :<\/strong><\/h3>\n<ul>\n<li>\n<div class=\"icon\"><span style=\"color: #008000;\"><strong>30-10-10+TE<\/strong><\/span><\/div>\n<\/li>\n<li>\n<div class=\"icon\"><span style=\"color: #008000;\"><strong>40-10-10+TE<\/strong><\/span><\/div>\n<\/li>\n<\/ul>\n<h3><strong data-start=\"2254\" data-end=\"2285\">Sp\u00e9cifications techniques \ud83e\uddea<br \/>\n<\/strong><\/h3>\n<ul>\n<li>Aspect : P\u00e2te ; 100% soluble dans l&rsquo;eau<\/li>\n<li>pH : 2,5-3,5<\/li>\n<li>Toutes les formules sont enti\u00e8rement solubles et exemptes de chlorure, de sodium et de m\u00e9taux lourds.<\/li>\n<li>Volume : 1 kg, 5 kg, 10 kg, 20 kg<\/li>\n<li>Emballage : Seau PEHD avec sac int\u00e9rieur<\/li>\n<\/ul>\n<div>\n<div>\n<div><strong style=\"color: #333333; font-size: 22px;\" data-start=\"366\" data-end=\"389\">M\u00e9thodes d&rsquo;application<\/strong><\/div>\n<\/div>\n<div>\n<p data-start=\"390\" data-end=\"607\">\ud83d\udca7 <strong data-start=\"393\" data-end=\"408\">Fertigation<\/strong> \u2013 Compatible avec les syst\u00e8mes d&rsquo;irrigation, assurant un apport profond de nutriments \u00e0 la zone racinaire.<br data-start=\"493\" data-end=\"496\">\ud83c\udf3f <strong data-start=\"499\" data-end=\"521\">Application foliaire<\/strong> \u2013 Id\u00e9al pour une absorption rapide des nutriments par les feuilles pendant les phases critiques de croissance.<\/p>\n<\/div>\n<\/div>\n<div class=\"icon\"><\/div>\n","protected":false},"excerpt":{"rendered":"<p>Formules de p\u00e2te \u00e0 haute teneur en azote pour la croissance v\u00e9g\u00e9tative et le d\u00e9veloppement foliaire Ce Dragon joue un r\u00f4le essentiel dans la promotion d&rsquo;une croissance v\u00e9g\u00e9tative robuste. L&rsquo;azote abondant stimule le d\u00e9veloppement d&rsquo;un feuillage luxuriant, de tiges robustes et de branches prolifiques, contribuant ainsi \u00e0 la taille et \u00e0 la vigueur de la [&hellip;]<\/p>\n","protected":false},"featured_media":4044,"comment_status":"open","ping_status":"closed","template":"","meta":{"_et_pb_use_builder":"","_et_pb_old_content":"","_et_gb_content_width":""},"product_brand":[],"product_cat":[118],"product_tag":[231],"class_list":{"0":"post-4503","1":"product","2":"type-product","3":"status-publish","4":"has-post-thumbnail","6":"product_cat-pate-de-dragon","7":"product_tag-pate-dragon-haute-teneur-en-azote-engrais-npk-en-pate-engrais-azote-croissance-vegetative-croissance-foliaire-feuillage-vert-engrais-npk-concentre-pate-npk-concentree-dragon-ferti","9":"first","10":"instock","11":"shipping-taxable","12":"product-type-simple"},"_links":{"self":[{"href":"https:\/\/dragonagricultural.com\/fr\/wp-json\/wp\/v2\/product\/4503","targetHints":{"allow":["GET"]}}],"collection":[{"href":"https:\/\/dragonagricultural.com\/fr\/wp-json\/wp\/v2\/product"}],"about":[{"href":"https:\/\/dragonagricultural.com\/fr\/wp-json\/wp\/v2\/types\/product"}],"replies":[{"embeddable":true,"href":"https:\/\/dragonagricultural.com\/fr\/wp-json\/wp\/v2\/comments?post=4503"}],"wp:featuredmedia":[{"embeddable":true,"href":"https:\/\/dragonagricultural.com\/fr\/wp-json\/wp\/v2\/media\/4044"}],"wp:attachment":[{"href":"https:\/\/dragonagricultural.com\/fr\/wp-json\/wp\/v2\/media?parent=4503"}],"wp:term":[{"taxonomy":"product_brand","embeddable":true,"href":"https:\/\/dragonagricultural.com\/fr\/wp-json\/wp\/v2\/product_brand?post=4503"},{"taxonomy":"product_cat","embeddable":true,"href":"https:\/\/dragonagricultural.com\/fr\/wp-json\/wp\/v2\/product_cat?post=4503"},{"taxonomy":"product_tag","embeddable":true,"href":"https:\/\/dragonagricultural.com\/fr\/wp-json\/wp\/v2\/product_tag?post=4503"}],"curies":[{"name":"wp","href":"https:\/\/api.w.org\/{rel}","templated":true}]}}