{"id":4495,"date":"2025-10-25T14:05:47","date_gmt":"2025-10-25T14:05:47","guid":{"rendered":"https:\/\/dragonagricultural.com\/products\/pate-de-dragon-a-haute-teneur-en-potassium\/"},"modified":"2025-12-09T22:42:48","modified_gmt":"2025-12-09T22:42:48","slug":"pate-de-dragon-a-haute-teneur-en-potassium","status":"publish","type":"product","link":"https:\/\/dragonagricultural.com\/fr\/products\/pate-de-dragon\/pate-de-dragon-a-haute-teneur-en-potassium\/","title":{"rendered":"P\u00e2te de dragon \u00e0 haute teneur en potassium"},"content":{"rendered":"<h2>Lib\u00e9rez tout le potentiel de vos plantes<\/h2>\n<p><strong>Dragon P\u00e2te Riche en Potassium<\/strong> est une formule r\u00e9volutionnaire con\u00e7ue pour soutenir la croissance robuste et la r\u00e9silience de vos plantes. Riche en potassium essentiel, ce produit est indispensable pour les cultivateurs qui cherchent \u00e0 am\u00e9liorer la sant\u00e9 et la vitalit\u00e9 de leurs cultures. Le potassium joue un r\u00f4le essentiel dans la r\u00e9gulation des processus biologiques importants au sein des plantes, comme assurer une croissance opportune, renforcer la r\u00e9sistance aux maladies et les pr\u00e9parer \u00e0 r\u00e9sister aux conditions environnementales difficiles. En utilisant Dragon P\u00e2te Riche en Potassium, vous investissez dans la vitalit\u00e9 \u00e0 long terme de vos plantes et dans leur capacit\u00e9 \u00e0 prosp\u00e9rer dans diverses circonstances.<x id=\"gid_1\"><\/x>Dragon P\u00e2te Riche en Potassium contribue \u00e9galement \u00e0 am\u00e9liorer la qualit\u00e9 globale des fruits, des l\u00e9gumes et autres cultures, ce qui le rend id\u00e9al pour les jardiniers et les professionnels de l&rsquo;agriculture soucieux de leur rendement. En int\u00e9grant ce produit \u00e0 votre routine de plantation, vous constaterez des am\u00e9liorations notables de la taille, du go\u00fbt, de la texture et de la teneur en nutriments des cultures.    <\/p>\n<h3><strong data-start=\"1326\" data-end=\"1364\">Formules disponibles (Toutes en % v\/v) :<\/strong><\/h3>\n<div class=\"text\">\n<ul>\n<li><span style=\"color: #800000;\">6-6-60+TE<\/span><\/li>\n<li><span style=\"color: #800000;\">10-5-60+TE<\/span><\/li>\n<li><span style=\"color: #800000;\">15-5-50+TE<\/span><\/li>\n<li><span style=\"color: #800000;\">20-10-60+TE<\/span><\/li>\n<\/ul>\n<div class=\"text\">\n<p>&nbsp;<\/p>\n<\/div>\n<\/div>\n<h3><strong data-start=\"2254\" data-end=\"2285\">Sp\u00e9cifications techniques \ud83e\uddea<br \/>\n<\/strong><\/h3>\n<ul>\n<li>Aspect : P\u00e2te ; 100% soluble dans l&rsquo;eau<\/li>\n<li>pH : 2,5-3,5<\/li>\n<li>Toutes les formules sont enti\u00e8rement solubles et exemptes de chlorure, de sodium et de m\u00e9taux lourds.<\/li>\n<li>Volume : 1 kg, 5 kg, 10 kg, 20 kg<\/li>\n<li>Emballage : Seau PEHD avec sac int\u00e9rieur<\/li>\n<\/ul>\n<h3><strong>M\u00e9thodes d&rsquo;application<\/strong><\/h3>\n<p data-start=\"390\" data-end=\"607\">\ud83d\udca7 <strong data-start=\"393\" data-end=\"408\">Fertigation<\/strong> \u2013 Convient aux syst\u00e8mes d&rsquo;irrigation, assurant une distribution profonde des nutriments \u00e0 la zone racinaire.<br data-start=\"493\" data-end=\"496\">\ud83c\udf3f <strong data-start=\"499\" data-end=\"521\">Application foliaire<\/strong> \u2013 Id\u00e9ale pour une absorption rapide des nutriments par les feuilles pendant les phases de croissance critiques.<\/p>\n<p data-start=\"609\" data-end=\"713\">\n","protected":false},"excerpt":{"rendered":"<p>Lib\u00e9rez tout le potentiel de vos plantes Dragon P\u00e2te Riche en Potassium est une formule r\u00e9volutionnaire con\u00e7ue pour soutenir la croissance robuste et la r\u00e9silience de vos plantes. Riche en potassium essentiel, ce produit est indispensable pour les cultivateurs qui cherchent \u00e0 am\u00e9liorer la sant\u00e9 et la vitalit\u00e9 de leurs cultures. Le potassium joue un [&hellip;]<\/p>\n","protected":false},"featured_media":4047,"comment_status":"open","ping_status":"closed","template":"","meta":{"_et_pb_use_builder":"","_et_pb_old_content":"","_et_gb_content_width":""},"product_brand":[],"product_cat":[118],"product_tag":[],"class_list":{"0":"post-4495","1":"product","2":"type-product","3":"status-publish","4":"has-post-thumbnail","6":"product_cat-pate-de-dragon","8":"first","9":"instock","10":"shipping-taxable","11":"product-type-simple"},"_links":{"self":[{"href":"https:\/\/dragonagricultural.com\/fr\/wp-json\/wp\/v2\/product\/4495","targetHints":{"allow":["GET"]}}],"collection":[{"href":"https:\/\/dragonagricultural.com\/fr\/wp-json\/wp\/v2\/product"}],"about":[{"href":"https:\/\/dragonagricultural.com\/fr\/wp-json\/wp\/v2\/types\/product"}],"replies":[{"embeddable":true,"href":"https:\/\/dragonagricultural.com\/fr\/wp-json\/wp\/v2\/comments?post=4495"}],"wp:featuredmedia":[{"embeddable":true,"href":"https:\/\/dragonagricultural.com\/fr\/wp-json\/wp\/v2\/media\/4047"}],"wp:attachment":[{"href":"https:\/\/dragonagricultural.com\/fr\/wp-json\/wp\/v2\/media?parent=4495"}],"wp:term":[{"taxonomy":"product_brand","embeddable":true,"href":"https:\/\/dragonagricultural.com\/fr\/wp-json\/wp\/v2\/product_brand?post=4495"},{"taxonomy":"product_cat","embeddable":true,"href":"https:\/\/dragonagricultural.com\/fr\/wp-json\/wp\/v2\/product_cat?post=4495"},{"taxonomy":"product_tag","embeddable":true,"href":"https:\/\/dragonagricultural.com\/fr\/wp-json\/wp\/v2\/product_tag?post=4495"}],"curies":[{"name":"wp","href":"https:\/\/api.w.org\/{rel}","templated":true}]}}