{"id":4490,"date":"2025-10-26T06:24:45","date_gmt":"2025-10-26T06:24:45","guid":{"rendered":"https:\/\/dragonagricultural.com\/products\/dragon-cuivre-12\/"},"modified":"2025-12-10T10:26:17","modified_gmt":"2025-12-10T10:26:17","slug":"dragon-cuivre-12","status":"publish","type":"product","link":"https:\/\/dragonagricultural.com\/fr\/products\/dragon-organic\/dragon-cuivre-12\/","title":{"rendered":"Dragon Cuivre 12%"},"content":{"rendered":"<p data-start=\"243\" data-end=\"663\"><strong data-start=\"243\" data-end=\"260\">Dragon Cuivre 12%<\/strong> est un <strong data-start=\"302\" data-end=\"323\">compl\u00e9ment de cuivre<\/strong> organique ch\u00e9lat\u00e9 100% hydrosoluble, con\u00e7u pour corriger les carences en cuivre et favoriser une croissance saine des plantes.<br data-start=\"396\" data-end=\"399\">La forte <strong data-start=\"529\" data-end=\"561\">teneur en mati\u00e8re organique (40 %)<\/strong> am\u00e9liore l&rsquo;absorption des nutriments et favorise un m\u00e9tabolisme \u00e9quilibr\u00e9 des plantes dans diverses conditions de culture.<\/p>\n<hr data-start=\"665\" data-end=\"668\">\n<h4 data-start=\"670\" data-end=\"691\"><strong data-start=\"675\" data-end=\"691\">Principaux avantages<\/strong><\/h4>\n<ul data-start=\"692\" data-end=\"1144\">\n<li data-start=\"692\" data-end=\"797\">\n<p data-start=\"694\" data-end=\"797\">Fournit une <strong data-start=\"705\" data-end=\"743\">source de cuivre facilement disponible<\/strong> essentielle pour la photosynth\u00e8se et l&rsquo;activation enzymatique.<\/p>\n<\/li>\n<li data-start=\"798\" data-end=\"867\">\n<p data-start=\"800\" data-end=\"867\">Am\u00e9liore la <strong data-start=\"809\" data-end=\"831\">r\u00e9sistance aux maladies<\/strong> et renforce les parois cellulaires des plantes.<\/p>\n<\/li>\n<li data-start=\"868\" data-end=\"933\">\n<p data-start=\"870\" data-end=\"933\">Favorise la <strong data-start=\"879\" data-end=\"906\">floraison et la nouaison<\/strong>, am\u00e9liorant la qualit\u00e9 des r\u00e9coltes.<\/p>\n<\/li>\n<li data-start=\"934\" data-end=\"1000\">\n<p data-start=\"936\" data-end=\"1000\">Favorise la <strong data-start=\"945\" data-end=\"966\">synth\u00e8se des prot\u00e9ines<\/strong> et la formation de lignine chez les plantes.<\/p>\n<\/li>\n<\/ul>\n<hr data-start=\"1146\" data-end=\"1149\">\n<h4 data-start=\"1151\" data-end=\"1187\"><strong data-start=\"1156\" data-end=\"1187\">Sp\u00e9cifications techniques \ud83e\uddea<\/strong><\/h4>\n<ul data-start=\"1188\" data-end=\"1380\">\n<li data-start=\"1188\" data-end=\"1212\"><strong>Composition : % (p\/p)<\/strong>\n<ul data-start=\"1188\" data-end=\"1380\">\n<li data-start=\"1188\" data-end=\"1212\">\n<p data-start=\"1190\" data-end=\"1212\"><strong data-start=\"1190\" data-end=\"1206\">Cuivre (Cu) :<\/strong> 12 %<\/p>\n<\/li>\n<li data-start=\"1213\" data-end=\"1240\">\n<p data-start=\"1215\" data-end=\"1240\"><strong data-start=\"1215\" data-end=\"1234\">Mati\u00e8re organique :<\/strong> 40%<\/p>\n<\/li>\n<\/ul>\n<\/li>\n<li data-start=\"1183\" data-end=\"1203\">\n<p data-start=\"1185\" data-end=\"1203\"><strong data-start=\"1185\" data-end=\"1194\">Forme :<\/strong> Poudre<\/p>\n<\/li>\n<li data-start=\"1262\" data-end=\"1315\">\n<p data-start=\"1264\" data-end=\"1315\"><strong data-start=\"1264\" data-end=\"1278\">Sans :<\/strong> Chlorure, sodium et m\u00e9taux lourds<\/p>\n<\/li>\n<li data-start=\"1167\" data-end=\"1194\">\n<p data-start=\"1169\" data-end=\"1194\"><strong data-start=\"1169\" data-end=\"1180\">Volume :<\/strong> 1 kg, 10 kg<\/p>\n<\/li>\n<li data-start=\"1195\" data-end=\"1246\">\n<p data-start=\"1197\" data-end=\"1246\"><strong data-start=\"1197\" data-end=\"1211\">Conditionnement :<\/strong> Sacs \/ sachets multicouches<\/p>\n<\/li>\n<\/ul>\n<hr data-start=\"1382\" data-end=\"1385\">\n<h4 data-start=\"1387\" data-end=\"1415\"><strong data-start=\"1392\" data-end=\"1415\">M\u00e9thodes d&rsquo;application<\/strong><\/h4>\n<p>\ud83d\udca7 <strong>Fertigation<\/strong><br \/>\n\ud83c\udf3f   <strong>Application foliaire<\/strong><\/p>\n<p>Pendant les phases de croissance v\u00e9g\u00e9tative, de floraison et de fructification pour am\u00e9liorer la r\u00e9sistance et la r\u00e9sistance aux maladies<\/p>\n","protected":false},"excerpt":{"rendered":"<p>Dragon Cuivre 12% est un compl\u00e9ment de cuivre organique ch\u00e9lat\u00e9 100% hydrosoluble, con\u00e7u pour corriger les carences en cuivre et favoriser une croissance saine des plantes.La forte teneur en mati\u00e8re organique (40 %) am\u00e9liore l&rsquo;absorption des nutriments et favorise un m\u00e9tabolisme \u00e9quilibr\u00e9 des plantes dans diverses conditions de culture. Principaux avantages Fournit une source de [&hellip;]<\/p>\n","protected":false},"featured_media":4072,"comment_status":"open","ping_status":"closed","template":"","meta":{"_et_pb_use_builder":"","_et_pb_old_content":"","_et_gb_content_width":""},"product_brand":[],"product_cat":[115,147],"product_tag":[],"class_list":{"0":"post-4490","1":"product","2":"type-product","3":"status-publish","4":"has-post-thumbnail","6":"product_cat-dragon-organic","7":"product_cat-elements-mineurs-du-dragon","9":"first","10":"instock","11":"shipping-taxable","12":"product-type-simple"},"_links":{"self":[{"href":"https:\/\/dragonagricultural.com\/fr\/wp-json\/wp\/v2\/product\/4490","targetHints":{"allow":["GET"]}}],"collection":[{"href":"https:\/\/dragonagricultural.com\/fr\/wp-json\/wp\/v2\/product"}],"about":[{"href":"https:\/\/dragonagricultural.com\/fr\/wp-json\/wp\/v2\/types\/product"}],"replies":[{"embeddable":true,"href":"https:\/\/dragonagricultural.com\/fr\/wp-json\/wp\/v2\/comments?post=4490"}],"wp:featuredmedia":[{"embeddable":true,"href":"https:\/\/dragonagricultural.com\/fr\/wp-json\/wp\/v2\/media\/4072"}],"wp:attachment":[{"href":"https:\/\/dragonagricultural.com\/fr\/wp-json\/wp\/v2\/media?parent=4490"}],"wp:term":[{"taxonomy":"product_brand","embeddable":true,"href":"https:\/\/dragonagricultural.com\/fr\/wp-json\/wp\/v2\/product_brand?post=4490"},{"taxonomy":"product_cat","embeddable":true,"href":"https:\/\/dragonagricultural.com\/fr\/wp-json\/wp\/v2\/product_cat?post=4490"},{"taxonomy":"product_tag","embeddable":true,"href":"https:\/\/dragonagricultural.com\/fr\/wp-json\/wp\/v2\/product_tag?post=4490"}],"curies":[{"name":"wp","href":"https:\/\/api.w.org\/{rel}","templated":true}]}}