{"id":4489,"date":"2025-10-26T06:04:50","date_gmt":"2025-10-26T06:04:50","guid":{"rendered":"https:\/\/dragonagricultural.com\/products\/dragon-magical\/"},"modified":"2025-12-10T10:18:52","modified_gmt":"2025-12-10T10:18:52","slug":"dragon-magical","status":"publish","type":"product","link":"https:\/\/dragonagricultural.com\/fr\/products\/specialite-dragon\/dragon-magical\/","title":{"rendered":"Dragon MagiCal"},"content":{"rendered":"<p data-start=\"241\" data-end=\"660\"><strong data-start=\"241\" data-end=\"259\">Dragon Magical<\/strong> est une formulation liquide claire con\u00e7ue pour fournir aux plantes du <strong data-start=\"332\" data-end=\"343\">calcium<\/strong> et du <strong data-start=\"348\" data-end=\"361\">magn\u00e9sium<\/strong> essentiels, des \u00e9l\u00e9ments vitaux pour une croissance forte et une qualit\u00e9 sup\u00e9rieure des fruits.<br data-start=\"423\" data-end=\"426\">L&rsquo;inclusion d&rsquo;<strong data-start=\"679\" data-end=\"705\">azote nitrique<\/strong> assure une absorption rapide des nutriments et une utilisation efficace par la plante, faisant de Dragon Magical un produit id\u00e9al pour une utilisation tout au long de la saison de croissance.<br data-start=\"850\" data-end=\"853\">Une application r\u00e9guli\u00e8re am\u00e9liore la qualit\u00e9 des fruits en am\u00e9liorant la <strong data-start=\"907\" data-end=\"958\">forme, la fermet\u00e9, la capacit\u00e9 de stockage et l&rsquo;\u00e9clat de la surface<\/strong>.<\/p>\n<hr data-start=\"961\" data-end=\"964\">\n<h4 data-start=\"966\" data-end=\"987\"><strong data-start=\"971\" data-end=\"987\">Principaux avantages<\/strong><\/h4>\n<ul data-start=\"988\" data-end=\"1435\">\n<li data-start=\"988\" data-end=\"1073\">\n<p data-start=\"990\" data-end=\"1073\">Pr\u00e9vient les <strong data-start=\"999\" data-end=\"1031\">carences li\u00e9es au calcium<\/strong> telles que le bitter pit et la n\u00e9crose apicale.<\/p>\n<\/li>\n<li data-start=\"1074\" data-end=\"1144\">\n<p data-start=\"1076\" data-end=\"1144\">Am\u00e9liore la <strong data-start=\"1085\" data-end=\"1103\">fermet\u00e9 des fruits<\/strong>, la dur\u00e9e de conservation et l&rsquo;aspect de la surface.<\/p>\n<\/li>\n<li data-start=\"1145\" data-end=\"1213\">\n<p data-start=\"1147\" data-end=\"1213\">Favorise des <strong data-start=\"1156\" data-end=\"1179\">parois cellulaires plus solides<\/strong> et une croissance v\u00e9g\u00e9tative \u00e9quilibr\u00e9e.<\/p>\n<\/li>\n<li data-start=\"1214\" data-end=\"1291\">\n<p data-start=\"1216\" data-end=\"1291\">Fournit du <strong data-start=\"1225\" data-end=\"1238\">magn\u00e9sium<\/strong> pour une meilleure photosynth\u00e8se et un meilleur d\u00e9veloppement de la couleur.<\/p>\n<\/li>\n<li data-start=\"1292\" data-end=\"1363\">\n<p data-start=\"1294\" data-end=\"1363\">Fournit de l&rsquo;<strong data-start=\"1303\" data-end=\"1323\">azote nitrique<\/strong> pour une absorption rapide et efficace par la plante.<\/p>\n<\/li>\n<\/ul>\n<hr data-start=\"1437\" data-end=\"1440\">\n<h4 data-start=\"1442\" data-end=\"1478\"><strong data-start=\"1447\" data-end=\"1478\">Sp\u00e9cifications techniques \ud83e\uddea<\/strong><\/h4>\n<ul data-start=\"1479\" data-end=\"1763\">\n<li data-start=\"1479\" data-end=\"1506\"><strong>Composition : % (p\/v) <\/strong>\n<ul data-start=\"1479\" data-end=\"1763\">\n<li data-start=\"1479\" data-end=\"1506\">\n<p data-start=\"1481\" data-end=\"1506\"><strong data-start=\"1481\" data-end=\"1498\">Azote (N) :<\/strong> 12,0 %<\/p>\n<\/li>\n<li data-start=\"1507\" data-end=\"1536\">\n<p data-start=\"1509\" data-end=\"1536\"><strong data-start=\"1509\" data-end=\"1529\">Magn\u00e9sium (MgO) :<\/strong> 5,0 %<\/p>\n<\/li>\n<li data-start=\"1537\" data-end=\"1565\">\n<p data-start=\"1539\" data-end=\"1565\"><strong data-start=\"1539\" data-end=\"1557\">Calcium (CaO) :<\/strong> 15,0 %<\/p>\n<\/li>\n<\/ul>\n<\/li>\n<li data-start=\"1566\" data-end=\"1595\">\n<p data-start=\"1568\" data-end=\"1595\"><strong data-start=\"1568\" data-end=\"1583\">pH (1\/100) :<\/strong> 5,0 \u2013 6,0<\/p>\n<\/li>\n<li data-start=\"1488\" data-end=\"1517\">\n<p data-start=\"1490\" data-end=\"1517\"><strong data-start=\"141\" data-end=\"156\">Aspect :<\/strong> Liquide ; 100 % soluble dans l&rsquo;eau<\/p>\n<\/li>\n<li data-start=\"1566\" data-end=\"1595\">\n<p data-start=\"1568\" data-end=\"1595\"><strong data-start=\"1712\" data-end=\"1726\">Sans :<\/strong> Chlorure, sodium et m\u00e9taux lourds<\/p>\n<\/li>\n<li data-start=\"1710\" data-end=\"1763\">\n<p data-start=\"1712\" data-end=\"1763\"><strong data-start=\"443\" data-end=\"454\">Volume :<\/strong> 1 L, 5 L, 20 L<\/p>\n<\/li>\n<li data-start=\"1710\" data-end=\"1763\">\n<p data-start=\"1712\" data-end=\"1763\"><strong data-start=\"474\" data-end=\"488\">Conditionnement :<\/strong> Bouteille \/ Bidon PEHD<\/p>\n<\/li>\n<li data-start=\"1710\" data-end=\"1763\">\n<hr data-start=\"515\" data-end=\"518\">\n<h3><strong>M\u00e9thodes d&rsquo;application<\/strong><\/h3>\n<p>\ud83d\udca7 <strong>Fertigation<\/strong><br \/>\n\ud83c\udf3f   <strong>Application foliaire<\/strong><\/li>\n<\/ul>\n<p>&nbsp;<\/p>\n","protected":false},"excerpt":{"rendered":"<p>Dragon Magical est une formulation liquide claire con\u00e7ue pour fournir aux plantes du calcium et du magn\u00e9sium essentiels, des \u00e9l\u00e9ments vitaux pour une croissance forte et une qualit\u00e9 sup\u00e9rieure des fruits.L&rsquo;inclusion d&rsquo;azote nitrique assure une absorption rapide des nutriments et une utilisation efficace par la plante, faisant de Dragon Magical un produit id\u00e9al pour une [&hellip;]<\/p>\n","protected":false},"featured_media":4491,"comment_status":"open","ping_status":"closed","template":"","meta":{"_et_pb_use_builder":"","_et_pb_old_content":"","_et_gb_content_width":""},"product_brand":[],"product_cat":[113],"product_tag":[],"class_list":{"0":"post-4489","1":"product","2":"type-product","3":"status-publish","4":"has-post-thumbnail","6":"product_cat-specialite-dragon","8":"first","9":"instock","10":"shipping-taxable","11":"product-type-simple"},"_links":{"self":[{"href":"https:\/\/dragonagricultural.com\/fr\/wp-json\/wp\/v2\/product\/4489","targetHints":{"allow":["GET"]}}],"collection":[{"href":"https:\/\/dragonagricultural.com\/fr\/wp-json\/wp\/v2\/product"}],"about":[{"href":"https:\/\/dragonagricultural.com\/fr\/wp-json\/wp\/v2\/types\/product"}],"replies":[{"embeddable":true,"href":"https:\/\/dragonagricultural.com\/fr\/wp-json\/wp\/v2\/comments?post=4489"}],"wp:featuredmedia":[{"embeddable":true,"href":"https:\/\/dragonagricultural.com\/fr\/wp-json\/wp\/v2\/media\/4491"}],"wp:attachment":[{"href":"https:\/\/dragonagricultural.com\/fr\/wp-json\/wp\/v2\/media?parent=4489"}],"wp:term":[{"taxonomy":"product_brand","embeddable":true,"href":"https:\/\/dragonagricultural.com\/fr\/wp-json\/wp\/v2\/product_brand?post=4489"},{"taxonomy":"product_cat","embeddable":true,"href":"https:\/\/dragonagricultural.com\/fr\/wp-json\/wp\/v2\/product_cat?post=4489"},{"taxonomy":"product_tag","embeddable":true,"href":"https:\/\/dragonagricultural.com\/fr\/wp-json\/wp\/v2\/product_tag?post=4489"}],"curies":[{"name":"wp","href":"https:\/\/api.w.org\/{rel}","templated":true}]}}