{"id":4457,"date":"2025-10-26T06:25:37","date_gmt":"2025-10-26T06:25:37","guid":{"rendered":"https:\/\/dragonagricultural.com\/products\/dragon-mix\/"},"modified":"2025-12-10T10:25:42","modified_gmt":"2025-12-10T10:25:42","slug":"dragon-mix","status":"publish","type":"product","link":"https:\/\/dragonagricultural.com\/fr\/products\/dragon-organic\/dragon-mix\/","title":{"rendered":"Dragon Mix"},"content":{"rendered":"<p data-start=\"218\" data-end=\"503\"><strong data-start=\"218\" data-end=\"232\">Dragon Mix<\/strong> est une formule organique ch\u00e9lat\u00e9e 100 % soluble dans l&rsquo;eau, exempte de <strong data-start=\"293\" data-end=\"331\">chlorure, sodium et m\u00e9taux lourds<\/strong>.<br data-start=\"332\" data-end=\"335\">Il contient une combinaison \u00e9quilibr\u00e9e de <strong data-start=\"373\" data-end=\"401\">micronutriments essentiels<\/strong> avec de la <strong data-start=\"407\" data-end=\"425\">mati\u00e8re organique<\/strong> dans un <strong data-start=\"432\" data-end=\"445\">pH acide<\/strong>, assurant une absorption rapide et efficace des nutriments par les plantes.<\/p>\n<hr data-start=\"657\" data-end=\"660\">\n<h4 data-start=\"662\" data-end=\"683\"><strong data-start=\"667\" data-end=\"683\">Principaux avantages<\/strong><\/h4>\n<ul data-start=\"684\" data-end=\"1262\">\n<li data-start=\"684\" data-end=\"771\">\n<p data-start=\"686\" data-end=\"771\"><strong data-start=\"686\" data-end=\"707\">Absorption rapide :<\/strong> Fournit des nutriments hautement disponibles pour une r\u00e9ponse rapide des plantes.<\/p>\n<\/li>\n<li data-start=\"772\" data-end=\"863\">\n<p data-start=\"774\" data-end=\"863\"><strong data-start=\"774\" data-end=\"804\">B\u00e9n\u00e9fices pour le sol et la zone racinaire :<\/strong> Stimule l&rsquo;activit\u00e9 microbienne et favorise le d\u00e9veloppement racinaire.<\/p>\n<\/li>\n<li data-start=\"864\" data-end=\"967\">\n<p data-start=\"866\" data-end=\"967\"><strong data-start=\"866\" data-end=\"889\">Nutrition \u00e9quilibr\u00e9e :<\/strong> Apporte plusieurs micronutriments en une seule formule pour un soutien complet des plantes.<\/p>\n<\/li>\n<li data-start=\"968\" data-end=\"1038\">\n<p data-start=\"970\" data-end=\"1038\"><strong data-start=\"970\" data-end=\"1004\">Am\u00e9liore la formation de chlorophylle<\/strong> et stimule la vigueur globale des plantes.<\/p>\n<\/li>\n<li data-start=\"1039\" data-end=\"1189\">\n<p data-start=\"1041\" data-end=\"1189\"><strong data-start=\"1041\" data-end=\"1067\">Efficacit\u00e9 comparable :<\/strong> \u00c9gale les performances des agents ch\u00e9latants haut de gamme comme l&rsquo;<strong data-start=\"1125\" data-end=\"1134\">EDDHA<\/strong> et l&rsquo;<strong data-start=\"1139\" data-end=\"1147\">EDTA<\/strong>, offrant une alternative \u00e9conomique.<\/p>\n<\/li>\n<\/ul>\n<hr data-start=\"1264\" data-end=\"1267\">\n<h4 data-start=\"1269\" data-end=\"1305\"><strong data-start=\"1274\" data-end=\"1305\">Sp\u00e9cifications techniques \ud83e\uddea<\/strong><\/h4>\n<ul data-start=\"1306\" data-end=\"1618\">\n<li data-start=\"1306\" data-end=\"1333\"><strong data-start=\"951\" data-end=\"967\">Composition : % (p\/p)<\/strong>\n<ul data-start=\"1306\" data-end=\"1618\">\n<li data-start=\"1306\" data-end=\"1333\">\n<p data-start=\"1308\" data-end=\"1333\"><strong data-start=\"1308\" data-end=\"1327\">Mati\u00e8re organique :<\/strong> 40%<\/p>\n<\/li>\n<li data-start=\"1334\" data-end=\"1357\">\n<p data-start=\"1336\" data-end=\"1357\"><strong data-start=\"1336\" data-end=\"1350\">Fer (Fe) :<\/strong> 4,5 %<\/p>\n<\/li>\n<li data-start=\"1358\" data-end=\"1393\">\n<p data-start=\"1360\" data-end=\"1393\"><strong data-start=\"1360\" data-end=\"1386\">Oxyde de magn\u00e9sium (MgO) :<\/strong> 4,5 %<\/p>\n<\/li>\n<li data-start=\"1394\" data-end=\"1419\">\n<p data-start=\"1396\" data-end=\"1419\"><strong data-start=\"1396\" data-end=\"1412\">Cuivre (Cu) :<\/strong> 0,5 %<\/p>\n<\/li>\n<li data-start=\"1420\" data-end=\"1448\">\n<p data-start=\"1422\" data-end=\"1448\"><strong data-start=\"1422\" data-end=\"1441\">Mangan\u00e8se (Mn) :<\/strong> 3,0 %<\/p>\n<\/li>\n<li data-start=\"1449\" data-end=\"1472\">\n<p data-start=\"1451\" data-end=\"1472\"><strong data-start=\"1451\" data-end=\"1465\">Zinc (Zn) :<\/strong> 3,0 %<\/p>\n<\/li>\n<li data-start=\"1473\" data-end=\"1496\">\n<p data-start=\"1475\" data-end=\"1496\"><strong data-start=\"1475\" data-end=\"1489\">Bore (B) :<\/strong> 1,0 %<\/p>\n<\/li>\n<li data-start=\"1497\" data-end=\"1527\">\n<p data-start=\"1499\" data-end=\"1527\"><strong data-start=\"1499\" data-end=\"1519\">Molybd\u00e8ne (Mo) :<\/strong> 0,01 %<\/p>\n<\/li>\n<\/ul>\n<\/li>\n<li data-start=\"1528\" data-end=\"1557\">\n<p data-start=\"1530\" data-end=\"1557\"><strong data-start=\"1530\" data-end=\"1545\">pH (1\/100) :<\/strong> 3,0 \u2013 4,0<\/p>\n<\/li>\n<li data-start=\"1005\" data-end=\"1064\">\n<p data-start=\"1007\" data-end=\"1064\"><strong data-start=\"1007\" data-end=\"1022\">Aspect :<\/strong> Poudre organique fine<\/p>\n<\/li>\n<li data-start=\"1250\" data-end=\"1277\">\n<p data-start=\"1252\" data-end=\"1277\"><strong data-start=\"1252\" data-end=\"1263\">Volume :<\/strong> 1 kg, 10 kg<\/p>\n<\/li>\n<li data-start=\"1278\" data-end=\"1323\">\n<p data-start=\"1280\" data-end=\"1323\"><strong data-start=\"1280\" data-end=\"1294\">Conditionnement :<\/strong> Sacs \/ sachets multicouches<\/p>\n<\/li>\n<\/ul>\n<hr data-start=\"1620\" data-end=\"1623\">\n<h4 data-start=\"1625\" data-end=\"1653\"><strong data-start=\"1630\" data-end=\"1653\">M\u00e9thodes d&rsquo;application<\/strong><\/h4>\n<p>\ud83d\udca7 <strong>Fertigation<\/strong><br \/>\n\ud83c\udf3f   <strong>Application foliaire<\/strong><\/p>\n<p>Tout au long du cycle de croissance - S\u00fbr pour l&rsquo;utilisation foliaire sans risque de r\u00e9sidus \u2014 id\u00e9al pour l&rsquo;agriculture durable.<\/p>\n<p>&nbsp;<\/p>\n","protected":false},"excerpt":{"rendered":"<p>Dragon Mix est une formule organique ch\u00e9lat\u00e9e 100 % soluble dans l&rsquo;eau, exempte de chlorure, sodium et m\u00e9taux lourds.Il contient une combinaison \u00e9quilibr\u00e9e de micronutriments essentiels avec de la mati\u00e8re organique dans un pH acide, assurant une absorption rapide et efficace des nutriments par les plantes. Principaux avantages Absorption rapide : Fournit des nutriments hautement [&hellip;]<\/p>\n","protected":false},"featured_media":4458,"comment_status":"open","ping_status":"closed","template":"","meta":{"_et_pb_use_builder":"","_et_pb_old_content":"","_et_gb_content_width":""},"product_brand":[],"product_cat":[115,147],"product_tag":[],"class_list":{"0":"post-4457","1":"product","2":"type-product","3":"status-publish","4":"has-post-thumbnail","6":"product_cat-dragon-organic","7":"product_cat-elements-mineurs-du-dragon","9":"first","10":"instock","11":"shipping-taxable","12":"product-type-simple"},"_links":{"self":[{"href":"https:\/\/dragonagricultural.com\/fr\/wp-json\/wp\/v2\/product\/4457","targetHints":{"allow":["GET"]}}],"collection":[{"href":"https:\/\/dragonagricultural.com\/fr\/wp-json\/wp\/v2\/product"}],"about":[{"href":"https:\/\/dragonagricultural.com\/fr\/wp-json\/wp\/v2\/types\/product"}],"replies":[{"embeddable":true,"href":"https:\/\/dragonagricultural.com\/fr\/wp-json\/wp\/v2\/comments?post=4457"}],"wp:featuredmedia":[{"embeddable":true,"href":"https:\/\/dragonagricultural.com\/fr\/wp-json\/wp\/v2\/media\/4458"}],"wp:attachment":[{"href":"https:\/\/dragonagricultural.com\/fr\/wp-json\/wp\/v2\/media?parent=4457"}],"wp:term":[{"taxonomy":"product_brand","embeddable":true,"href":"https:\/\/dragonagricultural.com\/fr\/wp-json\/wp\/v2\/product_brand?post=4457"},{"taxonomy":"product_cat","embeddable":true,"href":"https:\/\/dragonagricultural.com\/fr\/wp-json\/wp\/v2\/product_cat?post=4457"},{"taxonomy":"product_tag","embeddable":true,"href":"https:\/\/dragonagricultural.com\/fr\/wp-json\/wp\/v2\/product_tag?post=4457"}],"curies":[{"name":"wp","href":"https:\/\/api.w.org\/{rel}","templated":true}]}}