{"id":4447,"date":"2025-10-26T06:01:35","date_gmt":"2025-10-26T06:01:35","guid":{"rendered":"https:\/\/dragonagricultural.com\/products\/dragon-thio-thiosulfate-de-potassium\/"},"modified":"2025-12-10T10:21:53","modified_gmt":"2025-12-10T10:21:53","slug":"dragon-thio-thiosulfate-de-potassium","status":"publish","type":"product","link":"https:\/\/dragonagricultural.com\/fr\/products\/specialite-dragon\/dragon-thio-thiosulfate-de-potassium\/","title":{"rendered":"Dragon Thio (Thiosulfate de potassium)"},"content":{"rendered":"<p data-start=\"206\" data-end=\"449\"><strong data-start=\"206\" data-end=\"221\">Dragon Thio<\/strong> est un engrais liquide transparent contenant du <strong data-start=\"262\" data-end=\"281\">potassium (K\u2082O)<\/strong> et du <strong data-start=\"286\" data-end=\"300\">soufre (S)<\/strong> sous forme de <strong data-start=\"304\" data-end=\"336\">thiosulfate de potassium (KTS)<\/strong>. Gr\u00e2ce \u00e0 sa composition transparente, inodore et sans chlorure, Dragon Thio est <strong data-start=\"528\" data-end=\"599\">compatible avec la plupart des engrais liquides, pesticides et fongicides<\/strong> \u2014 sauf ceux contenant du calcium, qui peuvent provoquer des pr\u00e9cipitations.<br data-start=\"665\" data-end=\"668\">Cette formulation offre une <strong data-start=\"694\" data-end=\"729\">efficacit\u00e9 du potassium sup\u00e9rieure de 30 %<\/strong> par rapport aux engrais conventionnels.<\/p>\n<hr data-start=\"769\" data-end=\"772\">\n<h4 data-start=\"774\" data-end=\"795\"><strong data-start=\"779\" data-end=\"795\">Principaux avantages<\/strong><\/h4>\n<ul data-start=\"796\" data-end=\"1220\">\n<li data-start=\"796\" data-end=\"857\">\n<p data-start=\"798\" data-end=\"857\">Favorise une <strong data-start=\"807\" data-end=\"825\">croissance uniforme<\/strong> et pr\u00e9vient le vieillissement pr\u00e9matur\u00e9.<\/p>\n<\/li>\n<li data-start=\"858\" data-end=\"929\">\n<p data-start=\"860\" data-end=\"929\">Am\u00e9liore la <strong data-start=\"869\" data-end=\"893\">r\u00e9sistance au stress<\/strong> et augmente la teneur en chlorophylle.<\/p>\n<\/li>\n<li data-start=\"930\" data-end=\"996\">\n<p data-start=\"932\" data-end=\"996\">Optimise <strong data-start=\"942\" data-end=\"967\">l&rsquo;efficacit\u00e9 des engrais<\/strong> et la disponibilit\u00e9 des nutriments.<\/p>\n<\/li>\n<li data-start=\"997\" data-end=\"1086\">\n<p data-start=\"999\" data-end=\"1086\">Stimule la <strong data-start=\"1010\" data-end=\"1033\">translocation des sucres<\/strong>, am\u00e9liorant la coloration des fruits et r\u00e9duisant les fissures.<\/p>\n<\/li>\n<li data-start=\"1087\" data-end=\"1139\">\n<p data-start=\"1089\" data-end=\"1139\">Am\u00e9liore la <strong data-start=\"1096\" data-end=\"1136\">qualit\u00e9, la taille et l&rsquo;homog\u00e9n\u00e9it\u00e9 des fruits<\/strong>.<\/p>\n<\/li>\n<\/ul>\n<hr data-start=\"1222\" data-end=\"1225\">\n<h4 data-start=\"1227\" data-end=\"1263\"><strong data-start=\"1232\" data-end=\"1263\">Sp\u00e9cifications techniques \ud83e\uddea<\/strong><\/h4>\n<ul data-start=\"1264\" data-end=\"1538\">\n<li data-start=\"1264\" data-end=\"1294\"><strong>Composition : % (p\/v) <\/strong>\n<ul data-start=\"1264\" data-end=\"1538\">\n<li data-start=\"1264\" data-end=\"1294\">\n<p data-start=\"1266\" data-end=\"1294\"><strong data-start=\"1266\" data-end=\"1286\">Potassium (K\u2082O) :<\/strong> 36,0 %<\/p>\n<\/li>\n<li data-start=\"1295\" data-end=\"1320\">\n<p data-start=\"1297\" data-end=\"1320\"><strong data-start=\"1297\" data-end=\"1312\">Soufre (S) :<\/strong> 25,0 %<\/p>\n<\/li>\n<\/ul>\n<\/li>\n<li data-start=\"1321\" data-end=\"1344\">\n<p data-start=\"1323\" data-end=\"1344\"><strong data-start=\"1323\" data-end=\"1338\">pH (1\/100) :<\/strong> 7\u20139<\/p>\n<\/li>\n<li data-start=\"1397\" data-end=\"1430\">\n<p data-start=\"1399\" data-end=\"1430\"><strong data-start=\"1399\" data-end=\"1423\">Solubilit\u00e9 :<\/strong> 100 %<\/p>\n<\/li>\n<li data-start=\"1458\" data-end=\"1484\">\n<p data-start=\"1460\" data-end=\"1484\"><strong data-start=\"1460\" data-end=\"1469\">Aspect :<\/strong> Liquide clair<\/p>\n<\/li>\n<li data-start=\"1485\" data-end=\"1538\">\n<p data-start=\"1487\" data-end=\"1538\"><strong data-start=\"1487\" data-end=\"1501\">Sans :<\/strong> Chlorure, sodium et m\u00e9taux lourds<\/p>\n<\/li>\n<li data-start=\"1485\" data-end=\"1538\">\n<p data-start=\"1487\" data-end=\"1538\"><strong data-start=\"1771\" data-end=\"1782\">Volume :<\/strong> 1 L, 5 L, 20 L<\/p>\n<\/li>\n<li data-start=\"1800\" data-end=\"1842\">\n<p data-start=\"1802\" data-end=\"1842\"><strong data-start=\"1802\" data-end=\"1816\">Conditionnement&nbsp;:<\/strong> bouteille ou jerrican<\/p>\n<\/li>\n<\/ul>\n<hr data-start=\"1844\" data-end=\"1847\">\n<h3 data-start=\"1849\" data-end=\"1876\"><strong data-start=\"1853\" data-end=\"1876\">M\u00e9thodes d&rsquo;application<\/strong><\/h3>\n<p data-start=\"1877\" data-end=\"2092\">\ud83d\udca7 <strong data-start=\"1880\" data-end=\"1895\">Fertigation<\/strong> <br data-start=\"1977\" data-end=\"1980\">\ud83c\udf3f <strong data-start=\"1983\" data-end=\"2005\">Application foliaire<\/strong><\/p>\n","protected":false},"excerpt":{"rendered":"<p>Dragon Thio est un engrais liquide transparent contenant du potassium (K\u2082O) et du soufre (S) sous forme de thiosulfate de potassium (KTS). Gr\u00e2ce \u00e0 sa composition transparente, inodore et sans chlorure, Dragon Thio est compatible avec la plupart des engrais liquides, pesticides et fongicides \u2014 sauf ceux contenant du calcium, qui peuvent provoquer des pr\u00e9cipitations.Cette [&hellip;]<\/p>\n","protected":false},"featured_media":4448,"comment_status":"open","ping_status":"closed","template":"","meta":{"_et_pb_use_builder":"","_et_pb_old_content":"","_et_gb_content_width":""},"product_brand":[],"product_cat":[113],"product_tag":[],"class_list":{"0":"post-4447","1":"product","2":"type-product","3":"status-publish","4":"has-post-thumbnail","6":"product_cat-specialite-dragon","8":"first","9":"instock","10":"shipping-taxable","11":"product-type-simple"},"_links":{"self":[{"href":"https:\/\/dragonagricultural.com\/fr\/wp-json\/wp\/v2\/product\/4447","targetHints":{"allow":["GET"]}}],"collection":[{"href":"https:\/\/dragonagricultural.com\/fr\/wp-json\/wp\/v2\/product"}],"about":[{"href":"https:\/\/dragonagricultural.com\/fr\/wp-json\/wp\/v2\/types\/product"}],"replies":[{"embeddable":true,"href":"https:\/\/dragonagricultural.com\/fr\/wp-json\/wp\/v2\/comments?post=4447"}],"wp:featuredmedia":[{"embeddable":true,"href":"https:\/\/dragonagricultural.com\/fr\/wp-json\/wp\/v2\/media\/4448"}],"wp:attachment":[{"href":"https:\/\/dragonagricultural.com\/fr\/wp-json\/wp\/v2\/media?parent=4447"}],"wp:term":[{"taxonomy":"product_brand","embeddable":true,"href":"https:\/\/dragonagricultural.com\/fr\/wp-json\/wp\/v2\/product_brand?post=4447"},{"taxonomy":"product_cat","embeddable":true,"href":"https:\/\/dragonagricultural.com\/fr\/wp-json\/wp\/v2\/product_cat?post=4447"},{"taxonomy":"product_tag","embeddable":true,"href":"https:\/\/dragonagricultural.com\/fr\/wp-json\/wp\/v2\/product_tag?post=4447"}],"curies":[{"name":"wp","href":"https:\/\/api.w.org\/{rel}","templated":true}]}}