{"id":4372,"date":"2025-10-26T06:32:12","date_gmt":"2025-10-26T06:32:12","guid":{"rendered":"https:\/\/dragonagricultural.com\/products\/dragon-corrector\/"},"modified":"2025-12-10T10:05:57","modified_gmt":"2025-12-10T10:05:57","slug":"dragon-corrector","status":"publish","type":"product","link":"https:\/\/dragonagricultural.com\/fr\/products\/specialite-dragon\/dragon-corrector\/","title":{"rendered":"Dragon Corrector"},"content":{"rendered":"<p data-start=\"172\" data-end=\"633\"><strong data-start=\"172\" data-end=\"192\">Dragon Corrector<\/strong> est un engrais liquide de haute qualit\u00e9 enrichi en <strong data-start=\"243\" data-end=\"254\">calcium<\/strong> et en <strong data-start=\"259\" data-end=\"277\">mati\u00e8re organique<\/strong>, sp\u00e9cialement formul\u00e9 pour att\u00e9nuer les effets des <strong data-start=\"327\" data-end=\"364\">sols et eaux d&rsquo;irrigation salins<\/strong>.<\/p>\n<hr data-start=\"635\" data-end=\"638\">\n<h4 data-start=\"640\" data-end=\"661\"><strong data-start=\"645\" data-end=\"661\">Principaux avantages<\/strong><\/h4>\n<ul data-start=\"662\" data-end=\"1063\">\n<li data-start=\"662\" data-end=\"736\">\n<p data-start=\"664\" data-end=\"736\">Am\u00e9liore l&rsquo;<strong data-start=\"673\" data-end=\"689\">\u00e9change ionique<\/strong> dans les sols salins et am\u00e9liore la structure du sol.<\/p>\n<\/li>\n<li data-start=\"737\" data-end=\"810\">\n<p data-start=\"739\" data-end=\"810\">R\u00e9duit les <strong data-start=\"751\" data-end=\"807\">effets n\u00e9gatifs de l&rsquo;accumulation de sodium et de chlorure<\/strong>.<\/p>\n<\/li>\n<li data-start=\"811\" data-end=\"881\">\n<p data-start=\"813\" data-end=\"881\">Renforce la <strong data-start=\"825\" data-end=\"845\">sant\u00e9 de la zone racinaire<\/strong> et am\u00e9liore l&rsquo;absorption des nutriments.<\/p>\n<\/li>\n<li data-start=\"882\" data-end=\"943\">\n<p data-start=\"884\" data-end=\"943\">Augmente l&rsquo;<strong data-start=\"894\" data-end=\"917\">activit\u00e9 biologique<\/strong> dans le sol et la plante.<\/p>\n<\/li>\n<li data-start=\"944\" data-end=\"998\">\n<p data-start=\"946\" data-end=\"998\">Favorise une <strong data-start=\"955\" data-end=\"974\">croissance \u00e9quilibr\u00e9e<\/strong> et la tol\u00e9rance au stress.<\/p>\n<\/li>\n<\/ul>\n<hr data-start=\"1065\" data-end=\"1068\">\n<h4 data-start=\"1070\" data-end=\"1106\"><strong data-start=\"1075\" data-end=\"1106\">Sp\u00e9cifications techniques \ud83e\uddea<\/strong><\/h4>\n<ul>\n<li data-start=\"139\" data-end=\"169\"><strong data-start=\"139\" data-end=\"162\">Composition&nbsp;:<\/strong>\n<ul data-start=\"137\" data-end=\"473\">\n<li data-start=\"137\" data-end=\"169\">\n<p data-start=\"139\" data-end=\"169\"><strong data-start=\"1109\" data-end=\"1133\">Oxyde de calcium (CaO) :<\/strong> 10 %<\/p>\n<\/li>\n<li data-start=\"1140\" data-end=\"1167\">\n<p data-start=\"1142\" data-end=\"1167\"><strong data-start=\"1142\" data-end=\"1161\">Mati\u00e8re organique :<\/strong> 20 %<\/p>\n<\/li>\n<\/ul>\n<\/li>\n<li data-start=\"1168\" data-end=\"1197\">\n<p data-start=\"1170\" data-end=\"1197\"><strong data-start=\"1170\" data-end=\"1185\">pH (1\/100) :<\/strong> 5,0 \u2013 7,0<\/p>\n<\/li>\n<li data-start=\"1251\" data-end=\"1283\">\n<p data-start=\"1253\" data-end=\"1283\"><strong data-start=\"336\" data-end=\"345\">Aspect :<\/strong> Liquide, 100 % soluble dans l&rsquo;eau<\/p>\n<\/li>\n<li data-start=\"1354\" data-end=\"1407\">\n<p data-start=\"1356\" data-end=\"1407\"><strong data-start=\"1356\" data-end=\"1370\">Sans :<\/strong> Chlorure, sodium et m\u00e9taux lourds<\/p>\n<\/li>\n<li data-start=\"1119\" data-end=\"1140\">\n<p data-start=\"1121\" data-end=\"1140\"><strong data-start=\"443\" data-end=\"454\">Volume :<\/strong> 1 L, 5 L, 20 L<\/p>\n<\/li>\n<li data-start=\"1119\" data-end=\"1140\">\n<p data-start=\"1121\" data-end=\"1140\"><strong data-start=\"474\" data-end=\"488\">Conditionnement :<\/strong> Bouteille \/ Bidon PEHD<\/p>\n<\/li>\n<\/ul>\n<hr data-start=\"1409\" data-end=\"1412\">\n<h4 data-start=\"1414\" data-end=\"1442\"><strong data-start=\"1419\" data-end=\"1442\">M\u00e9thodes d&rsquo;application<\/strong><\/h4>\n<p data-start=\"1533\" data-end=\"1556\">\ud83d\udca7 <strong>Fertigation<\/strong> \u2013 Hebdomadaire, \u00e0 tout stade de croissance de la plante<\/p>\n","protected":false},"excerpt":{"rendered":"<p>Dragon Corrector est un engrais liquide de haute qualit\u00e9 enrichi en calcium et en mati\u00e8re organique, sp\u00e9cialement formul\u00e9 pour att\u00e9nuer les effets des sols et eaux d&rsquo;irrigation salins. Principaux avantages Am\u00e9liore l&rsquo;\u00e9change ionique dans les sols salins et am\u00e9liore la structure du sol. R\u00e9duit les effets n\u00e9gatifs de l&rsquo;accumulation de sodium et de chlorure. Renforce [&hellip;]<\/p>\n","protected":false},"featured_media":4373,"comment_status":"open","ping_status":"closed","template":"","meta":{"_et_pb_use_builder":"","_et_pb_old_content":"","_et_gb_content_width":""},"product_brand":[],"product_cat":[115,113],"product_tag":[],"class_list":{"0":"post-4372","1":"product","2":"type-product","3":"status-publish","4":"has-post-thumbnail","6":"product_cat-dragon-organic","7":"product_cat-specialite-dragon","9":"first","10":"instock","11":"shipping-taxable","12":"product-type-simple"},"_links":{"self":[{"href":"https:\/\/dragonagricultural.com\/fr\/wp-json\/wp\/v2\/product\/4372","targetHints":{"allow":["GET"]}}],"collection":[{"href":"https:\/\/dragonagricultural.com\/fr\/wp-json\/wp\/v2\/product"}],"about":[{"href":"https:\/\/dragonagricultural.com\/fr\/wp-json\/wp\/v2\/types\/product"}],"replies":[{"embeddable":true,"href":"https:\/\/dragonagricultural.com\/fr\/wp-json\/wp\/v2\/comments?post=4372"}],"wp:featuredmedia":[{"embeddable":true,"href":"https:\/\/dragonagricultural.com\/fr\/wp-json\/wp\/v2\/media\/4373"}],"wp:attachment":[{"href":"https:\/\/dragonagricultural.com\/fr\/wp-json\/wp\/v2\/media?parent=4372"}],"wp:term":[{"taxonomy":"product_brand","embeddable":true,"href":"https:\/\/dragonagricultural.com\/fr\/wp-json\/wp\/v2\/product_brand?post=4372"},{"taxonomy":"product_cat","embeddable":true,"href":"https:\/\/dragonagricultural.com\/fr\/wp-json\/wp\/v2\/product_cat?post=4372"},{"taxonomy":"product_tag","embeddable":true,"href":"https:\/\/dragonagricultural.com\/fr\/wp-json\/wp\/v2\/product_tag?post=4372"}],"curies":[{"name":"wp","href":"https:\/\/api.w.org\/{rel}","templated":true}]}}