{"id":4365,"date":"2025-10-26T08:53:10","date_gmt":"2025-10-26T08:53:10","guid":{"rendered":"https:\/\/dragonagricultural.com\/products\/dragon-fert-haute-teneur-en-phosphore\/"},"modified":"2025-12-08T13:21:56","modified_gmt":"2025-12-08T13:21:56","slug":"dragon-fert-haute-teneur-en-phosphore","status":"publish","type":"product","link":"https:\/\/dragonagricultural.com\/fr\/products\/dragon-fert-poudre-soluble\/dragon-fert-haute-teneur-en-phosphore\/","title":{"rendered":"Dragon Fert Haute Teneur en Phosphore"},"content":{"rendered":"<p><strong>Formules Dragon Fert \u00e0 haute teneur en phosphore totalement disponible<\/strong>, peuvent \u00eatre utilis\u00e9es en application de d\u00e9marrage pour le d\u00e9veloppement racinaire et apr\u00e8s transplantation. Am\u00e9liore et augmente : la croissance racinaire, la floraison et les taux de croissance dans toutes les parties de la plante. Chacune de nos formules pr\u00e9sente un niveau d&rsquo;acidit\u00e9 \u00e9lev\u00e9, servant \u00e0 diminuer l&rsquo;alcalinit\u00e9 dans la zone racinaire et lib\u00e9rer les \u00e9l\u00e9ments fix\u00e9s des applications pr\u00e9c\u00e9dentes, assurant une absorption optimale des nutriments par les plantes.  <\/p>\n<h3 data-start=\"1323\" data-end=\"1457\"><strong data-start=\"1326\" data-end=\"1364\">Formules disponibles (toutes en % p\/p) :<br \/>\n<\/strong><\/h3>\n<div class=\"text\">\n<ul class=\"list-unstyled service-details__choose-points\">\n<li>\n<div class=\"icon\"><strong><span style=\"color: #ffcc00;\">10-40-8+3 % MgO<\/span><\/strong><\/div>\n<\/li>\n<li>\n<div class=\"icon\"><strong><span style=\"color: #ffcc00;\">10-52-10+OE<\/span><\/strong><\/div>\n<\/li>\n<li>\n<div class=\"icon\"><strong><span style=\"color: #ffcc00;\">15-30-3+5 % CaO<\/span><\/strong><\/div>\n<\/li>\n<li>\n<div class=\"icon\"><strong><span style=\"color: #ffcc00;\">15-30-15+OE<\/span><\/strong><\/div>\n<\/li>\n<li>\n<div class=\"icon\"><strong><span style=\"color: #ffcc00;\">15-40-0+2 % CaO<\/span><\/strong><\/div>\n<\/li>\n<\/ul>\n<\/div>\n<h3><strong data-start=\"2254\" data-end=\"2285\">Sp\u00e9cifications techniques \ud83e\uddea<br \/>\n<\/strong><\/h3>\n<ul>\n<li>Aspect : Poudre cristalline fine ; 100 % soluble dans l&rsquo;eau<\/li>\n<li>pH : 4,5-5,5<\/li>\n<li>Toutes les formules sont enti\u00e8rement solubles et exemptes de chlorure, de sodium et de m\u00e9taux lourds.<\/li>\n<li>Volume : 1 kg, 10 kg, 25 kg<\/li>\n<li>Emballage : Sacs \/ sachets multicouches\n<div class=\"_tableContainer_1rjym_1\">\n<div class=\"group _tableWrapper_1rjym_13 flex w-fit flex-col-reverse\" tabindex=\"-1\"><\/div>\n<\/div>\n<\/li>\n<\/ul>\n<div>\n<div>\n<div>\n<h3><strong data-start=\"366\" data-end=\"389\">M\u00e9thodes d&rsquo;application<\/strong><\/h3>\n<p data-start=\"390\" data-end=\"607\">\ud83d\udca7 <strong data-start=\"393\" data-end=\"408\">Fertigation<\/strong> \u2013 Adapt\u00e9 aux syst\u00e8mes d&rsquo;irrigation, assurant un apport profond de nutriments \u00e0 la zone racinaire.<br data-start=\"493\" data-end=\"496\">\ud83c\udf3f <strong data-start=\"499\" data-end=\"521\">Application Foliaire<\/strong> \u2013 Id\u00e9al pour une absorption rapide des nutriments par les feuilles durant les stades critiques de croissance.<\/p>\n<\/div>\n<\/div>\n<\/div>\n","protected":false},"excerpt":{"rendered":"<p>Formules Dragon Fert \u00e0 haute teneur en phosphore totalement disponible, peuvent \u00eatre utilis\u00e9es en application de d\u00e9marrage pour le d\u00e9veloppement racinaire et apr\u00e8s transplantation. Am\u00e9liore et augmente : la croissance racinaire, la floraison et les taux de croissance dans toutes les parties de la plante. Chacune de nos formules pr\u00e9sente un niveau d&rsquo;acidit\u00e9 \u00e9lev\u00e9, servant [&hellip;]<\/p>\n","protected":false},"featured_media":4367,"comment_status":"open","ping_status":"closed","template":"","meta":{"_et_pb_use_builder":"","_et_pb_old_content":"","_et_gb_content_width":""},"product_brand":[],"product_cat":[116],"product_tag":[],"class_list":{"0":"post-4365","1":"product","2":"type-product","3":"status-publish","4":"has-post-thumbnail","6":"product_cat-dragon-fert-poudre-soluble","8":"first","9":"instock","10":"shipping-taxable","11":"product-type-simple"},"_links":{"self":[{"href":"https:\/\/dragonagricultural.com\/fr\/wp-json\/wp\/v2\/product\/4365","targetHints":{"allow":["GET"]}}],"collection":[{"href":"https:\/\/dragonagricultural.com\/fr\/wp-json\/wp\/v2\/product"}],"about":[{"href":"https:\/\/dragonagricultural.com\/fr\/wp-json\/wp\/v2\/types\/product"}],"replies":[{"embeddable":true,"href":"https:\/\/dragonagricultural.com\/fr\/wp-json\/wp\/v2\/comments?post=4365"}],"wp:featuredmedia":[{"embeddable":true,"href":"https:\/\/dragonagricultural.com\/fr\/wp-json\/wp\/v2\/media\/4367"}],"wp:attachment":[{"href":"https:\/\/dragonagricultural.com\/fr\/wp-json\/wp\/v2\/media?parent=4365"}],"wp:term":[{"taxonomy":"product_brand","embeddable":true,"href":"https:\/\/dragonagricultural.com\/fr\/wp-json\/wp\/v2\/product_brand?post=4365"},{"taxonomy":"product_cat","embeddable":true,"href":"https:\/\/dragonagricultural.com\/fr\/wp-json\/wp\/v2\/product_cat?post=4365"},{"taxonomy":"product_tag","embeddable":true,"href":"https:\/\/dragonagricultural.com\/fr\/wp-json\/wp\/v2\/product_tag?post=4365"}],"curies":[{"name":"wp","href":"https:\/\/api.w.org\/{rel}","templated":true}]}}