{"id":4350,"date":"2025-10-26T08:54:48","date_gmt":"2025-10-26T08:54:48","guid":{"rendered":"https:\/\/dragonagricultural.com\/products\/dragon-fert-high-pk\/"},"modified":"2025-12-08T13:19:25","modified_gmt":"2025-12-08T13:19:25","slug":"dragon-fert-high-pk","status":"publish","type":"product","link":"https:\/\/dragonagricultural.com\/fr\/products\/dragon-fert-poudre-soluble\/dragon-fert-high-pk\/","title":{"rendered":"Dragon Fert High-PK"},"content":{"rendered":"<p><strong>Dragon Fert High-PK<\/strong> les formules ont une teneur \u00e9lev\u00e9e en potassium et en phosphore tout en maintenant un niveau tr\u00e8s faible d&rsquo;azote. Cette formule est con\u00e7ue pour am\u00e9liorer consid\u00e9rablement divers aspects du d\u00e9veloppement des plantes, tels que la croissance racinaire, la floraison, la nouaison, le calibrage des fruits et la qualit\u00e9 globale des fruits. La formulation est acide, lui permettant de contrer les effets de la duret\u00e9 de l&rsquo;eau et de l&rsquo;alcalinit\u00e9 du sol. <\/p>\n<h3 data-start=\"1323\" data-end=\"1457\"><strong data-start=\"1326\" data-end=\"1364\">Formules disponibles (toutes en % p\/p) :<br \/>\n<\/strong><\/h3>\n<div class=\"text\">\n<ul>\n<li>\n<div class=\"icon\"><strong><span style=\"color: #800080;\">3-37-37+OE<\/span><\/strong><\/div>\n<\/li>\n<li>\n<div class=\"icon\"><strong><span style=\"color: #800080;\">6\u201330\u201320 + 3 % MgO<\/span><\/strong><\/div>\n<\/li>\n<li>\n<div class=\"icon\"><strong><span style=\"color: #800080;\">6\u201320\u201330 + 3 % MgO<\/span><\/strong><\/div>\n<\/li>\n<li>\n<div class=\"icon\"><strong><span style=\"color: #800080;\">0-40-50+OE<\/span><\/strong><\/div>\n<\/li>\n<\/ul>\n<\/div>\n<h3><strong data-start=\"2254\" data-end=\"2285\">Sp\u00e9cifications techniques \ud83e\uddea<br \/>\n<\/strong><\/h3>\n<ul>\n<li>Aspect : Poudre cristalline fine ; 100 % hydrosoluble<\/li>\n<li>pH : 4,5-5,5<\/li>\n<li>Toutes les formules sont enti\u00e8rement solubles et exemptes de chlorure, de sodium et de m\u00e9taux lourds.<\/li>\n<li>Volume : 1 kg, 10 kg, 25 kg<\/li>\n<li>Emballage : Sacs \/ sachets multicouches\n<div class=\"_tableContainer_1rjym_1\">\n<div class=\"group _tableWrapper_1rjym_13 flex w-fit flex-col-reverse\" tabindex=\"-1\"><\/div>\n<\/div>\n<\/li>\n<\/ul>\n<div>\n<div>\n<div>\n<h3><strong data-start=\"366\" data-end=\"389\">M\u00e9thodes d&rsquo;application<\/strong><\/h3>\n<p data-start=\"390\" data-end=\"607\">\ud83d\udca7 <strong data-start=\"393\" data-end=\"408\">Fertigation<\/strong> \u2013 Adapt\u00e9 aux syst\u00e8mes d&rsquo;irrigation, assurant un apport nutritif en profondeur \u00e0 la zone racinaire.<br data-start=\"493\" data-end=\"496\">\ud83c\udf3f <strong data-start=\"499\" data-end=\"521\">Application foliaire<\/strong> \u2013 Id\u00e9al pour une absorption rapide des nutriments par les feuilles pendant les stades critiques de croissance.<\/p>\n<p data-start=\"609\" data-end=\"713\">\n<\/div>\n<\/div>\n<\/div>\n<p data-start=\"1323\" data-end=\"1457\"><strong data-start=\"1326\" data-end=\"1364\"> <\/strong><\/p>\n","protected":false},"excerpt":{"rendered":"<p>Dragon Fert High-PK les formules ont une teneur \u00e9lev\u00e9e en potassium et en phosphore tout en maintenant un niveau tr\u00e8s faible d&rsquo;azote. Cette formule est con\u00e7ue pour am\u00e9liorer consid\u00e9rablement divers aspects du d\u00e9veloppement des plantes, tels que la croissance racinaire, la floraison, la nouaison, le calibrage des fruits et la qualit\u00e9 globale des fruits. La [&hellip;]<\/p>\n","protected":false},"featured_media":4354,"comment_status":"open","ping_status":"closed","template":"","meta":{"_et_pb_use_builder":"","_et_pb_old_content":"","_et_gb_content_width":""},"product_brand":[],"product_cat":[116],"product_tag":[],"class_list":{"0":"post-4350","1":"product","2":"type-product","3":"status-publish","4":"has-post-thumbnail","6":"product_cat-dragon-fert-poudre-soluble","8":"first","9":"instock","10":"shipping-taxable","11":"product-type-simple"},"_links":{"self":[{"href":"https:\/\/dragonagricultural.com\/fr\/wp-json\/wp\/v2\/product\/4350","targetHints":{"allow":["GET"]}}],"collection":[{"href":"https:\/\/dragonagricultural.com\/fr\/wp-json\/wp\/v2\/product"}],"about":[{"href":"https:\/\/dragonagricultural.com\/fr\/wp-json\/wp\/v2\/types\/product"}],"replies":[{"embeddable":true,"href":"https:\/\/dragonagricultural.com\/fr\/wp-json\/wp\/v2\/comments?post=4350"}],"wp:featuredmedia":[{"embeddable":true,"href":"https:\/\/dragonagricultural.com\/fr\/wp-json\/wp\/v2\/media\/4354"}],"wp:attachment":[{"href":"https:\/\/dragonagricultural.com\/fr\/wp-json\/wp\/v2\/media?parent=4350"}],"wp:term":[{"taxonomy":"product_brand","embeddable":true,"href":"https:\/\/dragonagricultural.com\/fr\/wp-json\/wp\/v2\/product_brand?post=4350"},{"taxonomy":"product_cat","embeddable":true,"href":"https:\/\/dragonagricultural.com\/fr\/wp-json\/wp\/v2\/product_cat?post=4350"},{"taxonomy":"product_tag","embeddable":true,"href":"https:\/\/dragonagricultural.com\/fr\/wp-json\/wp\/v2\/product_tag?post=4350"}],"curies":[{"name":"wp","href":"https:\/\/api.w.org\/{rel}","templated":true}]}}