{"id":4346,"date":"2025-11-04T05:45:25","date_gmt":"2025-11-04T05:45:25","guid":{"rendered":"https:\/\/dragonagricultural.com\/products\/npkcao\/"},"modified":"2025-12-09T11:56:46","modified_gmt":"2025-12-09T11:56:46","slug":"npkcao","status":"publish","type":"product","link":"https:\/\/dragonagricultural.com\/fr\/products\/pate-de-dragon\/npkcao\/","title":{"rendered":"NPK+CaO"},"content":{"rendered":"<h3 data-start=\"126\" data-end=\"161\"><strong data-start=\"130\" data-end=\"161\">Engrais en p\u00e2te NPK + CaO<\/strong><\/h3>\n<p data-start=\"163\" data-end=\"592\">La s\u00e9rie Dragon Paste NPK + CaO repr\u00e9sente une nouvelle g\u00e9n\u00e9ration d&rsquo;engrais en p\u00e2te concentr\u00e9s, combinant <strong data-start=\"266\" data-end=\"315\">l&rsquo;\u00e9quilibre des macronutriments avec l&rsquo;innovation du calcium<\/strong> pour obtenir des cultures plus fortes, plus saines et plus productives.<br data-start=\"374\" data-end=\"377\">Ces formulations sont con\u00e7ues pour apporter <strong data-start=\"420\" data-end=\"471\">l&rsquo;Azote (N), le Phosphore (P) et le Potassium (K)<\/strong> aux c\u00f4t\u00e9s du <strong data-start=\"482\" data-end=\"499\">Calcium (CaO)<\/strong> \u2014 assurant une absorption efficace des nutriments sans pr\u00e9cipitation ni antagonisme entre les \u00e9l\u00e9ments.<\/p>\n<p data-start=\"594\" data-end=\"1012\">Le calcium joue un r\u00f4le vital dans l&rsquo;am\u00e9lioration de <strong data-start=\"634\" data-end=\"656\">la r\u00e9sistance des parois cellulaires<\/strong>, <strong data-start=\"658\" data-end=\"680\">le transport des nutriments<\/strong> et <strong data-start=\"686\" data-end=\"703\">la qualit\u00e9 des fruits<\/strong>, tandis que les \u00e9l\u00e9ments NPK soutiennent la croissance des racines, la floraison et le d\u00e9veloppement des fruits.<br data-start=\"778\" data-end=\"781\">Cette combinaison unique offre aux agriculteurs une solution polyvalente adapt\u00e9e \u00e0 plusieurs stades de croissance \u2014 de l&rsquo;\u00e9tablissement pr\u00e9coce des racines au remplissage et \u00e0 la maturation des fruits \u2014 assurant <strong data-start=\"957\" data-end=\"1009\">une performance constante et une qualit\u00e9 de rendement premium<\/strong>.<\/p>\n<h3><span style=\"color: #ff6600;\"><strong>Dragon Paste 6-40-13 + 11CaO<\/strong><\/span><\/h3>\n<p>Un engrais en p\u00e2te concentr\u00e9 con\u00e7u pour les stades pr\u00e9coces de croissance et de floraison.<br \/>\nIl fournit un fort apport de <strong>phosphore<\/strong> pour stimuler le d\u00e9veloppement racinaire et l&rsquo;initiation florale, tandis que le <strong>calcium<\/strong> renforce les parois cellulaires des plantes et am\u00e9liore le transport des nutriments \u2014 le tout sans conflit entre les deux \u00e9l\u00e9ments.<br \/>\nParfait pour une utilisation <strong>au d\u00e9but de la floraison et de la nouaison<\/strong> pour assurer des racines fortes et des fruits sains et uniformes.<\/p>\n<h3><span style=\"color: #ff6600;\"><strong>Dragon Paste 17-10-36 + 8CaO<\/strong><\/span><\/h3>\n<p>Une formulation avanc\u00e9e riche en <strong>potassium et calcium<\/strong>, id\u00e9ale pour les stades de remplissage et de maturation des fruits.<br \/>\nLe potassium am\u00e9liore la taille, la couleur et la teneur en sucre des fruits, tandis que le calcium am\u00e9liore la fermet\u00e9 et la dur\u00e9e de conservation \u2014 assurant une qualit\u00e9 premium des fruits de la r\u00e9colte au march\u00e9.<br \/>\nIl maintient un niveau d&rsquo;azote \u00e9quilibr\u00e9 pour une vitalit\u00e9 continue des plantes tout au long de la production.<\/p>\n<h3><strong data-start=\"2254\" data-end=\"2285\">Sp\u00e9cifications techniques \ud83e\uddea<br \/>\n<\/strong><\/h3>\n<ul>\n<li>Aspect : P\u00e2te ; 100% soluble dans l&rsquo;eau<\/li>\n<li>pH : 2,5-3,5<\/li>\n<li>Toutes les formules sont enti\u00e8rement solubles et exemptes de chlorure, de sodium et de m\u00e9taux lourds.<\/li>\n<li>Volume : 1 kg, 5 kg, 10 kg, 20 kg<\/li>\n<li>Emballage : Seau PEHD avec sac int\u00e9rieur<\/li>\n<\/ul>\n<h3><strong>M\u00e9thodes d&rsquo;application<\/strong><\/h3>\n<p data-start=\"390\" data-end=\"607\">\ud83d\udca7 <strong data-start=\"393\" data-end=\"408\">Fertigation<\/strong> \u2013 Adapt\u00e9 aux syst\u00e8mes d&rsquo;irrigation, assurant un apport profond de nutriments \u00e0 la zone racinaire.<br data-start=\"493\" data-end=\"496\">\ud83c\udf3f <strong data-start=\"499\" data-end=\"521\">Application foliaire<\/strong> \u2013 Id\u00e9al pour une absorption rapide des nutriments par les feuilles pendant les stades critiques de croissance.<\/p>\n","protected":false},"excerpt":{"rendered":"<p>Engrais en p\u00e2te NPK + CaO La s\u00e9rie Dragon Paste NPK + CaO repr\u00e9sente une nouvelle g\u00e9n\u00e9ration d&rsquo;engrais en p\u00e2te concentr\u00e9s, combinant l&rsquo;\u00e9quilibre des macronutriments avec l&rsquo;innovation du calcium pour obtenir des cultures plus fortes, plus saines et plus productives.Ces formulations sont con\u00e7ues pour apporter l&rsquo;Azote (N), le Phosphore (P) et le Potassium (K) aux [&hellip;]<\/p>\n","protected":false},"featured_media":4045,"comment_status":"open","ping_status":"closed","template":"","meta":{"_et_pb_use_builder":"","_et_pb_old_content":"","_et_gb_content_width":""},"product_brand":[],"product_cat":[118],"product_tag":[],"class_list":{"0":"post-4346","1":"product","2":"type-product","3":"status-publish","4":"has-post-thumbnail","6":"product_cat-pate-de-dragon","8":"first","9":"instock","10":"shipping-taxable","11":"product-type-simple"},"_links":{"self":[{"href":"https:\/\/dragonagricultural.com\/fr\/wp-json\/wp\/v2\/product\/4346","targetHints":{"allow":["GET"]}}],"collection":[{"href":"https:\/\/dragonagricultural.com\/fr\/wp-json\/wp\/v2\/product"}],"about":[{"href":"https:\/\/dragonagricultural.com\/fr\/wp-json\/wp\/v2\/types\/product"}],"replies":[{"embeddable":true,"href":"https:\/\/dragonagricultural.com\/fr\/wp-json\/wp\/v2\/comments?post=4346"}],"wp:featuredmedia":[{"embeddable":true,"href":"https:\/\/dragonagricultural.com\/fr\/wp-json\/wp\/v2\/media\/4045"}],"wp:attachment":[{"href":"https:\/\/dragonagricultural.com\/fr\/wp-json\/wp\/v2\/media?parent=4346"}],"wp:term":[{"taxonomy":"product_brand","embeddable":true,"href":"https:\/\/dragonagricultural.com\/fr\/wp-json\/wp\/v2\/product_brand?post=4346"},{"taxonomy":"product_cat","embeddable":true,"href":"https:\/\/dragonagricultural.com\/fr\/wp-json\/wp\/v2\/product_cat?post=4346"},{"taxonomy":"product_tag","embeddable":true,"href":"https:\/\/dragonagricultural.com\/fr\/wp-json\/wp\/v2\/product_tag?post=4346"}],"curies":[{"name":"wp","href":"https:\/\/api.w.org\/{rel}","templated":true}]}}