{"id":4314,"date":"2025-10-26T06:36:20","date_gmt":"2025-10-26T06:36:20","guid":{"rendered":"https:\/\/dragonagricultural.com\/products\/baton-de-dragon\/"},"modified":"2025-12-09T21:19:00","modified_gmt":"2025-12-09T21:19:00","slug":"baton-de-dragon","status":"publish","type":"product","link":"https:\/\/dragonagricultural.com\/fr\/products\/specialite-dragon\/baton-de-dragon\/","title":{"rendered":"B\u00e2ton de Dragon"},"content":{"rendered":"<p data-start=\"118\" data-end=\"345\"><strong data-start=\"118\" data-end=\"134\">B\u00e2ton de Dragon<\/strong> est un engrais liquide tr\u00e8s visqueux \u00e0 faible teneur en azote organique et \u00e0 teneur exceptionnellement \u00e9lev\u00e9e en carbone.<br data-start=\"237\" data-end=\"240\">Il est totalement exempt de chlorure, de sodium et de m\u00e9taux lourds, garantissant une application s\u00fbre et efficace.<\/p>\n<hr data-start=\"730\" data-end=\"733\">\n<h3 data-start=\"735\" data-end=\"758\"><strong data-start=\"739\" data-end=\"758\">Avantages cl\u00e9s <\/strong><\/h3>\n<ul data-start=\"759\" data-end=\"1041\">\n<li data-start=\"759\" data-end=\"808\">\n<p data-start=\"761\" data-end=\"808\">Am\u00e9liore l&rsquo;adh\u00e9rence et l&rsquo;\u00e9talement de la pulv\u00e9risation foliaire.<\/p>\n<\/li>\n<li data-start=\"809\" data-end=\"860\">\n<p data-start=\"811\" data-end=\"860\">Augmente le temps de contact et l&rsquo;absorption des nutriments.<\/p>\n<\/li>\n<li data-start=\"861\" data-end=\"923\">\n<p data-start=\"863\" data-end=\"923\">Agit comme un biostimulant naturel gr\u00e2ce \u00e0 sa haute teneur en carbone.<\/p>\n<\/li>\n<li data-start=\"924\" data-end=\"990\">\n<p data-start=\"926\" data-end=\"990\">Am\u00e9liore les performances des engrais foliaires et des pesticides.<\/p>\n<\/li>\n<li data-start=\"991\" data-end=\"1041\">\n<p data-start=\"993\" data-end=\"1041\">Aide \u00e0 r\u00e9duire le nombre d&rsquo;applications par pulv\u00e9risation.<\/p>\n<\/li>\n<\/ul>\n<hr data-start=\"1043\" data-end=\"1046\">\n<h3 data-start=\"1048\" data-end=\"1083\"><strong data-start=\"1052\" data-end=\"1083\">Sp\u00e9cifications techniques \ud83e\uddea<\/strong><\/h3>\n<ul data-start=\"1084\" data-end=\"1376\">\n<li data-start=\"1084\" data-end=\"1145\">\n<p data-start=\"1063\" data-end=\"1087\"><strong data-start=\"1063\" data-end=\"1085\">Formulation (p\/v) :<\/strong><\/p>\n<ul data-start=\"1088\" data-end=\"1248\">\n<li data-start=\"1088\" data-end=\"1118\">\n<p data-start=\"1090\" data-end=\"1118\">Azote organique (N) : 5,0 %<\/p>\n<\/li>\n<li data-start=\"1119\" data-end=\"1140\">\n<p data-start=\"1121\" data-end=\"1140\">Mati\u00e8re organique (MO) : 75,0 %<\/p>\n<\/li>\n<\/ul>\n<\/li>\n<li data-start=\"1084\" data-end=\"1145\"><strong data-start=\"141\" data-end=\"156\">Aspect :<\/strong> Liquide ; 100 % soluble dans l&rsquo;eau<\/li>\n<li data-start=\"1119\" data-end=\"1140\">\n<p data-start=\"1121\" data-end=\"1140\"><strong data-start=\"272\" data-end=\"287\">pH (1\/100) :<\/strong> 5,0 \u2013 7,0<\/p>\n<\/li>\n<li data-start=\"1119\" data-end=\"1140\">\n<p data-start=\"1121\" data-end=\"1140\"><strong data-start=\"360\" data-end=\"375\">Solubilit\u00e9 :<\/strong> Enti\u00e8rement soluble et exempt de chlorure, sodium et m\u00e9taux lourds<\/p>\n<\/li>\n<li data-start=\"1119\" data-end=\"1140\">\n<p data-start=\"1121\" data-end=\"1140\"><strong data-start=\"443\" data-end=\"454\">Volume :<\/strong> 1 L, 5 L, 20 L<\/p>\n<\/li>\n<li data-start=\"1119\" data-end=\"1140\">\n<p data-start=\"1121\" data-end=\"1140\"><strong data-start=\"474\" data-end=\"488\">Conditionnement :<\/strong> Bouteille \/ Bidon PEHD<\/p>\n<\/li>\n<\/ul>\n<hr data-start=\"515\" data-end=\"518\">\n<h3><strong>M\u00e9thodes d&rsquo;application<\/strong><\/h3>\n<p>\ud83c\udf3f <strong>Application foliaire<\/strong> \u2013 am\u00e9liore l&rsquo;efficacit\u00e9 des engrais foliaires et des pesticides, r\u00e9duisant le besoin de multiples applications par pulv\u00e9risation.<\/p>\n","protected":false},"excerpt":{"rendered":"<p>B\u00e2ton de Dragon est un engrais liquide tr\u00e8s visqueux \u00e0 faible teneur en azote organique et \u00e0 teneur exceptionnellement \u00e9lev\u00e9e en carbone.Il est totalement exempt de chlorure, de sodium et de m\u00e9taux lourds, garantissant une application s\u00fbre et efficace. Avantages cl\u00e9s Am\u00e9liore l&rsquo;adh\u00e9rence et l&rsquo;\u00e9talement de la pulv\u00e9risation foliaire. Augmente le temps de contact et [&hellip;]<\/p>\n","protected":false},"featured_media":4315,"comment_status":"open","ping_status":"closed","template":"","meta":{"_et_pb_use_builder":"","_et_pb_old_content":"","_et_gb_content_width":""},"product_brand":[],"product_cat":[115,113],"product_tag":[],"class_list":{"0":"post-4314","1":"product","2":"type-product","3":"status-publish","4":"has-post-thumbnail","6":"product_cat-dragon-organic","7":"product_cat-specialite-dragon","9":"first","10":"instock","11":"shipping-taxable","12":"product-type-simple"},"_links":{"self":[{"href":"https:\/\/dragonagricultural.com\/fr\/wp-json\/wp\/v2\/product\/4314","targetHints":{"allow":["GET"]}}],"collection":[{"href":"https:\/\/dragonagricultural.com\/fr\/wp-json\/wp\/v2\/product"}],"about":[{"href":"https:\/\/dragonagricultural.com\/fr\/wp-json\/wp\/v2\/types\/product"}],"replies":[{"embeddable":true,"href":"https:\/\/dragonagricultural.com\/fr\/wp-json\/wp\/v2\/comments?post=4314"}],"wp:featuredmedia":[{"embeddable":true,"href":"https:\/\/dragonagricultural.com\/fr\/wp-json\/wp\/v2\/media\/4315"}],"wp:attachment":[{"href":"https:\/\/dragonagricultural.com\/fr\/wp-json\/wp\/v2\/media?parent=4314"}],"wp:term":[{"taxonomy":"product_brand","embeddable":true,"href":"https:\/\/dragonagricultural.com\/fr\/wp-json\/wp\/v2\/product_brand?post=4314"},{"taxonomy":"product_cat","embeddable":true,"href":"https:\/\/dragonagricultural.com\/fr\/wp-json\/wp\/v2\/product_cat?post=4314"},{"taxonomy":"product_tag","embeddable":true,"href":"https:\/\/dragonagricultural.com\/fr\/wp-json\/wp\/v2\/product_tag?post=4314"}],"curies":[{"name":"wp","href":"https:\/\/api.w.org\/{rel}","templated":true}]}}