{"id":4286,"date":"2025-10-26T06:37:26","date_gmt":"2025-10-26T06:37:26","guid":{"rendered":"https:\/\/dragonagricultural.com\/products\/dragon-sea\/"},"modified":"2025-12-09T21:12:38","modified_gmt":"2025-12-09T21:12:38","slug":"dragon-sea","status":"publish","type":"product","link":"https:\/\/dragonagricultural.com\/fr\/products\/specialite-dragon\/dragon-sea\/","title":{"rendered":"Dragon Sea"},"content":{"rendered":"<p data-start=\"135\" data-end=\"355\"><strong data-start=\"135\" data-end=\"149\">Dragon Sea<\/strong> est un <strong data-start=\"155\" data-end=\"187\">extrait biostimulant de qualit\u00e9 sup\u00e9rieure<\/strong> d\u00e9riv\u00e9 de <strong data-start=\"201\" data-end=\"243\">vari\u00e9t\u00e9s d&rsquo;algues naturelles de haute qualit\u00e9<\/strong> telles que <em data-start=\"252\" data-end=\"293\">Kelp Phaeophyceae, Ascophyllum nodosum<\/em> et <em data-start=\"298\" data-end=\"314\">Sargassum spp.<\/em> \u2014 provenant des meilleures sources d&rsquo;algues brunes.<\/p>\n<p data-start=\"357\" data-end=\"731\">Il est enrichi en <strong data-start=\"377\" data-end=\"452\">cytokinines, auxines, vitamines, agents ch\u00e9latants naturels et acides amin\u00e9s<\/strong>, ainsi qu&rsquo;en <strong data-start=\"464\" data-end=\"536\">oligo-\u00e9l\u00e9ments essentiels, mati\u00e8res organiques et biostimulants naturels<\/strong>. <strong data-start=\"540\" data-end=\"554\">Dragon Sea<\/strong> est <strong data-start=\"558\" data-end=\"610\">exempt \u00e0 100 % d&rsquo;\u00e9l\u00e9ments nocifs et de m\u00e9taux lourds<\/strong>, garantissant une solution s\u00fbre et efficace pour une agriculture durable qui am\u00e9liore la vigueur, la croissance et la r\u00e9silience des plantes.<\/p>\n<hr>\n<h3 data-start=\"1123\" data-end=\"1146\"><strong data-start=\"1127\" data-end=\"1146\">Principaux avantages<\/strong><\/h3>\n<ul data-start=\"1147\" data-end=\"1470\">\n<li data-start=\"1147\" data-end=\"1222\">\n<p data-start=\"1149\" data-end=\"1222\">Stimule la croissance v\u00e9g\u00e9tative et racinaire gr\u00e2ce aux hormones naturelles des algues.<\/p>\n<\/li>\n<li data-start=\"1223\" data-end=\"1276\">\n<p data-start=\"1225\" data-end=\"1276\">Am\u00e9liore la floraison, la nouaison et la qualit\u00e9 du rendement.<\/p>\n<\/li>\n<li data-start=\"1277\" data-end=\"1343\">\n<p data-start=\"1279\" data-end=\"1343\">Am\u00e9liore la tol\u00e9rance au stress contre la s\u00e9cheresse, la chaleur et la salinit\u00e9.<\/p>\n<\/li>\n<li data-start=\"1344\" data-end=\"1403\">\n<p data-start=\"1346\" data-end=\"1403\">Stimule l&rsquo;activit\u00e9 microbienne du sol et l&rsquo;absorption des nutriments.<\/p>\n<\/li>\n<li data-start=\"1404\" data-end=\"1470\">\n<p data-start=\"1406\" data-end=\"1470\">100 % naturel et s\u00fbr pour toutes les cultures, sans r\u00e9sidus nocifs.<\/p>\n<\/li>\n<\/ul>\n<hr data-start=\"1472\" data-end=\"1475\">\n<h3 data-start=\"1477\" data-end=\"1512\"><strong data-start=\"1481\" data-end=\"1512\">Sp\u00e9cifications techniques \ud83e\uddea<\/strong><\/h3>\n<ul>\n<li data-start=\"1515\" data-end=\"1541\"><strong data-start=\"1515\" data-end=\"1535\">Composition&nbsp;:<\/strong>\n<ul>\n<li data-start=\"1515\" data-end=\"1541\"><strong data-start=\"1515\" data-end=\"1535\">Extrait d&rsquo;algues&nbsp;:<\/strong> 12&nbsp;%<\/li>\n<li data-start=\"1515\" data-end=\"1541\"><strong data-start=\"1544\" data-end=\"1564\">Potassium (K\u2082O)&nbsp;:<\/strong> 6&nbsp;%<\/li>\n<\/ul>\n<\/li>\n<li data-start=\"1570\" data-end=\"1599\">\n<p data-start=\"1572\" data-end=\"1599\"><strong data-start=\"1572\" data-end=\"1587\">pH (1\/100)&nbsp;:<\/strong> 8,5 \u2013 9,5<\/p>\n<\/li>\n<li data-start=\"1631\" data-end=\"1669\">\n<p data-start=\"1633\" data-end=\"1669\"><strong data-start=\"1633\" data-end=\"1648\">Solubilit\u00e9&nbsp;:<\/strong> 100&nbsp;% soluble dans l&rsquo;eau<\/p>\n<\/li>\n<li data-start=\"1769\" data-end=\"1799\">\n<p data-start=\"1771\" data-end=\"1799\"><strong data-start=\"1771\" data-end=\"1782\">Volume :<\/strong> 1 L, 5 L, 20 L<\/p>\n<\/li>\n<li data-start=\"1800\" data-end=\"1842\">\n<p data-start=\"1802\" data-end=\"1842\"><strong data-start=\"1802\" data-end=\"1816\">Conditionnement&nbsp;:<\/strong> bouteille ou jerrican<\/p>\n<\/li>\n<\/ul>\n<hr data-start=\"1844\" data-end=\"1847\">\n<h3 data-start=\"1849\" data-end=\"1876\"><strong data-start=\"1853\" data-end=\"1876\">M\u00e9thodes d&rsquo;application<\/strong><\/h3>\n<p data-start=\"1877\" data-end=\"2092\">\ud83d\udca7 <strong data-start=\"1880\" data-end=\"1895\">Fertigation<\/strong> \u2013 pour renforcer les syst\u00e8mes racinaires et am\u00e9liorer l&rsquo;activit\u00e9 microbienne du sol.<br data-start=\"1977\" data-end=\"1980\">\ud83c\udf3f <strong data-start=\"1983\" data-end=\"2005\">Application foliaire<\/strong> \u2013 pour une absorption plus rapide pendant la croissance active et la nouaison.<\/p>\n","protected":false},"excerpt":{"rendered":"<p>Dragon Sea est un extrait biostimulant de qualit\u00e9 sup\u00e9rieure d\u00e9riv\u00e9 de vari\u00e9t\u00e9s d&rsquo;algues naturelles de haute qualit\u00e9 telles que Kelp Phaeophyceae, Ascophyllum nodosum et Sargassum spp. \u2014 provenant des meilleures sources d&rsquo;algues brunes. Il est enrichi en cytokinines, auxines, vitamines, agents ch\u00e9latants naturels et acides amin\u00e9s, ainsi qu&rsquo;en oligo-\u00e9l\u00e9ments essentiels, mati\u00e8res organiques et biostimulants naturels. [&hellip;]<\/p>\n","protected":false},"featured_media":4287,"comment_status":"open","ping_status":"closed","template":"","meta":{"_et_pb_use_builder":"","_et_pb_old_content":"","_et_gb_content_width":""},"product_brand":[],"product_cat":[115,113],"product_tag":[],"class_list":{"0":"post-4286","1":"product","2":"type-product","3":"status-publish","4":"has-post-thumbnail","6":"product_cat-dragon-organic","7":"product_cat-specialite-dragon","9":"first","10":"instock","11":"shipping-taxable","12":"product-type-simple"},"_links":{"self":[{"href":"https:\/\/dragonagricultural.com\/fr\/wp-json\/wp\/v2\/product\/4286","targetHints":{"allow":["GET"]}}],"collection":[{"href":"https:\/\/dragonagricultural.com\/fr\/wp-json\/wp\/v2\/product"}],"about":[{"href":"https:\/\/dragonagricultural.com\/fr\/wp-json\/wp\/v2\/types\/product"}],"replies":[{"embeddable":true,"href":"https:\/\/dragonagricultural.com\/fr\/wp-json\/wp\/v2\/comments?post=4286"}],"wp:featuredmedia":[{"embeddable":true,"href":"https:\/\/dragonagricultural.com\/fr\/wp-json\/wp\/v2\/media\/4287"}],"wp:attachment":[{"href":"https:\/\/dragonagricultural.com\/fr\/wp-json\/wp\/v2\/media?parent=4286"}],"wp:term":[{"taxonomy":"product_brand","embeddable":true,"href":"https:\/\/dragonagricultural.com\/fr\/wp-json\/wp\/v2\/product_brand?post=4286"},{"taxonomy":"product_cat","embeddable":true,"href":"https:\/\/dragonagricultural.com\/fr\/wp-json\/wp\/v2\/product_cat?post=4286"},{"taxonomy":"product_tag","embeddable":true,"href":"https:\/\/dragonagricultural.com\/fr\/wp-json\/wp\/v2\/product_tag?post=4286"}],"curies":[{"name":"wp","href":"https:\/\/api.w.org\/{rel}","templated":true}]}}