{"id":4284,"date":"2025-10-26T06:38:07","date_gmt":"2025-10-26T06:38:07","guid":{"rendered":"https:\/\/dragonagricultural.com\/products\/dragon-potamax\/"},"modified":"2025-12-09T21:11:39","modified_gmt":"2025-12-09T21:11:39","slug":"dragon-potamax","status":"publish","type":"product","link":"https:\/\/dragonagricultural.com\/fr\/products\/specialite-dragon\/dragon-potamax\/","title":{"rendered":"Dragon PotaMax"},"content":{"rendered":"<p data-start=\"122\" data-end=\"342\"><strong data-start=\"122\" data-end=\"140\">Dragon PotaMAX<\/strong> est un <strong data-start=\"147\" data-end=\"183\">engrais potassique organique en poudre<\/strong> contenant du <strong data-start=\"195\" data-end=\"202\">K\u2082O<\/strong> et de la <strong data-start=\"207\" data-end=\"230\">mati\u00e8re organique (MO)<\/strong>. Il est <strong data-start=\"240\" data-end=\"262\">100 % hydrosoluble<\/strong>, <strong data-start=\"264\" data-end=\"313\">exempt de chlorures, sodium et m\u00e9taux lourds<\/strong>, et pr\u00e9sente un <strong data-start=\"325\" data-end=\"339\">pH neutre<\/strong>.<\/p>\n<hr>\n<h3 data-start=\"539\" data-end=\"558\"><strong data-start=\"539\" data-end=\"556\">Avantages cl\u00e9s :<\/strong><\/h3>\n<ul data-start=\"559\" data-end=\"906\">\n<li data-start=\"559\" data-end=\"612\">\n<p data-start=\"561\" data-end=\"612\">Am\u00e9liore la <strong data-start=\"570\" data-end=\"609\">taille, qualit\u00e9 et dur\u00e9e de conservation des fruits<\/strong>.<\/p>\n<\/li>\n<li data-start=\"613\" data-end=\"685\">\n<p data-start=\"615\" data-end=\"685\">Am\u00e9liore la <strong data-start=\"630\" data-end=\"653\">tol\u00e9rance au stress<\/strong> et aux conditions environnementales des plantes.<\/p>\n<\/li>\n<li data-start=\"686\" data-end=\"763\">\n<p data-start=\"688\" data-end=\"763\">Augmente l&rsquo;<strong data-start=\"695\" data-end=\"725\">efficacit\u00e9 d&rsquo;absorption des nutriments<\/strong> et favorise une croissance plus vigoureuse.<\/p>\n<\/li>\n<li data-start=\"764\" data-end=\"833\">\n<p data-start=\"766\" data-end=\"833\">Am\u00e9liore la structure du sol et augmente la <strong data-start=\"804\" data-end=\"830\">teneur en mati\u00e8re organique<\/strong>.<\/p>\n<\/li>\n<li data-start=\"834\" data-end=\"906\">\n<p data-start=\"836\" data-end=\"906\">Agit comme une <strong data-start=\"847\" data-end=\"864\">source d&rsquo;\u00e9nergie<\/strong> pour les plantes, am\u00e9liorant leur vitalit\u00e9 globale.<\/p>\n<\/li>\n<\/ul>\n<hr>\n<h3 data-start=\"913\" data-end=\"948\"><strong data-start=\"917\" data-end=\"948\">Sp\u00e9cifications techniques \ud83e\uddea<\/strong><\/h3>\n<ul data-start=\"949\" data-end=\"1323\">\n<li data-start=\"949\" data-end=\"1004\">\n<p data-start=\"951\" data-end=\"1004\"><strong data-start=\"951\" data-end=\"967\">Composition : % (p\/p)<\/strong><\/p>\n<ul data-start=\"949\" data-end=\"1323\">\n<li data-start=\"949\" data-end=\"1004\">\n<p data-start=\"951\" data-end=\"1004\"><strong data-start=\"1308\" data-end=\"1328\">Potassium (K\u2082O) :<\/strong> 45 %<\/p>\n<\/li>\n<li data-start=\"949\" data-end=\"1004\">\n<p data-start=\"951\" data-end=\"1004\"><strong>Mati\u00e8re organique : 55 % <\/strong><\/p>\n<\/li>\n<\/ul>\n<\/li>\n<li data-start=\"1005\" data-end=\"1064\">\n<p data-start=\"1007\" data-end=\"1064\"><strong data-start=\"1007\" data-end=\"1022\">Aspect :<\/strong> Poudre organique fine<\/p>\n<\/li>\n<li data-start=\"1065\" data-end=\"1094\">\n<p data-start=\"1067\" data-end=\"1094\"><strong data-start=\"1067\" data-end=\"1082\">pH (1\/100) :<\/strong> 6,5 \u2013 7,5<\/p>\n<\/li>\n<li data-start=\"1250\" data-end=\"1277\">\n<p data-start=\"1252\" data-end=\"1277\"><strong data-start=\"1252\" data-end=\"1263\">Volume :<\/strong> 1 kg, 10 kg<\/p>\n<\/li>\n<li data-start=\"1278\" data-end=\"1323\">\n<p data-start=\"1280\" data-end=\"1323\"><strong data-start=\"1280\" data-end=\"1294\">Conditionnement :<\/strong> Sacs \/ sachets multicouches<\/p>\n<\/li>\n<\/ul>\n<hr data-start=\"1325\" data-end=\"1328\">\n<h3 data-start=\"1330\" data-end=\"1357\"><strong data-start=\"1334\" data-end=\"1357\">M\u00e9thodes d&rsquo;application<\/strong><\/h3>\n<p data-start=\"1358\" data-end=\"1613\">\ud83d\udca7 <strong data-start=\"1361\" data-end=\"1376\">Fertigation<\/strong> \u2013 Adapt\u00e9 aux syst\u00e8mes d&rsquo;irrigation, assurant un apport efficace de potassium \u00e0 la zone racinaire pendant le d\u00e9veloppement des fruits.<br data-start=\"1492\" data-end=\"1495\">\ud83c\udf3f <strong data-start=\"1498\" data-end=\"1520\">Application foliaire<\/strong> \u2013 Id\u00e9al pour une absorption rapide des nutriments par les feuilles pendant la floraison et la maturation.<\/p>\n","protected":false},"excerpt":{"rendered":"<p>Dragon PotaMAX est un engrais potassique organique en poudre contenant du K\u2082O et de la mati\u00e8re organique (MO). Il est 100 % hydrosoluble, exempt de chlorures, sodium et m\u00e9taux lourds, et pr\u00e9sente un pH neutre. Avantages cl\u00e9s : Am\u00e9liore la taille, qualit\u00e9 et dur\u00e9e de conservation des fruits. Am\u00e9liore la tol\u00e9rance au stress et aux [&hellip;]<\/p>\n","protected":false},"featured_media":4285,"comment_status":"open","ping_status":"closed","template":"","meta":{"_et_pb_use_builder":"","_et_pb_old_content":"","_et_gb_content_width":""},"product_brand":[],"product_cat":[115,113],"product_tag":[],"class_list":{"0":"post-4284","1":"product","2":"type-product","3":"status-publish","4":"has-post-thumbnail","6":"product_cat-dragon-organic","7":"product_cat-specialite-dragon","9":"first","10":"instock","11":"shipping-taxable","12":"product-type-simple"},"_links":{"self":[{"href":"https:\/\/dragonagricultural.com\/fr\/wp-json\/wp\/v2\/product\/4284","targetHints":{"allow":["GET"]}}],"collection":[{"href":"https:\/\/dragonagricultural.com\/fr\/wp-json\/wp\/v2\/product"}],"about":[{"href":"https:\/\/dragonagricultural.com\/fr\/wp-json\/wp\/v2\/types\/product"}],"replies":[{"embeddable":true,"href":"https:\/\/dragonagricultural.com\/fr\/wp-json\/wp\/v2\/comments?post=4284"}],"wp:featuredmedia":[{"embeddable":true,"href":"https:\/\/dragonagricultural.com\/fr\/wp-json\/wp\/v2\/media\/4285"}],"wp:attachment":[{"href":"https:\/\/dragonagricultural.com\/fr\/wp-json\/wp\/v2\/media?parent=4284"}],"wp:term":[{"taxonomy":"product_brand","embeddable":true,"href":"https:\/\/dragonagricultural.com\/fr\/wp-json\/wp\/v2\/product_brand?post=4284"},{"taxonomy":"product_cat","embeddable":true,"href":"https:\/\/dragonagricultural.com\/fr\/wp-json\/wp\/v2\/product_cat?post=4284"},{"taxonomy":"product_tag","embeddable":true,"href":"https:\/\/dragonagricultural.com\/fr\/wp-json\/wp\/v2\/product_tag?post=4284"}],"curies":[{"name":"wp","href":"https:\/\/api.w.org\/{rel}","templated":true}]}}