{"id":4280,"date":"2025-10-26T06:36:50","date_gmt":"2025-10-26T06:36:50","guid":{"rendered":"https:\/\/dragonagricultural.com\/products\/dragon-borcal\/"},"modified":"2025-12-09T21:17:25","modified_gmt":"2025-12-09T21:17:25","slug":"dragon-borcal","status":"publish","type":"product","link":"https:\/\/dragonagricultural.com\/fr\/products\/specialite-dragon\/dragon-borcal\/","title":{"rendered":"Dragon BorCal"},"content":{"rendered":"<p><strong>Dragon BorCal<\/strong> est une <strong>formulation premium de Calcium et de Bore<\/strong>, expertement ch\u00e9lat\u00e9e avec des <strong>acides carboxyliques fulviques<\/strong> pour am\u00e9liorer l&rsquo;absorption et l&rsquo;efficacit\u00e9 de ces nutriments essentiels.<br \/>\nIl fournit du <strong>Calcium<\/strong> pour prolonger la dur\u00e9e de conservation et pr\u00e9venir les <strong>troubles physiologiques<\/strong>, tandis que le <strong>Bore<\/strong> favorise la formation du pollen, sa viabilit\u00e9 et la fertilit\u00e9 globale.<\/p>\n<hr>\n<h3><strong>Avantages cl\u00e9s <\/strong><\/h3>\n<ul>\n<li>Pr\u00e9vient les troubles physiologiques tels que la pourriture apicale, la br\u00fblure des pointes et le fendillement des fruits.<\/li>\n<li>Am\u00e9liore la germination du pollen, la nouaison et le rendement global.<\/li>\n<li>Am\u00e9liore la fermet\u00e9 des fruits et leur dur\u00e9e de conservation apr\u00e8s r\u00e9colte.<\/li>\n<li>Stimule l&rsquo;absorption des nutriments et renforce les parois cellulaires.<\/li>\n<li>Enrichi en mati\u00e8re organique pour une meilleure sant\u00e9 du sol et une fertilit\u00e9 durable.<\/li>\n<\/ul>\n<hr>\n<h3><strong>Sp\u00e9cifications techniques \ud83e\uddea<br \/>\n<\/strong><\/h3>\n<ul data-start=\"139\" data-end=\"513\">\n<li data-start=\"139\" data-end=\"185\">\n<p data-start=\"141\" data-end=\"185\"><strong>Composition : %(v\/v)<\/strong><\/p>\n<ul data-start=\"139\" data-end=\"513\">\n<li data-start=\"186\" data-end=\"212\">\n<p data-start=\"188\" data-end=\"212\"><strong data-start=\"188\" data-end=\"206\">Calcium (CaO) :<\/strong> 10 %<\/p>\n<\/li>\n<li data-start=\"213\" data-end=\"236\">\n<p data-start=\"215\" data-end=\"236\"><strong data-start=\"215\" data-end=\"229\">Bore (B) :<\/strong> 0,5 %<\/p>\n<\/li>\n<li data-start=\"237\" data-end=\"269\">\n<p data-start=\"239\" data-end=\"269\"><strong data-start=\"239\" data-end=\"263\">Mati\u00e8re organique (MO) :<\/strong> 20 %<\/p>\n<\/li>\n<\/ul>\n<\/li>\n<li><strong data-start=\"141\" data-end=\"156\">Aspect :<\/strong> Liquide ; 100 % soluble dans l&rsquo;eau<\/li>\n<li data-start=\"270\" data-end=\"299\">\n<p data-start=\"272\" data-end=\"299\"><strong data-start=\"272\" data-end=\"287\">pH (1\/100) :<\/strong> 5,0 \u2013 7,0<\/p>\n<\/li>\n<li data-start=\"358\" data-end=\"440\">\n<p data-start=\"360\" data-end=\"440\"><strong data-start=\"360\" data-end=\"375\">Solubilit\u00e9 :<\/strong> Enti\u00e8rement soluble et exempt de chlorure, sodium et m\u00e9taux lourds<\/p>\n<\/li>\n<li data-start=\"441\" data-end=\"471\">\n<p data-start=\"443\" data-end=\"471\"><strong data-start=\"443\" data-end=\"454\">Volume :<\/strong> 1 L, 5 L, 20 L<\/p>\n<\/li>\n<li data-start=\"472\" data-end=\"513\">\n<p data-start=\"474\" data-end=\"513\"><strong data-start=\"474\" data-end=\"488\">Conditionnement :<\/strong> Bouteille \/ Bidon PEHD<\/p>\n<\/li>\n<\/ul>\n<hr data-start=\"515\" data-end=\"518\">\n<h3><strong>M\u00e9thodes d&rsquo;application<\/strong><\/h3>\n<p>\ud83d\udca7 <strong>Fertigation<\/strong> \u2013 Assure un apport efficace de calcium et de bore directement \u00e0 la zone racinaire, am\u00e9liorant la r\u00e9sistance structurelle et la fertilit\u00e9.<br \/>\n\ud83c\udf3f <strong>Application foliaire<\/strong> \u2013 Id\u00e9ale avant la floraison et pendant les stades de nouaison pour am\u00e9liorer la pollinisation et la qualit\u00e9 des fruits.<\/p>\n<p>&nbsp;<\/p>\n","protected":false},"excerpt":{"rendered":"<p>Dragon BorCal est une formulation premium de Calcium et de Bore, expertement ch\u00e9lat\u00e9e avec des acides carboxyliques fulviques pour am\u00e9liorer l&rsquo;absorption et l&rsquo;efficacit\u00e9 de ces nutriments essentiels. Il fournit du Calcium pour prolonger la dur\u00e9e de conservation et pr\u00e9venir les troubles physiologiques, tandis que le Bore favorise la formation du pollen, sa viabilit\u00e9 et la [&hellip;]<\/p>\n","protected":false},"featured_media":4281,"comment_status":"open","ping_status":"closed","template":"","meta":{"_et_pb_use_builder":"","_et_pb_old_content":"","_et_gb_content_width":""},"product_brand":[],"product_cat":[115,113],"product_tag":[],"class_list":{"0":"post-4280","1":"product","2":"type-product","3":"status-publish","4":"has-post-thumbnail","6":"product_cat-dragon-organic","7":"product_cat-specialite-dragon","9":"first","10":"instock","11":"shipping-taxable","12":"product-type-simple"},"_links":{"self":[{"href":"https:\/\/dragonagricultural.com\/fr\/wp-json\/wp\/v2\/product\/4280","targetHints":{"allow":["GET"]}}],"collection":[{"href":"https:\/\/dragonagricultural.com\/fr\/wp-json\/wp\/v2\/product"}],"about":[{"href":"https:\/\/dragonagricultural.com\/fr\/wp-json\/wp\/v2\/types\/product"}],"replies":[{"embeddable":true,"href":"https:\/\/dragonagricultural.com\/fr\/wp-json\/wp\/v2\/comments?post=4280"}],"wp:featuredmedia":[{"embeddable":true,"href":"https:\/\/dragonagricultural.com\/fr\/wp-json\/wp\/v2\/media\/4281"}],"wp:attachment":[{"href":"https:\/\/dragonagricultural.com\/fr\/wp-json\/wp\/v2\/media?parent=4280"}],"wp:term":[{"taxonomy":"product_brand","embeddable":true,"href":"https:\/\/dragonagricultural.com\/fr\/wp-json\/wp\/v2\/product_brand?post=4280"},{"taxonomy":"product_cat","embeddable":true,"href":"https:\/\/dragonagricultural.com\/fr\/wp-json\/wp\/v2\/product_cat?post=4280"},{"taxonomy":"product_tag","embeddable":true,"href":"https:\/\/dragonagricultural.com\/fr\/wp-json\/wp\/v2\/product_tag?post=4280"}],"curies":[{"name":"wp","href":"https:\/\/api.w.org\/{rel}","templated":true}]}}