{"id":4278,"date":"2025-10-26T06:27:08","date_gmt":"2025-10-26T06:27:08","guid":{"rendered":"https:\/\/dragonagricultural.com\/products\/dragon-zinc-13\/"},"modified":"2025-12-09T21:23:51","modified_gmt":"2025-12-09T21:23:51","slug":"dragon-zinc-13","status":"publish","type":"product","link":"https:\/\/dragonagricultural.com\/fr\/products\/dragon-organic\/dragon-zinc-13\/","title":{"rendered":"Dragon Zinc 13%"},"content":{"rendered":"<p data-start=\"176\" data-end=\"595\"><strong data-start=\"176\" data-end=\"191\">Dragon Zinc<\/strong> est un <strong data-start=\"233\" data-end=\"252\">engrais de zinc<\/strong> ch\u00e9lat\u00e9 organique 100% soluble dans l&rsquo;eau, formul\u00e9 pour corriger la carence en zinc et am\u00e9liorer le m\u00e9tabolisme des plantes.<\/p>\n<hr data-start=\"597\" data-end=\"600\">\n<h4 data-start=\"602\" data-end=\"623\"><strong data-start=\"607\" data-end=\"623\">Principaux avantages<\/strong><\/h4>\n<ul data-start=\"624\" data-end=\"1028\">\n<li data-start=\"624\" data-end=\"734\">\n<p data-start=\"626\" data-end=\"734\">Fournit une <strong data-start=\"637\" data-end=\"673\">source de zinc facilement assimilable<\/strong> essentielle \u00e0 l&rsquo;activation enzymatique et \u00e0 la formation de chlorophylle.<\/p>\n<\/li>\n<li data-start=\"735\" data-end=\"818\">\n<p data-start=\"737\" data-end=\"818\">Favorise un <strong data-start=\"746\" data-end=\"774\">d\u00e9veloppement sain des feuilles<\/strong> et am\u00e9liore la <strong data-start=\"788\" data-end=\"815\">floraison et la fructification<\/strong>.<\/p>\n<\/li>\n<li data-start=\"819\" data-end=\"883\">\n<p data-start=\"821\" data-end=\"883\">Am\u00e9liore la <strong data-start=\"830\" data-end=\"870\">photosynth\u00e8se et la synth\u00e8se des prot\u00e9ines<\/strong> dans les plantes.<\/p>\n<\/li>\n<li data-start=\"884\" data-end=\"950\">\n<p data-start=\"886\" data-end=\"950\">Augmente la <strong data-start=\"896\" data-end=\"916\">tol\u00e9rance au stress<\/strong> et renforce la vigueur g\u00e9n\u00e9rale des plantes.<\/p>\n<\/li>\n<\/ul>\n<hr data-start=\"1030\" data-end=\"1033\">\n<h4 data-start=\"1035\" data-end=\"1071\"><strong data-start=\"1040\" data-end=\"1071\">Sp\u00e9cifications techniques \ud83e\uddea<\/strong><\/h4>\n<ul data-start=\"1072\" data-end=\"1269\">\n<li data-start=\"1072\" data-end=\"1094\"><strong>Composition : %(m\/m)<\/strong>\n<ul data-start=\"1072\" data-end=\"1269\">\n<li data-start=\"1072\" data-end=\"1094\">\n<p data-start=\"1074\" data-end=\"1094\"><strong data-start=\"1074\" data-end=\"1088\">Zinc (Zn) :<\/strong> 13%<\/p>\n<\/li>\n<li data-start=\"1095\" data-end=\"1128\">\n<p data-start=\"1097\" data-end=\"1128\"><strong data-start=\"1097\" data-end=\"1116\">Mati\u00e8re organique :<\/strong> 40%<\/p>\n<\/li>\n<\/ul>\n<\/li>\n<li data-start=\"1129\" data-end=\"1149\">\n<p data-start=\"1131\" data-end=\"1149\"><strong data-start=\"1131\" data-end=\"1140\">Aspect :<\/strong> Poudre<\/p>\n<\/li>\n<li data-start=\"1216\" data-end=\"1269\">\n<p data-start=\"1218\" data-end=\"1269\"><strong data-start=\"1218\" data-end=\"1232\">Sans :<\/strong> Chlorure, sodium et m\u00e9taux lourds<\/p>\n<\/li>\n<li data-start=\"1167\" data-end=\"1194\">\n<p data-start=\"1169\" data-end=\"1194\"><strong data-start=\"1169\" data-end=\"1180\">Volume :<\/strong> 1 kg, 10 kg<\/p>\n<\/li>\n<li data-start=\"1195\" data-end=\"1246\">\n<p data-start=\"1197\" data-end=\"1246\"><strong data-start=\"1197\" data-end=\"1211\">Conditionnement :<\/strong> Sacs \/ sachets multicouches<\/p>\n<\/li>\n<\/ul>\n<hr data-start=\"1271\" data-end=\"1274\">\n<h4 data-start=\"1276\" data-end=\"1304\"><strong data-start=\"1281\" data-end=\"1304\">M\u00e9thodes d&rsquo;application<\/strong><\/h4>\n<p>\ud83d\udca7 <strong>Fertigation<\/strong> \u2013 Assure un apport efficace de calcium et de bore directement \u00e0 la zone racinaire, am\u00e9liorant la r\u00e9sistance structurelle et la fertilit\u00e9.<br \/>\n\ud83c\udf3f <strong>Application foliaire<\/strong> \u2013 Id\u00e9ale avant la floraison et pendant les stades de nouaison pour am\u00e9liorer la pollinisation et la qualit\u00e9 des fruits.<\/p>\n<p>&nbsp;<\/p>\n","protected":false},"excerpt":{"rendered":"<p>Dragon Zinc est un engrais de zinc ch\u00e9lat\u00e9 organique 100% soluble dans l&rsquo;eau, formul\u00e9 pour corriger la carence en zinc et am\u00e9liorer le m\u00e9tabolisme des plantes. Principaux avantages Fournit une source de zinc facilement assimilable essentielle \u00e0 l&rsquo;activation enzymatique et \u00e0 la formation de chlorophylle. Favorise un d\u00e9veloppement sain des feuilles et am\u00e9liore la floraison [&hellip;]<\/p>\n","protected":false},"featured_media":4279,"comment_status":"open","ping_status":"closed","template":"","meta":{"_et_pb_use_builder":"","_et_pb_old_content":"","_et_gb_content_width":""},"product_brand":[],"product_cat":[115,147],"product_tag":[],"class_list":{"0":"post-4278","1":"product","2":"type-product","3":"status-publish","4":"has-post-thumbnail","6":"product_cat-dragon-organic","7":"product_cat-elements-mineurs-du-dragon","9":"first","10":"instock","11":"shipping-taxable","12":"product-type-simple"},"_links":{"self":[{"href":"https:\/\/dragonagricultural.com\/fr\/wp-json\/wp\/v2\/product\/4278","targetHints":{"allow":["GET"]}}],"collection":[{"href":"https:\/\/dragonagricultural.com\/fr\/wp-json\/wp\/v2\/product"}],"about":[{"href":"https:\/\/dragonagricultural.com\/fr\/wp-json\/wp\/v2\/types\/product"}],"replies":[{"embeddable":true,"href":"https:\/\/dragonagricultural.com\/fr\/wp-json\/wp\/v2\/comments?post=4278"}],"wp:featuredmedia":[{"embeddable":true,"href":"https:\/\/dragonagricultural.com\/fr\/wp-json\/wp\/v2\/media\/4279"}],"wp:attachment":[{"href":"https:\/\/dragonagricultural.com\/fr\/wp-json\/wp\/v2\/media?parent=4278"}],"wp:term":[{"taxonomy":"product_brand","embeddable":true,"href":"https:\/\/dragonagricultural.com\/fr\/wp-json\/wp\/v2\/product_brand?post=4278"},{"taxonomy":"product_cat","embeddable":true,"href":"https:\/\/dragonagricultural.com\/fr\/wp-json\/wp\/v2\/product_cat?post=4278"},{"taxonomy":"product_tag","embeddable":true,"href":"https:\/\/dragonagricultural.com\/fr\/wp-json\/wp\/v2\/product_tag?post=4278"}],"curies":[{"name":"wp","href":"https:\/\/api.w.org\/{rel}","templated":true}]}}