{"id":4277,"date":"2025-11-04T05:00:43","date_gmt":"2025-11-04T05:00:43","guid":{"rendered":"https:\/\/dragonagricultural.com\/products\/pate-de-dragon-a-haute-teneur-en-phosphore\/"},"modified":"2025-12-08T13:11:56","modified_gmt":"2025-12-08T13:11:56","slug":"pate-de-dragon-a-haute-teneur-en-phosphore","status":"publish","type":"product","link":"https:\/\/dragonagricultural.com\/fr\/products\/pate-de-dragon\/pate-de-dragon-a-haute-teneur-en-phosphore\/","title":{"rendered":"P\u00e2te de dragon \u00e0 haute teneur en phosphore"},"content":{"rendered":"<p>La p\u00e2te Dragon High-phosphorus est essentielle pour stimuler la croissance des racines et le d\u00e9veloppement des plantes \u00e0 diff\u00e9rents stades de leur cycle de vie, ce qui permet de l&rsquo;utiliser pour favoriser la croissance des plantes \u00e0 un stade pr\u00e9coce. Ces produits sont con\u00e7us avec diff\u00e9rents ratios d&rsquo;azote, de phosphore et de potassium pour r\u00e9pondre aux diff\u00e9rents besoins des plantes, du d\u00e9veloppement des racines \u00e0 la sant\u00e9 g\u00e9n\u00e9rale et \u00e0 la productivit\u00e9. <\/p>\n<h3 data-start=\"1323\" data-end=\"1457\"><strong data-start=\"1326\" data-end=\"1364\">Formules disponibles (Toutes en % v\/v) :<br \/>\n<\/strong><\/h3>\n<div class=\"text\">\n<div class=\"text\">\n<ul>\n<li>12-61-0+TE<\/li>\n<li>13-40-13+TE<\/li>\n<li>13-70-13+TE<\/li>\n<li>18-44-0+TE<\/li>\n<li>20-50-10+TE<\/li>\n<\/ul>\n<\/div>\n<div class=\"text\"><strong style=\"color: #333333; font-size: 22px;\" data-start=\"2254\" data-end=\"2285\">Sp\u00e9cifications techniques \ud83e\uddea<\/strong><\/div>\n<\/div>\n<ul>\n<li>Aspect : P\u00e2te ; 100% soluble dans l&rsquo;eau<\/li>\n<li>pH : 2,5-3,5<\/li>\n<li>Toutes les formules sont enti\u00e8rement solubles et exemptes de chlorure, de sodium et de m\u00e9taux lourds.<\/li>\n<li>Volume : 1 kg, 5 kg, 10 kg, 20 kg<\/li>\n<li>Emballage : Seau PEHD avec sac int\u00e9rieur<\/li>\n<\/ul>\n<div>\n<div>\n<div><\/div>\n<\/div>\n<div>\n<div>\n<h3><strong data-start=\"366\" data-end=\"389\">M\u00e9thodes d&rsquo;application<\/strong><\/h3>\n<p data-start=\"390\" data-end=\"607\">\ud83d\udca7 <strong data-start=\"393\" data-end=\"408\">Fertigation<\/strong> \u2013 Convient aux syst\u00e8mes d&rsquo;irrigation, assurant un apport profond de nutriments \u00e0 la zone racinaire.<br data-start=\"493\" data-end=\"496\">\ud83c\udf3f <strong data-start=\"499\" data-end=\"521\">Application foliaire<\/strong> \u2013 Id\u00e9al pour une absorption rapide des nutriments par les feuilles pendant les phases critiques de croissance.<\/p>\n<\/div>\n<\/div>\n<\/div>\n","protected":false},"excerpt":{"rendered":"<p>La p\u00e2te Dragon High-phosphorus est essentielle pour stimuler la croissance des racines et le d\u00e9veloppement des plantes \u00e0 diff\u00e9rents stades de leur cycle de vie, ce qui permet de l&rsquo;utiliser pour favoriser la croissance des plantes \u00e0 un stade pr\u00e9coce. Ces produits sont con\u00e7us avec diff\u00e9rents ratios d&rsquo;azote, de phosphore et de potassium pour r\u00e9pondre [&hellip;]<\/p>\n","protected":false},"featured_media":4043,"comment_status":"open","ping_status":"closed","template":"","meta":{"_et_pb_use_builder":"","_et_pb_old_content":"","_et_gb_content_width":""},"product_brand":[],"product_cat":[118],"product_tag":[131,120,127,123,126,124,133,122,132,128,125,121,129,134,130],"class_list":{"0":"post-4277","1":"product","2":"type-product","3":"status-publish","4":"has-post-thumbnail","6":"product_cat-pate-de-dragon","7":"product_tag-developpement-des-plantes","8":"product_tag-dragon-ferti","9":"product_tag-engrais-de-demarrage","10":"product_tag-engrais-en-pate-npk","11":"product_tag-engrais-phosphore","12":"product_tag-engrais-pour-la-croissance-racinaire","13":"product_tag-engrais-pour-semis","14":"product_tag-engrais-riche-en-phosphore","15":"product_tag-enrichissement-en-phosphore","16":"product_tag-npk-riche-en-p","17":"product_tag-nutrition-des-plantes-au-stade-precoce","18":"product_tag-pate-dragon","19":"product_tag-pate-soluble-dans-leau","20":"product_tag-solutions-agricoles","21":"product_tag-stimulateur-de-racines","23":"first","24":"instock","25":"shipping-taxable","26":"product-type-simple"},"_links":{"self":[{"href":"https:\/\/dragonagricultural.com\/fr\/wp-json\/wp\/v2\/product\/4277","targetHints":{"allow":["GET"]}}],"collection":[{"href":"https:\/\/dragonagricultural.com\/fr\/wp-json\/wp\/v2\/product"}],"about":[{"href":"https:\/\/dragonagricultural.com\/fr\/wp-json\/wp\/v2\/types\/product"}],"replies":[{"embeddable":true,"href":"https:\/\/dragonagricultural.com\/fr\/wp-json\/wp\/v2\/comments?post=4277"}],"wp:featuredmedia":[{"embeddable":true,"href":"https:\/\/dragonagricultural.com\/fr\/wp-json\/wp\/v2\/media\/4043"}],"wp:attachment":[{"href":"https:\/\/dragonagricultural.com\/fr\/wp-json\/wp\/v2\/media?parent=4277"}],"wp:term":[{"taxonomy":"product_brand","embeddable":true,"href":"https:\/\/dragonagricultural.com\/fr\/wp-json\/wp\/v2\/product_brand?post=4277"},{"taxonomy":"product_cat","embeddable":true,"href":"https:\/\/dragonagricultural.com\/fr\/wp-json\/wp\/v2\/product_cat?post=4277"},{"taxonomy":"product_tag","embeddable":true,"href":"https:\/\/dragonagricultural.com\/fr\/wp-json\/wp\/v2\/product_tag?post=4277"}],"curies":[{"name":"wp","href":"https:\/\/api.w.org\/{rel}","templated":true}]}}