{"id":4271,"date":"2025-10-26T06:39:07","date_gmt":"2025-10-26T06:39:07","guid":{"rendered":"https:\/\/dragonagricultural.com\/products\/dragon-calibo\/"},"modified":"2025-12-10T10:04:56","modified_gmt":"2025-12-10T10:04:56","slug":"dragon-calibo","status":"publish","type":"product","link":"https:\/\/dragonagricultural.com\/fr\/products\/specialite-dragon\/dragon-calibo\/","title":{"rendered":"Dragon Calibo"},"content":{"rendered":"<p><strong>Dragon Calibo<\/strong> est un engrais en poudre soluble contenant du calcium complex\u00e9 par des acides carboxyliques et du bore sans nitrates, chlorures et sulfates, il pr\u00e9vient et gu\u00e9rit les carences en calcium.<\/p>\n<hr>\n<h3 data-start=\"85\" data-end=\"110\"><strong data-start=\"89\" data-end=\"108\">Avantages cl\u00e9s <\/strong><\/h3>\n<ul data-start=\"111\" data-end=\"667\">\n<li data-start=\"111\" data-end=\"203\">\n<p data-start=\"113\" data-end=\"203\"><strong data-start=\"113\" data-end=\"169\">Pr\u00e9vient et corrige les carences en calcium et en bore<\/strong>, assurant une sant\u00e9 optimale des plantes.<\/p>\n<\/li>\n<li data-start=\"204\" data-end=\"290\">\n<p data-start=\"206\" data-end=\"290\"><strong data-start=\"206\" data-end=\"228\">Am\u00e9liore la floraison<\/strong> et <strong data-start=\"233\" data-end=\"255\">favorise la nouaison<\/strong>, r\u00e9duisant la chute des fleurs et des fruits.<\/p>\n<\/li>\n<li data-start=\"291\" data-end=\"373\">\n<p data-start=\"293\" data-end=\"373\"><strong data-start=\"293\" data-end=\"319\">Renforce les parois cellulaires<\/strong>, am\u00e9liorant la fermet\u00e9, la qualit\u00e9 et la dur\u00e9e de conservation des fruits.<\/p>\n<\/li>\n<li data-start=\"374\" data-end=\"468\">\n<p data-start=\"376\" data-end=\"468\"><strong data-start=\"376\" data-end=\"418\">Am\u00e9liore le transport et l&rsquo;absorption des nutriments<\/strong>, soutenant une croissance et une productivit\u00e9 continues.<\/p>\n<\/li>\n<li data-start=\"469\" data-end=\"568\">\n<p data-start=\"471\" data-end=\"568\"><strong data-start=\"471\" data-end=\"492\">Augmente la r\u00e9sistance<\/strong> contre les troubles physiologiques caus\u00e9s par les carences en calcium et en bore.<\/p>\n<\/li>\n<li data-start=\"569\" data-end=\"667\">\n<p data-start=\"571\" data-end=\"667\"><strong data-start=\"571\" data-end=\"618\">Sans nitrates, chlorures et sulfates<\/strong>, le rendant s\u00fbr et compatible avec toutes les cultures.<\/p>\n<\/li>\n<\/ul>\n<hr>\n<p><strong style=\"color: #333333; font-size: 22px;\" data-start=\"854\" data-end=\"885\">Sp\u00e9cifications techniques \ud83e\uddea<\/strong><\/p>\n<ul data-start=\"886\" data-end=\"1246\">\n<li data-start=\"886\" data-end=\"927\">\n<p data-start=\"888\" data-end=\"927\"><strong data-start=\"888\" data-end=\"904\">Composition : % (p\/p)<\/strong><\/p>\n<ul data-start=\"886\" data-end=\"1246\">\n<li data-start=\"886\" data-end=\"927\">\n<p data-start=\"888\" data-end=\"927\"><strong>Calcium (CaO)<\/strong> : 30 %<\/p>\n<\/li>\n<li data-start=\"886\" data-end=\"927\">\n<p data-start=\"888\" data-end=\"927\"><strong>Bore (B) :<\/strong> 1 %<\/p>\n<\/li>\n<\/ul>\n<\/li>\n<li data-start=\"928\" data-end=\"979\">\n<p data-start=\"930\" data-end=\"979\"><strong data-start=\"930\" data-end=\"945\">Aspect :<\/strong> Poudre fine.<\/p>\n<\/li>\n<li data-start=\"980\" data-end=\"1009\">\n<p data-start=\"982\" data-end=\"1009\"><strong data-start=\"982\" data-end=\"997\">pH (1\/100) :<\/strong> 6,5 \u2013 7,5<\/p>\n<\/li>\n<li data-start=\"1167\" data-end=\"1194\">\n<p data-start=\"1169\" data-end=\"1194\"><strong data-start=\"1169\" data-end=\"1180\">Volume :<\/strong> 1 kg, 10 kg<\/p>\n<\/li>\n<li data-start=\"1195\" data-end=\"1246\">\n<p data-start=\"1197\" data-end=\"1246\"><strong data-start=\"1197\" data-end=\"1211\">Conditionnement :<\/strong> Sacs \/ sachets multicouches<\/p>\n<\/li>\n<\/ul>\n<hr data-start=\"669\" data-end=\"672\">\n<h3 data-start=\"1253\" data-end=\"1280\"><strong data-start=\"1257\" data-end=\"1280\">M\u00e9thodes d&rsquo;application<\/strong><\/h3>\n<p data-start=\"1281\" data-end=\"1551\">\ud83d\udca7 <strong data-start=\"1284\" data-end=\"1299\">Fertigation<\/strong> \u2013 Adapt\u00e9 aux syst\u00e8mes d&rsquo;irrigation, assurant un apport efficace de calcium et de bore directement \u00e0 la zone racinaire.<br data-start=\"1410\" data-end=\"1413\">\ud83c\udf3f <strong data-start=\"1416\" data-end=\"1438\">Application foliaire<\/strong> \u2013 Permet une absorption rapide du calcium et du bore par les feuilles pendant les stades de floraison et de d\u00e9veloppement des fruits.<\/p>\n","protected":false},"excerpt":{"rendered":"<p>Dragon Calibo est un engrais en poudre soluble contenant du calcium complex\u00e9 par des acides carboxyliques et du bore sans nitrates, chlorures et sulfates, il pr\u00e9vient et gu\u00e9rit les carences en calcium. Avantages cl\u00e9s Pr\u00e9vient et corrige les carences en calcium et en bore, assurant une sant\u00e9 optimale des plantes. Am\u00e9liore la floraison et favorise [&hellip;]<\/p>\n","protected":false},"featured_media":4272,"comment_status":"open","ping_status":"closed","template":"","meta":{"_et_pb_use_builder":"","_et_pb_old_content":"","_et_gb_content_width":""},"product_brand":[],"product_cat":[115,113],"product_tag":[],"class_list":{"0":"post-4271","1":"product","2":"type-product","3":"status-publish","4":"has-post-thumbnail","6":"product_cat-dragon-organic","7":"product_cat-specialite-dragon","9":"first","10":"instock","11":"shipping-taxable","12":"product-type-simple"},"_links":{"self":[{"href":"https:\/\/dragonagricultural.com\/fr\/wp-json\/wp\/v2\/product\/4271","targetHints":{"allow":["GET"]}}],"collection":[{"href":"https:\/\/dragonagricultural.com\/fr\/wp-json\/wp\/v2\/product"}],"about":[{"href":"https:\/\/dragonagricultural.com\/fr\/wp-json\/wp\/v2\/types\/product"}],"replies":[{"embeddable":true,"href":"https:\/\/dragonagricultural.com\/fr\/wp-json\/wp\/v2\/comments?post=4271"}],"wp:featuredmedia":[{"embeddable":true,"href":"https:\/\/dragonagricultural.com\/fr\/wp-json\/wp\/v2\/media\/4272"}],"wp:attachment":[{"href":"https:\/\/dragonagricultural.com\/fr\/wp-json\/wp\/v2\/media?parent=4271"}],"wp:term":[{"taxonomy":"product_brand","embeddable":true,"href":"https:\/\/dragonagricultural.com\/fr\/wp-json\/wp\/v2\/product_brand?post=4271"},{"taxonomy":"product_cat","embeddable":true,"href":"https:\/\/dragonagricultural.com\/fr\/wp-json\/wp\/v2\/product_cat?post=4271"},{"taxonomy":"product_tag","embeddable":true,"href":"https:\/\/dragonagricultural.com\/fr\/wp-json\/wp\/v2\/product_tag?post=4271"}],"curies":[{"name":"wp","href":"https:\/\/api.w.org\/{rel}","templated":true}]}}