{"id":4250,"date":"2025-10-26T06:48:03","date_gmt":"2025-10-26T06:48:03","guid":{"rendered":"https:\/\/dragonagricultural.com\/products\/dragon-flow-engrais-liquides-equilibres\/"},"modified":"2025-12-09T11:50:36","modified_gmt":"2025-12-09T11:50:36","slug":"dragon-flow-engrais-liquides-equilibres","status":"publish","type":"product","link":"https:\/\/dragonagricultural.com\/fr\/products\/dragon-liquid\/dragon-flow-engrais-liquides-equilibres\/","title":{"rendered":"Dragon Flow (Engrais liquides \u00e9quilibr\u00e9s)"},"content":{"rendered":"<p><strong><span class=\"a_GcMg font-feature-liga-off font-feature-clig-off font-feature-calt-off text-decoration-none text-strikethrough-none\">Dragon Flow Balance<\/span><\/strong><span class=\"a_GcMg font-feature-liga-off font-feature-clig-off font-feature-calt-off text-decoration-none text-strikethrough-none\"> pr\u00e9sente un ratio <strong>NPK parfaitement \u00e9quilibr\u00e9<\/strong>, favorisant une croissance v\u00e9g\u00e9tative productive tout au long du cycle de vie de la plante. Sa formulation avanc\u00e9e assure une solubilit\u00e9 compl\u00e8te dans l&rsquo;eau et une absorption rapide par les feuilles, d\u00e9livrant efficacement les nutriments essentiels. Cet engrais liquide polyvalent soutient un d\u00e9veloppement robuste et une productivit\u00e9 durable, le rendant id\u00e9al pour diverses cultures et stades de croissance.<\/span><\/p>\n<h3><strong data-start=\"1326\" data-end=\"1364\">Formules disponibles (Toutes en % v\/v) :<\/strong><\/h3>\n<ul class=\"list-unstyled service-details__choose-points\">\n<li>\n<div class=\"icon\"><span style=\"color: #0000ff;\"><strong>10-10-10<\/strong><\/span><\/div>\n<\/li>\n<li>\n<div class=\"icon\"><span style=\"color: #0000ff;\"><strong>13-13-13<\/strong><\/span><\/div>\n<\/li>\n<li>\n<div class=\"icon\"><span style=\"color: #0000ff;\"><strong>15-15-15<\/strong><\/span><\/div>\n<\/li>\n<\/ul>\n<p data-start=\"222\" data-end=\"255\"><strong data-start=\"222\" data-end=\"253\">Sp\u00e9cifications techniques \ud83e\uddea<\/strong><\/p>\n<ul data-start=\"256\" data-end=\"572\">\n<li data-start=\"256\" data-end=\"308\">\n<p data-start=\"258\" data-end=\"308\"><strong data-start=\"258\" data-end=\"273\">Apparence&nbsp;:<\/strong> Liquide clair&nbsp;; 100&nbsp;% soluble dans l\u2019eau<\/p>\n<\/li>\n<li data-start=\"309\" data-end=\"330\">\n<p data-start=\"311\" data-end=\"330\"><strong data-start=\"311\" data-end=\"318\">pH :<\/strong> 7 \u2013 8<\/p>\n<\/li>\n<li data-start=\"331\" data-end=\"419\">\n<p data-start=\"333\" data-end=\"419\"><strong data-start=\"333\" data-end=\"417\">Toutes les formules sont enti\u00e8rement solubles et exemptes de chlorure, de sodium et de m\u00e9taux lourds.<\/strong><\/p>\n<\/li>\n<li data-start=\"420\" data-end=\"450\">\n<p data-start=\"422\" data-end=\"450\"><strong data-start=\"422\" data-end=\"433\">Volume :<\/strong> 1 L, 5 L, 20 L<\/p>\n<\/li>\n<li data-start=\"451\" data-end=\"572\">\n<p data-start=\"453\" data-end=\"572\"><strong data-start=\"453\" data-end=\"467\">Conditionnement&nbsp;:<\/strong> bouteilles et jerricans.<\/p>\n<\/li>\n<\/ul>\n<p data-start=\"574\" data-end=\"816\"><strong data-start=\"574\" data-end=\"598\">M\u00e9thodes d&rsquo;application :<\/strong><br data-start=\"598\" data-end=\"601\">\ud83d\udca7 <strong data-start=\"604\" data-end=\"619\">Fertigation<\/strong> \u2013 Compatible avec tous les syst\u00e8mes d&rsquo;irrigation, assurant un apport profond de nutriments \u00e0 la zone racinaire.<br data-start=\"708\" data-end=\"711\">\ud83c\udf3f <strong data-start=\"714\" data-end=\"736\">Application foliaire<\/strong> \u2013 Id\u00e9ale pour une absorption rapide des nutriments par les feuilles pendant les phases critiques de croissance.<\/p>\n","protected":false},"excerpt":{"rendered":"<p>Dragon Flow Balance pr\u00e9sente un ratio NPK parfaitement \u00e9quilibr\u00e9, favorisant une croissance v\u00e9g\u00e9tative productive tout au long du cycle de vie de la plante. Sa formulation avanc\u00e9e assure une solubilit\u00e9 compl\u00e8te dans l&rsquo;eau et une absorption rapide par les feuilles, d\u00e9livrant efficacement les nutriments essentiels. Cet engrais liquide polyvalent soutient un d\u00e9veloppement robuste et une [&hellip;]<\/p>\n","protected":false},"featured_media":891,"comment_status":"open","ping_status":"closed","template":"","meta":{"_et_pb_use_builder":"","_et_pb_old_content":"","_et_gb_content_width":""},"product_brand":[],"product_cat":[135],"product_tag":[],"class_list":{"0":"post-4250","1":"product","2":"type-product","3":"status-publish","4":"has-post-thumbnail","6":"product_cat-dragon-liquid","8":"first","9":"instock","10":"shipping-taxable","11":"product-type-simple"},"_links":{"self":[{"href":"https:\/\/dragonagricultural.com\/fr\/wp-json\/wp\/v2\/product\/4250","targetHints":{"allow":["GET"]}}],"collection":[{"href":"https:\/\/dragonagricultural.com\/fr\/wp-json\/wp\/v2\/product"}],"about":[{"href":"https:\/\/dragonagricultural.com\/fr\/wp-json\/wp\/v2\/types\/product"}],"replies":[{"embeddable":true,"href":"https:\/\/dragonagricultural.com\/fr\/wp-json\/wp\/v2\/comments?post=4250"}],"wp:featuredmedia":[{"embeddable":true,"href":"https:\/\/dragonagricultural.com\/fr\/wp-json\/wp\/v2\/media\/891"}],"wp:attachment":[{"href":"https:\/\/dragonagricultural.com\/fr\/wp-json\/wp\/v2\/media?parent=4250"}],"wp:term":[{"taxonomy":"product_brand","embeddable":true,"href":"https:\/\/dragonagricultural.com\/fr\/wp-json\/wp\/v2\/product_brand?post=4250"},{"taxonomy":"product_cat","embeddable":true,"href":"https:\/\/dragonagricultural.com\/fr\/wp-json\/wp\/v2\/product_cat?post=4250"},{"taxonomy":"product_tag","embeddable":true,"href":"https:\/\/dragonagricultural.com\/fr\/wp-json\/wp\/v2\/product_tag?post=4250"}],"curies":[{"name":"wp","href":"https:\/\/api.w.org\/{rel}","templated":true}]}}