{"id":4237,"date":"2025-10-26T06:49:23","date_gmt":"2025-10-26T06:49:23","guid":{"rendered":"https:\/\/dragonagricultural.com\/products\/dragon-flow-high-pk-engrais-liquides\/"},"modified":"2025-12-09T11:50:01","modified_gmt":"2025-12-09T11:50:01","slug":"dragon-flow-high-pk-engrais-liquides","status":"publish","type":"product","link":"https:\/\/dragonagricultural.com\/fr\/products\/dragon-liquid\/dragon-flow-high-pk-engrais-liquides\/","title":{"rendered":"Dragon Flow High-PK (Engrais liquides)"},"content":{"rendered":"<h3 data-start=\"126\" data-end=\"171\"><strong data-start=\"130\" data-end=\"169\">Dragon High-PK Liquide (0-30-40 v\/v)<\/strong><\/h3>\n<p data-start=\"172\" data-end=\"366\"><strong data-start=\"172\" data-end=\"197\">Dragon High-PK Liquide<\/strong> est un engrais liquide premium formul\u00e9 avec des niveaux \u00e9lev\u00e9s de <strong data-start=\"260\" data-end=\"278\">phosphore (P)<\/strong> et de <strong data-start=\"283\" data-end=\"300\">potassium (K)<\/strong> pour favoriser la <strong data-start=\"312\" data-end=\"363\">floraison, la fructification et le d\u00e9veloppement des fruits<\/strong>.<\/p>\n<p data-start=\"368\" data-end=\"641\">Ce produit stimule la quantit\u00e9 de fleurs, augmente la taille des fruits, am\u00e9liore la couleur et la douceur, et augmente la teneur en solides solubles totaux. Il renforce \u00e9galement la r\u00e9sistance des plantes au stress, aux maladies et aux conditions d\u00e9favorables, assurant ainsi des rendements de meilleure qualit\u00e9 et une dur\u00e9e de conservation prolong\u00e9e. <\/p>\n<p data-start=\"643\" data-end=\"811\">Sa forme liquide permet une application facile et une absorption rapide par fertigation ou pulv\u00e9risation foliaire, ce qui le rend id\u00e9al pour une utilisation pendant les <strong data-start=\"776\" data-end=\"808\">phases de floraison et de fructification<\/strong>.<\/p>\n<p data-start=\"222\" data-end=\"255\"><strong data-start=\"222\" data-end=\"253\">Sp\u00e9cifications techniques \ud83e\uddea<\/strong><\/p>\n<ul data-start=\"256\" data-end=\"572\">\n<li data-start=\"256\" data-end=\"308\">\n<p data-start=\"258\" data-end=\"308\"><strong data-start=\"258\" data-end=\"273\">Apparence&nbsp;:<\/strong> Liquide clair&nbsp;; 100&nbsp;% soluble dans l\u2019eau<\/p>\n<\/li>\n<li data-start=\"309\" data-end=\"330\">\n<p data-start=\"311\" data-end=\"330\"><strong data-start=\"311\" data-end=\"318\">pH :<\/strong> 7 \u2013 8<\/p>\n<\/li>\n<li data-start=\"331\" data-end=\"419\">\n<p data-start=\"333\" data-end=\"419\"><strong data-start=\"333\" data-end=\"417\">Toutes les formules sont enti\u00e8rement solubles et exemptes de chlorure, de sodium et de m\u00e9taux lourds.<\/strong><\/p>\n<\/li>\n<li data-start=\"420\" data-end=\"450\">\n<p data-start=\"422\" data-end=\"450\"><strong data-start=\"422\" data-end=\"433\">Volume :<\/strong> 1 L, 5 L, 20 L<\/p>\n<\/li>\n<li data-start=\"451\" data-end=\"572\">\n<p data-start=\"453\" data-end=\"572\"><strong data-start=\"453\" data-end=\"467\">Conditionnement&nbsp;:<\/strong> bouteilles et jerricans.<\/p>\n<\/li>\n<\/ul>\n<p data-start=\"574\" data-end=\"816\"><strong data-start=\"574\" data-end=\"598\">M\u00e9thodes d&rsquo;application :<\/strong><br data-start=\"598\" data-end=\"601\">\ud83d\udca7 <strong data-start=\"604\" data-end=\"619\">Fertigation<\/strong> \u2013 Compatible avec tous les syst\u00e8mes d&rsquo;irrigation, assurant un apport profond de nutriments \u00e0 la zone racinaire.<br data-start=\"708\" data-end=\"711\">\ud83c\udf3f <strong data-start=\"714\" data-end=\"736\">Application foliaire<\/strong> \u2013 Id\u00e9ale pour une absorption rapide des nutriments par les feuilles pendant les phases critiques de croissance.<\/p>\n<div class=\"icon\"><\/div>\n","protected":false},"excerpt":{"rendered":"<p>Dragon High-PK Liquide (0-30-40 v\/v) Dragon High-PK Liquide est un engrais liquide premium formul\u00e9 avec des niveaux \u00e9lev\u00e9s de phosphore (P) et de potassium (K) pour favoriser la floraison, la fructification et le d\u00e9veloppement des fruits. Ce produit stimule la quantit\u00e9 de fleurs, augmente la taille des fruits, am\u00e9liore la couleur et la douceur, et [&hellip;]<\/p>\n","protected":false},"featured_media":4244,"comment_status":"open","ping_status":"closed","template":"","meta":{"_et_pb_use_builder":"","_et_pb_old_content":"","_et_gb_content_width":""},"product_brand":[],"product_cat":[135],"product_tag":[],"class_list":{"0":"post-4237","1":"product","2":"type-product","3":"status-publish","4":"has-post-thumbnail","6":"product_cat-dragon-liquid","8":"first","9":"instock","10":"shipping-taxable","11":"product-type-simple"},"_links":{"self":[{"href":"https:\/\/dragonagricultural.com\/fr\/wp-json\/wp\/v2\/product\/4237","targetHints":{"allow":["GET"]}}],"collection":[{"href":"https:\/\/dragonagricultural.com\/fr\/wp-json\/wp\/v2\/product"}],"about":[{"href":"https:\/\/dragonagricultural.com\/fr\/wp-json\/wp\/v2\/types\/product"}],"replies":[{"embeddable":true,"href":"https:\/\/dragonagricultural.com\/fr\/wp-json\/wp\/v2\/comments?post=4237"}],"wp:featuredmedia":[{"embeddable":true,"href":"https:\/\/dragonagricultural.com\/fr\/wp-json\/wp\/v2\/media\/4244"}],"wp:attachment":[{"href":"https:\/\/dragonagricultural.com\/fr\/wp-json\/wp\/v2\/media?parent=4237"}],"wp:term":[{"taxonomy":"product_brand","embeddable":true,"href":"https:\/\/dragonagricultural.com\/fr\/wp-json\/wp\/v2\/product_brand?post=4237"},{"taxonomy":"product_cat","embeddable":true,"href":"https:\/\/dragonagricultural.com\/fr\/wp-json\/wp\/v2\/product_cat?post=4237"},{"taxonomy":"product_tag","embeddable":true,"href":"https:\/\/dragonagricultural.com\/fr\/wp-json\/wp\/v2\/product_tag?post=4237"}],"curies":[{"name":"wp","href":"https:\/\/api.w.org\/{rel}","templated":true}]}}