{"id":4215,"date":"2025-10-26T14:41:14","date_gmt":"2025-10-26T14:41:14","guid":{"rendered":"https:\/\/dragonagricultural.com\/products\/pate-de-dragon-equilibree\/"},"modified":"2025-12-08T13:16:52","modified_gmt":"2025-12-08T13:16:52","slug":"pate-de-dragon-equilibree","status":"publish","type":"product","link":"https:\/\/dragonagricultural.com\/fr\/products\/pate-de-dragon\/pate-de-dragon-equilibree\/","title":{"rendered":"P\u00e2te de dragon \u00e9quilibr\u00e9e"},"content":{"rendered":"<h2>\u00c9quilibre parfait pour une maturation progressive des cultures<\/h2>\n<p data-start=\"293\" data-end=\"591\">Les formulations <strong data-start=\"695\" data-end=\"727\">Dragon Paste Balanced NPK<\/strong> sont con\u00e7ues pour soutenir la croissance des plantes \u00e0 chaque stade de d\u00e9veloppement. Ces formules apportent les trois macronutriments essentiels \u2014 <strong data-start=\"447\" data-end=\"486\">Azote, Phosphore et Potassium<\/strong> \u2014 dans des proportions pr\u00e9cises qui favorisent des racines fortes, un feuillage vibrant et une floraison et une fructification constantes. <\/p>\n<p data-start=\"593\" data-end=\"861\">Une carence en l&rsquo;un de ces nutriments cl\u00e9s peut limiter la vigueur des plantes, r\u00e9duire le rendement et retarder la maturit\u00e9. La <strong data-start=\"695\" data-end=\"727\">S\u00e9rie \u00c9quilibr\u00e9e Dragon Paste<\/strong> assure une nutrition compl\u00e8te et des performances \u00e0 long terme, en particulier pour les cultures qui poussent et m\u00fbrissent progressivement tout au long de la saison. <\/p>\n<h3 data-start=\"863\" data-end=\"893\"><strong data-start=\"866\" data-end=\"891\">Formules en vedette :<\/strong><\/h3>\n<ul>\n<li data-start=\"846\" data-end=\"1235\"><span style=\"color: #0c266e;\"><strong data-start=\"846\" data-end=\"874\">Dragon Paste 30-30-30+TE<\/strong><\/span> \u2014 Une formule NPK enti\u00e8rement \u00e9quilibr\u00e9e et hautement concentr\u00e9e, enrichie en oligo-\u00e9l\u00e9ments, id\u00e9ale pour soutenir une croissance v\u00e9g\u00e9tative continue, am\u00e9liorer la formation de chlorophylle et augmenter la tol\u00e9rance au stress.<br data-start=\"1066\" data-end=\"1069\"><em data-start=\"1074\" data-end=\"1233\">Dragon Ferti est fier d&rsquo;\u00eatre le premier fabricant en Jordanie \u00e0 d\u00e9velopper la formule de p\u00e2te 30-30-30 \u2014 une v\u00e9ritable innovation dans la technologie des engrais concentr\u00e9s.<\/em><\/li>\n<li data-start=\"1119\" data-end=\"1321\">\n<p data-start=\"1121\" data-end=\"1321\"><span style=\"color: #0c266e;\"><strong data-start=\"1121\" data-end=\"1153\">Dragon Paste 15-15-15+35% MO<\/strong><\/span> \u2014 Combine une nutrition \u00e9quilibr\u00e9e avec de la <em>mati\u00e8re organique<\/em> pour am\u00e9liorer la structure du sol, augmenter la r\u00e9tention des nutriments et stimuler l&rsquo;activit\u00e9 microbienne pour la sant\u00e9 du sol \u00e0 long terme.<\/p>\n<\/li>\n<\/ul>\n<h3 data-start=\"1323\" data-end=\"1457\"><strong data-start=\"1326\" data-end=\"1364\">Formules disponibles (Toutes en % v\/v) :<br \/>\n<\/strong><\/h3>\n<div class=\"text\">\n<ul>\n<li><span style=\"color: #0c266e;\">15-15-15+35% MO <\/span><\/li>\n<li><span style=\"color: #0c266e;\">20-20-20+TE<\/span><\/li>\n<li class=\"icon\"><span style=\"color: #0c266e;\">22-22-22+TE<\/span><\/li>\n<li class=\"icon\"><span style=\"color: #0c266e;\">25-25-18+2 MgO<\/span><\/li>\n<li class=\"icon\"><span style=\"color: #0c266e;\">25-25-25+TE<\/span><\/li>\n<li class=\"icon\"><span style=\"color: #0c266e;\">30-30-30+TE<\/span><\/li>\n<\/ul>\n<\/div>\n<h3><strong data-start=\"2254\" data-end=\"2285\">Sp\u00e9cifications techniques \ud83e\uddea<br \/>\n<\/strong><\/h3>\n<ul>\n<li>Aspect : P\u00e2te ; 100% soluble dans l&rsquo;eau<\/li>\n<li>pH : 2,5-3,5<\/li>\n<li>Toutes les formules sont enti\u00e8rement solubles et exemptes de chlorure, de sodium et de m\u00e9taux lourds.<\/li>\n<li>Volume : 1 kg, 5 kg, 10 kg, 20 kg<\/li>\n<li>Emballage : Seau PEHD avec sac int\u00e9rieur<\/li>\n<\/ul>\n<div>\n<div>\n<div><\/div>\n<\/div>\n<div>\n<div>\n<h3><strong data-start=\"366\" data-end=\"389\">M\u00e9thodes d&rsquo;application<\/strong><\/h3>\n<p data-start=\"390\" data-end=\"607\">\ud83d\udca7 <strong data-start=\"393\" data-end=\"408\">Fertigation<\/strong> \u2013 Convient aux syst\u00e8mes d&rsquo;irrigation, assurant un apport profond de nutriments \u00e0 la zone racinaire.<br data-start=\"493\" data-end=\"496\">\ud83c\udf3f <strong data-start=\"499\" data-end=\"521\">Application foliaire<\/strong> \u2013 Id\u00e9al pour une absorption rapide des nutriments par les feuilles pendant les stades critiques de croissance.<\/p>\n<p data-start=\"609\" data-end=\"713\">\n<\/div>\n<\/div>\n<\/div>\n<p data-start=\"1323\" data-end=\"1457\"><strong data-start=\"1326\" data-end=\"1364\"> <\/strong><\/p>\n","protected":false},"excerpt":{"rendered":"<p>\u00c9quilibre parfait pour une maturation progressive des cultures Les formulations Dragon Paste Balanced NPK sont con\u00e7ues pour soutenir la croissance des plantes \u00e0 chaque stade de d\u00e9veloppement. Ces formules apportent les trois macronutriments essentiels \u2014 Azote, Phosphore et Potassium \u2014 dans des proportions pr\u00e9cises qui favorisent des racines fortes, un feuillage vibrant et une floraison [&hellip;]<\/p>\n","protected":false},"featured_media":2450,"comment_status":"open","ping_status":"closed","template":"","meta":{"_et_pb_use_builder":"","_et_pb_old_content":"","_et_gb_content_width":""},"product_brand":[],"product_cat":[118],"product_tag":[131,120,127,123,126,124,133,132,219,125,121,129,134,130],"class_list":{"0":"post-4215","1":"product","2":"type-product","3":"status-publish","4":"has-post-thumbnail","6":"product_cat-pate-de-dragon","7":"product_tag-developpement-des-plantes","8":"product_tag-dragon-ferti","9":"product_tag-engrais-de-demarrage","10":"product_tag-engrais-en-pate-npk","11":"product_tag-engrais-phosphore","12":"product_tag-engrais-pour-la-croissance-racinaire","13":"product_tag-engrais-pour-semis","14":"product_tag-enrichissement-en-phosphore","15":"product_tag-equilibre","16":"product_tag-nutrition-des-plantes-au-stade-precoce","17":"product_tag-pate-dragon","18":"product_tag-pate-soluble-dans-leau","19":"product_tag-solutions-agricoles","20":"product_tag-stimulateur-de-racines","22":"first","23":"instock","24":"shipping-taxable","25":"product-type-simple"},"_links":{"self":[{"href":"https:\/\/dragonagricultural.com\/fr\/wp-json\/wp\/v2\/product\/4215","targetHints":{"allow":["GET"]}}],"collection":[{"href":"https:\/\/dragonagricultural.com\/fr\/wp-json\/wp\/v2\/product"}],"about":[{"href":"https:\/\/dragonagricultural.com\/fr\/wp-json\/wp\/v2\/types\/product"}],"replies":[{"embeddable":true,"href":"https:\/\/dragonagricultural.com\/fr\/wp-json\/wp\/v2\/comments?post=4215"}],"wp:featuredmedia":[{"embeddable":true,"href":"https:\/\/dragonagricultural.com\/fr\/wp-json\/wp\/v2\/media\/2450"}],"wp:attachment":[{"href":"https:\/\/dragonagricultural.com\/fr\/wp-json\/wp\/v2\/media?parent=4215"}],"wp:term":[{"taxonomy":"product_brand","embeddable":true,"href":"https:\/\/dragonagricultural.com\/fr\/wp-json\/wp\/v2\/product_brand?post=4215"},{"taxonomy":"product_cat","embeddable":true,"href":"https:\/\/dragonagricultural.com\/fr\/wp-json\/wp\/v2\/product_cat?post=4215"},{"taxonomy":"product_tag","embeddable":true,"href":"https:\/\/dragonagricultural.com\/fr\/wp-json\/wp\/v2\/product_tag?post=4215"}],"curies":[{"name":"wp","href":"https:\/\/api.w.org\/{rel}","templated":true}]}}