{"id":4195,"date":"2025-10-26T06:39:42","date_gmt":"2025-10-26T06:39:42","guid":{"rendered":"https:\/\/dragonagricultural.com\/products\/dragon-purecal\/"},"modified":"2025-12-09T11:50:49","modified_gmt":"2025-12-09T11:50:49","slug":"dragon-purecal","status":"publish","type":"product","link":"https:\/\/dragonagricultural.com\/fr\/products\/specialite-dragon\/dragon-purecal\/","title":{"rendered":"Dragon PureCal"},"content":{"rendered":"<p data-start=\"156\" data-end=\"339\"><strong data-start=\"156\" data-end=\"174\">Dragon PureCal<\/strong> est un <strong data-start=\"180\" data-end=\"230\">engrais calcique premium, 100 % soluble dans l&rsquo;eau<\/strong>, totalement <strong data-start=\"243\" data-end=\"292\">exempt de chlorures, de sodium et de m\u00e9taux lourds<\/strong>, le rendant s\u00fbr et efficace pour toutes les cultures. Avec un <strong data-start=\"348\" data-end=\"362\">pH neutre<\/strong>, il r\u00e9pond aux besoins vari\u00e9s des cultures et am\u00e9liore <strong data-start=\"408\" data-end=\"454\">la fermet\u00e9 des fruits, le rendement et la qualit\u00e9 globale<\/strong>.<\/p>\n<hr data-start=\"882\" data-end=\"885\">\n<h3 data-start=\"887\" data-end=\"910\"><strong data-start=\"891\" data-end=\"910\">Principaux avantages<\/strong><\/h3>\n<ul data-start=\"911\" data-end=\"1306\">\n<li data-start=\"911\" data-end=\"972\">\n<p data-start=\"913\" data-end=\"972\">Pr\u00e9vient et corrige efficacement les <strong data-start=\"935\" data-end=\"957\">carences en calcium<\/strong>.<\/p>\n<\/li>\n<li data-start=\"973\" data-end=\"1036\">\n<p data-start=\"975\" data-end=\"1036\">Am\u00e9liore la <strong data-start=\"984\" data-end=\"1002\">fermet\u00e9 des fruits<\/strong>, la dur\u00e9e de conservation et la commercialisation.<\/p>\n<\/li>\n<li data-start=\"1037\" data-end=\"1082\">\n<p data-start=\"1039\" data-end=\"1082\">R\u00e9duit la <strong data-start=\"1047\" data-end=\"1079\">fissuration et la n\u00e9crose apicale<\/strong>.<\/p>\n<\/li>\n<li data-start=\"1083\" data-end=\"1162\">\n<p data-start=\"1085\" data-end=\"1162\">Renforce les tiges et am\u00e9liore la <strong data-start=\"1116\" data-end=\"1142\">translocation des nutriments<\/strong> dans la plante.<\/p>\n<\/li>\n<li data-start=\"1163\" data-end=\"1230\">\n<p data-start=\"1165\" data-end=\"1230\">Augmente la r\u00e9sistance au <strong data-start=\"1186\" data-end=\"1196\">stress<\/strong> et aux fluctuations environnementales.<\/p>\n<\/li>\n<\/ul>\n<hr data-start=\"1308\" data-end=\"1311\">\n<h3 data-start=\"1313\" data-end=\"1348\"><strong data-start=\"1317\" data-end=\"1348\">Sp\u00e9cifications techniques \ud83e\uddea<\/strong><\/h3>\n<ul data-start=\"1349\" data-end=\"1701\">\n<li data-start=\"1349\" data-end=\"1383\">\n<p data-start=\"1351\" data-end=\"1383\"><strong data-start=\"1351\" data-end=\"1367\">Composition : % (p\/p)<\/strong><\/p>\n<ul data-start=\"1349\" data-end=\"1701\">\n<li data-start=\"1349\" data-end=\"1383\">\n<p data-start=\"1351\" data-end=\"1383\">Calcium (CaO) : 32 %<\/p>\n<\/li>\n<\/ul>\n<\/li>\n<li data-start=\"1384\" data-end=\"1435\">\n<p data-start=\"1386\" data-end=\"1435\"><strong data-start=\"1386\" data-end=\"1401\">Aspect :<\/strong> Poudre fine<\/p>\n<\/li>\n<li data-start=\"1436\" data-end=\"1465\">\n<p data-start=\"1438\" data-end=\"1465\"><strong data-start=\"1438\" data-end=\"1453\">pH (1\/100) :<\/strong> 6,5 \u2013 7,5<\/p>\n<\/li>\n<li data-start=\"1533\" data-end=\"1621\"><strong data-start=\"1624\" data-end=\"1635\">Volume :<\/strong> 1 kg, 10 kg<\/li>\n<li data-start=\"1650\" data-end=\"1701\">\n<p data-start=\"1652\" data-end=\"1701\"><strong data-start=\"1652\" data-end=\"1666\">Conditionnement :<\/strong> Sacs \/ sachets multicouches<\/p>\n<\/li>\n<\/ul>\n<hr data-start=\"1703\" data-end=\"1706\">\n<h3 data-start=\"1708\" data-end=\"1735\"><strong data-start=\"1712\" data-end=\"1735\">M\u00e9thodes d&rsquo;application<\/strong><\/h3>\n<p data-start=\"1736\" data-end=\"1989\">\ud83d\udca7 <strong data-start=\"1739\" data-end=\"1754\">Fertigation<\/strong> \u2013 Assure un apport efficace de calcium directement \u00e0 la zone racinaire, pr\u00e9venant les carences calciques.<br data-start=\"1851\" data-end=\"1854\">\ud83c\udf3f <strong data-start=\"1857\" data-end=\"1879\">Application foliaire<\/strong> \u2013 Fournit une absorption rapide du calcium par les feuilles durant les phases critiques de croissance et de d\u00e9veloppement des fruits.<\/p>\n","protected":false},"excerpt":{"rendered":"<p>Dragon PureCal est un engrais calcique premium, 100 % soluble dans l&rsquo;eau, totalement exempt de chlorures, de sodium et de m\u00e9taux lourds, le rendant s\u00fbr et efficace pour toutes les cultures. Avec un pH neutre, il r\u00e9pond aux besoins vari\u00e9s des cultures et am\u00e9liore la fermet\u00e9 des fruits, le rendement et la qualit\u00e9 globale. Principaux [&hellip;]<\/p>\n","protected":false},"featured_media":4196,"comment_status":"open","ping_status":"closed","template":"","meta":{"_et_pb_use_builder":"","_et_pb_old_content":"","_et_gb_content_width":""},"product_brand":[],"product_cat":[115,113],"product_tag":[],"class_list":{"0":"post-4195","1":"product","2":"type-product","3":"status-publish","4":"has-post-thumbnail","6":"product_cat-dragon-organic","7":"product_cat-specialite-dragon","9":"first","10":"instock","11":"shipping-taxable","12":"product-type-simple"},"_links":{"self":[{"href":"https:\/\/dragonagricultural.com\/fr\/wp-json\/wp\/v2\/product\/4195","targetHints":{"allow":["GET"]}}],"collection":[{"href":"https:\/\/dragonagricultural.com\/fr\/wp-json\/wp\/v2\/product"}],"about":[{"href":"https:\/\/dragonagricultural.com\/fr\/wp-json\/wp\/v2\/types\/product"}],"replies":[{"embeddable":true,"href":"https:\/\/dragonagricultural.com\/fr\/wp-json\/wp\/v2\/comments?post=4195"}],"wp:featuredmedia":[{"embeddable":true,"href":"https:\/\/dragonagricultural.com\/fr\/wp-json\/wp\/v2\/media\/4196"}],"wp:attachment":[{"href":"https:\/\/dragonagricultural.com\/fr\/wp-json\/wp\/v2\/media?parent=4195"}],"wp:term":[{"taxonomy":"product_brand","embeddable":true,"href":"https:\/\/dragonagricultural.com\/fr\/wp-json\/wp\/v2\/product_brand?post=4195"},{"taxonomy":"product_cat","embeddable":true,"href":"https:\/\/dragonagricultural.com\/fr\/wp-json\/wp\/v2\/product_cat?post=4195"},{"taxonomy":"product_tag","embeddable":true,"href":"https:\/\/dragonagricultural.com\/fr\/wp-json\/wp\/v2\/product_tag?post=4195"}],"curies":[{"name":"wp","href":"https:\/\/api.w.org\/{rel}","templated":true}]}}