{"id":4188,"date":"2025-10-26T08:54:02","date_gmt":"2025-10-26T08:54:02","guid":{"rendered":"https:\/\/dragonagricultural.com\/products\/dragon-fert-riche-en-potassium\/"},"modified":"2025-12-08T13:21:08","modified_gmt":"2025-12-08T13:21:08","slug":"dragon-fert-riche-en-potassium","status":"publish","type":"product","link":"https:\/\/dragonagricultural.com\/fr\/products\/dragon-fert-poudre-soluble\/dragon-fert-riche-en-potassium\/","title":{"rendered":"Dragon Fert Riche en Potassium"},"content":{"rendered":"<div class=\"accrodion active\">\n<div class=\"accrodion-content\">\n<div class=\"inner\">\n<p><strong>Dragon Fert \u00e0 forte teneur en potassium<\/strong>, essentiel pendant les phases de d\u00e9veloppement et de maturation des fruits. Le potassium est crucial pour la translocation des sucres, am\u00e9liorant la qualit\u00e9 de la plante et des fruits. Il contribue \u00e9galement \u00e0 am\u00e9liorer et augmenter la taille des fruits, le rendement, la qualit\u00e9 des fruits, la tige et le diam\u00e8tre des ramifications. Chacune de nos formules pr\u00e9sente un niveau d&rsquo;acidit\u00e9 \u00e9lev\u00e9, servant \u00e0 diminuer l&rsquo;alcalinit\u00e9 dans la zone racinaire et lib\u00e9rer les \u00e9l\u00e9ments fix\u00e9s des applications pr\u00e9c\u00e9dentes, garantissant une absorption optimale des nutriments par les plantes.   <\/p>\n<h3 data-start=\"1323\" data-end=\"1457\"><strong data-start=\"1326\" data-end=\"1364\">Formules disponibles (toutes en % p\/p) :<\/strong><\/h3>\n<ul class=\"list-unstyled service-details__choose-points\">\n<li>\n<div class=\"icon\"><strong><span style=\"color: #800000;\">10-10-32 + 2 % MgO<\/span><\/strong><\/div>\n<\/li>\n<li>\n<div class=\"icon\"><strong><span style=\"color: #800000;\">10-10-40+OE<\/span><\/strong><\/div>\n<\/li>\n<li>\n<div class=\"icon\"><strong><span style=\"color: #800000;\">12-8-30 + 3 % CaO<\/span><\/strong><\/div>\n<\/li>\n<li>\n<div class=\"icon\"><strong><span style=\"color: #800000;\">12-12-36+OE<\/span><\/strong><\/div>\n<\/li>\n<li>\n<div class=\"icon\"><strong><span style=\"color: #800000;\">14-8-24 + 6 % CaO<\/span><\/strong><\/div>\n<\/li>\n<li>\n<div class=\"icon\"><strong><span style=\"color: #800000;\">17-10-27+OE<\/span><\/strong><\/div>\n<\/li>\n<li>\n<div class=\"icon\"><strong><span style=\"color: #800000;\">17-10-27 + 3 % MgO<\/span><\/strong><\/div>\n<\/li>\n<\/ul>\n<\/div>\n<\/div>\n<\/div>\n<div class=\"accrodion\">\n<div class=\"accrodion-title\">\n<h3><strong data-start=\"2254\" data-end=\"2285\">Sp\u00e9cifications techniques \ud83e\uddea<br \/>\n<\/strong><\/h3>\n<ul>\n<li>Aspect : Poudre cristalline fine ; 100 % hydrosoluble<\/li>\n<li>pH : 4,5-5,5<\/li>\n<li>Toutes les formules sont enti\u00e8rement solubles et exemptes de chlorure, de sodium et de m\u00e9taux lourds.<\/li>\n<li>Volume : 1 kg, 10 kg, 25 kg<\/li>\n<li>Emballage : Sacs \/ sachets multicouches\n<div class=\"_tableContainer_1rjym_1\">\n<div class=\"group _tableWrapper_1rjym_13 flex w-fit flex-col-reverse\" tabindex=\"-1\"><\/div>\n<\/div>\n<\/li>\n<\/ul>\n<div>\n<div>\n<div>\n<h3><strong data-start=\"366\" data-end=\"389\">M\u00e9thodes d&rsquo;application<\/strong><\/h3>\n<p data-start=\"390\" data-end=\"607\">\ud83d\udca7 <strong data-start=\"393\" data-end=\"408\">Fertigation<\/strong> \u2013 Adapt\u00e9 aux syst\u00e8mes d&rsquo;irrigation, assurant un apport nutritif en profondeur jusqu&rsquo;\u00e0 la zone racinaire.<br data-start=\"493\" data-end=\"496\">\ud83c\udf3f <strong data-start=\"499\" data-end=\"521\">Application foliaire<\/strong> \u2013 Id\u00e9al pour une absorption rapide des nutriments par les feuilles pendant les phases critiques de croissance.<\/p>\n<\/div>\n<\/div>\n<\/div>\n<\/div>\n<\/div>\n","protected":false},"excerpt":{"rendered":"<p>Dragon Fert \u00e0 forte teneur en potassium, essentiel pendant les phases de d\u00e9veloppement et de maturation des fruits. Le potassium est crucial pour la translocation des sucres, am\u00e9liorant la qualit\u00e9 de la plante et des fruits. Il contribue \u00e9galement \u00e0 am\u00e9liorer et augmenter la taille des fruits, le rendement, la qualit\u00e9 des fruits, la tige [&hellip;]<\/p>\n","protected":false},"featured_media":4191,"comment_status":"open","ping_status":"closed","template":"","meta":{"_et_pb_use_builder":"","_et_pb_old_content":"","_et_gb_content_width":""},"product_brand":[],"product_cat":[116],"product_tag":[],"class_list":{"0":"post-4188","1":"product","2":"type-product","3":"status-publish","4":"has-post-thumbnail","6":"product_cat-dragon-fert-poudre-soluble","8":"first","9":"instock","10":"shipping-taxable","11":"product-type-simple"},"_links":{"self":[{"href":"https:\/\/dragonagricultural.com\/fr\/wp-json\/wp\/v2\/product\/4188","targetHints":{"allow":["GET"]}}],"collection":[{"href":"https:\/\/dragonagricultural.com\/fr\/wp-json\/wp\/v2\/product"}],"about":[{"href":"https:\/\/dragonagricultural.com\/fr\/wp-json\/wp\/v2\/types\/product"}],"replies":[{"embeddable":true,"href":"https:\/\/dragonagricultural.com\/fr\/wp-json\/wp\/v2\/comments?post=4188"}],"wp:featuredmedia":[{"embeddable":true,"href":"https:\/\/dragonagricultural.com\/fr\/wp-json\/wp\/v2\/media\/4191"}],"wp:attachment":[{"href":"https:\/\/dragonagricultural.com\/fr\/wp-json\/wp\/v2\/media?parent=4188"}],"wp:term":[{"taxonomy":"product_brand","embeddable":true,"href":"https:\/\/dragonagricultural.com\/fr\/wp-json\/wp\/v2\/product_brand?post=4188"},{"taxonomy":"product_cat","embeddable":true,"href":"https:\/\/dragonagricultural.com\/fr\/wp-json\/wp\/v2\/product_cat?post=4188"},{"taxonomy":"product_tag","embeddable":true,"href":"https:\/\/dragonagricultural.com\/fr\/wp-json\/wp\/v2\/product_tag?post=4188"}],"curies":[{"name":"wp","href":"https:\/\/api.w.org\/{rel}","templated":true}]}}