{"id":4142,"date":"2025-11-06T05:47:53","date_gmt":"2025-11-06T05:47:53","guid":{"rendered":"https:\/\/dragonagricultural.com\/products\/dragon-mix-plus\/"},"modified":"2025-12-08T13:12:05","modified_gmt":"2025-12-08T13:12:05","slug":"dragon-mix-plus","status":"publish","type":"product","link":"https:\/\/dragonagricultural.com\/fr\/products\/dragon-organic\/dragon-mix-plus\/","title":{"rendered":"Dragon Mix Plus"},"content":{"rendered":"<p data-start=\"222\" data-end=\"493\"><strong data-start=\"222\" data-end=\"241\">Dragon Mix Plus<\/strong> est une <strong data-start=\"256\" data-end=\"275\">solution liquide<\/strong> \u00e9quilibr\u00e9e contenant des <strong data-start=\"297\" data-end=\"315\">micronutriments<\/strong> essentiels \u2014 <strong data-start=\"318\" data-end=\"383\">Fer (Fe), Zinc (Zn), Mangan\u00e8se (Mn), Cuivre (Cu), Bore (B)<\/strong> et <strong data-start=\"388\" data-end=\"407\">Molybd\u00e8ne (Mo)<\/strong> \u2014 tous sous des formes enti\u00e8rement ch\u00e9lat\u00e9es pour assurer une absorption maximale et une efficacit\u00e9 des nutriments.<\/p>\n<p data-start=\"495\" data-end=\"953\">Cette formulation avanc\u00e9e est con\u00e7ue pour <strong data-start=\"536\" data-end=\"560\">soutenir la croissance des plantes<\/strong>, <strong data-start=\"562\" data-end=\"589\">am\u00e9liorer les fonctions vitales<\/strong> et <strong data-start=\"595\" data-end=\"644\">pr\u00e9venir ou corriger les carences en micronutriments<\/strong>.<br data-start=\"645\" data-end=\"648\">Les oligo-\u00e9l\u00e9ments contenus dans <strong data-start=\"666\" data-end=\"685\">Dragon Mix Plus<\/strong> jouent un r\u00f4le cl\u00e9 dans l&rsquo;<strong data-start=\"705\" data-end=\"726\">activation des enzymes<\/strong>, la <strong data-start=\"728\" data-end=\"746\">photosynth\u00e8se<\/strong> et le <strong data-start=\"752\" data-end=\"784\">renforcement de l&rsquo;immunit\u00e9 des plantes<\/strong>.<\/p>\n<hr data-start=\"955\" data-end=\"958\">\n<h4 data-start=\"960\" data-end=\"981\"><strong data-start=\"965\" data-end=\"981\">Principaux avantages<\/strong><\/h4>\n<ul data-start=\"982\" data-end=\"1413\">\n<li data-start=\"982\" data-end=\"1043\">\n<p data-start=\"984\" data-end=\"1043\">Fournit un <strong data-start=\"993\" data-end=\"1026\">apport \u00e9quilibr\u00e9 en micronutriments<\/strong> pour toutes les cultures.<\/p>\n<\/li>\n<li data-start=\"1044\" data-end=\"1113\">\n<p data-start=\"1046\" data-end=\"1113\">Corrige et pr\u00e9vient efficacement les <strong data-start=\"1068\" data-end=\"1098\">carences en oligo-\u00e9l\u00e9ments<\/strong>.<\/p>\n<\/li>\n<li data-start=\"1114\" data-end=\"1198\">\n<p data-start=\"1116\" data-end=\"1198\">Am\u00e9liore la <strong data-start=\"1125\" data-end=\"1143\">photosynth\u00e8se<\/strong>, la <strong data-start=\"1145\" data-end=\"1170\">formation de chlorophylle<\/strong> et l&rsquo;<strong data-start=\"1176\" data-end=\"1195\">activit\u00e9 enzymatique<\/strong>.<\/p>\n<\/li>\n<li data-start=\"1199\" data-end=\"1264\">\n<p data-start=\"1201\" data-end=\"1264\">Favorise la <strong data-start=\"1210\" data-end=\"1234\">floraison, la nouaison<\/strong> et am\u00e9liore la qualit\u00e9 des r\u00e9coltes.<\/p>\n<\/li>\n<li data-start=\"1265\" data-end=\"1329\">\n<p data-start=\"1267\" data-end=\"1329\">Renforce la <strong data-start=\"1279\" data-end=\"1304\">r\u00e9ponse immunitaire des plantes<\/strong> et la r\u00e9sistance au stress.<\/p>\n<\/li>\n<\/ul>\n<hr data-start=\"1415\" data-end=\"1418\">\n<h4 data-start=\"1420\" data-end=\"1456\"><strong data-start=\"1425\" data-end=\"1456\">Sp\u00e9cifications techniques \ud83e\uddea<\/strong><\/h4>\n<ul data-start=\"1457\" data-end=\"1865\">\n<li data-start=\"1457\" data-end=\"1480\"><strong>Composition : %(v\/v)<\/strong>\n<ul data-start=\"1383\" data-end=\"1679\">\n<li data-start=\"1383\" data-end=\"1413\"><strong data-start=\"1459\" data-end=\"1473\">Fer (Fe) :<\/strong> 2,0 %<\/li>\n<li data-start=\"1481\" data-end=\"1509\">\n<p data-start=\"1483\" data-end=\"1509\"><strong data-start=\"1483\" data-end=\"1502\">Mangan\u00e8se (Mn) :<\/strong> 2,0 %<\/p>\n<\/li>\n<li data-start=\"1510\" data-end=\"1533\">\n<p data-start=\"1512\" data-end=\"1533\"><strong data-start=\"1512\" data-end=\"1526\">Zinc (Zn) :<\/strong> 2,0 %<\/p>\n<\/li>\n<li data-start=\"1534\" data-end=\"1569\">\n<p data-start=\"1536\" data-end=\"1569\"><strong data-start=\"1536\" data-end=\"1562\">Oxyde de magn\u00e9sium (MgO) :<\/strong> 1,0 %<\/p>\n<\/li>\n<li data-start=\"1570\" data-end=\"1595\">\n<p data-start=\"1572\" data-end=\"1595\"><strong data-start=\"1572\" data-end=\"1588\">Cuivre (Cu) :<\/strong> 0,5 %<\/p>\n<\/li>\n<li data-start=\"1596\" data-end=\"1619\">\n<p data-start=\"1598\" data-end=\"1619\"><strong data-start=\"1598\" data-end=\"1612\">Bore (B) :<\/strong> 0,3 %<\/p>\n<\/li>\n<li data-start=\"1620\" data-end=\"1650\">\n<p data-start=\"1622\" data-end=\"1650\"><strong data-start=\"1622\" data-end=\"1642\">Molybd\u00e8ne (Mo) :<\/strong> 0,05 %<\/p>\n<\/li>\n<\/ul>\n<\/li>\n<li data-start=\"1651\" data-end=\"1680\">\n<p data-start=\"1653\" data-end=\"1680\"><strong data-start=\"1653\" data-end=\"1668\">pH (1\/100) :<\/strong> 3,0 \u2013 4,0<\/p>\n<\/li>\n<li data-start=\"1651\" data-end=\"1680\">\n<p data-start=\"1653\" data-end=\"1680\"><strong data-start=\"141\" data-end=\"156\">Aspect :<\/strong> Liquide<\/p>\n<\/li>\n<li data-start=\"1651\" data-end=\"1680\">\n<p data-start=\"1653\" data-end=\"1680\"><strong data-start=\"360\" data-end=\"375\">Solubilit\u00e9 :<\/strong> Enti\u00e8rement soluble et exempt de chlorure, sodium et m\u00e9taux lourds<\/p>\n<\/li>\n<li data-start=\"1651\" data-end=\"1680\">\n<p data-start=\"1653\" data-end=\"1680\"><strong data-start=\"443\" data-end=\"454\">Volume :<\/strong> 1 L, 5 L, 20 L<\/p>\n<\/li>\n<li data-start=\"1651\" data-end=\"1680\">\n<p data-start=\"1653\" data-end=\"1680\"><strong data-start=\"474\" data-end=\"488\">Conditionnement :<\/strong> Bouteille \/ Bidon PEHD<\/p>\n<\/li>\n<\/ul>\n<hr data-start=\"1713\" data-end=\"1716\">\n<h4 data-start=\"1718\" data-end=\"1746\"><strong data-start=\"1723\" data-end=\"1746\">M\u00e9thodes d&rsquo;application<\/strong><\/h4>\n<p>\ud83d\udca7 <strong>Fertigation<\/strong><br \/>\n\ud83c\udf3f   <strong>Application foliaire<\/strong><\/p>\n","protected":false},"excerpt":{"rendered":"<p>Dragon Mix Plus est une solution liquide \u00e9quilibr\u00e9e contenant des micronutriments essentiels \u2014 Fer (Fe), Zinc (Zn), Mangan\u00e8se (Mn), Cuivre (Cu), Bore (B) et Molybd\u00e8ne (Mo) \u2014 tous sous des formes enti\u00e8rement ch\u00e9lat\u00e9es pour assurer une absorption maximale et une efficacit\u00e9 des nutriments. Cette formulation avanc\u00e9e est con\u00e7ue pour soutenir la croissance des plantes, am\u00e9liorer [&hellip;]<\/p>\n","protected":false},"featured_media":980,"comment_status":"open","ping_status":"closed","template":"","meta":{"_et_pb_use_builder":"","_et_pb_old_content":"","_et_gb_content_width":""},"product_brand":[],"product_cat":[115,147],"product_tag":[],"class_list":{"0":"post-4142","1":"product","2":"type-product","3":"status-publish","4":"has-post-thumbnail","6":"product_cat-dragon-organic","7":"product_cat-elements-mineurs-du-dragon","9":"first","10":"instock","11":"shipping-taxable","12":"product-type-simple"},"_links":{"self":[{"href":"https:\/\/dragonagricultural.com\/fr\/wp-json\/wp\/v2\/product\/4142","targetHints":{"allow":["GET"]}}],"collection":[{"href":"https:\/\/dragonagricultural.com\/fr\/wp-json\/wp\/v2\/product"}],"about":[{"href":"https:\/\/dragonagricultural.com\/fr\/wp-json\/wp\/v2\/types\/product"}],"replies":[{"embeddable":true,"href":"https:\/\/dragonagricultural.com\/fr\/wp-json\/wp\/v2\/comments?post=4142"}],"wp:featuredmedia":[{"embeddable":true,"href":"https:\/\/dragonagricultural.com\/fr\/wp-json\/wp\/v2\/media\/980"}],"wp:attachment":[{"href":"https:\/\/dragonagricultural.com\/fr\/wp-json\/wp\/v2\/media?parent=4142"}],"wp:term":[{"taxonomy":"product_brand","embeddable":true,"href":"https:\/\/dragonagricultural.com\/fr\/wp-json\/wp\/v2\/product_brand?post=4142"},{"taxonomy":"product_cat","embeddable":true,"href":"https:\/\/dragonagricultural.com\/fr\/wp-json\/wp\/v2\/product_cat?post=4142"},{"taxonomy":"product_tag","embeddable":true,"href":"https:\/\/dragonagricultural.com\/fr\/wp-json\/wp\/v2\/product_tag?post=4142"}],"curies":[{"name":"wp","href":"https:\/\/api.w.org\/{rel}","templated":true}]}}