{"id":4069,"date":"2025-10-26T06:26:33","date_gmt":"2025-10-26T06:26:33","guid":{"rendered":"https:\/\/dragonagricultural.com\/products\/dragon-manganese-13\/"},"modified":"2025-12-10T10:25:41","modified_gmt":"2025-12-10T10:25:41","slug":"dragon-manganese-13","status":"publish","type":"product","link":"https:\/\/dragonagricultural.com\/fr\/products\/dragon-organic\/dragon-manganese-13\/","title":{"rendered":"Dragon Mangan\u00e8se 13%"},"content":{"rendered":"<p data-start=\"210\" data-end=\"609\"><strong data-start=\"210\" data-end=\"230\">Dragon Mangan\u00e8se 13%<\/strong> est un <strong data-start=\"263\" data-end=\"287\">compl\u00e9ment de mangan\u00e8se<\/strong> organique 100% hydrosoluble con\u00e7u pour am\u00e9liorer la photosynth\u00e8se et la formation de chlorophylle.<br data-start=\"349\" data-end=\"352\">Gr\u00e2ce \u00e0 son <strong data-start=\"467\" data-end=\"480\">pH acide<\/strong> et sa haute teneur en <strong data-start=\"501\" data-end=\"519\">mati\u00e8re organique<\/strong>, il am\u00e9liore \u00e9galement <strong data-start=\"538\" data-end=\"557\">l&rsquo;absorption du fer<\/strong> et la disponibilit\u00e9 globale des micronutriments dans le sol.<\/p>\n<hr data-start=\"611\" data-end=\"614\">\n<h4 data-start=\"616\" data-end=\"637\"><strong data-start=\"621\" data-end=\"637\">Principaux avantages<\/strong><\/h4>\n<ul data-start=\"638\" data-end=\"1083\">\n<li data-start=\"638\" data-end=\"731\">\n<p data-start=\"640\" data-end=\"731\">Fournit une <strong data-start=\"651\" data-end=\"692\">source de mangan\u00e8se facilement assimilable<\/strong> essentielle \u00e0 la synth\u00e8se de la chlorophylle.<\/p>\n<\/li>\n<li data-start=\"732\" data-end=\"799\">\n<p data-start=\"734\" data-end=\"799\">Am\u00e9liore <strong data-start=\"743\" data-end=\"772\">l&rsquo;efficacit\u00e9 de la photosynth\u00e8se<\/strong> et <strong data-start=\"777\" data-end=\"796\">la coloration des feuilles<\/strong>.<\/p>\n<\/li>\n<li data-start=\"800\" data-end=\"869\">\n<p data-start=\"802\" data-end=\"869\">Am\u00e9liore <strong data-start=\"811\" data-end=\"830\">l&rsquo;absorption du fer<\/strong> gr\u00e2ce au pH acide et au carbone organique.<\/p>\n<\/li>\n<li data-start=\"870\" data-end=\"939\">\n<p data-start=\"872\" data-end=\"939\">Stimule <strong data-start=\"879\" data-end=\"898\">l&rsquo;activit\u00e9 enzymatique<\/strong> et soutient le m\u00e9tabolisme sain des plantes.<\/p>\n<\/li>\n<\/ul>\n<hr data-start=\"1085\" data-end=\"1088\">\n<h4 data-start=\"1090\" data-end=\"1126\"><strong data-start=\"1095\" data-end=\"1126\">Sp\u00e9cifications techniques \ud83e\uddea<\/strong><\/h4>\n<ul data-start=\"1127\" data-end=\"1315\">\n<li data-start=\"1127\" data-end=\"1154\"><strong>Composition :<\/strong> <strong data-start=\"888\" data-end=\"904\">% (p\/p)<\/strong>\n<ul data-start=\"1127\" data-end=\"1315\">\n<li data-start=\"1127\" data-end=\"1154\">\n<p data-start=\"1129\" data-end=\"1154\"><strong data-start=\"1129\" data-end=\"1148\">Mangan\u00e8se (Mn) :<\/strong> 13%<\/p>\n<\/li>\n<li data-start=\"1155\" data-end=\"1182\">\n<p data-start=\"1157\" data-end=\"1182\"><strong data-start=\"1157\" data-end=\"1176\">Mati\u00e8re organique :<\/strong> 40%<\/p>\n<\/li>\n<\/ul>\n<\/li>\n<li data-start=\"1183\" data-end=\"1203\">\n<p data-start=\"1185\" data-end=\"1203\"><strong data-start=\"1185\" data-end=\"1194\">Forme :<\/strong> Poudre<\/p>\n<\/li>\n<li data-start=\"1262\" data-end=\"1315\">\n<p data-start=\"1264\" data-end=\"1315\"><strong data-start=\"1264\" data-end=\"1278\">Sans :<\/strong> Chlorure, sodium et m\u00e9taux lourds<\/p>\n<\/li>\n<li data-start=\"1167\" data-end=\"1194\">\n<p data-start=\"1169\" data-end=\"1194\"><strong data-start=\"1169\" data-end=\"1180\">Volume :<\/strong> 1 kg, 10 kg<\/p>\n<\/li>\n<li data-start=\"1195\" data-end=\"1246\">\n<p data-start=\"1197\" data-end=\"1246\"><strong data-start=\"1197\" data-end=\"1211\">Conditionnement :<\/strong> Sacs \/ sachets multicouches<\/p>\n<\/li>\n<\/ul>\n<hr data-start=\"1317\" data-end=\"1320\">\n<h4 data-start=\"1322\" data-end=\"1350\"><strong data-start=\"1327\" data-end=\"1350\">M\u00e9thodes d&rsquo;application<\/strong><\/h4>\n<p data-start=\"1351\" data-end=\"1615\">\ud83d\udca7 <strong>Fertigation<\/strong><br \/>\n\ud83c\udf3f <strong>Application foliaire<\/strong><br \/>\nPendant la croissance v\u00e9g\u00e9tative et les stades de pr\u00e9-floraison pour soutenir le d\u00e9veloppement sain des feuilles et des tiges<\/p>\n","protected":false},"excerpt":{"rendered":"<p>Dragon Mangan\u00e8se 13% est un compl\u00e9ment de mangan\u00e8se organique 100% hydrosoluble con\u00e7u pour am\u00e9liorer la photosynth\u00e8se et la formation de chlorophylle.Gr\u00e2ce \u00e0 son pH acide et sa haute teneur en mati\u00e8re organique, il am\u00e9liore \u00e9galement l&rsquo;absorption du fer et la disponibilit\u00e9 globale des micronutriments dans le sol. Principaux avantages Fournit une source de mangan\u00e8se facilement [&hellip;]<\/p>\n","protected":false},"featured_media":4071,"comment_status":"open","ping_status":"closed","template":"","meta":{"_et_pb_use_builder":"","_et_pb_old_content":"","_et_gb_content_width":""},"product_brand":[],"product_cat":[115,147],"product_tag":[],"class_list":{"0":"post-4069","1":"product","2":"type-product","3":"status-publish","4":"has-post-thumbnail","6":"product_cat-dragon-organic","7":"product_cat-elements-mineurs-du-dragon","9":"first","10":"instock","11":"shipping-taxable","12":"product-type-simple"},"_links":{"self":[{"href":"https:\/\/dragonagricultural.com\/fr\/wp-json\/wp\/v2\/product\/4069","targetHints":{"allow":["GET"]}}],"collection":[{"href":"https:\/\/dragonagricultural.com\/fr\/wp-json\/wp\/v2\/product"}],"about":[{"href":"https:\/\/dragonagricultural.com\/fr\/wp-json\/wp\/v2\/types\/product"}],"replies":[{"embeddable":true,"href":"https:\/\/dragonagricultural.com\/fr\/wp-json\/wp\/v2\/comments?post=4069"}],"wp:featuredmedia":[{"embeddable":true,"href":"https:\/\/dragonagricultural.com\/fr\/wp-json\/wp\/v2\/media\/4071"}],"wp:attachment":[{"href":"https:\/\/dragonagricultural.com\/fr\/wp-json\/wp\/v2\/media?parent=4069"}],"wp:term":[{"taxonomy":"product_brand","embeddable":true,"href":"https:\/\/dragonagricultural.com\/fr\/wp-json\/wp\/v2\/product_brand?post=4069"},{"taxonomy":"product_cat","embeddable":true,"href":"https:\/\/dragonagricultural.com\/fr\/wp-json\/wp\/v2\/product_cat?post=4069"},{"taxonomy":"product_tag","embeddable":true,"href":"https:\/\/dragonagricultural.com\/fr\/wp-json\/wp\/v2\/product_tag?post=4069"}],"curies":[{"name":"wp","href":"https:\/\/api.w.org\/{rel}","templated":true}]}}