{"id":4063,"date":"2025-10-26T06:30:39","date_gmt":"2025-10-26T06:30:39","guid":{"rendered":"https:\/\/dragonagricultural.com\/products\/dragon-hv15\/"},"modified":"2025-12-10T10:17:34","modified_gmt":"2025-12-10T10:17:34","slug":"dragon-hv15","status":"publish","type":"product","link":"https:\/\/dragonagricultural.com\/fr\/products\/specialite-dragon\/dragon-hv15\/","title":{"rendered":"Dragon HV15"},"content":{"rendered":"<p data-start=\"223\" data-end=\"492\"><strong data-start=\"223\" data-end=\"238\">Dragon HV15<\/strong> est un <strong data-start=\"259\" data-end=\"281\">engrais organique<\/strong> hautement soluble contenant <strong data-start=\"293\" data-end=\"335\">acide humique, acide fulvique et potassium<\/strong>.<br data-start=\"336\" data-end=\"339\">Cette formule 100 % hydrosoluble am\u00e9liore la <strong data-start=\"535\" data-end=\"553\">structure du sol<\/strong>, augmente la solubilit\u00e9 des compos\u00e9s difficiles et r\u00e9duit la d\u00e9pendance aux engrais chimiques.<br data-start=\"651\" data-end=\"654\">Compatible avec la plupart des engrais et pesticides, <strong data-start=\"703\" data-end=\"718\">Dragon HV15<\/strong> peut \u00eatre appliqu\u00e9 par <strong data-start=\"738\" data-end=\"753\">fertigation<\/strong>, offrant une solution compl\u00e8te et durable pour l&rsquo;agriculture moderne.<\/p>\n<hr data-start=\"831\" data-end=\"834\">\n<h4 data-start=\"836\" data-end=\"857\"><strong data-start=\"841\" data-end=\"857\">Principaux avantages<\/strong><\/h4>\n<ul data-start=\"858\" data-end=\"1226\">\n<li data-start=\"858\" data-end=\"922\">\n<p data-start=\"860\" data-end=\"922\">Am\u00e9liore la <strong data-start=\"869\" data-end=\"887\">structure du sol<\/strong> et la capacit\u00e9 de r\u00e9tention des nutriments.<\/p>\n<\/li>\n<li data-start=\"923\" data-end=\"983\">\n<p data-start=\"925\" data-end=\"983\">Favorise la <strong data-start=\"934\" data-end=\"949\">croissance racinaire<\/strong> et l&rsquo;efficacit\u00e9 d&rsquo;absorption des nutriments.<\/p>\n<\/li>\n<li data-start=\"984\" data-end=\"1043\">\n<p data-start=\"986\" data-end=\"1043\">Stimule la <strong data-start=\"993\" data-end=\"1040\">floraison, la fructification et la qualit\u00e9 du rendement<\/strong>.<\/p>\n<\/li>\n<li data-start=\"1044\" data-end=\"1102\">\n<p data-start=\"1046\" data-end=\"1102\">Augmente la <strong data-start=\"1056\" data-end=\"1076\">r\u00e9sistance des plantes<\/strong> au stress et aux maladies.<\/p>\n<\/li>\n<li data-start=\"1103\" data-end=\"1161\">\n<p data-start=\"1105\" data-end=\"1161\">Favorise l&rsquo;<strong data-start=\"1114\" data-end=\"1136\">activit\u00e9 microbienne<\/strong> et la r\u00e9g\u00e9n\u00e9ration du sol.<\/p>\n<\/li>\n<\/ul>\n<hr data-start=\"1228\" data-end=\"1231\">\n<h4 data-start=\"1233\" data-end=\"1269\"><strong data-start=\"1238\" data-end=\"1269\">Sp\u00e9cifications techniques \ud83e\uddea<\/strong><\/h4>\n<ul data-start=\"1270\" data-end=\"1577\">\n<li data-start=\"1270\" data-end=\"1296\"><strong>Composition : %(v\/v)<\/strong>\n<ul data-start=\"1270\" data-end=\"1577\">\n<li data-start=\"1270\" data-end=\"1296\">\n<p data-start=\"1272\" data-end=\"1296\"><strong data-start=\"1272\" data-end=\"1289\">Azote (N) :<\/strong> 3,0 %<\/p>\n<\/li>\n<li data-start=\"1297\" data-end=\"1326\">\n<p data-start=\"1299\" data-end=\"1326\"><strong data-start=\"1299\" data-end=\"1319\">Potassium (K\u2082O) :<\/strong> 6,0 %<\/p>\n<\/li>\n<li data-start=\"1327\" data-end=\"1361\">\n<p data-start=\"1329\" data-end=\"1361\"><strong data-start=\"1329\" data-end=\"1353\">Acide humique + fulvique :<\/strong> 15,0 %<\/p>\n<\/li>\n<\/ul>\n<\/li>\n<li data-start=\"1362\" data-end=\"1392\">\n<p data-start=\"1364\" data-end=\"1392\"><strong data-start=\"1364\" data-end=\"1379\">pH (1\/100) :<\/strong> 9,5 \u2013 10,5<\/p>\n<\/li>\n<li data-start=\"1488\" data-end=\"1517\">\n<p data-start=\"1490\" data-end=\"1517\"><strong data-start=\"141\" data-end=\"156\">Aspect :<\/strong> Liquide<\/p>\n<\/li>\n<li data-start=\"1488\" data-end=\"1517\">\n<p data-start=\"1490\" data-end=\"1517\"><strong data-start=\"360\" data-end=\"375\">Solubilit\u00e9 :<\/strong> Enti\u00e8rement soluble et exempt de chlorure, sodium et m\u00e9taux lourds<\/p>\n<\/li>\n<li data-start=\"1488\" data-end=\"1517\">\n<p data-start=\"1490\" data-end=\"1517\"><strong data-start=\"443\" data-end=\"454\">Volume :<\/strong> 1 L, 5 L, 20 L<\/p>\n<\/li>\n<\/ul>\n<ul data-start=\"1383\" data-end=\"1679\">\n<li data-start=\"1488\" data-end=\"1517\">\n<p data-start=\"1490\" data-end=\"1517\"><strong data-start=\"474\" data-end=\"488\">Conditionnement :<\/strong> Bouteille \/ Bidon PEHD<\/p>\n<\/li>\n<\/ul>\n<hr data-start=\"1713\" data-end=\"1716\">\n<h4 data-start=\"1718\" data-end=\"1746\"><strong data-start=\"1723\" data-end=\"1746\">M\u00e9thodes d&rsquo;application<\/strong><\/h4>\n<p>\ud83d\udca7  <strong>Fertigation<\/strong><\/p>\n","protected":false},"excerpt":{"rendered":"<p>Dragon HV15 est un engrais organique hautement soluble contenant acide humique, acide fulvique et potassium.Cette formule 100 % hydrosoluble am\u00e9liore la structure du sol, augmente la solubilit\u00e9 des compos\u00e9s difficiles et r\u00e9duit la d\u00e9pendance aux engrais chimiques.Compatible avec la plupart des engrais et pesticides, Dragon HV15 peut \u00eatre appliqu\u00e9 par fertigation, offrant une solution compl\u00e8te [&hellip;]<\/p>\n","protected":false},"featured_media":4068,"comment_status":"open","ping_status":"closed","template":"","meta":{"_et_pb_use_builder":"","_et_pb_old_content":"","_et_gb_content_width":""},"product_brand":[],"product_cat":[115,113],"product_tag":[142,144,146,145,141,143],"class_list":{"0":"post-4063","1":"product","2":"type-product","3":"status-publish","4":"has-post-thumbnail","6":"product_cat-dragon-organic","7":"product_cat-specialite-dragon","8":"product_tag-acide-fulvique","9":"product_tag-amendement-du-sol","10":"product_tag-carbone-organique","11":"product_tag-dragon-hv15","12":"product_tag-engrais-humique","13":"product_tag-engrais-liquide","15":"first","16":"instock","17":"shipping-taxable","18":"product-type-simple"},"_links":{"self":[{"href":"https:\/\/dragonagricultural.com\/fr\/wp-json\/wp\/v2\/product\/4063","targetHints":{"allow":["GET"]}}],"collection":[{"href":"https:\/\/dragonagricultural.com\/fr\/wp-json\/wp\/v2\/product"}],"about":[{"href":"https:\/\/dragonagricultural.com\/fr\/wp-json\/wp\/v2\/types\/product"}],"replies":[{"embeddable":true,"href":"https:\/\/dragonagricultural.com\/fr\/wp-json\/wp\/v2\/comments?post=4063"}],"wp:featuredmedia":[{"embeddable":true,"href":"https:\/\/dragonagricultural.com\/fr\/wp-json\/wp\/v2\/media\/4068"}],"wp:attachment":[{"href":"https:\/\/dragonagricultural.com\/fr\/wp-json\/wp\/v2\/media?parent=4063"}],"wp:term":[{"taxonomy":"product_brand","embeddable":true,"href":"https:\/\/dragonagricultural.com\/fr\/wp-json\/wp\/v2\/product_brand?post=4063"},{"taxonomy":"product_cat","embeddable":true,"href":"https:\/\/dragonagricultural.com\/fr\/wp-json\/wp\/v2\/product_cat?post=4063"},{"taxonomy":"product_tag","embeddable":true,"href":"https:\/\/dragonagricultural.com\/fr\/wp-json\/wp\/v2\/product_tag?post=4063"}],"curies":[{"name":"wp","href":"https:\/\/api.w.org\/{rel}","templated":true}]}}