{"id":4048,"date":"2025-10-26T06:48:51","date_gmt":"2025-10-26T06:48:51","guid":{"rendered":"https:\/\/dragonagricultural.com\/products\/liquide-dragon-a-haute-teneur-en-phosphore\/"},"modified":"2025-12-09T22:43:00","modified_gmt":"2025-12-09T22:43:00","slug":"liquide-dragon-a-haute-teneur-en-phosphore","status":"publish","type":"product","link":"https:\/\/dragonagricultural.com\/fr\/products\/dragon-liquid\/liquide-dragon-a-haute-teneur-en-phosphore\/","title":{"rendered":"Liquide Dragon \u00e0 haute teneur en phosphore"},"content":{"rendered":"<h3 data-start=\"126\" data-end=\"171\"><strong>Dragon Flow 0-65-15 (p\/v)<\/strong><\/h3>\n<h3 data-start=\"126\" data-end=\"171\"><strong data-start=\"130\" data-end=\"169\">Engrais liquides<\/strong><\/h3>\n<p><strong><span class=\"a_GcMg font-feature-liga-off font-feature-clig-off font-feature-calt-off text-decoration-none text-strikethrough-none\">Dragon Liquid High Phosphorus<\/span><\/strong><span class=\"a_GcMg font-feature-liga-off font-feature-clig-off font-feature-calt-off text-decoration-none text-strikethrough-none\"> se caract\u00e9rise par une formule riche en phosphore avec un pH acide, assurant une adsorption optimale des nutriments par les racines des plantes. Cette formulation est particuli\u00e8rement efficace lorsqu&rsquo;elle est ajout\u00e9e \u00e0 de l&rsquo;eau alcaline, car elle \u00e9quilibre le pH pour une solution de pulv\u00e9risation id\u00e9ale.<\/span><br \/>\n<span class=\"a_GcMg font-feature-liga-off font-feature-clig-off font-feature-calt-off text-decoration-none text-strikethrough-none\">Il est fortement recommand\u00e9 comme application de d\u00e9marrage pour favoriser le d\u00e9veloppement des racines et aider \u00e0 l&rsquo;\u00e9tablissement des plantes apr\u00e8s la transplantation. <\/span><span class=\"a_GcMg font-feature-liga-off font-feature-clig-off font-feature-calt-off text-decoration-none text-strikethrough-none\">De plus, il convient pour stimuler la floraison, soutenir une croissance robuste des plantes et am\u00e9liorer la productivit\u00e9 des cultures.<\/span><\/p>\n<p data-start=\"222\" data-end=\"255\"><strong data-start=\"222\" data-end=\"253\">Sp\u00e9cifications techniques \ud83e\uddea<\/strong><\/p>\n<ul data-start=\"256\" data-end=\"572\">\n<li data-start=\"256\" data-end=\"308\">\n<p data-start=\"258\" data-end=\"308\"><strong data-start=\"258\" data-end=\"273\">Apparence&nbsp;:<\/strong> Liquide clair&nbsp;; 100&nbsp;% soluble dans l\u2019eau<\/p>\n<\/li>\n<li data-start=\"309\" data-end=\"330\">\n<p data-start=\"311\" data-end=\"330\"><strong data-start=\"311\" data-end=\"318\">pH&nbsp;:<\/strong> 2 \u2013 3<\/p>\n<\/li>\n<li data-start=\"331\" data-end=\"419\">\n<p data-start=\"333\" data-end=\"419\"><strong data-start=\"333\" data-end=\"417\">Toutes les formules sont enti\u00e8rement solubles et exemptes de chlorure, de sodium et de m\u00e9taux lourds.<\/strong><\/p>\n<\/li>\n<li data-start=\"420\" data-end=\"450\">\n<p data-start=\"422\" data-end=\"450\"><strong data-start=\"422\" data-end=\"433\">Volume :<\/strong> 1 L, 5 L, 20 L<\/p>\n<\/li>\n<li data-start=\"451\" data-end=\"572\">\n<p data-start=\"453\" data-end=\"572\"><strong data-start=\"453\" data-end=\"467\">Conditionnement&nbsp;:<\/strong> bouteilles et jerricans.<\/p>\n<\/li>\n<\/ul>\n<p data-start=\"574\" data-end=\"816\"><strong data-start=\"574\" data-end=\"598\">M\u00e9thodes d\u2019application&nbsp;:<\/strong><br data-start=\"598\" data-end=\"601\">\ud83d\udca7 <strong data-start=\"604\" data-end=\"619\">Fertigation<\/strong> \u2013 Convient \u00e0 tous les syst\u00e8mes d\u2019irrigation, assurant une distribution profonde des nutriments \u00e0 la zone racinaire.<br data-start=\"708\" data-end=\"711\">\ud83c\udf3f <strong data-start=\"714\" data-end=\"736\">Application foliaire<\/strong> \u2013 Id\u00e9al pour une absorption rapide des nutriments par les feuilles pendant les stades de croissance critiques.<\/p>\n","protected":false},"excerpt":{"rendered":"<p>Dragon Flow 0-65-15 (p\/v) Engrais liquides Dragon Liquid High Phosphorus se caract\u00e9rise par une formule riche en phosphore avec un pH acide, assurant une adsorption optimale des nutriments par les racines des plantes. Cette formulation est particuli\u00e8rement efficace lorsqu&rsquo;elle est ajout\u00e9e \u00e0 de l&rsquo;eau alcaline, car elle \u00e9quilibre le pH pour une solution de pulv\u00e9risation [&hellip;]<\/p>\n","protected":false},"featured_media":4049,"comment_status":"open","ping_status":"closed","template":"","meta":{"_et_pb_use_builder":"","_et_pb_old_content":"","_et_gb_content_width":""},"product_brand":[],"product_cat":[135],"product_tag":[],"class_list":{"0":"post-4048","1":"product","2":"type-product","3":"status-publish","4":"has-post-thumbnail","6":"product_cat-dragon-liquid","8":"first","9":"instock","10":"shipping-taxable","11":"product-type-simple"},"_links":{"self":[{"href":"https:\/\/dragonagricultural.com\/fr\/wp-json\/wp\/v2\/product\/4048","targetHints":{"allow":["GET"]}}],"collection":[{"href":"https:\/\/dragonagricultural.com\/fr\/wp-json\/wp\/v2\/product"}],"about":[{"href":"https:\/\/dragonagricultural.com\/fr\/wp-json\/wp\/v2\/types\/product"}],"replies":[{"embeddable":true,"href":"https:\/\/dragonagricultural.com\/fr\/wp-json\/wp\/v2\/comments?post=4048"}],"wp:featuredmedia":[{"embeddable":true,"href":"https:\/\/dragonagricultural.com\/fr\/wp-json\/wp\/v2\/media\/4049"}],"wp:attachment":[{"href":"https:\/\/dragonagricultural.com\/fr\/wp-json\/wp\/v2\/media?parent=4048"}],"wp:term":[{"taxonomy":"product_brand","embeddable":true,"href":"https:\/\/dragonagricultural.com\/fr\/wp-json\/wp\/v2\/product_brand?post=4048"},{"taxonomy":"product_cat","embeddable":true,"href":"https:\/\/dragonagricultural.com\/fr\/wp-json\/wp\/v2\/product_cat?post=4048"},{"taxonomy":"product_tag","embeddable":true,"href":"https:\/\/dragonagricultural.com\/fr\/wp-json\/wp\/v2\/product_tag?post=4048"}],"curies":[{"name":"wp","href":"https:\/\/api.w.org\/{rel}","templated":true}]}}