{"id":4038,"date":"2025-10-26T14:42:31","date_gmt":"2025-10-26T14:42:31","guid":{"rendered":"https:\/\/dragonagricultural.com\/products\/pate-dragon-high-pk\/"},"modified":"2025-12-08T13:13:43","modified_gmt":"2025-12-08T13:13:43","slug":"pate-dragon-high-pk","status":"publish","type":"product","link":"https:\/\/dragonagricultural.com\/fr\/products\/pate-de-dragon\/pate-dragon-high-pk\/","title":{"rendered":"P\u00e2te Dragon High-PK"},"content":{"rendered":"<h2>Nutrition de pr\u00e9cision pour stimuler vos plantes<\/h2>\n<p data-start=\"233\" data-end=\"394\">Les formules de <strong>P\u00e2te Dragon High-PK<\/strong> sont con\u00e7ues pour apporter l&rsquo;\u00e9quilibre id\u00e9al de phosphore et de potassium pour des racines plus fortes, une croissance plus saine et des rendements plus \u00e9lev\u00e9s. Ces engrais en p\u00e2te concentr\u00e9e assurent une absorption rapide des nutriments et une performance constante pendant les stades les plus critiques du d\u00e9veloppement des plantes \u2014 de la formation des racines \u00e0 la floraison pr\u00e9coce. <\/p>\n<p data-start=\"591\" data-end=\"761\">En se concentrant sur la sant\u00e9 des racines et l&rsquo;efficacit\u00e9 des nutriments, la <strong>p\u00e2te Dragon High-PK<\/strong> permet \u00e0 vos cultures de prosp\u00e9rer avec une meilleure r\u00e9sistance, une croissance plus rapide et une productivit\u00e9 sup\u00e9rieure.<\/p>\n<p>\u2728  <em data-start=\"765\" data-end=\"845\">D\u00e9couvrez le souffle de vie avec la p\u00e2te Dragon High-PK \u2014 l\u00e0 o\u00f9 la science rencontre la nature.<\/em><\/p>\n<p>&nbsp;<\/p>\n<h3 data-start=\"1323\" data-end=\"1457\"><strong data-start=\"1326\" data-end=\"1364\">Formules disponibles (Toutes en % v\/v) :<\/strong><\/h3>\n<ul>\n<li><span style=\"color: #800080;\"><strong>0-52-34+TE<\/strong><\/span><\/li>\n<li><span style=\"color: #800080;\"><strong>6-60-20+TE<\/strong><\/span><\/li>\n<li><strong><strong><strong>Tous en % (w\/v)<\/strong><\/strong><\/strong><\/li>\n<\/ul>\n<h3><strong data-start=\"2254\" data-end=\"2285\">Sp\u00e9cifications techniques \ud83e\uddea<br \/>\n<\/strong><\/h3>\n<ul>\n<li>Aspect : P\u00e2te ; 100% soluble dans l&rsquo;eau<\/li>\n<li>pH : 2,5-3,5<\/li>\n<li>Toutes les formules sont enti\u00e8rement solubles et exemptes de chlorure, de sodium et de m\u00e9taux lourds.<\/li>\n<li>Volume : 1 kg, 5 kg, 10 kg, 20 kg<\/li>\n<li>Emballage : Seau PEHD avec sac int\u00e9rieur<\/li>\n<\/ul>\n<div>\n<div>\n<div><\/div>\n<\/div>\n<div>\n<div>\n<h3><strong data-start=\"366\" data-end=\"389\">M\u00e9thodes d&rsquo;application<\/strong><\/h3>\n<p data-start=\"390\" data-end=\"607\">\ud83d\udca7 <strong data-start=\"393\" data-end=\"408\">Fertigation<\/strong> \u2013 Convient aux syst\u00e8mes d&rsquo;irrigation, assurant une distribution profonde des nutriments dans la zone racinaire.<br data-start=\"493\" data-end=\"496\">\ud83c\udf3f <strong data-start=\"499\" data-end=\"521\">Application foliaire<\/strong> \u2013 Id\u00e9ale pour une absorption rapide des nutriments par les feuilles pendant les stades critiques de croissance.<\/p>\n<\/div>\n<\/div>\n<\/div>\n<p>&nbsp;<\/p>\n","protected":false},"excerpt":{"rendered":"<p>Nutrition de pr\u00e9cision pour stimuler vos plantes Les formules de P\u00e2te Dragon High-PK sont con\u00e7ues pour apporter l&rsquo;\u00e9quilibre id\u00e9al de phosphore et de potassium pour des racines plus fortes, une croissance plus saine et des rendements plus \u00e9lev\u00e9s. Ces engrais en p\u00e2te concentr\u00e9e assurent une absorption rapide des nutriments et une performance constante pendant les [&hellip;]<\/p>\n","protected":false},"featured_media":4046,"comment_status":"open","ping_status":"closed","template":"","meta":{"_et_pb_use_builder":"","_et_pb_old_content":"","_et_gb_content_width":""},"product_brand":[],"product_cat":[118],"product_tag":[131,120,127,123,126,124,133,122,132,128,125,121,129,134,130],"class_list":{"0":"post-4038","1":"product","2":"type-product","3":"status-publish","4":"has-post-thumbnail","6":"product_cat-pate-de-dragon","7":"product_tag-developpement-des-plantes","8":"product_tag-dragon-ferti","9":"product_tag-engrais-de-demarrage","10":"product_tag-engrais-en-pate-npk","11":"product_tag-engrais-phosphore","12":"product_tag-engrais-pour-la-croissance-racinaire","13":"product_tag-engrais-pour-semis","14":"product_tag-engrais-riche-en-phosphore","15":"product_tag-enrichissement-en-phosphore","16":"product_tag-npk-riche-en-p","17":"product_tag-nutrition-des-plantes-au-stade-precoce","18":"product_tag-pate-dragon","19":"product_tag-pate-soluble-dans-leau","20":"product_tag-solutions-agricoles","21":"product_tag-stimulateur-de-racines","23":"first","24":"instock","25":"shipping-taxable","26":"product-type-simple"},"_links":{"self":[{"href":"https:\/\/dragonagricultural.com\/fr\/wp-json\/wp\/v2\/product\/4038","targetHints":{"allow":["GET"]}}],"collection":[{"href":"https:\/\/dragonagricultural.com\/fr\/wp-json\/wp\/v2\/product"}],"about":[{"href":"https:\/\/dragonagricultural.com\/fr\/wp-json\/wp\/v2\/types\/product"}],"replies":[{"embeddable":true,"href":"https:\/\/dragonagricultural.com\/fr\/wp-json\/wp\/v2\/comments?post=4038"}],"wp:featuredmedia":[{"embeddable":true,"href":"https:\/\/dragonagricultural.com\/fr\/wp-json\/wp\/v2\/media\/4046"}],"wp:attachment":[{"href":"https:\/\/dragonagricultural.com\/fr\/wp-json\/wp\/v2\/media?parent=4038"}],"wp:term":[{"taxonomy":"product_brand","embeddable":true,"href":"https:\/\/dragonagricultural.com\/fr\/wp-json\/wp\/v2\/product_brand?post=4038"},{"taxonomy":"product_cat","embeddable":true,"href":"https:\/\/dragonagricultural.com\/fr\/wp-json\/wp\/v2\/product_cat?post=4038"},{"taxonomy":"product_tag","embeddable":true,"href":"https:\/\/dragonagricultural.com\/fr\/wp-json\/wp\/v2\/product_tag?post=4038"}],"curies":[{"name":"wp","href":"https:\/\/api.w.org\/{rel}","templated":true}]}}