{"id":4035,"date":"2025-10-26T08:52:05","date_gmt":"2025-10-26T08:52:05","guid":{"rendered":"https:\/\/dragonagricultural.com\/products\/dragon-fert-riche-en-azote\/"},"modified":"2025-12-08T13:23:29","modified_gmt":"2025-12-08T13:23:29","slug":"dragon-fert-riche-en-azote","status":"publish","type":"product","link":"https:\/\/dragonagricultural.com\/fr\/products\/dragon-fert-poudre-soluble\/dragon-fert-riche-en-azote\/","title":{"rendered":"Dragon Fert Riche en Azote"},"content":{"rendered":"<p data-start=\"168\" data-end=\"583\">Formul\u00e9 avec une concentration \u00e9lev\u00e9e en azote, la gamme <strong data-start=\"215\" data-end=\"244\">Dragon Fert High Nitrogen<\/strong> est con\u00e7ue pour stimuler efficacement la croissance v\u00e9g\u00e9tative et favoriser le d\u00e9veloppement foliaire. L&rsquo;azote est un macronutriment essentiel responsable de la formation de la chlorophylle, de la photosynth\u00e8se et de la vigueur g\u00e9n\u00e9rale des plantes. Ces formulations assurent un verdissement rapide, une meilleure surface foliaire et un d\u00e9veloppement vigoureux des pousses pendant les phases de croissance active.<\/p>\n<p data-start=\"585\" data-end=\"797\">Notre formulation <strong data-start=\"589\" data-end=\"614\">NPK acide (pH &lt; 2,5)<\/strong> minimise les pertes d&rsquo;azote, am\u00e9liore l&rsquo;absorption des nutriments et aide \u00e0 pr\u00e9venir la d\u00e9composition \u2014 la rendant tr\u00e8s efficace m\u00eame dans des conditions de sol alcalin ou d&rsquo;eau dure.<\/p>\n<p data-start=\"799\" data-end=\"958\">Ces engrais sont id\u00e9aux pour une utilisation pendant les phases de croissance pr\u00e9coce lorsque les plantes n\u00e9cessitent un azote abondant pour \u00e9tablir une structure robuste et maximiser la productivit\u00e9.<\/p>\n<h3 data-start=\"1323\" data-end=\"1457\"><strong data-start=\"1326\" data-end=\"1364\">Formules disponibles (toutes en % p\/p) :<br \/>\n<\/strong><\/h3>\n<div class=\"text\">\n<ul class=\"list-unstyled service-details__choose-points\">\n<li>\n<div class=\"icon\"><strong><span style=\"color: #008000;\">16-8-4 + 3 % MgO<\/span><\/strong><\/div>\n<\/li>\n<li>\n<div class=\"icon\"><strong><span style=\"color: #008000;\">19\u20136\u20136 +OE<\/span><\/strong><\/div>\n<\/li>\n<li>\n<div class=\"icon\"><strong><span style=\"color: #008000;\">24-10-10 + 2 % MgO<\/span><\/strong><\/div>\n<\/li>\n<li>\n<div class=\"icon\"><strong><span style=\"color: #008000;\">24-12\u2013 4+OE<\/span><\/strong><\/div>\n<\/li>\n<li>\n<div class=\"icon\"><strong><span style=\"color: #008000;\">28-8-8 + 3 % MgO<\/span><\/strong><\/div>\n<\/li>\n<li>\n<div class=\"icon\"><strong><span style=\"color: #008000;\">28-14-14+OE<\/span><\/strong><\/div>\n<\/li>\n<li>\n<div class=\"icon\"><strong><span style=\"color: #008000;\">30\u201310\u201310 +OE<\/span><\/strong><\/div>\n<\/li>\n<\/ul>\n<\/div>\n<h3><strong data-start=\"2254\" data-end=\"2285\">Sp\u00e9cifications techniques \ud83e\uddea<br \/>\n<\/strong><\/h3>\n<ul>\n<li>Aspect : Poudre cristalline fine ; 100 % soluble dans l&rsquo;eau<\/li>\n<li>pH : 4,5-5,5<\/li>\n<li>Toutes les formules sont enti\u00e8rement solubles et exemptes de chlorure, de sodium et de m\u00e9taux lourds.<\/li>\n<li>Volume : 1 kg, 10 kg, 25 kg<\/li>\n<li>Emballage : Sacs \/ sachets multicouches\n<div class=\"_tableContainer_1rjym_1\">\n<div class=\"group _tableWrapper_1rjym_13 flex w-fit flex-col-reverse\" tabindex=\"-1\"><\/div>\n<\/div>\n<\/li>\n<\/ul>\n<div>\n<div>\n<div>\n<h3><strong data-start=\"366\" data-end=\"389\">M\u00e9thodes d&rsquo;application<\/strong><\/h3>\n<p data-start=\"390\" data-end=\"607\">\ud83d\udca7 <strong data-start=\"393\" data-end=\"408\">Fertigation<\/strong> \u2013 Adapt\u00e9 aux syst\u00e8mes d&rsquo;irrigation, assurant un apport nutritif en profondeur \u00e0 la zone racinaire.<br data-start=\"493\" data-end=\"496\">\ud83c\udf3f <strong data-start=\"499\" data-end=\"521\">Application foliaire<\/strong> \u2013 Id\u00e9al pour une absorption rapide des nutriments par les feuilles pendant les stades critiques de croissance.<\/p>\n<\/div>\n<\/div>\n<\/div>\n","protected":false},"excerpt":{"rendered":"<p>Formul\u00e9 avec une concentration \u00e9lev\u00e9e en azote, la gamme Dragon Fert High Nitrogen est con\u00e7ue pour stimuler efficacement la croissance v\u00e9g\u00e9tative et favoriser le d\u00e9veloppement foliaire. L&rsquo;azote est un macronutriment essentiel responsable de la formation de la chlorophylle, de la photosynth\u00e8se et de la vigueur g\u00e9n\u00e9rale des plantes. Ces formulations assurent un verdissement rapide, une [&hellip;]<\/p>\n","protected":false},"featured_media":4036,"comment_status":"open","ping_status":"closed","template":"","meta":{"_et_pb_use_builder":"","_et_pb_old_content":"","_et_gb_content_width":""},"product_brand":[],"product_cat":[116],"product_tag":[],"class_list":{"0":"post-4035","1":"product","2":"type-product","3":"status-publish","4":"has-post-thumbnail","6":"product_cat-dragon-fert-poudre-soluble","8":"first","9":"instock","10":"shipping-taxable","11":"product-type-simple"},"_links":{"self":[{"href":"https:\/\/dragonagricultural.com\/fr\/wp-json\/wp\/v2\/product\/4035","targetHints":{"allow":["GET"]}}],"collection":[{"href":"https:\/\/dragonagricultural.com\/fr\/wp-json\/wp\/v2\/product"}],"about":[{"href":"https:\/\/dragonagricultural.com\/fr\/wp-json\/wp\/v2\/types\/product"}],"replies":[{"embeddable":true,"href":"https:\/\/dragonagricultural.com\/fr\/wp-json\/wp\/v2\/comments?post=4035"}],"wp:featuredmedia":[{"embeddable":true,"href":"https:\/\/dragonagricultural.com\/fr\/wp-json\/wp\/v2\/media\/4036"}],"wp:attachment":[{"href":"https:\/\/dragonagricultural.com\/fr\/wp-json\/wp\/v2\/media?parent=4035"}],"wp:term":[{"taxonomy":"product_brand","embeddable":true,"href":"https:\/\/dragonagricultural.com\/fr\/wp-json\/wp\/v2\/product_brand?post=4035"},{"taxonomy":"product_cat","embeddable":true,"href":"https:\/\/dragonagricultural.com\/fr\/wp-json\/wp\/v2\/product_cat?post=4035"},{"taxonomy":"product_tag","embeddable":true,"href":"https:\/\/dragonagricultural.com\/fr\/wp-json\/wp\/v2\/product_tag?post=4035"}],"curies":[{"name":"wp","href":"https:\/\/api.w.org\/{rel}","templated":true}]}}