{"id":4030,"date":"2025-10-26T08:50:53","date_gmt":"2025-10-26T08:50:53","guid":{"rendered":"https:\/\/dragonagricultural.com\/products\/dragon-fert-equilibre\/"},"modified":"2025-12-08T13:36:06","modified_gmt":"2025-12-08T13:36:06","slug":"dragon-fert-equilibre","status":"publish","type":"product","link":"https:\/\/dragonagricultural.com\/fr\/products\/dragon-fert-poudre-soluble\/dragon-fert-equilibre\/","title":{"rendered":"Dragon Fert \u00c9quilibr\u00e9"},"content":{"rendered":"<div class=\"accrodion active\">\n<div class=\"accrodion-content\">\n<div class=\"inner\">\n<p>Chez Dragon, nous proposons une gamme vari\u00e9e de formules d&rsquo;engrais m\u00e9ticuleusement con\u00e7ues pour r\u00e9pondre aux divers besoins de toutes les cultures, garantissant des ratios NPK \u00e9quilibr\u00e9s \u00e0 tous les stades de croissance. Nos formulations sont adapt\u00e9es aux cultures \u00e0 maturation progressive, n\u00e9cessitant des niveaux de NPK \u00e9lev\u00e9s pour favoriser le d\u00e9veloppement des fleurs, la maturation et une croissance v\u00e9g\u00e9tative soutenue. <\/p>\n<h3 data-start=\"1323\" data-end=\"1457\"><strong data-start=\"1326\" data-end=\"1364\">Formules disponibles (toutes en % p\/p) :<br \/>\n<\/strong><\/h3>\n<div class=\"text\">\n<ul class=\"list-unstyled service-details__choose-points\">\n<li>\n<div class=\"icon\"><strong><span style=\"color: #0000ff;\">16-16-16 + 8 % CaO<\/span><\/strong><\/div>\n<\/li>\n<li>\n<div class=\"icon\"><strong><span style=\"color: #0000ff;\">17-17-17 + 3 % MgO<\/span><\/strong><\/div>\n<\/li>\n<li>\n<div class=\"icon\"><strong><span style=\"color: #0000ff;\">18-18\u201318+TE<\/span><\/strong><\/div>\n<\/li>\n<li>\n<div class=\"icon\"><strong><span style=\"color: #0000ff;\">19-19-19+TE<\/span><\/strong><\/div>\n<\/li>\n<li>\n<div class=\"icon\"><strong><span style=\"color: #0000ff;\">20-20-20+TE<\/span><\/strong><\/div>\n<\/li>\n<\/ul>\n<\/div>\n<h3><strong data-start=\"2254\" data-end=\"2285\">Sp\u00e9cifications techniques \ud83e\uddea<br \/>\n<\/strong><\/h3>\n<ul>\n<li>Aspect : Poudre cristalline fine ; 100 % soluble dans l&rsquo;eau<\/li>\n<li>pH : 4,5-5,5<\/li>\n<li>Toutes les formules sont enti\u00e8rement solubles et exemptes de chlorure, de sodium et de m\u00e9taux lourds.<\/li>\n<li>Volume : 1 kg, 10 kg, 25 kg<\/li>\n<li>Emballage : Sacs \/ sachets multicouches\n<div class=\"_tableContainer_1rjym_1\">\n<div class=\"group _tableWrapper_1rjym_13 flex w-fit flex-col-reverse\" tabindex=\"-1\"><\/div>\n<\/div>\n<\/li>\n<\/ul>\n<div>\n<div>\n<div>\n<h3><strong data-start=\"366\" data-end=\"389\">M\u00e9thodes d&rsquo;application<\/strong><\/h3>\n<p data-start=\"390\" data-end=\"607\">\ud83d\udca7 <strong data-start=\"393\" data-end=\"408\">Fertigation<\/strong> \u2013 Convient aux syst\u00e8mes d&rsquo;irrigation, assurant une distribution profonde des nutriments \u00e0 la zone racinaire.<br data-start=\"493\" data-end=\"496\">\ud83c\udf3f <strong data-start=\"499\" data-end=\"521\">Application foliaire<\/strong> \u2013 Id\u00e9al pour une absorption rapide des nutriments par les feuilles pendant les stades de croissance critiques.<\/p>\n<\/div>\n<\/div>\n<\/div>\n<\/div>\n<\/div>\n<\/div>\n<div class=\"accrodion\">\n<div class=\"accrodion-title\"><\/div>\n<\/div>\n","protected":false},"excerpt":{"rendered":"<p>Chez Dragon, nous proposons une gamme vari\u00e9e de formules d&rsquo;engrais m\u00e9ticuleusement con\u00e7ues pour r\u00e9pondre aux divers besoins de toutes les cultures, garantissant des ratios NPK \u00e9quilibr\u00e9s \u00e0 tous les stades de croissance. Nos formulations sont adapt\u00e9es aux cultures \u00e0 maturation progressive, n\u00e9cessitant des niveaux de NPK \u00e9lev\u00e9s pour favoriser le d\u00e9veloppement des fleurs, la maturation [&hellip;]<\/p>\n","protected":false},"featured_media":869,"comment_status":"open","ping_status":"closed","template":"","meta":{"_et_pb_use_builder":"","_et_pb_old_content":"","_et_gb_content_width":""},"product_brand":[],"product_cat":[116],"product_tag":[],"class_list":{"0":"post-4030","1":"product","2":"type-product","3":"status-publish","4":"has-post-thumbnail","6":"product_cat-dragon-fert-poudre-soluble","8":"first","9":"instock","10":"shipping-taxable","11":"product-type-simple"},"_links":{"self":[{"href":"https:\/\/dragonagricultural.com\/fr\/wp-json\/wp\/v2\/product\/4030","targetHints":{"allow":["GET"]}}],"collection":[{"href":"https:\/\/dragonagricultural.com\/fr\/wp-json\/wp\/v2\/product"}],"about":[{"href":"https:\/\/dragonagricultural.com\/fr\/wp-json\/wp\/v2\/types\/product"}],"replies":[{"embeddable":true,"href":"https:\/\/dragonagricultural.com\/fr\/wp-json\/wp\/v2\/comments?post=4030"}],"wp:featuredmedia":[{"embeddable":true,"href":"https:\/\/dragonagricultural.com\/fr\/wp-json\/wp\/v2\/media\/869"}],"wp:attachment":[{"href":"https:\/\/dragonagricultural.com\/fr\/wp-json\/wp\/v2\/media?parent=4030"}],"wp:term":[{"taxonomy":"product_brand","embeddable":true,"href":"https:\/\/dragonagricultural.com\/fr\/wp-json\/wp\/v2\/product_brand?post=4030"},{"taxonomy":"product_cat","embeddable":true,"href":"https:\/\/dragonagricultural.com\/fr\/wp-json\/wp\/v2\/product_cat?post=4030"},{"taxonomy":"product_tag","embeddable":true,"href":"https:\/\/dragonagricultural.com\/fr\/wp-json\/wp\/v2\/product_tag?post=4030"}],"curies":[{"name":"wp","href":"https:\/\/api.w.org\/{rel}","templated":true}]}}