{"id":4023,"date":"2025-11-05T11:33:34","date_gmt":"2025-11-05T11:33:34","guid":{"rendered":"https:\/\/dragonagricultural.com\/products\/dragon-pk-humic\/"},"modified":"2025-12-08T13:12:01","modified_gmt":"2025-12-08T13:12:01","slug":"dragon-pk-humic","status":"publish","type":"product","link":"https:\/\/dragonagricultural.com\/fr\/products\/specialite-dragon\/dragon-pk-humic\/","title":{"rendered":"Dragon PK Humic"},"content":{"rendered":"<p data-start=\"240\" data-end=\"759\"><strong data-start=\"240\" data-end=\"259\">Dragon PK Humic<\/strong> est un <strong data-start=\"293\" data-end=\"306\">humate de PK<\/strong> liquide organique concentr\u00e9 formul\u00e9 pour favoriser un d\u00e9veloppement rapide des racines et am\u00e9liorer la sant\u00e9 du sol. Il fournit de l&rsquo;<strong data-start=\"389\" data-end=\"424\">humate de phosphore et de potassium<\/strong> sous des formes hautement solubles, exemptes de <strong data-start=\"459\" data-end=\"497\">chlorure, de sodium et de m\u00e9taux lourds<\/strong>, garantissant une utilisation s\u00fbre et efficace.<\/p>\n<hr data-start=\"761\" data-end=\"764\">\n<h4 data-start=\"766\" data-end=\"787\"><strong data-start=\"771\" data-end=\"787\">Principaux avantages<\/strong><\/h4>\n<ul data-start=\"788\" data-end=\"1155\">\n<li data-start=\"788\" data-end=\"852\">\n<p data-start=\"790\" data-end=\"852\">Favorise le <strong data-start=\"799\" data-end=\"819\">d\u00e9veloppement racinaire<\/strong> et l&rsquo;\u00e9tablissement pr\u00e9coce des plantes.<\/p>\n<\/li>\n<li data-start=\"853\" data-end=\"909\">\n<p data-start=\"855\" data-end=\"909\">Am\u00e9liore l&rsquo;<strong data-start=\"864\" data-end=\"883\">absorption des nutriments<\/strong> et la <strong data-start=\"888\" data-end=\"906\">structure du sol<\/strong>.<\/p>\n<\/li>\n<li data-start=\"910\" data-end=\"961\">\n<p data-start=\"912\" data-end=\"961\">Stimule la <strong data-start=\"919\" data-end=\"937\">vitalit\u00e9 des plantes<\/strong> et la tol\u00e9rance au stress.<\/p>\n<\/li>\n<li data-start=\"962\" data-end=\"1037\">\n<p data-start=\"964\" data-end=\"1037\">Garantit une formulation <strong data-start=\"972\" data-end=\"1001\">sans chlorure ni sodium<\/strong> pour une application s\u00fbre.<\/p>\n<\/li>\n<li data-start=\"1038\" data-end=\"1096\">\n<p data-start=\"1040\" data-end=\"1096\">Favorise la <strong data-start=\"1049\" data-end=\"1067\">r\u00e9cup\u00e9ration rapide<\/strong> du stress environnemental.<\/p>\n<\/li>\n<\/ul>\n<hr>\n<h3 data-start=\"101\" data-end=\"136\"><strong data-start=\"105\" data-end=\"136\"><br \/>\nSp\u00e9cifications techniques \ud83e\uddea<\/strong><\/h3>\n<ul data-start=\"137\" data-end=\"473\">\n<li data-start=\"137\" data-end=\"169\">\n<p data-start=\"139\" data-end=\"169\"><strong data-start=\"139\" data-end=\"162\">Composition : % (p\/V)<\/strong><\/p>\n<ul data-start=\"137\" data-end=\"473\">\n<li data-start=\"137\" data-end=\"169\">\n<p data-start=\"139\" data-end=\"169\"><strong data-start=\"139\" data-end=\"162\">Phosphore (P\u2082O\u2085) :<\/strong> 4,0 %<\/p>\n<\/li>\n<li data-start=\"170\" data-end=\"200\">\n<p data-start=\"172\" data-end=\"200\"><strong data-start=\"172\" data-end=\"192\">Potassium (K\u2082O) :<\/strong> 11,0 %<\/p>\n<\/li>\n<li data-start=\"201\" data-end=\"225\">\n<p data-start=\"203\" data-end=\"225\"><strong data-start=\"203\" data-end=\"218\">Acide humique :<\/strong> 7,0 %<\/p>\n<\/li>\n<\/ul>\n<\/li>\n<li data-start=\"226\" data-end=\"256\">\n<p data-start=\"228\" data-end=\"256\"><strong data-start=\"228\" data-end=\"243\">pH (1\/100) :<\/strong> 9,0 \u2013 11,0<\/p>\n<\/li>\n<li data-start=\"334\" data-end=\"354\"><strong data-start=\"336\" data-end=\"345\">Aspect :<\/strong> Liquide, 100 % soluble dans l&rsquo;eau<\/li>\n<li data-start=\"334\" data-end=\"354\"><strong data-start=\"360\" data-end=\"375\">Solubilit\u00e9 :<\/strong> Enti\u00e8rement soluble et exempt de chlorure, sodium et m\u00e9taux lourds<\/li>\n<\/ul>\n<hr>\n<p>\ud83d\udca7 <strong>Fertigation<\/strong> \u2013 \u00c0 tout stade de croissance des plantes pour am\u00e9liorer l&rsquo;absorption des nutriments et favoriser le d\u00e9veloppement.<\/p>\n","protected":false},"excerpt":{"rendered":"<p>Dragon PK Humic est un humate de PK liquide organique concentr\u00e9 formul\u00e9 pour favoriser un d\u00e9veloppement rapide des racines et am\u00e9liorer la sant\u00e9 du sol. Il fournit de l&rsquo;humate de phosphore et de potassium sous des formes hautement solubles, exemptes de chlorure, de sodium et de m\u00e9taux lourds, garantissant une utilisation s\u00fbre et efficace. Principaux [&hellip;]<\/p>\n","protected":false},"featured_media":4027,"comment_status":"open","ping_status":"closed","template":"","meta":{"_et_pb_use_builder":"","_et_pb_old_content":"","_et_gb_content_width":""},"product_brand":[],"product_cat":[115,113],"product_tag":[],"class_list":{"0":"post-4023","1":"product","2":"type-product","3":"status-publish","4":"has-post-thumbnail","6":"product_cat-dragon-organic","7":"product_cat-specialite-dragon","9":"first","10":"instock","11":"shipping-taxable","12":"product-type-simple"},"_links":{"self":[{"href":"https:\/\/dragonagricultural.com\/fr\/wp-json\/wp\/v2\/product\/4023","targetHints":{"allow":["GET"]}}],"collection":[{"href":"https:\/\/dragonagricultural.com\/fr\/wp-json\/wp\/v2\/product"}],"about":[{"href":"https:\/\/dragonagricultural.com\/fr\/wp-json\/wp\/v2\/types\/product"}],"replies":[{"embeddable":true,"href":"https:\/\/dragonagricultural.com\/fr\/wp-json\/wp\/v2\/comments?post=4023"}],"wp:featuredmedia":[{"embeddable":true,"href":"https:\/\/dragonagricultural.com\/fr\/wp-json\/wp\/v2\/media\/4027"}],"wp:attachment":[{"href":"https:\/\/dragonagricultural.com\/fr\/wp-json\/wp\/v2\/media?parent=4023"}],"wp:term":[{"taxonomy":"product_brand","embeddable":true,"href":"https:\/\/dragonagricultural.com\/fr\/wp-json\/wp\/v2\/product_brand?post=4023"},{"taxonomy":"product_cat","embeddable":true,"href":"https:\/\/dragonagricultural.com\/fr\/wp-json\/wp\/v2\/product_cat?post=4023"},{"taxonomy":"product_tag","embeddable":true,"href":"https:\/\/dragonagricultural.com\/fr\/wp-json\/wp\/v2\/product_tag?post=4023"}],"curies":[{"name":"wp","href":"https:\/\/api.w.org\/{rel}","templated":true}]}}