{"id":2459,"date":"2025-10-22T00:32:20","date_gmt":"2025-10-22T00:32:20","guid":{"rendered":"https:\/\/dragonagricultural.com\/departements-des-dragons\/"},"modified":"2026-01-02T08:21:38","modified_gmt":"2026-01-02T08:21:38","slug":"departements-des-dragons","status":"publish","type":"page","link":"https:\/\/dragonagricultural.com\/fr\/departements-des-dragons\/","title":{"rendered":"D\u00e9partements des dragons"},"content":{"rendered":"<p>[et_pb_section fb_built=\u00a0\u00bb1&Prime; fullwidth=\u00a0\u00bbon\u00a0\u00bb _builder_version=\u00a0\u00bb4.16&Prime; animation_style=\u00a0\u00bbslide\u00a0\u00bb animation_direction=\u00a0\u00bbtop\u00a0\u00bb animation_intensity_slide=\u00a0\u00bb2%\u00a0\u00bb animation_starting_opacity=\u00a0\u00bb100%\u00a0\u00bb global_colors_info=\u00a0\u00bb{}\u00a0\u00bb][et_pb_fullwidth_header title=\u00a0\u00bbD\u00e9partements des dragons\u00a0\u00bb text_orientation=\u00a0\u00bbcenter\u00a0\u00bb content_max_width=\u00a0\u00bb800px\u00a0\u00bb _builder_version=\u00a0\u00bb4.27.4&Prime; title_level=\u00a0\u00bbh2&Prime; title_font=\u00a0\u00bbAmatic SC|700|||||||\u00a0\u00bb title_font_size=\u00a0\u00bb60px\u00a0\u00bb title_line_height=\u00a0\u00bb1.2em\u00a0\u00bb content_font=\u00a0\u00bb||||||||\u00a0\u00bb content_font_size=\u00a0\u00bb20px\u00a0\u00bb content_line_height=\u00a0\u00bb1.8em\u00a0\u00bb background_color=\u00a0\u00bbrgba(255, 255, 255, 0)\u00a0\u00bb use_background_color_gradient=\u00a0\u00bbon\u00a0\u00bb background_color_gradient_direction=\u00a0\u00bb90deg\u00a0\u00bb background_color_gradient_stops=\u00a0\u00bbrgba(0,0,0,0.75) 0%|rgba(0,0,0,0) 100%\u00a0\u00bb background_color_gradient_overlays_image=\u00a0\u00bbon\u00a0\u00bb background_color_gradient_start=\u00a0\u00bbrgba(0,0,0,0.75)\u00a0\u00bb background_color_gradient_end=\u00a0\u00bbrgba(0,0,0,0)\u00a0\u00bb background_image=\u00a0\u00bbhttps:\/\/dragonagricultural.com\/wp-content\/uploads\/2025\/10\/our-departments-bg.jpg\u00a0\u00bb custom_button_one=\u00a0\u00bbon\u00a0\u00bb button_one_text_size=\u00a0\u00bb18px\u00a0\u00bb button_one_bg_color=\u00a0\u00bb#02d002&Prime; button_one_border_width=\u00a0\u00bb8px\u00a0\u00bb button_one_border_color=\u00a0\u00bb#02d002&Prime; button_one_border_radius=\u00a0\u00bb0px\u00a0\u00bb button_one_letter_spacing=\u00a0\u00bb1px\u00a0\u00bb button_one_font=\u00a0\u00bbLato|700|||||||\u00a0\u00bb button_one_use_icon=\u00a0\u00bboff\u00a0\u00bb custom_button_two=\u00a0\u00bbon\u00a0\u00bb button_two_text_size=\u00a0\u00bb18px\u00a0\u00bb button_two_text_color=\u00a0\u00bb#353740&Prime; button_two_bg_color=\u00a0\u00bb#ffffff\u00a0\u00bb button_two_border_width=\u00a0\u00bb8px\u00a0\u00bb button_two_border_color=\u00a0\u00bb#ffffff\u00a0\u00bb button_two_border_radius=\u00a0\u00bb0px\u00a0\u00bb button_two_letter_spacing=\u00a0\u00bb1px\u00a0\u00bb button_two_font=\u00a0\u00bbLato|700|||||||\u00a0\u00bb button_two_use_icon=\u00a0\u00bboff\u00a0\u00bb custom_margin=\u00a0\u00bb|||\u00a0\u00bb custom_padding=\u00a0\u00bb8%||8%|\u00a0\u00bb button_one_letter_spacing_hover=\u00a0\u00bb1px\u00a0\u00bb button_two_letter_spacing_hover=\u00a0\u00bb1px\u00a0\u00bb locked=\u00a0\u00bboff\u00a0\u00bb global_colors_info=\u00a0\u00bb{}\u00a0\u00bb button_one_text_size__hover_enabled=\u00a0\u00bboff\u00a0\u00bb button_two_text_size__hover_enabled=\u00a0\u00bboff\u00a0\u00bb button_one_text_color__hover_enabled=\u00a0\u00bboff\u00a0\u00bb button_two_text_color__hover_enabled=\u00a0\u00bboff\u00a0\u00bb button_one_border_width__hover_enabled=\u00a0\u00bboff\u00a0\u00bb button_two_border_width__hover_enabled=\u00a0\u00bboff\u00a0\u00bb button_one_border_color__hover_enabled=\u00a0\u00bboff\u00a0\u00bb button_two_border_color__hover_enabled=\u00a0\u00bboff\u00a0\u00bb button_one_border_radius__hover_enabled=\u00a0\u00bboff\u00a0\u00bb button_two_border_radius__hover_enabled=\u00a0\u00bboff\u00a0\u00bb button_one_letter_spacing__hover_enabled=\u00a0\u00bbon\u00a0\u00bb button_one_letter_spacing__hover=\u00a0\u00bb1px\u00a0\u00bb button_two_letter_spacing__hover_enabled=\u00a0\u00bbon\u00a0\u00bb button_two_letter_spacing__hover=\u00a0\u00bb1px\u00a0\u00bb button_one_bg_color__hover_enabled=\u00a0\u00bboff\u00a0\u00bb button_two_bg_color__hover_enabled=\u00a0\u00bboff\u00a0\u00bb][\/et_pb_fullwidth_header][\/et_pb_section][et_pb_section fb_built=\u00a0\u00bb1&Prime; _builder_version=\u00a0\u00bb4.27.4&Prime; _module_preset=\u00a0\u00bbdefault\u00a0\u00bb global_colors_info=\u00a0\u00bb{}\u00a0\u00bb][et_pb_row column_structure=\u00a0\u00bb1_2,1_2&Prime; _builder_version=\u00a0\u00bb4.27.4&Prime; _module_preset=\u00a0\u00bbdefault\u00a0\u00bb global_colors_info=\u00a0\u00bb{}\u00a0\u00bb][et_pb_column type=\u00a0\u00bb1_2&Prime; _builder_version=\u00a0\u00bb4.27.4&Prime; _module_preset=\u00a0\u00bbdefault\u00a0\u00bb global_colors_info=\u00a0\u00bb{}\u00a0\u00bb][et_pb_image src=\u00a0\u00bbhttp:\/\/dragonagricultural.com\/wp-content\/uploads\/2025\/10\/our-departments-img.jpg\u00a0\u00bb title_text=\u00a0\u00bbnos-departements-img\u00a0\u00bb _builder_version=\u00a0\u00bb4.27.4&Prime; _module_preset=\u00a0\u00bbdefault\u00a0\u00bb global_colors_info=\u00a0\u00bb{}\u00a0\u00bb][\/et_pb_image][\/et_pb_column][et_pb_column type=\u00a0\u00bb1_2&Prime; _builder_version=\u00a0\u00bb4.27.4&Prime; _module_preset=\u00a0\u00bbdefault\u00a0\u00bb global_colors_info=\u00a0\u00bb{}\u00a0\u00bb][et_pb_text _builder_version=\u00a0\u00bb4.27.4&Prime; _module_preset=\u00a0\u00bbdefault\u00a0\u00bb header_font=\u00a0\u00bbAmatic SC|700|||||||\u00a0\u00bb header_font_size=\u00a0\u00bb50px\u00a0\u00bb global_colors_info=\u00a0\u00bb{}\u00a0\u00bb]<\/p>\n<h6 class=\"section-title__title\"><span class=\"section-title__tagline\">L&rsquo;\u00e9quipe et l&rsquo;expertise de Dragon<\/span><\/h6>\n<h1 class=\"section-title__title\"><span><\/span>L&rsquo;\u00e9quipe du dragon<\/h1>\n<div class=\"section-title__icon\"><\/div>\n<p>[\/et_pb_text][et_pb_text _builder_version=\u00a0\u00bb4.27.4&Prime; _module_preset=\u00a0\u00bbdefault\u00a0\u00bb global_colors_info=\u00a0\u00bb{}\u00a0\u00bb]<\/p>\n<p class=\"project-details__text-4\">L&rsquo;\u00e9quipe de Dragon est fi\u00e8re de cr\u00e9er des solutions d&rsquo;engrais sur mesure qui r\u00e9pondent aux besoins sp\u00e9cifiques des cultures et des agriculteurs, en s&rsquo;appuyant sur notre vaste exp\u00e9rience pratique combin\u00e9e \u00e0 notre gamme de produits innovants.<\/p>\n<h3 class=\"project-details__sub-title\">Administration<\/h3>\n<p class=\"project-details__text-4\">Les strat\u00e9gies d&rsquo;approvisionnement de Dragon sont con\u00e7ues pour garantir des ressources de la plus haute qualit\u00e9 tout en soutenant le commerce \u00e9quitable et les pratiques \u00e9thiques.<\/p>\n<p>Chez Dragon, nous nous engageons \u00e0 soutenir nos clients en offrant des services de livraison et d&rsquo;exp\u00e9dition, dans la mesure du possible.<\/p>\n<p>En outre, nous adh\u00e9rons strictement aux normes r\u00e9glementaires internationales, en veillant \u00e0 ce que les produits Dragon soient enregistr\u00e9s et conformes aux lois des pays o\u00f9 ils sont vendus.<\/p>\n<p>Cette approche globale ne soutient pas seulement nos objectifs de d\u00e9veloppement durable, mais garantit \u00e9galement que les clients de Dragon re\u00e7oivent des produits fiables, de haute qualit\u00e9 et adapt\u00e9s \u00e0 leurs besoins.<\/p>\n<h3 class=\"project-details__sub-title\">Ventes et marketing<\/h3>\n<p class=\"project-details__text-4\">L&rsquo;\u00e9quipe de vente et de marketing de Dragon constitue la pierre angulaire de notre strat\u00e9gie commerciale, car elle permet d&rsquo;appr\u00e9hender et de satisfaire efficacement les besoins des clients. Nous nous effor\u00e7ons d&rsquo;apporter un soutien complet \u00e0 nos clients, en leur fournissant une assistance marketing et technique permanente. <\/p>\n<p>Chez Dragon, nous nous engageons \u00e0 toujours comprendre les besoins de nos clients et \u00e0 leur fournir des solutions d&rsquo;engrais adapt\u00e9es gr\u00e2ce \u00e0 des r\u00e9unions r\u00e9guli\u00e8res, au partage des connaissances, \u00e0 l&rsquo;\u00e9change d&rsquo;informations et \u00e0 diverses m\u00e9thodes permettant d&rsquo;am\u00e9liorer leur exp\u00e9rience et leur r\u00e9ussite.<\/p>\n<p>Gr\u00e2ce \u00e0 la connaissance approfondie du march\u00e9 et aux capacit\u00e9s de notre \u00e9quipe \u00e0 \u00e9tablir des relations solides, nous fournissons des solutions sur mesure pour soutenir les objectifs agricoles de nos clients, renfor\u00e7ant ainsi notre r\u00e9putation de partenaire fiable et solidaire.<\/p>\n<h3 class=\"project-details__sub-title\">Production<\/h3>\n<p class=\"project-details__text-4\">Le d\u00e9partement de production de Dragon assure une qualit\u00e9 et une efficacit\u00e9 \u00e9lev\u00e9es dans la fabrication de nos produits.<\/p>\n<p>Nous respectons des normes strictes et utilisons des m\u00e9thodes de production innovantes pour garantir que chaque lot de produits r\u00e9pond aux attentes de nos clients en termes d&rsquo;efficacit\u00e9 et de durabilit\u00e9.<\/p>\n<h3 class=\"project-details__sub-title\">Contr\u00f4le de la qualit\u00e9<\/h3>\n<p class=\"project-details__text-4\">Chez Dragon, nos laboratoires sont \u00e9quip\u00e9s d&rsquo;une technologie de pointe pour tester et garantir la qualit\u00e9 de nos produits.<\/p>\n<p>Nos experts en laboratoire se consacrent \u00e0 la r\u00e9alisation d&rsquo;analyses pr\u00e9cises et compl\u00e8tes, affirmant que nos produits respectent les normes les plus strictes en mati\u00e8re de qualit\u00e9 et de s\u00e9curit\u00e9.<\/p>\n<h3 class=\"project-details__sub-title\">Recherche et d\u00e9veloppement<\/h3>\n<p class=\"project-details__text-4\">Chez Dragon, notre \u00e9quipe R&amp;D est compos\u00e9e de sp\u00e9cialistes innovants qui travaillent sans rel\u00e2che pour cr\u00e9er des produits fertilisants avanc\u00e9s r\u00e9pondant aux besoins dynamiques du march\u00e9.<\/p>\n<p>Nous investissons dans la recherche scientifique et tirons parti des derni\u00e8res technologies pour d\u00e9velopper des solutions durables am\u00e9liorant la sant\u00e9 des sols et la productivit\u00e9 des cultures.<\/p>\n<p>[\/et_pb_text][\/et_pb_column][\/et_pb_row][\/et_pb_section]<\/p>\n","protected":false},"excerpt":{"rendered":"<p>L&rsquo;\u00e9quipe et l&rsquo;expertise de Dragon L&rsquo;\u00e9quipe du dragon L&rsquo;\u00e9quipe de Dragon est fi\u00e8re de cr\u00e9er des solutions d&rsquo;engrais sur mesure qui r\u00e9pondent aux besoins sp\u00e9cifiques des cultures et des agriculteurs, en s&rsquo;appuyant sur notre vaste exp\u00e9rience pratique combin\u00e9e \u00e0 notre gamme de produits innovants. Administration Les strat\u00e9gies d&rsquo;approvisionnement de Dragon sont con\u00e7ues pour garantir des [&hellip;]<\/p>\n","protected":false},"author":1,"featured_media":0,"parent":0,"menu_order":0,"comment_status":"closed","ping_status":"closed","template":"","meta":{"_et_pb_use_builder":"on","_et_pb_old_content":"","_et_gb_content_width":"","footnotes":""},"class_list":["post-2459","page","type-page","status-publish","hentry"],"_hostinger_reach_plugin_has_subscription_block":false,"_hostinger_reach_plugin_is_elementor":false,"_links":{"self":[{"href":"https:\/\/dragonagricultural.com\/fr\/wp-json\/wp\/v2\/pages\/2459","targetHints":{"allow":["GET"]}}],"collection":[{"href":"https:\/\/dragonagricultural.com\/fr\/wp-json\/wp\/v2\/pages"}],"about":[{"href":"https:\/\/dragonagricultural.com\/fr\/wp-json\/wp\/v2\/types\/page"}],"author":[{"embeddable":true,"href":"https:\/\/dragonagricultural.com\/fr\/wp-json\/wp\/v2\/users\/1"}],"replies":[{"embeddable":true,"href":"https:\/\/dragonagricultural.com\/fr\/wp-json\/wp\/v2\/comments?post=2459"}],"version-history":[{"count":36,"href":"https:\/\/dragonagricultural.com\/fr\/wp-json\/wp\/v2\/pages\/2459\/revisions"}],"predecessor-version":[{"id":10123,"href":"https:\/\/dragonagricultural.com\/fr\/wp-json\/wp\/v2\/pages\/2459\/revisions\/10123"}],"wp:attachment":[{"href":"https:\/\/dragonagricultural.com\/fr\/wp-json\/wp\/v2\/media?parent=2459"}],"curies":[{"name":"wp","href":"https:\/\/api.w.org\/{rel}","templated":true}]}}