{"id":2416,"date":"2025-10-22T00:28:23","date_gmt":"2025-10-22T00:28:23","guid":{"rendered":"https:\/\/dragonagricultural.com\/durabilite-du-dragon\/"},"modified":"2025-12-28T07:00:38","modified_gmt":"2025-12-28T07:00:38","slug":"durabilite-du-dragon","status":"publish","type":"page","link":"https:\/\/dragonagricultural.com\/fr\/durabilite-du-dragon\/","title":{"rendered":"Durabilit\u00e9 du dragon"},"content":{"rendered":"<p>[et_pb_section fb_built=\u00a0\u00bb1&Prime; fullwidth=\u00a0\u00bbon\u00a0\u00bb _builder_version=\u00a0\u00bb4.16&Prime; animation_style=\u00a0\u00bbslide\u00a0\u00bb animation_direction=\u00a0\u00bbtop\u00a0\u00bb animation_intensity_slide=\u00a0\u00bb2%\u00a0\u00bb animation_starting_opacity=\u00a0\u00bb100%\u00a0\u00bb global_colors_info=\u00a0\u00bb{}\u00a0\u00bb][et_pb_fullwidth_header title=\u00a0\u00bbDurabilit\u00e9 du dragon\u00a0\u00bb text_orientation=\u00a0\u00bbcenter\u00a0\u00bb content_max_width=\u00a0\u00bb800px\u00a0\u00bb _builder_version=\u00a0\u00bb4.27.4&Prime; title_level=\u00a0\u00bbh2&Prime; title_font=\u00a0\u00bbAmatic SC|700|||||||\u00a0\u00bb title_font_size=\u00a0\u00bb60px\u00a0\u00bb title_line_height=\u00a0\u00bb1.2em\u00a0\u00bb content_font=\u00a0\u00bb||||||||\u00a0\u00bb content_font_size=\u00a0\u00bb20px\u00a0\u00bb content_line_height=\u00a0\u00bb1.8em\u00a0\u00bb background_color=\u00a0\u00bbrgba(255, 255, 255, 0)\u00a0\u00bb use_background_color_gradient=\u00a0\u00bbon\u00a0\u00bb background_color_gradient_direction=\u00a0\u00bb90deg\u00a0\u00bb background_color_gradient_stops=\u00a0\u00bbrgba(0,0,0,0.75) 0%|rgba(0,0,0,0) 100%\u00a0\u00bb background_color_gradient_overlays_image=\u00a0\u00bbon\u00a0\u00bb background_color_gradient_start=\u00a0\u00bbrgba(0,0,0,0.75)\u00a0\u00bb background_color_gradient_end=\u00a0\u00bbrgba(0,0,0,0)\u00a0\u00bb background_image=\u00a0\u00bbhttps:\/\/dragonagricultural.com\/wp-content\/uploads\/2025\/10\/dragon-sustainability-bg.jpg\u00a0\u00bb custom_button_one=\u00a0\u00bbon\u00a0\u00bb button_one_text_size=\u00a0\u00bb18px\u00a0\u00bb button_one_bg_color=\u00a0\u00bb#02d002&Prime; button_one_border_width=\u00a0\u00bb8px\u00a0\u00bb button_one_border_color=\u00a0\u00bb#02d002&Prime; button_one_border_radius=\u00a0\u00bb0px\u00a0\u00bb button_one_letter_spacing=\u00a0\u00bb1px\u00a0\u00bb button_one_font=\u00a0\u00bbLato|700|||||||\u00a0\u00bb button_one_use_icon=\u00a0\u00bboff\u00a0\u00bb custom_button_two=\u00a0\u00bbon\u00a0\u00bb button_two_text_size=\u00a0\u00bb18px\u00a0\u00bb button_two_text_color=\u00a0\u00bb#353740&Prime; button_two_bg_color=\u00a0\u00bb#ffffff\u00a0\u00bb button_two_border_width=\u00a0\u00bb8px\u00a0\u00bb button_two_border_color=\u00a0\u00bb#ffffff\u00a0\u00bb button_two_border_radius=\u00a0\u00bb0px\u00a0\u00bb button_two_letter_spacing=\u00a0\u00bb1px\u00a0\u00bb button_two_font=\u00a0\u00bbLato|700|||||||\u00a0\u00bb button_two_use_icon=\u00a0\u00bboff\u00a0\u00bb custom_margin=\u00a0\u00bb|||\u00a0\u00bb custom_padding=\u00a0\u00bb8%||8%|\u00a0\u00bb button_one_letter_spacing_hover=\u00a0\u00bb1px\u00a0\u00bb button_two_letter_spacing_hover=\u00a0\u00bb1px\u00a0\u00bb locked=\u00a0\u00bboff\u00a0\u00bb global_colors_info=\u00a0\u00bb{}\u00a0\u00bb button_one_text_size__hover_enabled=\u00a0\u00bboff\u00a0\u00bb button_two_text_size__hover_enabled=\u00a0\u00bboff\u00a0\u00bb button_one_text_color__hover_enabled=\u00a0\u00bboff\u00a0\u00bb button_two_text_color__hover_enabled=\u00a0\u00bboff\u00a0\u00bb button_one_border_width__hover_enabled=\u00a0\u00bboff\u00a0\u00bb button_two_border_width__hover_enabled=\u00a0\u00bboff\u00a0\u00bb button_one_border_color__hover_enabled=\u00a0\u00bboff\u00a0\u00bb button_two_border_color__hover_enabled=\u00a0\u00bboff\u00a0\u00bb button_one_border_radius__hover_enabled=\u00a0\u00bboff\u00a0\u00bb button_two_border_radius__hover_enabled=\u00a0\u00bboff\u00a0\u00bb button_one_letter_spacing__hover_enabled=\u00a0\u00bbon\u00a0\u00bb button_one_letter_spacing__hover=\u00a0\u00bb1px\u00a0\u00bb button_two_letter_spacing__hover_enabled=\u00a0\u00bbon\u00a0\u00bb button_two_letter_spacing__hover=\u00a0\u00bb1px\u00a0\u00bb button_one_bg_color__hover_enabled=\u00a0\u00bboff\u00a0\u00bb button_two_bg_color__hover_enabled=\u00a0\u00bboff\u00a0\u00bb][\/et_pb_fullwidth_header][\/et_pb_section][et_pb_section fb_built=\u00a0\u00bb1&Prime; _builder_version=\u00a0\u00bb4.27.4&Prime; _module_preset=\u00a0\u00bbdefault\u00a0\u00bb global_colors_info=\u00a0\u00bb{}\u00a0\u00bb][et_pb_row column_structure=\u00a0\u00bb1_2,1_2&Prime; _builder_version=\u00a0\u00bb4.27.4&Prime; _module_preset=\u00a0\u00bbdefault\u00a0\u00bb global_colors_info=\u00a0\u00bb{}\u00a0\u00bb][et_pb_column type=\u00a0\u00bb1_2&Prime; _builder_version=\u00a0\u00bb4.27.4&Prime; _module_preset=\u00a0\u00bbdefault\u00a0\u00bb global_colors_info=\u00a0\u00bb{}\u00a0\u00bb][et_pb_image src=\u00a0\u00bbhttp:\/\/dragonagricultural.com\/wp-content\/uploads\/2025\/10\/dragon-sustainability-img.jpg\u00a0\u00bb title_text=\u00a0\u00bbdragon-sustainability-img\u00a0\u00bb _builder_version=\u00a0\u00bb4.27.4&Prime; _module_preset=\u00a0\u00bbdefault\u00a0\u00bb global_colors_info=\u00a0\u00bb{}\u00a0\u00bb][\/et_pb_image][\/et_pb_column][et_pb_column type=\u00a0\u00bb1_2&Prime; _builder_version=\u00a0\u00bb4.27.4&Prime; _module_preset=\u00a0\u00bbdefault\u00a0\u00bb global_colors_info=\u00a0\u00bb{}\u00a0\u00bb][et_pb_text _builder_version=\u00a0\u00bb4.27.4&Prime; _module_preset=\u00a0\u00bbdefault\u00a0\u00bb header_font=\u00a0\u00bbAmatic SC|700|||||||\u00a0\u00bb header_font_size=\u00a0\u00bb50px\u00a0\u00bb global_colors_info=\u00a0\u00bb{}\u00a0\u00bb]<\/p>\n<h1 class=\"section-title__title\">Durabilit\u00e9 du dragon<\/h1>\n<div class=\"section-title__icon\"><\/div>\n<p>[\/et_pb_text][et_pb_text _builder_version=\u00a0\u00bb4.27.4&Prime; _module_preset=\u00a0\u00bbdefault\u00a0\u00bb global_colors_info=\u00a0\u00bb{}\u00a0\u00bb]<\/p>\n<p class=\"about-three__text-1\">La durabilit\u00e9 n&rsquo;est pas seulement un mot pour DRAGON ; c&rsquo;est un credo que nous suivons dans tout ce que nous faisons. Nous nous engageons \u00e0 pr\u00e9server nos ressources naturelles pour les g\u00e9n\u00e9rations futures, en assurant la vitalit\u00e9 et la long\u00e9vit\u00e9 des \u00e9cosyst\u00e8mes. <\/p>\n<p class=\"about-three__text-1\">Dragon comble le foss\u00e9 entre le progr\u00e8s \u00e9conomique et la gestion de l&rsquo;environnement gr\u00e2ce \u00e0 ses produits et services innovants qui r\u00e9duisent l&rsquo;impact sur l&rsquo;environnement et encouragent une utilisation prudente des ressources.<\/p>\n<p class=\"about-three__text-1\">Tous les produits que nous proposons \u00e0 DRAGON sont respectueux de l&rsquo;environnement, y compris notre gamme biologique haut de gamme.<\/p>\n<p class=\"about-three__text-1\">Nous fournissons des instructions d&rsquo;\u00e9tiquetage pr\u00e9cises afin de garantir que l&rsquo;utilisation des produits est en harmonie avec les types de cultures, les pratiques agricoles et les m\u00e9thodes d&rsquo;application, confirmant ainsi notre engagement in\u00e9branlable en faveur du d\u00e9veloppement durable \u00e0 chaque \u00e9tape.<\/p>\n<p>[\/et_pb_text][\/et_pb_column][\/et_pb_row][\/et_pb_section]<\/p>\n","protected":false},"excerpt":{"rendered":"<p>Durabilit\u00e9 du dragon La durabilit\u00e9 n&rsquo;est pas seulement un mot pour DRAGON ; c&rsquo;est un credo que nous suivons dans tout ce que nous faisons. Nous nous engageons \u00e0 pr\u00e9server nos ressources naturelles pour les g\u00e9n\u00e9rations futures, en assurant la vitalit\u00e9 et la long\u00e9vit\u00e9 des \u00e9cosyst\u00e8mes. Dragon comble le foss\u00e9 entre le progr\u00e8s \u00e9conomique et [&hellip;]<\/p>\n","protected":false},"author":1,"featured_media":0,"parent":0,"menu_order":0,"comment_status":"closed","ping_status":"closed","template":"","meta":{"_et_pb_use_builder":"on","_et_pb_old_content":"","_et_gb_content_width":"","footnotes":""},"class_list":["post-2416","page","type-page","status-publish","hentry"],"_hostinger_reach_plugin_has_subscription_block":false,"_hostinger_reach_plugin_is_elementor":false,"_links":{"self":[{"href":"https:\/\/dragonagricultural.com\/fr\/wp-json\/wp\/v2\/pages\/2416","targetHints":{"allow":["GET"]}}],"collection":[{"href":"https:\/\/dragonagricultural.com\/fr\/wp-json\/wp\/v2\/pages"}],"about":[{"href":"https:\/\/dragonagricultural.com\/fr\/wp-json\/wp\/v2\/types\/page"}],"author":[{"embeddable":true,"href":"https:\/\/dragonagricultural.com\/fr\/wp-json\/wp\/v2\/users\/1"}],"replies":[{"embeddable":true,"href":"https:\/\/dragonagricultural.com\/fr\/wp-json\/wp\/v2\/comments?post=2416"}],"version-history":[{"count":15,"href":"https:\/\/dragonagricultural.com\/fr\/wp-json\/wp\/v2\/pages\/2416\/revisions"}],"predecessor-version":[{"id":9192,"href":"https:\/\/dragonagricultural.com\/fr\/wp-json\/wp\/v2\/pages\/2416\/revisions\/9192"}],"wp:attachment":[{"href":"https:\/\/dragonagricultural.com\/fr\/wp-json\/wp\/v2\/media?parent=2416"}],"curies":[{"name":"wp","href":"https:\/\/api.w.org\/{rel}","templated":true}]}}