{"id":8124,"date":"2025-12-22T07:52:15","date_gmt":"2025-12-22T07:52:15","guid":{"rendered":"https:\/\/dragonagricultural.com\/products\/sin categor\u00eda\/dragon-spark\/"},"modified":"2025-12-22T07:52:15","modified_gmt":"2025-12-22T07:52:15","slug":"dragon-spark","status":"publish","type":"product","link":"https:\/\/dragonagricultural.com\/es\/products\/especialidad-dragon\/dragon-spark\/","title":{"rendered":"Dragon Spark"},"content":{"rendered":"<p><strong>Dragon Spark<\/strong> es un fertilizante l\u00edquido premium de alta viscosidad, <strong>rico en f\u00f3sforo, materia org\u00e1nica y nitr\u00f3geno<\/strong>, especialmente formulado para estimular el crecimiento temprano de las plantas, fortalecer el desarrollo radicular y mejorar la eficiencia en la absorci\u00f3n de nutrientes.<br \/>\nSu formulaci\u00f3n \u00fanica crea una poderosa sinergia que activa los procesos metab\u00f3licos de la planta e impulsa un fuerte rendimiento vegetativo y reproductivo.<\/p>\n<hr data-start=\"882\" data-end=\"885\">\n<h3><strong>F\u00f3rmula Disponible (Todas en % p\/v):<\/strong><\/h3>\n<ul>\n<li><strong>Nitr\u00f3geno (N): 12%<\/strong><\/li>\n<li><strong>F\u00f3sforo (P\u2082O\u2085): 42%<\/strong><\/li>\n<li><strong>Potasio (K\u2082O): 0%<\/strong><\/li>\n<li><strong>Materia Org\u00e1nica (MO): 28%<\/strong><\/li>\n<\/ul>\n<hr data-start=\"882\" data-end=\"885\">\n<h3><strong data-start=\"1317\" data-end=\"1348\">Especificaciones T\u00e9cnicas \ud83e\uddea<\/strong><\/h3>\n<ul>\n<li><strong>Apariencia<\/strong>: L\u00edquido de alta viscosidad; 100% soluble en agua<\/li>\n<li><strong>pH<\/strong>: Formulaci\u00f3n de pH bajo<\/li>\n<li><strong>Todos los nutrientes<\/strong> est\u00e1n qu\u00edmicamente unidos en una forma estable para garantizar una r\u00e1pida absorci\u00f3n sin precipitaci\u00f3n<\/li>\n<li><strong>Libre de sales nocivas, sodio, cloruros y metales pesados<\/strong><\/li>\n<\/ul>\n<hr data-start=\"882\" data-end=\"885\">\n<h3><strong>M\u00e9todos de Aplicaci\u00f3n<\/strong><\/h3>\n<p>\ud83d\udca7 <strong>Fertigaci\u00f3n<\/strong> \u2013 Adecuado para todos los sistemas de riego, garantizando una entrega profunda de f\u00f3sforo a la zona radicular.<br \/>\n\ud83c\udf3f <strong>Aplicaci\u00f3n Foliar<\/strong> \u2013 Favorece una absorci\u00f3n r\u00e1pida durante las etapas tempranas de crecimiento y floraci\u00f3n.<\/p>\n","protected":false},"excerpt":{"rendered":"<p>Dragon Spark es un fertilizante l\u00edquido premium de alta viscosidad, rico en f\u00f3sforo, materia org\u00e1nica y nitr\u00f3geno, especialmente formulado para estimular el crecimiento temprano de las plantas, fortalecer el desarrollo radicular y mejorar la eficiencia en la absorci\u00f3n de nutrientes. Su formulaci\u00f3n \u00fanica crea una poderosa sinergia que activa los procesos metab\u00f3licos de la planta [&hellip;]<\/p>\n","protected":false},"featured_media":8126,"comment_status":"open","ping_status":"closed","template":"","meta":{"_et_pb_use_builder":"","_et_pb_old_content":"","_et_gb_content_width":""},"product_brand":[],"product_cat":[158],"product_tag":[],"class_list":{"0":"post-8124","1":"product","2":"type-product","3":"status-publish","4":"has-post-thumbnail","6":"product_cat-especialidad-dragon","8":"first","9":"instock","10":"shipping-taxable","11":"product-type-simple"},"_links":{"self":[{"href":"https:\/\/dragonagricultural.com\/es\/wp-json\/wp\/v2\/product\/8124","targetHints":{"allow":["GET"]}}],"collection":[{"href":"https:\/\/dragonagricultural.com\/es\/wp-json\/wp\/v2\/product"}],"about":[{"href":"https:\/\/dragonagricultural.com\/es\/wp-json\/wp\/v2\/types\/product"}],"replies":[{"embeddable":true,"href":"https:\/\/dragonagricultural.com\/es\/wp-json\/wp\/v2\/comments?post=8124"}],"wp:featuredmedia":[{"embeddable":true,"href":"https:\/\/dragonagricultural.com\/es\/wp-json\/wp\/v2\/media\/8126"}],"wp:attachment":[{"href":"https:\/\/dragonagricultural.com\/es\/wp-json\/wp\/v2\/media?parent=8124"}],"wp:term":[{"taxonomy":"product_brand","embeddable":true,"href":"https:\/\/dragonagricultural.com\/es\/wp-json\/wp\/v2\/product_brand?post=8124"},{"taxonomy":"product_cat","embeddable":true,"href":"https:\/\/dragonagricultural.com\/es\/wp-json\/wp\/v2\/product_cat?post=8124"},{"taxonomy":"product_tag","embeddable":true,"href":"https:\/\/dragonagricultural.com\/es\/wp-json\/wp\/v2\/product_tag?post=8124"}],"curies":[{"name":"wp","href":"https:\/\/api.w.org\/{rel}","templated":true}]}}