{"id":8121,"date":"2025-12-22T07:45:56","date_gmt":"2025-12-22T07:45:56","guid":{"rendered":"https:\/\/dragonagricultural.com\/products\/sin categor\u00eda\/dragon-elixir\/"},"modified":"2025-12-22T07:45:56","modified_gmt":"2025-12-22T07:45:56","slug":"dragon-elixir","status":"publish","type":"product","link":"https:\/\/dragonagricultural.com\/es\/products\/especialidad-dragon\/dragon-elixir\/","title":{"rendered":"Dragon Elixir"},"content":{"rendered":"<p><strong>Dragon Elixir es un bioestimulante l\u00edquido puro de origen vegetal, rico en amino\u00e1cidos<\/strong>, dise\u00f1ado para <strong>mejorar el crecimiento de las plantas, fortalecer los sistemas radiculares y aumentar la resistencia general de las plantas.<\/strong> Su formulaci\u00f3n avanzada favorece la s\u00edntesis de prote\u00ednas, <strong>mejora la absorci\u00f3n de nutrientes y ayuda a las plantas a tolerar el estr\u00e9s ambiental, lo que se traduce en un mayor vigor, mayores rendimientos y una mejor calidad de los frutos.<\/strong> <\/p>\n<hr data-start=\"882\" data-end=\"885\">\n<h3><strong>F\u00f3rmulas disponibles (todo en % p\/v):<\/strong><\/h3>\n<ul>\n<li><strong>Nitr\u00f3geno (N)<\/strong>: 8%<\/li>\n<li><strong>F\u00f3sforo (P\u2082O\u2085)<\/strong>: 4%<\/li>\n<li><strong>Potasio (K\u2082O)<\/strong>: 4%<\/li>\n<li><strong>Amino\u00e1cidos<\/strong>: 33%<\/li>\n<\/ul>\n<hr data-start=\"882\" data-end=\"885\">\n<h3><strong data-start=\"1317\" data-end=\"1348\"><strong>Especificaciones t\u00e9cnicas<\/strong> \ud83e\uddea<\/strong><\/h3>\n<ul>\n<li><strong>Aspecto<\/strong>: L\u00edquido transparente; 100 % soluble en agua<\/li>\n<li><strong>Densidad<\/strong>: 1,2 g\/ml<\/li>\n<li><strong>pH<\/strong>: 4 \u2013 6<\/li>\n<li><strong>Origen<\/strong>: Derivado completamente de materiales de origen vegetal; libre de residuos biol\u00f3gicos o de origen animal.<\/li>\n<\/ul>\n<hr data-start=\"882\" data-end=\"885\">\n<h3><strong>M\u00e9todos de aplicaci\u00f3n<\/strong><\/h3>\n<p>\ud83d\udca7 <strong>Fertirrigaci\u00f3n<\/strong> \u2013 Apta para todos los sistemas de riego para favorecer el desarrollo radicular y el crecimiento sostenido.<\/p>\n<p>\ud83c\udf3f <strong>Aplicaci\u00f3n foliar<\/strong> \u2013 Ideal para una r\u00e1pida absorci\u00f3n de nutrientes durante etapas cr\u00edticas del crecimiento.<\/p>\n","protected":false},"excerpt":{"rendered":"<p>Dragon Elixir es un bioestimulante l\u00edquido puro de origen vegetal, rico en amino\u00e1cidos, dise\u00f1ado para mejorar el crecimiento de las plantas, fortalecer los sistemas radiculares y aumentar la resistencia general de las plantas. Su formulaci\u00f3n avanzada favorece la s\u00edntesis de prote\u00ednas, mejora la absorci\u00f3n de nutrientes y ayuda a las plantas a tolerar el estr\u00e9s [&hellip;]<\/p>\n","protected":false},"featured_media":7752,"comment_status":"open","ping_status":"closed","template":"","meta":{"_et_pb_use_builder":"","_et_pb_old_content":"","_et_gb_content_width":""},"product_brand":[],"product_cat":[158],"product_tag":[],"class_list":{"0":"post-8121","1":"product","2":"type-product","3":"status-publish","4":"has-post-thumbnail","6":"product_cat-especialidad-dragon","8":"first","9":"instock","10":"shipping-taxable","11":"product-type-simple"},"_links":{"self":[{"href":"https:\/\/dragonagricultural.com\/es\/wp-json\/wp\/v2\/product\/8121","targetHints":{"allow":["GET"]}}],"collection":[{"href":"https:\/\/dragonagricultural.com\/es\/wp-json\/wp\/v2\/product"}],"about":[{"href":"https:\/\/dragonagricultural.com\/es\/wp-json\/wp\/v2\/types\/product"}],"replies":[{"embeddable":true,"href":"https:\/\/dragonagricultural.com\/es\/wp-json\/wp\/v2\/comments?post=8121"}],"wp:featuredmedia":[{"embeddable":true,"href":"https:\/\/dragonagricultural.com\/es\/wp-json\/wp\/v2\/media\/7752"}],"wp:attachment":[{"href":"https:\/\/dragonagricultural.com\/es\/wp-json\/wp\/v2\/media?parent=8121"}],"wp:term":[{"taxonomy":"product_brand","embeddable":true,"href":"https:\/\/dragonagricultural.com\/es\/wp-json\/wp\/v2\/product_brand?post=8121"},{"taxonomy":"product_cat","embeddable":true,"href":"https:\/\/dragonagricultural.com\/es\/wp-json\/wp\/v2\/product_cat?post=8121"},{"taxonomy":"product_tag","embeddable":true,"href":"https:\/\/dragonagricultural.com\/es\/wp-json\/wp\/v2\/product_tag?post=8121"}],"curies":[{"name":"wp","href":"https:\/\/api.w.org\/{rel}","templated":true}]}}