{"id":4626,"date":"2025-10-26T06:23:20","date_gmt":"2025-10-26T06:23:20","guid":{"rendered":"https:\/\/dragonagricultural.com\/products\/hierro-dragon-10\/"},"modified":"2025-12-09T20:07:24","modified_gmt":"2025-12-09T20:07:24","slug":"hierro-dragon-10","status":"publish","type":"product","link":"https:\/\/dragonagricultural.com\/es\/products\/elementos-menores-del-dragon\/hierro-dragon-10\/","title":{"rendered":"Hierro Drag\u00f3n 10 %"},"content":{"rendered":"<p data-start=\"233\" data-end=\"645\"><strong data-start=\"233\" data-end=\"248\">Hierro Drag\u00f3n 10 %<\/strong> es un <strong data-start=\"281\" data-end=\"300\">suplemento de hierro<\/strong> org\u00e1nico 100 % soluble en agua, formulado para prevenir y corregir la deficiencia de hierro en las plantas.<br data-start=\"361\" data-end=\"364\">Es rico en <strong data-start=\"378\" data-end=\"396\">materia org\u00e1nica<\/strong> y presenta un <strong data-start=\"413\" data-end=\"426\">pH \u00e1cido<\/strong>, lo que mejora la <strong data-start=\"443\" data-end=\"475\">absorci\u00f3n y movilidad del hierro<\/strong> dentro de la planta.<\/p>\n<hr data-start=\"647\" data-end=\"650\">\n<h4 data-start=\"652\" data-end=\"673\"><strong data-start=\"657\" data-end=\"673\">Beneficios clave<\/strong><\/h4>\n<ul data-start=\"674\" data-end=\"1134\">\n<li data-start=\"674\" data-end=\"781\">\n<p data-start=\"676\" data-end=\"781\">Proporciona una <strong data-start=\"687\" data-end=\"723\">fuente de hierro de f\u00e1cil disponibilidad<\/strong> esencial para la formaci\u00f3n de clorofila y la fotos\u00edntesis.<\/p>\n<\/li>\n<li data-start=\"782\" data-end=\"872\">\n<p data-start=\"784\" data-end=\"872\">Previene y corrige la <strong data-start=\"806\" data-end=\"824\">clorosis f\u00e9rrica<\/strong>, especialmente en suelos calc\u00e1reos y alcalinos.<\/p>\n<\/li>\n<li data-start=\"873\" data-end=\"937\">\n<p data-start=\"875\" data-end=\"937\">Mejora la <strong data-start=\"884\" data-end=\"913\">absorci\u00f3n y el transporte de hierro<\/strong> debido a su pH \u00e1cido.<\/p>\n<\/li>\n<li data-start=\"938\" data-end=\"1003\">\n<p data-start=\"940\" data-end=\"1003\">Mejora el <strong data-start=\"949\" data-end=\"1000\">vigor de la planta, el color de las hojas y la actividad metab\u00f3lica<\/strong>.<\/p>\n<\/li>\n<li data-start=\"1004\" data-end=\"1083\">\n<p data-start=\"1006\" data-end=\"1083\">Aumenta la <strong data-start=\"1013\" data-end=\"1040\">actividad microbiana del suelo<\/strong> gracias a su alto contenido de materia org\u00e1nica.<\/p>\n<\/li>\n<\/ul>\n<hr data-start=\"1136\" data-end=\"1139\">\n<h4 data-start=\"1141\" data-end=\"1177\"><strong data-start=\"1146\" data-end=\"1177\">Especificaciones t\u00e9cnicas \ud83e\uddea<\/strong><\/h4>\n<ul data-start=\"1127\" data-end=\"1315\">\n<li data-start=\"1127\" data-end=\"1154\"><strong>Composici\u00f3n:<\/strong> <strong data-start=\"888\" data-end=\"904\">% (p\/p)<\/strong>\n<ul data-start=\"1127\" data-end=\"1315\">\n<li data-start=\"1127\" data-end=\"1154\"><strong data-start=\"1180\" data-end=\"1194\">Hierro (Fe):<\/strong> 10 %<\/li>\n<li data-start=\"1127\" data-end=\"1154\"><strong data-start=\"1203\" data-end=\"1222\">Materia org\u00e1nica:<\/strong> 40 %<\/li>\n<\/ul>\n<\/li>\n<li data-start=\"1183\" data-end=\"1203\">\n<p data-start=\"1185\" data-end=\"1203\"><strong data-start=\"1185\" data-end=\"1194\">Forma:<\/strong> Polvo<\/p>\n<\/li>\n<li data-start=\"1262\" data-end=\"1315\">\n<p data-start=\"1264\" data-end=\"1315\"><strong data-start=\"1264\" data-end=\"1278\">Libre de:<\/strong> Cloruro, sodio y metales pesados<\/p>\n<\/li>\n<li data-start=\"1167\" data-end=\"1194\">\n<p data-start=\"1169\" data-end=\"1194\"><strong data-start=\"1169\" data-end=\"1180\">Volumen:<\/strong> 1 kg, 10 kg<\/p>\n<\/li>\n<li data-start=\"1195\" data-end=\"1246\">\n<p data-start=\"1197\" data-end=\"1246\"><strong data-start=\"1197\" data-end=\"1211\">Embalaje:<\/strong> Bolsas \/ sobres multicapa<\/p>\n<\/li>\n<\/ul>\n<hr data-start=\"1363\" data-end=\"1366\">\n<h4 data-start=\"1368\" data-end=\"1396\"><strong data-start=\"1373\" data-end=\"1396\">M\u00e9todos de aplicaci\u00f3n<\/strong><\/h4>\n<p data-start=\"1397\" data-end=\"1669\">\ud83d\udca7 <strong>Fertirrigaci\u00f3n<\/strong><br \/>\n\ud83c\udf3f <strong>Aplicaci\u00f3n foliar<br \/>\n<\/strong>Durante las etapas vegetativas y de floraci\u00f3n temprana para mejorar la s\u00edntesis de clorofila y la salud general de la planta<\/p>\n","protected":false},"excerpt":{"rendered":"<p>Hierro Drag\u00f3n 10 % es un suplemento de hierro org\u00e1nico 100 % soluble en agua, formulado para prevenir y corregir la deficiencia de hierro en las plantas.Es rico en materia org\u00e1nica y presenta un pH \u00e1cido, lo que mejora la absorci\u00f3n y movilidad del hierro dentro de la planta. Beneficios clave Proporciona una fuente de [&hellip;]<\/p>\n","protected":false},"featured_media":4627,"comment_status":"open","ping_status":"closed","template":"","meta":{"_et_pb_use_builder":"","_et_pb_old_content":"","_et_gb_content_width":""},"product_brand":[],"product_cat":[140,139],"product_tag":[],"class_list":{"0":"post-4626","1":"product","2":"type-product","3":"status-publish","4":"has-post-thumbnail","6":"product_cat-dragon-ecologico","7":"product_cat-elementos-menores-del-dragon","9":"first","10":"instock","11":"shipping-taxable","12":"product-type-simple"},"_links":{"self":[{"href":"https:\/\/dragonagricultural.com\/es\/wp-json\/wp\/v2\/product\/4626","targetHints":{"allow":["GET"]}}],"collection":[{"href":"https:\/\/dragonagricultural.com\/es\/wp-json\/wp\/v2\/product"}],"about":[{"href":"https:\/\/dragonagricultural.com\/es\/wp-json\/wp\/v2\/types\/product"}],"replies":[{"embeddable":true,"href":"https:\/\/dragonagricultural.com\/es\/wp-json\/wp\/v2\/comments?post=4626"}],"wp:featuredmedia":[{"embeddable":true,"href":"https:\/\/dragonagricultural.com\/es\/wp-json\/wp\/v2\/media\/4627"}],"wp:attachment":[{"href":"https:\/\/dragonagricultural.com\/es\/wp-json\/wp\/v2\/media?parent=4626"}],"wp:term":[{"taxonomy":"product_brand","embeddable":true,"href":"https:\/\/dragonagricultural.com\/es\/wp-json\/wp\/v2\/product_brand?post=4626"},{"taxonomy":"product_cat","embeddable":true,"href":"https:\/\/dragonagricultural.com\/es\/wp-json\/wp\/v2\/product_cat?post=4626"},{"taxonomy":"product_tag","embeddable":true,"href":"https:\/\/dragonagricultural.com\/es\/wp-json\/wp\/v2\/product_tag?post=4626"}],"curies":[{"name":"wp","href":"https:\/\/api.w.org\/{rel}","templated":true}]}}