{"id":4624,"date":"2025-10-26T06:07:30","date_gmt":"2025-10-26T06:07:30","guid":{"rendered":"https:\/\/dragonagricultural.com\/products\/dragon-rooty\/"},"modified":"2025-12-10T10:15:30","modified_gmt":"2025-12-10T10:15:30","slug":"dragon-rooty","status":"publish","type":"product","link":"https:\/\/dragonagricultural.com\/es\/products\/especialidad-dragon\/dragon-rooty\/","title":{"rendered":"Dragon Rooty"},"content":{"rendered":"<div class=\"accrodion active\">\n<div class=\"accrodion-content\">\n<div class=\"inner\">\n<div class=\"icon\">\n<p data-start=\"208\" data-end=\"556\"><strong data-start=\"208\" data-end=\"224\">Dragon Rooty<\/strong> es una f\u00f3rmula en polvo soluble especialmente dise\u00f1ada para promover un <strong data-start=\"283\" data-end=\"310\">crecimiento radicular excepcional<\/strong> y la vitalidad general de la planta.<br data-start=\"338\" data-end=\"341\">Contiene una alta concentraci\u00f3n de <strong data-start=\"377\" data-end=\"427\">nitr\u00f3geno, f\u00f3sforo, potasio y magnesio<\/strong>, enriquecida con <strong>aditivos avanzados<\/strong> que mantienen la estabilidad y la eficiencia incluso en condiciones de polifosfato que cambian r\u00e1pidamente.<\/p>\n<hr data-start=\"763\" data-end=\"766\">\n<h4 data-start=\"768\" data-end=\"789\"><strong data-start=\"773\" data-end=\"789\">Beneficios clave<\/strong><\/h4>\n<ul data-start=\"790\" data-end=\"1143\">\n<li data-start=\"790\" data-end=\"845\">\n<p data-start=\"792\" data-end=\"845\">Promueve un <strong data-start=\"801\" data-end=\"842\">fuerte inicio y elongaci\u00f3n de las ra\u00edces<\/strong>.<\/p>\n<\/li>\n<li data-start=\"846\" data-end=\"903\">\n<p data-start=\"848\" data-end=\"903\">Mejora la <strong data-start=\"857\" data-end=\"876\">absorci\u00f3n de nutrientes<\/strong> y el vigor general de la planta.<\/p>\n<\/li>\n<li data-start=\"904\" data-end=\"961\">\n<p data-start=\"906\" data-end=\"961\">Mejora la <strong data-start=\"915\" data-end=\"935\">tolerancia al estr\u00e9s<\/strong> y la resistencia a las enfermedades.<\/p>\n<\/li>\n<li data-start=\"904\" data-end=\"961\">Esta formulaci\u00f3n fortalece las paredes celulares.<\/li>\n<li data-start=\"1088\" data-end=\"1143\">\n<p data-start=\"1090\" data-end=\"1143\">Ideal para las primeras etapas de crecimiento y desarrollo de las ra\u00edces.<\/p>\n<\/li>\n<\/ul>\n<hr data-start=\"1145\" data-end=\"1148\">\n<h4 data-start=\"1150\" data-end=\"1186\"><strong data-start=\"1155\" data-end=\"1186\">Especificaciones t\u00e9cnicas \ud83e\uddea<\/strong><\/h4>\n<ul data-start=\"1187\" data-end=\"1472\">\n<li data-start=\"1187\" data-end=\"1214\"><strong data-start=\"1351\" data-end=\"1367\">Composici\u00f3n:<\/strong> % (p\/p)\n<ul data-start=\"1187\" data-end=\"1472\">\n<li data-start=\"1187\" data-end=\"1214\">\n<p data-start=\"1189\" data-end=\"1214\"><strong data-start=\"1189\" data-end=\"1206\">Nitr\u00f3geno (N):<\/strong> 4,0 %<\/p>\n<\/li>\n<li data-start=\"1215\" data-end=\"1246\">\n<p data-start=\"1217\" data-end=\"1246\"><strong data-start=\"1217\" data-end=\"1239\">F\u00f3sforo (P\u2082O\u2085):<\/strong> 44 %<\/p>\n<\/li>\n<li data-start=\"1247\" data-end=\"1276\">\n<p data-start=\"1249\" data-end=\"1276\"><strong data-start=\"1249\" data-end=\"1269\">Potasio (K\u2082O):<\/strong> 14 %<\/p>\n<\/li>\n<li data-start=\"1277\" data-end=\"1304\">\n<p data-start=\"1279\" data-end=\"1304\"><strong data-start=\"1279\" data-end=\"1298\">Magnesio (Mg):<\/strong> 2 %<\/p>\n<\/li>\n<\/ul>\n<\/li>\n<li data-start=\"1305\" data-end=\"1334\"><strong data-start=\"1307\" data-end=\"1322\">pH (1\/100):<\/strong> 3,0 \u2013 5,0<\/li>\n<li data-start=\"1398\" data-end=\"1418\">\n<p data-start=\"1400\" data-end=\"1418\"><strong data-start=\"1400\" data-end=\"1409\">Aspecto:<\/strong> Polvo<\/p>\n<\/li>\n<li data-start=\"1419\" data-end=\"1472\">\n<p data-start=\"1421\" data-end=\"1472\"><strong data-start=\"1421\" data-end=\"1435\">Libre de:<\/strong> Cloruro, sodio y metales pesados<\/p>\n<\/li>\n<li data-start=\"1419\" data-end=\"1472\">\n<p data-start=\"1421\" data-end=\"1472\"><strong data-start=\"1624\" data-end=\"1635\">Volumen:<\/strong> 1 kg, 10 kg<\/p>\n<\/li>\n<li data-start=\"1419\" data-end=\"1472\">\n<p data-start=\"1421\" data-end=\"1472\"><strong data-start=\"1652\" data-end=\"1666\">Embalaje:<\/strong> Bolsas \/ sobres multicapa<\/p>\n<\/li>\n<\/ul>\n<hr data-start=\"1474\" data-end=\"1477\">\n<h3 data-start=\"1253\" data-end=\"1280\"><strong data-start=\"1257\" data-end=\"1280\">M\u00e9todos de aplicaci\u00f3n<\/strong><\/h3>\n<p data-start=\"1281\" data-end=\"1551\">\ud83d\udca7 <strong data-start=\"1284\" data-end=\"1299\">Fertirrigaci\u00f3n<\/strong>: comience desde las primeras etapas de crecimiento y contin\u00fae durante toda la temporada de cosecha de frutos.<\/p>\n<\/div>\n<\/div>\n<\/div>\n<\/div>\n<div class=\"accrodion\">\n<div class=\"accrodion-title\"><\/div>\n<\/div>\n","protected":false},"excerpt":{"rendered":"<p>Dragon Rooty es una f\u00f3rmula en polvo soluble especialmente dise\u00f1ada para promover un crecimiento radicular excepcional y la vitalidad general de la planta.Contiene una alta concentraci\u00f3n de nitr\u00f3geno, f\u00f3sforo, potasio y magnesio, enriquecida con aditivos avanzados que mantienen la estabilidad y la eficiencia incluso en condiciones de polifosfato que cambian r\u00e1pidamente. Beneficios clave Promueve un [&hellip;]<\/p>\n","protected":false},"featured_media":4625,"comment_status":"open","ping_status":"closed","template":"","meta":{"_et_pb_use_builder":"","_et_pb_old_content":"","_et_gb_content_width":""},"product_brand":[],"product_cat":[158],"product_tag":[],"class_list":{"0":"post-4624","1":"product","2":"type-product","3":"status-publish","4":"has-post-thumbnail","6":"product_cat-especialidad-dragon","8":"first","9":"instock","10":"shipping-taxable","11":"product-type-simple"},"_links":{"self":[{"href":"https:\/\/dragonagricultural.com\/es\/wp-json\/wp\/v2\/product\/4624","targetHints":{"allow":["GET"]}}],"collection":[{"href":"https:\/\/dragonagricultural.com\/es\/wp-json\/wp\/v2\/product"}],"about":[{"href":"https:\/\/dragonagricultural.com\/es\/wp-json\/wp\/v2\/types\/product"}],"replies":[{"embeddable":true,"href":"https:\/\/dragonagricultural.com\/es\/wp-json\/wp\/v2\/comments?post=4624"}],"wp:featuredmedia":[{"embeddable":true,"href":"https:\/\/dragonagricultural.com\/es\/wp-json\/wp\/v2\/media\/4625"}],"wp:attachment":[{"href":"https:\/\/dragonagricultural.com\/es\/wp-json\/wp\/v2\/media?parent=4624"}],"wp:term":[{"taxonomy":"product_brand","embeddable":true,"href":"https:\/\/dragonagricultural.com\/es\/wp-json\/wp\/v2\/product_brand?post=4624"},{"taxonomy":"product_cat","embeddable":true,"href":"https:\/\/dragonagricultural.com\/es\/wp-json\/wp\/v2\/product_cat?post=4624"},{"taxonomy":"product_tag","embeddable":true,"href":"https:\/\/dragonagricultural.com\/es\/wp-json\/wp\/v2\/product_tag?post=4624"}],"curies":[{"name":"wp","href":"https:\/\/api.w.org\/{rel}","templated":true}]}}