{"id":4608,"date":"2025-10-26T06:01:35","date_gmt":"2025-10-26T06:01:35","guid":{"rendered":"https:\/\/dragonagricultural.com\/products\/dragon-thio-tiosulfato-de-potasio\/"},"modified":"2025-12-10T10:21:51","modified_gmt":"2025-12-10T10:21:51","slug":"dragon-thio-tiosulfato-de-potasio","status":"publish","type":"product","link":"https:\/\/dragonagricultural.com\/es\/products\/especialidad-dragon\/dragon-thio-tiosulfato-de-potasio\/","title":{"rendered":"Dragon Thio (Tiosulfato de potasio)"},"content":{"rendered":"<p data-start=\"206\" data-end=\"449\"><strong data-start=\"206\" data-end=\"221\">Dragon Thio<\/strong> es un fertilizante l\u00edquido transparente que contiene <strong data-start=\"262\" data-end=\"281\">Potasio (K\u2082O)<\/strong> y <strong data-start=\"286\" data-end=\"300\">Azufre (S)<\/strong> en forma de <strong data-start=\"304\" data-end=\"336\">Tiosulfato de Potasio (KTS)<\/strong>. Gracias a su composici\u00f3n transparente, inodora y sin cloruros, Dragon Thio es <strong data-start=\"528\" data-end=\"599\">compatible con la mayor\u00eda de los fertilizantes l\u00edquidos, pesticidas y fungicidas<\/strong>, excepto aquellos que contienen calcio, que pueden causar precipitaci\u00f3n.<br data-start=\"665\" data-end=\"668\">Esta formulaci\u00f3n proporciona una <strong data-start=\"694\" data-end=\"729\">eficiencia de potasio un 30 % superior<\/strong> en comparaci\u00f3n con los fertilizantes convencionales.<\/p>\n<hr data-start=\"769\" data-end=\"772\">\n<h4 data-start=\"774\" data-end=\"795\"><strong data-start=\"779\" data-end=\"795\">Beneficios clave<\/strong><\/h4>\n<ul data-start=\"796\" data-end=\"1220\">\n<li data-start=\"796\" data-end=\"857\">\n<p data-start=\"798\" data-end=\"857\">Promueve un <strong data-start=\"807\" data-end=\"825\">crecimiento uniforme<\/strong> y previene el envejecimiento prematuro.<\/p>\n<\/li>\n<li data-start=\"858\" data-end=\"929\">\n<p data-start=\"860\" data-end=\"929\">Mejora la <strong data-start=\"869\" data-end=\"893\">resistencia al estr\u00e9s<\/strong> y aumenta el contenido de clorofila.<\/p>\n<\/li>\n<li data-start=\"930\" data-end=\"996\">\n<p data-start=\"932\" data-end=\"996\">Optimiza la <strong data-start=\"942\" data-end=\"967\">eficiencia de los fertilizantes<\/strong> y la disponibilidad de nutrientes.<\/p>\n<\/li>\n<li data-start=\"997\" data-end=\"1086\">\n<p data-start=\"999\" data-end=\"1086\">Estimula la <strong data-start=\"1010\" data-end=\"1033\">translocaci\u00f3n de az\u00facares<\/strong>, mejorando la coloraci\u00f3n de la fruta y reduciendo el agrietamiento.<\/p>\n<\/li>\n<li data-start=\"1087\" data-end=\"1139\">\n<p data-start=\"1089\" data-end=\"1139\">Aumenta la <strong data-start=\"1096\" data-end=\"1136\">calidad, el tama\u00f1o y la consistencia de la fruta<\/strong>.<\/p>\n<\/li>\n<\/ul>\n<hr data-start=\"1222\" data-end=\"1225\">\n<h4 data-start=\"1227\" data-end=\"1263\"><strong data-start=\"1232\" data-end=\"1263\">Especificaciones t\u00e9cnicas \ud83e\uddea<\/strong><\/h4>\n<ul data-start=\"1264\" data-end=\"1538\">\n<li data-start=\"1264\" data-end=\"1294\"><strong>Composici\u00f3n: %(p\/v) <\/strong>\n<ul data-start=\"1264\" data-end=\"1538\">\n<li data-start=\"1264\" data-end=\"1294\">\n<p data-start=\"1266\" data-end=\"1294\"><strong data-start=\"1266\" data-end=\"1286\">Potasio (K\u2082O):<\/strong> 36,0 %<\/p>\n<\/li>\n<li data-start=\"1295\" data-end=\"1320\">\n<p data-start=\"1297\" data-end=\"1320\"><strong data-start=\"1297\" data-end=\"1312\">Azufre (S):<\/strong> 25,0 %<\/p>\n<\/li>\n<\/ul>\n<\/li>\n<li data-start=\"1321\" data-end=\"1344\">\n<p data-start=\"1323\" data-end=\"1344\"><strong data-start=\"1323\" data-end=\"1338\">pH (1\/100):<\/strong> 7\u20139<\/p>\n<\/li>\n<li data-start=\"1397\" data-end=\"1430\">\n<p data-start=\"1399\" data-end=\"1430\"><strong data-start=\"1399\" data-end=\"1423\">Solubilidad:<\/strong> 100 %<\/p>\n<\/li>\n<li data-start=\"1458\" data-end=\"1484\">\n<p data-start=\"1460\" data-end=\"1484\"><strong data-start=\"1460\" data-end=\"1469\">Apariencia:<\/strong> L\u00edquido transparente<\/p>\n<\/li>\n<li data-start=\"1485\" data-end=\"1538\">\n<p data-start=\"1487\" data-end=\"1538\"><strong data-start=\"1487\" data-end=\"1501\">Libre de:<\/strong> Cloruro, sodio y metales pesados<\/p>\n<\/li>\n<li data-start=\"1485\" data-end=\"1538\">\n<p data-start=\"1487\" data-end=\"1538\"><strong data-start=\"1771\" data-end=\"1782\">Volumen:<\/strong> 1 L, 5 L, 20 L<\/p>\n<\/li>\n<li data-start=\"1800\" data-end=\"1842\">\n<p data-start=\"1802\" data-end=\"1842\"><strong data-start=\"1802\" data-end=\"1816\">Embalaje:<\/strong> botella o garrafa<\/p>\n<\/li>\n<\/ul>\n<hr data-start=\"1844\" data-end=\"1847\">\n<h3 data-start=\"1849\" data-end=\"1876\"><strong data-start=\"1853\" data-end=\"1876\">M\u00e9todos de aplicaci\u00f3n<\/strong><\/h3>\n<p data-start=\"1877\" data-end=\"2092\">\ud83d\udca7 <strong data-start=\"1880\" data-end=\"1895\">Fertirrigaci\u00f3n<\/strong> <br data-start=\"1977\" data-end=\"1980\">\ud83c\udf3f <strong data-start=\"1983\" data-end=\"2005\">Aplicaci\u00f3n foliar<\/strong><\/p>\n","protected":false},"excerpt":{"rendered":"<p>Dragon Thio es un fertilizante l\u00edquido transparente que contiene Potasio (K\u2082O) y Azufre (S) en forma de Tiosulfato de Potasio (KTS). Gracias a su composici\u00f3n transparente, inodora y sin cloruros, Dragon Thio es compatible con la mayor\u00eda de los fertilizantes l\u00edquidos, pesticidas y fungicidas, excepto aquellos que contienen calcio, que pueden causar precipitaci\u00f3n.Esta formulaci\u00f3n proporciona [&hellip;]<\/p>\n","protected":false},"featured_media":4609,"comment_status":"open","ping_status":"closed","template":"","meta":{"_et_pb_use_builder":"","_et_pb_old_content":"","_et_gb_content_width":""},"product_brand":[],"product_cat":[158],"product_tag":[],"class_list":{"0":"post-4608","1":"product","2":"type-product","3":"status-publish","4":"has-post-thumbnail","6":"product_cat-especialidad-dragon","8":"first","9":"instock","10":"shipping-taxable","11":"product-type-simple"},"_links":{"self":[{"href":"https:\/\/dragonagricultural.com\/es\/wp-json\/wp\/v2\/product\/4608","targetHints":{"allow":["GET"]}}],"collection":[{"href":"https:\/\/dragonagricultural.com\/es\/wp-json\/wp\/v2\/product"}],"about":[{"href":"https:\/\/dragonagricultural.com\/es\/wp-json\/wp\/v2\/types\/product"}],"replies":[{"embeddable":true,"href":"https:\/\/dragonagricultural.com\/es\/wp-json\/wp\/v2\/comments?post=4608"}],"wp:featuredmedia":[{"embeddable":true,"href":"https:\/\/dragonagricultural.com\/es\/wp-json\/wp\/v2\/media\/4609"}],"wp:attachment":[{"href":"https:\/\/dragonagricultural.com\/es\/wp-json\/wp\/v2\/media?parent=4608"}],"wp:term":[{"taxonomy":"product_brand","embeddable":true,"href":"https:\/\/dragonagricultural.com\/es\/wp-json\/wp\/v2\/product_brand?post=4608"},{"taxonomy":"product_cat","embeddable":true,"href":"https:\/\/dragonagricultural.com\/es\/wp-json\/wp\/v2\/product_cat?post=4608"},{"taxonomy":"product_tag","embeddable":true,"href":"https:\/\/dragonagricultural.com\/es\/wp-json\/wp\/v2\/product_tag?post=4608"}],"curies":[{"name":"wp","href":"https:\/\/api.w.org\/{rel}","templated":true}]}}