{"id":4584,"date":"2025-10-26T06:00:07","date_gmt":"2025-10-26T06:00:07","guid":{"rendered":"https:\/\/dragonagricultural.com\/products\/dragon-triple-n\/"},"modified":"2025-12-10T10:19:41","modified_gmt":"2025-12-10T10:19:41","slug":"dragon-triple-n","status":"publish","type":"product","link":"https:\/\/dragonagricultural.com\/es\/products\/especialidad-dragon\/dragon-triple-n\/","title":{"rendered":"Dragon Triple N"},"content":{"rendered":"<p data-start=\"220\" data-end=\"455\"><strong data-start=\"220\" data-end=\"239\">Dragon Triple N<\/strong> es un <strong data-start=\"265\" data-end=\"286\">fertilizante l\u00edquido<\/strong> altamente concentrado que contiene tres formas esenciales de nitr\u00f3geno: <strong data-start=\"334\" data-end=\"365\">n\u00edtrico, am\u00f3nico y ureico<\/strong>, lo que garantiza una <strong data-start=\"382\" data-end=\"427\">disponibilidad de nutrientes r\u00e1pida y sostenida<\/strong> para un crecimiento \u00f3ptimo de las plantas.<\/p>\n<p data-start=\"457\" data-end=\"751\">Enriquecido con <strong data-start=\"471\" data-end=\"485\">\u00e1cido h\u00famico<\/strong>, mejora la <strong data-start=\"499\" data-end=\"522\">absorci\u00f3n de nutrientes<\/strong>, optimiza la <strong data-start=\"533\" data-end=\"551\">estructura del suelo<\/strong> y estimula un <strong data-start=\"568\" data-end=\"597\">desarrollo radicular vigoroso<\/strong>.<br data-start=\"598\" data-end=\"601\">Adem\u00e1s, contiene <strong data-start=\"637\" data-end=\"655\">micronutrientes<\/strong> esenciales como <strong data-start=\"664\" data-end=\"687\">Fe, MgO, Mn y Zn<\/strong>, que promueven una nutrici\u00f3n equilibrada y la vitalidad general de la planta.<\/p>\n<hr data-start=\"925\" data-end=\"928\">\n<h4 data-start=\"930\" data-end=\"951\"><strong data-start=\"935\" data-end=\"951\">Beneficios clave<\/strong><\/h4>\n<ul data-start=\"952\" data-end=\"1387\">\n<li data-start=\"952\" data-end=\"1031\">\n<p data-start=\"954\" data-end=\"1031\">Proporciona <strong data-start=\"963\" data-end=\"987\">tres formas de nitr\u00f3geno<\/strong> para una disponibilidad inmediata y a largo plazo.<\/p>\n<\/li>\n<li data-start=\"1032\" data-end=\"1107\">\n<p data-start=\"1034\" data-end=\"1107\">Estimula un <strong data-start=\"1045\" data-end=\"1072\">r\u00e1pido crecimiento vegetativo<\/strong> y promueve un follaje verde y exuberante.<\/p>\n<\/li>\n<li data-start=\"1108\" data-end=\"1167\">\n<p data-start=\"1110\" data-end=\"1167\">Mejora la <strong data-start=\"1119\" data-end=\"1136\">actividad radicular<\/strong> y la absorci\u00f3n general de nutrientes.<\/p>\n<\/li>\n<li data-start=\"1168\" data-end=\"1235\">\n<p data-start=\"1170\" data-end=\"1235\">Aumenta la <strong data-start=\"1177\" data-end=\"1202\">formaci\u00f3n de clorofila<\/strong> y la eficiencia fotosint\u00e9tica.<\/p>\n<\/li>\n<li data-start=\"1236\" data-end=\"1309\">\n<p data-start=\"1238\" data-end=\"1309\">Mejora la <strong data-start=\"1247\" data-end=\"1265\">estructura del suelo<\/strong> y el equilibrio microbiano gracias al \u00e1cido h\u00famico.<\/p>\n<\/li>\n<\/ul>\n<hr data-start=\"1389\" data-end=\"1392\">\n<h4 data-start=\"1394\" data-end=\"1430\"><strong data-start=\"1399\" data-end=\"1430\">Especificaciones t\u00e9cnicas \ud83e\uddea<\/strong><\/h4>\n<ul data-start=\"1431\" data-end=\"1792\">\n<li data-start=\"1431\" data-end=\"1553\"><strong>Composici\u00f3n: %(w\/v)<\/strong><\/li>\n<li data-start=\"1431\" data-end=\"1553\">\n<p data-start=\"1433\" data-end=\"1462\"><strong data-start=\"1433\" data-end=\"1456\">Nitr\u00f3geno total (N):<\/strong> 40 %<\/p>\n<ul data-start=\"1465\" data-end=\"1553\">\n<li data-start=\"1465\" data-end=\"1492\">\n<p data-start=\"1467\" data-end=\"1492\"><strong data-start=\"1467\" data-end=\"1486\">N\u00edtrico (NO\u2083-N):<\/strong> 10 %<\/p>\n<\/li>\n<li data-start=\"1495\" data-end=\"1524\">\n<p data-start=\"1497\" data-end=\"1524\"><strong data-start=\"1497\" data-end=\"1518\">Amonio (NH\u2084-N):<\/strong> 10 %<\/p>\n<\/li>\n<li data-start=\"1527\" data-end=\"1553\">\n<p data-start=\"1529\" data-end=\"1553\"><strong data-start=\"1529\" data-end=\"1547\">Ureico (NH\u2082-N):<\/strong> 20 %<\/p>\n<\/li>\n<\/ul>\n<\/li>\n<li data-start=\"1554\" data-end=\"1576\">\n<p data-start=\"1556\" data-end=\"1576\"><strong data-start=\"1556\" data-end=\"1571\">\u00c1cido h\u00famico:<\/strong> 2 %<\/p>\n<\/li>\n<li data-start=\"1577\" data-end=\"1606\">\n<p data-start=\"1579\" data-end=\"1606\"><strong data-start=\"1579\" data-end=\"1594\">pH (1\/100):<\/strong> 5,0 \u2013 6,0<\/p>\n<\/li>\n<li data-start=\"1577\" data-end=\"1606\">\n<p data-start=\"1579\" data-end=\"1606\"><strong data-start=\"141\" data-end=\"156\">Aspecto:<\/strong> L\u00edquido<\/p>\n<\/li>\n<li data-start=\"1488\" data-end=\"1517\">\n<p data-start=\"1490\" data-end=\"1517\"><strong data-start=\"360\" data-end=\"375\">Solubilidad:<\/strong> Totalmente soluble y libre de cloruro, sodio y metales pesados<\/p>\n<\/li>\n<li data-start=\"1488\" data-end=\"1517\">\n<p data-start=\"1490\" data-end=\"1517\"><strong data-start=\"443\" data-end=\"454\">Volumen:<\/strong> 1 L, 5 L, 20 L<\/p>\n<\/li>\n<li data-start=\"1488\" data-end=\"1517\">\n<p data-start=\"1490\" data-end=\"1517\"><strong data-start=\"474\" data-end=\"488\">Embalaje:<\/strong> Botella de PEAD \/ Garrafa<\/p>\n<\/li>\n<\/ul>\n<hr data-start=\"1794\" data-end=\"1797\">\n<h4 data-start=\"1718\" data-end=\"1746\"><strong data-start=\"1723\" data-end=\"1746\">M\u00e9todos de aplicaci\u00f3n<\/strong><\/h4>\n<p>\ud83d\udca7 <strong>Fertirrigaci\u00f3n<\/strong><br \/>\n\ud83c\udf3f   <strong>Aplicaci\u00f3n foliar<\/strong><\/p>\n<h4 data-start=\"1799\" data-end=\"1827\"><strong data-start=\"1804\" data-end=\"1827\"> <\/strong><\/h4>\n","protected":false},"excerpt":{"rendered":"<p>Dragon Triple N es un fertilizante l\u00edquido altamente concentrado que contiene tres formas esenciales de nitr\u00f3geno: n\u00edtrico, am\u00f3nico y ureico, lo que garantiza una disponibilidad de nutrientes r\u00e1pida y sostenida para un crecimiento \u00f3ptimo de las plantas. Enriquecido con \u00e1cido h\u00famico, mejora la absorci\u00f3n de nutrientes, optimiza la estructura del suelo y estimula un desarrollo [&hellip;]<\/p>\n","protected":false},"featured_media":4585,"comment_status":"open","ping_status":"closed","template":"","meta":{"_et_pb_use_builder":"","_et_pb_old_content":"","_et_gb_content_width":""},"product_brand":[],"product_cat":[158],"product_tag":[],"class_list":{"0":"post-4584","1":"product","2":"type-product","3":"status-publish","4":"has-post-thumbnail","6":"product_cat-especialidad-dragon","8":"first","9":"instock","10":"shipping-taxable","11":"product-type-simple"},"_links":{"self":[{"href":"https:\/\/dragonagricultural.com\/es\/wp-json\/wp\/v2\/product\/4584","targetHints":{"allow":["GET"]}}],"collection":[{"href":"https:\/\/dragonagricultural.com\/es\/wp-json\/wp\/v2\/product"}],"about":[{"href":"https:\/\/dragonagricultural.com\/es\/wp-json\/wp\/v2\/types\/product"}],"replies":[{"embeddable":true,"href":"https:\/\/dragonagricultural.com\/es\/wp-json\/wp\/v2\/comments?post=4584"}],"wp:featuredmedia":[{"embeddable":true,"href":"https:\/\/dragonagricultural.com\/es\/wp-json\/wp\/v2\/media\/4585"}],"wp:attachment":[{"href":"https:\/\/dragonagricultural.com\/es\/wp-json\/wp\/v2\/media?parent=4584"}],"wp:term":[{"taxonomy":"product_brand","embeddable":true,"href":"https:\/\/dragonagricultural.com\/es\/wp-json\/wp\/v2\/product_brand?post=4584"},{"taxonomy":"product_cat","embeddable":true,"href":"https:\/\/dragonagricultural.com\/es\/wp-json\/wp\/v2\/product_cat?post=4584"},{"taxonomy":"product_tag","embeddable":true,"href":"https:\/\/dragonagricultural.com\/es\/wp-json\/wp\/v2\/product_tag?post=4584"}],"curies":[{"name":"wp","href":"https:\/\/api.w.org\/{rel}","templated":true}]}}