{"id":4580,"date":"2025-10-26T06:08:05","date_gmt":"2025-10-26T06:08:05","guid":{"rendered":"https:\/\/dragonagricultural.com\/products\/dragon-hv\/"},"modified":"2025-12-08T13:03:24","modified_gmt":"2025-12-08T13:03:24","slug":"dragon-hv","status":"publish","type":"product","link":"https:\/\/dragonagricultural.com\/es\/products\/dragon-ecologico\/dragon-hv\/","title":{"rendered":"Dragon HV"},"content":{"rendered":"<p data-start=\"204\" data-end=\"446\"><strong data-start=\"204\" data-end=\"217\">Dragon HV<\/strong> es una f\u00f3rmula org\u00e1nica en polvo que contiene <strong data-start=\"260\" data-end=\"274\">\u00e1cido h\u00famico<\/strong>, <strong data-start=\"276\" data-end=\"291\">\u00e1cido f\u00falvico<\/strong> y <strong data-start=\"297\" data-end=\"310\">potasio<\/strong>.<br data-start=\"311\" data-end=\"314\">Mejora el crecimiento de las plantas al optimizar la absorci\u00f3n de nutrientes y favorecer la fertilidad del suelo gracias a sus potentes \u00e1cidos h\u00famicos y f\u00falvicos.<\/p>\n<hr data-start=\"810\" data-end=\"813\">\n<h4 data-start=\"815\" data-end=\"836\"><strong data-start=\"820\" data-end=\"836\">Beneficios clave<\/strong><\/h4>\n<ul data-start=\"837\" data-end=\"1228\">\n<li data-start=\"837\" data-end=\"900\">\n<p data-start=\"839\" data-end=\"900\">Favorece el <strong data-start=\"848\" data-end=\"868\">desarrollo de las ra\u00edces<\/strong> y una estructura vegetal m\u00e1s fuerte.<\/p>\n<\/li>\n<li data-start=\"901\" data-end=\"955\">\n<p data-start=\"903\" data-end=\"955\">Mejora la <strong data-start=\"912\" data-end=\"952\">eficiencia en la absorci\u00f3n de nutrientes y agua<\/strong>.<\/p>\n<\/li>\n<li data-start=\"956\" data-end=\"1015\">\n<p data-start=\"958\" data-end=\"1015\">Mejora la <strong data-start=\"967\" data-end=\"985\">fertilidad del suelo<\/strong> y la <strong data-start=\"990\" data-end=\"1012\">actividad microbiana<\/strong>.<\/p>\n<\/li>\n<li data-start=\"1016\" data-end=\"1082\">\n<p data-start=\"1018\" data-end=\"1082\">Aumenta la <strong data-start=\"1034\" data-end=\"1079\">resistencia de la planta a la sequ\u00eda y al estr\u00e9s salino<\/strong>.<\/p>\n<\/li>\n<li data-start=\"1083\" data-end=\"1154\">\n<p data-start=\"1085\" data-end=\"1154\">Favorece las etapas de <strong data-start=\"1094\" data-end=\"1127\">floraci\u00f3n y formaci\u00f3n de frutos<\/strong> para un mayor rendimiento.<\/p>\n<\/li>\n<li data-start=\"1155\" data-end=\"1228\">\n<p data-start=\"1157\" data-end=\"1228\">Proporciona una <strong data-start=\"1168\" data-end=\"1209\">fuente duradera de carbono org\u00e1nico<\/strong> para la salud del suelo.<\/p>\n<\/li>\n<\/ul>\n<hr data-start=\"1230\" data-end=\"1233\">\n<h4 data-start=\"1235\" data-end=\"1271\"><strong data-start=\"1240\" data-end=\"1271\">Especificaciones t\u00e9cnicas \ud83e\uddea<\/strong><\/h4>\n<ul data-start=\"1272\" data-end=\"1553\">\n<li data-start=\"1349\" data-end=\"1383\">\n<p data-start=\"1351\" data-end=\"1383\"><strong data-start=\"1351\" data-end=\"1367\">Composici\u00f3n:<\/strong> % (p\/p)<\/p>\n<ul data-start=\"1272\" data-end=\"1553\">\n<li data-start=\"1272\" data-end=\"1305\"><strong data-start=\"1274\" data-end=\"1299\">\u00c1cidos h\u00famicos + f\u00falvicos:<\/strong> 55 %<\/li>\n<li data-start=\"1306\" data-end=\"1334\">\n<p data-start=\"1308\" data-end=\"1334\"><strong data-start=\"1308\" data-end=\"1328\">Potasio (K\u2082O):<\/strong> 10 %<\/p>\n<\/li>\n<\/ul>\n<\/li>\n<li data-start=\"1335\" data-end=\"1365\">\n<p data-start=\"1337\" data-end=\"1365\"><strong data-start=\"1337\" data-end=\"1352\">pH (1\/100):<\/strong> 9,5 \u2013 10,5<\/p>\n<\/li>\n<li data-start=\"1453\" data-end=\"1473\">\n<p data-start=\"1455\" data-end=\"1473\"><strong data-start=\"1455\" data-end=\"1464\">Aspecto:<\/strong> Polvo<\/p>\n<\/li>\n<li data-start=\"1533\" data-end=\"1621\"><strong data-start=\"1624\" data-end=\"1635\">Volumen:<\/strong> 1 kg, 10 kg<\/li>\n<li data-start=\"1650\" data-end=\"1701\">\n<p data-start=\"1652\" data-end=\"1701\"><strong data-start=\"1652\" data-end=\"1666\">Embalaje:<\/strong> Bolsas \/ sobres multicapa<\/p>\n<\/li>\n<\/ul>\n<hr data-start=\"1555\" data-end=\"1558\">\n<h4 data-start=\"1560\" data-end=\"1588\"><strong data-start=\"1565\" data-end=\"1588\">M\u00e9todos de aplicaci\u00f3n<\/strong><\/h4>\n<p>\ud83d\udca7 <strong data-start=\"1739\" data-end=\"1754\">Fertirrigaci\u00f3n<\/strong><\/p>\n","protected":false},"excerpt":{"rendered":"<p>Dragon HV es una f\u00f3rmula org\u00e1nica en polvo que contiene \u00e1cido h\u00famico, \u00e1cido f\u00falvico y potasio.Mejora el crecimiento de las plantas al optimizar la absorci\u00f3n de nutrientes y favorecer la fertilidad del suelo gracias a sus potentes \u00e1cidos h\u00famicos y f\u00falvicos. Beneficios clave Favorece el desarrollo de las ra\u00edces y una estructura vegetal m\u00e1s fuerte. [&hellip;]<\/p>\n","protected":false},"featured_media":4581,"comment_status":"open","ping_status":"closed","template":"","meta":{"_et_pb_use_builder":"","_et_pb_old_content":"","_et_gb_content_width":""},"product_brand":[],"product_cat":[140,158],"product_tag":[],"class_list":{"0":"post-4580","1":"product","2":"type-product","3":"status-publish","4":"has-post-thumbnail","6":"product_cat-dragon-ecologico","7":"product_cat-especialidad-dragon","9":"first","10":"instock","11":"shipping-taxable","12":"product-type-simple"},"_links":{"self":[{"href":"https:\/\/dragonagricultural.com\/es\/wp-json\/wp\/v2\/product\/4580","targetHints":{"allow":["GET"]}}],"collection":[{"href":"https:\/\/dragonagricultural.com\/es\/wp-json\/wp\/v2\/product"}],"about":[{"href":"https:\/\/dragonagricultural.com\/es\/wp-json\/wp\/v2\/types\/product"}],"replies":[{"embeddable":true,"href":"https:\/\/dragonagricultural.com\/es\/wp-json\/wp\/v2\/comments?post=4580"}],"wp:featuredmedia":[{"embeddable":true,"href":"https:\/\/dragonagricultural.com\/es\/wp-json\/wp\/v2\/media\/4581"}],"wp:attachment":[{"href":"https:\/\/dragonagricultural.com\/es\/wp-json\/wp\/v2\/media?parent=4580"}],"wp:term":[{"taxonomy":"product_brand","embeddable":true,"href":"https:\/\/dragonagricultural.com\/es\/wp-json\/wp\/v2\/product_brand?post=4580"},{"taxonomy":"product_cat","embeddable":true,"href":"https:\/\/dragonagricultural.com\/es\/wp-json\/wp\/v2\/product_cat?post=4580"},{"taxonomy":"product_tag","embeddable":true,"href":"https:\/\/dragonagricultural.com\/es\/wp-json\/wp\/v2\/product_tag?post=4580"}],"curies":[{"name":"wp","href":"https:\/\/api.w.org\/{rel}","templated":true}]}}