{"id":4565,"date":"2025-10-26T06:06:49","date_gmt":"2025-10-26T06:06:49","guid":{"rendered":"https:\/\/dragonagricultural.com\/products\/dragon-potron\/"},"modified":"2025-12-10T10:19:18","modified_gmt":"2025-12-10T10:19:18","slug":"dragon-potron","status":"publish","type":"product","link":"https:\/\/dragonagricultural.com\/es\/products\/especialidad-dragon\/dragon-potron\/","title":{"rendered":"Dragon Potron"},"content":{"rendered":"<article class=\"text-token-text-primary w-full focus:outline-none [--shadow-height:45px] has-data-writing-block:pointer-events-none has-data-writing-block:-mt-(--shadow-height) has-data-writing-block:pt-(--shadow-height) [&amp;:has([data-writing-block])&gt;*]:pointer-events-auto [content-visibility:auto] supports-[content-visibility:auto]:[contain-intrinsic-size:auto_100lvh] scroll-mt-[calc(var(--header-height)+min(200px,max(70px,20svh)))]\" dir=\"auto\" tabindex=\"-1\" data-turn-id=\"request-WEB:8384b898-687c-455d-8a17-4ff52afa1ae5-17\" data-testid=\"conversation-turn-24\" data-scroll-anchor=\"false\" data-turn=\"assistant\">\n<div class=\"text-base my-auto mx-auto [--thread-content-margin:--spacing(4)] thread-sm:[--thread-content-margin:--spacing(6)] thread-lg:[--thread-content-margin:--spacing(16)] px-(--thread-content-margin)\">\n<div class=\"[--thread-content-max-width:40rem] thread-lg:[--thread-content-max-width:48rem] mx-auto max-w-(--thread-content-max-width) flex-1 group\/turn-messages focus-visible:outline-hidden relative flex w-full min-w-0 flex-col agent-turn\" tabindex=\"-1\">\n<div class=\"flex max-w-full flex-col grow\">\n<div class=\"min-h-8 text-message relative flex w-full flex-col items-end gap-2 text-start break-words whitespace-normal [.text-message+&amp;]:mt-1\" dir=\"auto\" data-message-author-role=\"assistant\" data-message-id=\"5ab4cb90-415f-496a-ab78-5b50175fb487\" data-message-model-slug=\"gpt-5\">\n<div class=\"flex w-full flex-col gap-1 empty:hidden first:pt-[1px]\">\n<div class=\"markdown prose dark:prose-invert w-full break-words light markdown-new-styling\"><\/div>\n<\/div>\n<\/div>\n<\/div>\n<\/div>\n<\/div>\n<\/article>\n<article class=\"text-token-text-primary w-full focus:outline-none [--shadow-height:45px] has-data-writing-block:pointer-events-none has-data-writing-block:-mt-(--shadow-height) has-data-writing-block:pt-(--shadow-height) [&amp;:has([data-writing-block])&gt;*]:pointer-events-auto [content-visibility:auto] supports-[content-visibility:auto]:[contain-intrinsic-size:auto_100lvh] scroll-mt-[calc(var(--header-height)+min(200px,max(70px,20svh)))]\" dir=\"auto\" tabindex=\"-1\" data-turn-id=\"request-WEB:8384b898-687c-455d-8a17-4ff52afa1ae5-18\" data-testid=\"conversation-turn-26\" data-scroll-anchor=\"true\" data-turn=\"assistant\">\n<div class=\"text-base my-auto mx-auto pb-10 [--thread-content-margin:--spacing(4)] thread-sm:[--thread-content-margin:--spacing(6)] thread-lg:[--thread-content-margin:--spacing(16)] px-(--thread-content-margin)\">\n<div class=\"[--thread-content-max-width:40rem] thread-lg:[--thread-content-max-width:48rem] mx-auto max-w-(--thread-content-max-width) flex-1 group\/turn-messages focus-visible:outline-hidden relative flex w-full min-w-0 flex-col agent-turn\" tabindex=\"-1\">\n<div class=\"flex max-w-full flex-col grow\">\n<div class=\"min-h-8 text-message relative flex w-full flex-col items-end gap-2 text-start break-words whitespace-normal [.text-message+&amp;]:mt-1\" dir=\"auto\" data-message-author-role=\"assistant\" data-message-id=\"a73379eb-ee23-415c-9341-4757e6902e95\" data-message-model-slug=\"gpt-5\">\n<div class=\"flex w-full flex-col gap-1 empty:hidden first:pt-[1px]\">\n<div class=\"markdown prose dark:prose-invert w-full break-words light markdown-new-styling\">\n<p data-start=\"261\" data-end=\"740\"><strong data-start=\"261\" data-end=\"278\">Dragon Potron<\/strong> es un <strong data-start=\"292\" data-end=\"319\">complejo premium de potasio y boro<\/strong> formulado como un polvo totalmente soluble en agua. Se caracteriza por una alta concentraci\u00f3n de <strong data-start=\"402\" data-end=\"421\">potasio (K\u2082O)<\/strong> y <strong data-start=\"426\" data-end=\"439\">boro (B)<\/strong>, proporcionando una fuente r\u00e1pida, eficiente y equilibrada de ambos elementos. Dragon Potron garantiza una aplicaci\u00f3n segura y eficaz en una amplia gama de cultivos a trav\u00e9s de <strong data-start=\"699\" data-end=\"739\">sistemas de pulverizaci\u00f3n foliar y fertirrigaci\u00f3n<\/strong>.<\/p>\n<hr data-start=\"742\" data-end=\"745\">\n<h4 data-start=\"747\" data-end=\"768\"><strong data-start=\"752\" data-end=\"768\">Beneficios clave<\/strong><\/h4>\n<ul data-start=\"769\" data-end=\"1243\">\n<li data-start=\"769\" data-end=\"825\">\n<p data-start=\"771\" data-end=\"825\">Mejora la <strong data-start=\"780\" data-end=\"822\">floraci\u00f3n, el cuajado y la calidad de los cultivos<\/strong>.<\/p>\n<\/li>\n<li data-start=\"826\" data-end=\"918\">\n<p data-start=\"828\" data-end=\"918\">Proporciona una <strong data-start=\"839\" data-end=\"875\">fuente de boro altamente disponible<\/strong>: cuatro veces m\u00e1s soluble que el \u00e1cido b\u00f3rico.<\/p>\n<\/li>\n<li data-start=\"919\" data-end=\"978\">\n<p data-start=\"921\" data-end=\"978\">Mejora la <strong data-start=\"930\" data-end=\"951\">resistencia al estr\u00e9s<\/strong> y la absorci\u00f3n de nutrientes.<\/p>\n<\/li>\n<li data-start=\"979\" data-end=\"1049\">\n<p data-start=\"981\" data-end=\"1049\">Promueve <strong data-start=\"990\" data-end=\"1015\">sistemas de ra\u00edces m\u00e1s fuertes<\/strong> y estructuras de plantas m\u00e1s saludables.<\/p>\n<\/li>\n<li data-start=\"1050\" data-end=\"1101\">\n<p data-start=\"1052\" data-end=\"1101\">Aumenta el <strong data-start=\"1059\" data-end=\"1073\">rendimiento de los cultivos<\/strong> y la productividad general.<\/p>\n<\/li>\n<li data-start=\"1168\" data-end=\"1243\">\n<p data-start=\"1170\" data-end=\"1243\">Sirve como una <strong data-start=\"1182\" data-end=\"1212\">alternativa rentable<\/strong> a los fertilizantes l\u00edquidos de boro.<\/p>\n<\/li>\n<\/ul>\n<hr data-start=\"1245\" data-end=\"1248\">\n<h4 data-start=\"1250\" data-end=\"1286\"><strong data-start=\"1255\" data-end=\"1286\">Especificaciones t\u00e9cnicas \ud83e\uddea<\/strong><\/h4>\n<div class=\"_tableContainer_1rjym_1\">\n<div class=\"group _tableWrapper_1rjym_13 flex w-fit flex-col-reverse\" tabindex=\"-1\">\n<table class=\"w-fit min-w-(--thread-content-width)\" data-start=\"1287\" data-end=\"1580\">\n<thead data-start=\"1287\" data-end=\"1336\">\n<tr data-start=\"1287\" data-end=\"1336\">\n<th style=\"width: 109.219px;\" data-start=\"1287\" data-end=\"1303\" data-col-size=\"sm\"><strong data-start=\"1289\" data-end=\"1302\">Componente<\/strong><\/th>\n<th style=\"width: 64.5703px;\" data-start=\"1303\" data-end=\"1319\" data-col-size=\"sm\"><strong data-start=\"1305\" data-end=\"1318\">Potron 50<\/strong><\/th>\n<th style=\"width: 64.5703px;\" data-start=\"1319\" data-end=\"1336\" data-col-size=\"sm\"><strong data-start=\"1321\" data-end=\"1334\">Potron 28<\/strong><\/th>\n<\/tr>\n<\/thead>\n<tbody data-start=\"1388\" data-end=\"1580\">\n<tr data-start=\"1388\" data-end=\"1423\">\n<td style=\"width: 109.219px;\" data-start=\"1388\" data-end=\"1410\" data-col-size=\"sm\"><strong data-start=\"1390\" data-end=\"1409\">Potasio (K\u2082O)<\/strong><\/td>\n<td style=\"width: 64.5703px;\" data-col-size=\"sm\" data-start=\"1410\" data-end=\"1416\">40 %<\/td>\n<td style=\"width: 64.5703px;\" data-col-size=\"sm\" data-start=\"1416\" data-end=\"1423\">14 %<\/td>\n<\/tr>\n<tr data-start=\"1424\" data-end=\"1453\">\n<td style=\"width: 109.219px;\" data-start=\"1424\" data-end=\"1440\" data-col-size=\"sm\"><strong data-start=\"1426\" data-end=\"1439\">Boro (B)<\/strong><\/td>\n<td style=\"width: 64.5703px;\" data-col-size=\"sm\" data-start=\"1440\" data-end=\"1446\">10 %<\/td>\n<td style=\"width: 64.5703px;\" data-col-size=\"sm\" data-start=\"1446\" data-end=\"1453\">14 %<\/td>\n<\/tr>\n<tr data-start=\"1454\" data-end=\"1498\">\n<td style=\"width: 109.219px;\" data-start=\"1454\" data-end=\"1471\" data-col-size=\"sm\"><strong data-start=\"1456\" data-end=\"1470\">pH (1\/100)<\/strong><\/td>\n<td style=\"width: 64.5703px;\" data-col-size=\"sm\" data-start=\"1471\" data-end=\"1484\">8,0 \u2013 10,0<\/td>\n<td style=\"width: 64.5703px;\" data-col-size=\"sm\" data-start=\"1484\" data-end=\"1498\">8,0 \u2013 10,0<\/td>\n<\/tr>\n<\/tbody>\n<\/table>\n<\/div>\n<\/div>\n<p data-start=\"1582\" data-end=\"1621\"><em data-start=\"1582\" data-end=\"1619\">Todos los valores se expresan en % (p\/p)<\/em><\/p>\n<ul data-start=\"1127\" data-end=\"1315\">\n<li>100 % <strong data-start=\"1109\" data-end=\"1138\">libre de cloruro y sodio<\/strong> para un uso seguro y flexible.<\/li>\n<li data-start=\"1183\" data-end=\"1203\">\n<p data-start=\"1185\" data-end=\"1203\"><strong data-start=\"1185\" data-end=\"1194\">Aspecto:<\/strong> Polvo<\/p>\n<\/li>\n<li data-start=\"1262\" data-end=\"1315\">\n<p data-start=\"1264\" data-end=\"1315\"><strong data-start=\"1264\" data-end=\"1278\">Libre de:<\/strong> Cloruro, sodio y metales pesados<\/p>\n<\/li>\n<li data-start=\"1167\" data-end=\"1194\">\n<p data-start=\"1169\" data-end=\"1194\"><strong data-start=\"1169\" data-end=\"1180\">Volumen:<\/strong> 1 kg, 10 kg<\/p>\n<\/li>\n<li data-start=\"1195\" data-end=\"1246\">\n<p data-start=\"1197\" data-end=\"1246\"><strong data-start=\"1197\" data-end=\"1211\">Embalaje:<\/strong> Bolsas \/ sobres multicapa<\/p>\n<\/li>\n<\/ul>\n<hr data-start=\"1623\" data-end=\"1626\">\n<h4 data-start=\"1628\" data-end=\"1656\"><strong data-start=\"1633\" data-end=\"1656\">M\u00e9todos de aplicaci\u00f3n<\/strong><\/h4>\n<p>\ud83d\udca7 <strong data-start=\"1361\" data-end=\"1376\">Fertirrigaci\u00f3n<\/strong> <br data-start=\"1492\" data-end=\"1495\">\ud83c\udf3f  <strong data-start=\"1498\" data-end=\"1520\">Aplicaci\u00f3n foliar<\/strong><\/p>\n<p>&nbsp;<\/p>\n<p>&nbsp;<\/p>\n<p>&nbsp;<\/p>\n<p>&nbsp;<\/p>\n<\/div>\n<\/div>\n<\/div>\n<\/div>\n<\/div>\n<\/div>\n<\/article>\n","protected":false},"excerpt":{"rendered":"<p>Dragon Potron es un complejo premium de potasio y boro formulado como un polvo totalmente soluble en agua. Se caracteriza por una alta concentraci\u00f3n de potasio (K\u2082O) y boro (B), proporcionando una fuente r\u00e1pida, eficiente y equilibrada de ambos elementos. Dragon Potron garantiza una aplicaci\u00f3n segura y eficaz en una amplia gama de cultivos a [&hellip;]<\/p>\n","protected":false},"featured_media":4566,"comment_status":"open","ping_status":"closed","template":"","meta":{"_et_pb_use_builder":"","_et_pb_old_content":"","_et_gb_content_width":""},"product_brand":[],"product_cat":[158],"product_tag":[],"class_list":{"0":"post-4565","1":"product","2":"type-product","3":"status-publish","4":"has-post-thumbnail","6":"product_cat-especialidad-dragon","8":"first","9":"instock","10":"shipping-taxable","11":"product-type-simple"},"_links":{"self":[{"href":"https:\/\/dragonagricultural.com\/es\/wp-json\/wp\/v2\/product\/4565","targetHints":{"allow":["GET"]}}],"collection":[{"href":"https:\/\/dragonagricultural.com\/es\/wp-json\/wp\/v2\/product"}],"about":[{"href":"https:\/\/dragonagricultural.com\/es\/wp-json\/wp\/v2\/types\/product"}],"replies":[{"embeddable":true,"href":"https:\/\/dragonagricultural.com\/es\/wp-json\/wp\/v2\/comments?post=4565"}],"wp:featuredmedia":[{"embeddable":true,"href":"https:\/\/dragonagricultural.com\/es\/wp-json\/wp\/v2\/media\/4566"}],"wp:attachment":[{"href":"https:\/\/dragonagricultural.com\/es\/wp-json\/wp\/v2\/media?parent=4565"}],"wp:term":[{"taxonomy":"product_brand","embeddable":true,"href":"https:\/\/dragonagricultural.com\/es\/wp-json\/wp\/v2\/product_brand?post=4565"},{"taxonomy":"product_cat","embeddable":true,"href":"https:\/\/dragonagricultural.com\/es\/wp-json\/wp\/v2\/product_cat?post=4565"},{"taxonomy":"product_tag","embeddable":true,"href":"https:\/\/dragonagricultural.com\/es\/wp-json\/wp\/v2\/product_tag?post=4565"}],"curies":[{"name":"wp","href":"https:\/\/api.w.org\/{rel}","templated":true}]}}